{"id":1855,"date":"2019-10-01T09:04:58","date_gmt":"2019-10-01T07:04:58","guid":{"rendered":"http:\/\/s799595400.onlinehome.fr\/?page_id=1855"},"modified":"2025-11-12T14:19:29","modified_gmt":"2025-11-12T13:19:29","slug":"equateur","status":"publish","type":"page","link":"https:\/\/equateur-voyages.com\/es\/equateur\/","title":{"rendered":"Ecuador"},"content":{"rendered":"[vc_row full_width=&#8221;stretch_row&#8221; gap=&#8221;15&#8243; css=&#8221;.vc_custom_1582823514326{background-color: #fafafa !important;}&#8221;][vc_column width=&#8221;3\/4&#8243; css=&#8221;.vc_custom_1573206610214{background-image: url(\/wp-content\/uploads\/2019\/11\/Fond_Destinations_11.jpg?id=3337) !important;}&#8221;][vc_empty_space][vc_custom_heading text=&#8221;Ecuador y sus 4 regiones&#8221; font_container=&#8221;tag:h1|font_size:24|text_align:left|color:%23ffffff&#8221; google_fonts=&#8221;font_family:Fresca%3Aregular|font_style:400%20regular%3A400%3Anormal&#8221; link=&#8221;url:%2Fes%2Fequateur%2F|title:L%E2%80%99Equateur&#8221;]    <div class=\"tzElement_Destination type-5   \">\r\n                <div class=\"destination-slider-wrapper\">\r\n                        <div id=\"destination-slider-328370670\" class=\"destination-slider owl-carousel\">\r\n                \r\n                \r\n                                                                        <div class=\"distination-item\">\r\n                        \r\n                        <div class=\"tz-destination-item-child tz-destination-item-1\">\r\n                            <div class=\"tz-destination-item-box\">\r\n                                                                <div class=\"des-img\"\r\n                                     style=\"background-image: url('https:\/\/equateur-voyages.com\/wp-content\/uploads\/2017\/04\/Destination_Andes4-1024x603.jpg')\">\r\n                                    <a href=\"https:\/\/equateur-voyages.com\/es\/destination\/andes\/\"><\/a>\r\n                                <\/div>\r\n                                <div class=\"content\">\r\n                                    <h3 class=\"title\">\r\n                                        <a href=\"https:\/\/equateur-voyages.com\/es\/destination\/andes\/\">Andes<\/a>\r\n                                    <\/h3>\r\n                                    <div class=\"count-offer\">33&#32;Tours<\/div>\r\n                                <\/div>\r\n                            <\/div>\r\n                        <\/div>\r\n\r\n                                            \r\n                    \r\n                                            \r\n                        <div class=\"tz-destination-item-child tz-destination-item-2\">\r\n                            <div class=\"tz-destination-item-box\">\r\n                                                                <div class=\"des-img\"\r\n                                     style=\"background-image: url('https:\/\/equateur-voyages.com\/wp-content\/uploads\/2017\/04\/Destination_Amazonie4-1024x569.jpg')\">\r\n                                    <a href=\"https:\/\/equateur-voyages.com\/es\/destination\/amazonie\/\"><\/a>\r\n                                <\/div>\r\n                                <div class=\"content\">\r\n                                    <h3 class=\"title\">\r\n                                        <a href=\"https:\/\/equateur-voyages.com\/es\/destination\/amazonie\/\">Amazon\u00eda<\/a>\r\n                                    <\/h3>\r\n                                    <div class=\"count-offer\">13&#32;Tours<\/div>\r\n                                <\/div>\r\n                            <\/div>\r\n                        <\/div>\r\n\r\n                                            \r\n                    \r\n                                            \r\n                        <div class=\"tz-destination-item-child tz-destination-item-3\">\r\n                            <div class=\"tz-destination-item-box\">\r\n                                                                <div class=\"des-img\"\r\n                                     style=\"background-image: url('https:\/\/equateur-voyages.com\/wp-content\/uploads\/2017\/04\/Destination_Pacific5-1024x482.jpg')\">\r\n                                    <a href=\"https:\/\/equateur-voyages.com\/es\/destination\/cote-pacifique\/\"><\/a>\r\n                                <\/div>\r\n                                <div class=\"content\">\r\n                                    <h3 class=\"title\">\r\n                                        <a href=\"https:\/\/equateur-voyages.com\/es\/destination\/cote-pacifique\/\">Costa<\/a>\r\n                                    <\/h3>\r\n                                    <div class=\"count-offer\">4&#32;Tours<\/div>\r\n                                <\/div>\r\n                            <\/div>\r\n                        <\/div>\r\n\r\n                                            \r\n                    \r\n                                            \r\n                        <div class=\"tz-destination-item-child tz-destination-item-4\">\r\n                            <div class=\"tz-destination-item-box\">\r\n                                                                <div class=\"des-img\"\r\n                                     style=\"background-image: url('https:\/\/equateur-voyages.com\/wp-content\/uploads\/2017\/04\/galapagos1-1024x640.jpg')\">\r\n                                    <a href=\"https:\/\/equateur-voyages.com\/es\/destination\/galapagos\/\"><\/a>\r\n                                <\/div>\r\n                                <div class=\"content\">\r\n                                    <h3 class=\"title\">\r\n                                        <a href=\"https:\/\/equateur-voyages.com\/es\/destination\/galapagos\/\">Gal\u00e1pagos<\/a>\r\n                                    <\/h3>\r\n                                    <div class=\"count-offer\">18&#32;Tours<\/div>\r\n                                <\/div>\r\n                            <\/div>\r\n                        <\/div>\r\n\r\n                                                    <\/div>\r\n                                                \r\n                                                <\/div>\r\n                                    <script type=\"text\/javascript\">\r\n                    jQuery(window).load(function () {\r\n                        \"use strict\";\r\n\r\n                        jQuery('#destination-slider-328370670').each(function () {\r\n                            jQuery(this).owlCarousel({\r\n                                rtl: false,\r\n                                nav: true,\r\n                                autoplay: true,\r\n                                autoplayTimeout: 3000,\r\n                                loop: true,\r\n                                navText: [\"<i class=\\\"fa fa-chevron-left\\\" aria-hidden=\\\"true\\\"><\/i>\", \"<i class=\\\"fa fa-chevron-right\\\" aria-hidden=\\\"true\\\"><\/i>\"],\r\n                                center: false,\r\n                                responsive: {\r\n                                    0: {\r\n                                        items: 1                                    },\r\n                                    600: {\r\n                                        items: 1                                    },\r\n                                    992: {\r\n                                        items: 1                                    },\r\n                                    1200: {\r\n                                        items: 1                                    },\r\n                                    1500: {\r\n                                        items: 1                                    }\r\n                                },\r\n                                margin: 0                            })\r\n                        })\r\n                    });\r\n                <\/script>\r\n                    <\/div>\r\n        <\/div>\r\n    [\/vc_column][vc_column width=&#8221;1\/4&#8243; css=&#8221;.vc_custom_1582823503590{background-color: #eded84 !important;border-radius: 15px !important;}&#8221;][vc_empty_space][vc_wp_custommenu nav_menu=&#8221;137&#8243;][vc_empty_space][\/vc_column][\/vc_row][vc_row full_width=&#8221;stretch_row&#8221; css=&#8221;.vc_custom_1576158355604{background-color: #fafafa !important;}&#8221;][vc_column width=&#8221;2\/3&#8243;][vc_empty_space][vc_column_text]\n<p data-start=\"96\" data-end=\"197\">Ecuador est\u00e1 situado en la costa noroccidental de Am\u00e9rica del Sur, justo sobre la l\u00ednea ecuatorial.<\/p>\n<p data-start=\"199\" data-end=\"406\">Este pa\u00eds limita al norte con Colombia, al este y al sur con Per\u00fa, y al oeste con el Oc\u00e9ano Pac\u00edfico. Las islas Gal\u00e1pagos se encuentran a unos mil kil\u00f3metros del continente y forman parte de su territorio.<\/p>\n<p data-start=\"408\" data-end=\"656\"><strong>Ecuador es un pa\u00eds peque\u00f1o con un relieve muy diverso. La gran variedad de paisajes, la riqueza de sus recursos naturales, su folclore singular y la amabilidad de sus habitantes hacen de \u00e9l un pa\u00eds \u00fanico y especialmente atractivo para el viajero.<\/strong><\/p>\n[\/vc_column_text][vc_empty_space][\/vc_column][vc_column width=&#8221;1\/3&#8243;][vc_empty_space][vc_btn title=&#8221;Informaci\u00f3n pr\u00e1ctica&#8221; style=&#8221;3d&#8221; color=&#8221;success&#8221; size=&#8221;sm&#8221; align=&#8221;center&#8221; button_block=&#8221;true&#8221; link=&#8221;url:%2Fes%2Finfos-pratiques%2F|title:Informaci%C3%B3n%20pr%C3%A1ctica&#8221;][vc_btn title=&#8221;Tiempo&#8221; style=&#8221;3d&#8221; color=&#8221;success&#8221; size=&#8221;sm&#8221; align=&#8221;center&#8221; button_block=&#8221;true&#8221; link=&#8221;url:%2Fes%2Fclimat%2F|title:Tiempo&#8221;][vc_empty_space][vc_cta h2=&#8221;Actividades que se pueden realizar en Ecuador&#8221; h2_font_container=&#8221;tag:h2|font_size:18|text_align:left&#8221; h2_use_theme_fonts=&#8221;yes&#8221; style=&#8221;3d&#8221; color=&#8221;mulled-wine&#8221; el_width=&#8221;xl&#8221; add_button=&#8221;bottom&#8221; btn_title=&#8221;+ informaci\u00f3n&#8221; btn_style=&#8221;3d&#8221; btn_color=&#8221;warning&#8221; css_animation=&#8221;fadeInRightBig&#8221; use_custom_fonts_h2=&#8221;true&#8221; btn_link=&#8221;url:%2Fes%2Factivites%2F|title:Actividades&#8221;][\/vc_cta][\/vc_column][\/vc_row][vc_row][vc_column][vc_empty_space][vc_row_inner css=&#8221;.vc_custom_1573208817372{background-color: #fafafa !important;}&#8221;][vc_column_inner width=&#8221;1\/2&#8243;][vc_text_separator title=&#8221;Situaci\u00f3n geogr\u00e1fica&#8221; i_icon_fontawesome=&#8221;fa fa-map-marker&#8221; i_color=&#8221;green&#8221; i_background_style=&#8221;rounded-outline&#8221; title_align=&#8221;separator_align_left&#8221; add_icon=&#8221;true&#8221;][vc_empty_space][vc_empty_space][vc_single_image image=&#8221;1863&#8243; img_size=&#8221;full&#8221; alignment=&#8221;center&#8221; css=&#8221;.vc_custom_1573208999021{background-position: center !important;background-repeat: no-repeat !important;background-size: contain !important;border-radius: 5px !important;}&#8221;][\/vc_column_inner][vc_column_inner width=&#8221;1\/2&#8243;][vc_text_separator title=&#8221;Videos&#8221; i_icon_fontawesome=&#8221;fa fa-film&#8221; i_color=&#8221;green&#8221; i_background_style=&#8221;rounded-outline&#8221; title_align=&#8221;separator_align_left&#8221; add_icon=&#8221;true&#8221;][vc_empty_space][vc_video link=&#8221;http:\/\/www.youtube.com\/watch?v=vXMHKFwWSjE&amp;feature=related&#8221;][vc_empty_space][vc_empty_space][vc_video link=&#8221;https:\/\/www.youtube.com\/watch?v=exUZER3MCLQ;feature=related&#8221;][\/vc_column_inner][\/vc_row_inner][vc_empty_space][vc_column_text]\n<p data-start=\"106\" data-end=\"184\">Ecuador es la interpretaci\u00f3n m\u00e1s clara de lo que puede ser la biodiversidad:<\/p>\n<p data-start=\"186\" data-end=\"298\">Un sorprendente c\u00f3ctel de flora, fauna, etnias y lenguas (\u00a1m\u00e1s de 10 idiomas y dialectos hablados en el pa\u00eds!)<\/p>\n<p data-start=\"300\" data-end=\"519\">Una incre\u00edble pluralidad \u00e9tnica: a lo largo de la historia, descendientes de incas, africanos, europeos y asi\u00e1ticos se han entrelazado en este peque\u00f1o territorio, aportando tradiciones y costumbres distintas entre s\u00ed.<\/p>\n<p data-start=\"521\" data-end=\"605\">Una distribuci\u00f3n aproximada de la poblaci\u00f3n podr\u00eda hacerse de la siguiente manera:<\/p>\n<ul data-start=\"607\" data-end=\"717\">\n<li data-start=\"607\" data-end=\"640\">\n<p data-start=\"609\" data-end=\"640\">40% en la Cordillera (Sierra)<\/p>\n<\/li>\n<li data-start=\"641\" data-end=\"681\">\n<p data-start=\"643\" data-end=\"681\">50% en la costa del Pac\u00edfico (Costa)<\/p>\n<\/li>\n<li data-start=\"682\" data-end=\"717\">\n<p data-start=\"684\" data-end=\"717\">10% en la Amazon\u00eda (El Oriente)<\/p>\n<\/li>\n<\/ul>\n<p data-start=\"719\" data-end=\"792\">La nacionalidad ind\u00edgena quichua es, con diferencia, la m\u00e1s importante.<\/p>\n<p data-start=\"794\" data-end=\"901\"><strong>Dif\u00edcil de encontrar en otras latitudes, Ecuador posee cuatro regiones naturales perfectamente definidas:<\/strong><\/p>\n<ul data-start=\"903\" data-end=\"982\">\n<li data-start=\"903\" data-end=\"916\">\n<p data-start=\"905\" data-end=\"916\">Los Andes<\/p>\n<\/li>\n<li data-start=\"917\" data-end=\"932\">\n<p data-start=\"919\" data-end=\"932\">La Amazon\u00eda<\/p>\n<\/li>\n<li data-start=\"933\" data-end=\"958\">\n<p data-start=\"935\" data-end=\"958\">La Costa del Pac\u00edfico<\/p>\n<\/li>\n<li data-start=\"959\" data-end=\"982\">\n<p data-start=\"961\" data-end=\"982\">Las Islas Gal\u00e1pagos<\/p>\n<\/li>\n<\/ul>\n[\/vc_column_text][vc_empty_space][\/vc_column][\/vc_row][vc_row][vc_column][vc_empty_space][vc_tta_accordion color=&#8221;green&#8221; active_section=&#8221;1&#8243;][vc_tta_section title=&#8221;Algunas cifras&#8221; tab_id=&#8221;1573209050841-70428502-18dc&#8221;][vc_empty_space][vc_column_text]\n<div>\n<p data-start=\"97\" data-end=\"128\"><strong data-start=\"97\" data-end=\"112\">Superficie:<\/strong><br data-start=\"112\" data-end=\"115\" \/>275 830 km\u00b2<\/p>\n<p data-start=\"130\" data-end=\"176\"><strong data-start=\"130\" data-end=\"144\">Poblaci\u00f3n:<\/strong><br data-start=\"144\" data-end=\"147\" \/>17,1 millones de habitantes<\/p>\n<p data-start=\"178\" data-end=\"200\"><strong data-start=\"178\" data-end=\"190\">Capital:<\/strong><br data-start=\"190\" data-end=\"193\" \/>Quito<\/p>\n<p data-start=\"202\" data-end=\"229\"><strong data-start=\"202\" data-end=\"227\">Principales ciudades:<\/strong><\/p>\n<ul data-start=\"230\" data-end=\"430\">\n<li data-start=\"230\" data-end=\"275\">\n<p data-start=\"232\" data-end=\"275\"><strong data-start=\"232\" data-end=\"246\">Guayaquil:<\/strong> 3,6 millones de habitantes<\/p>\n<\/li>\n<li data-start=\"276\" data-end=\"317\">\n<p data-start=\"278\" data-end=\"317\"><strong data-start=\"278\" data-end=\"288\">Quito:<\/strong> 2,5 millones de habitantes<\/p>\n<\/li>\n<li data-start=\"318\" data-end=\"352\">\n<p data-start=\"320\" data-end=\"352\"><strong data-start=\"320\" data-end=\"331\">Cuenca:<\/strong> 650.000 habitantes<\/p>\n<\/li>\n<li data-start=\"353\" data-end=\"394\">\n<p data-start=\"355\" data-end=\"394\"><strong data-start=\"355\" data-end=\"373\">Santo Domingo:<\/strong> 460.000 habitantes<\/p>\n<\/li>\n<li data-start=\"395\" data-end=\"430\">\n<p data-start=\"397\" data-end=\"430\"><strong data-start=\"397\" data-end=\"409\">Machala:<\/strong> 286.000 habitantes<\/p>\n<\/li>\n<\/ul>\n<\/div>\n[\/vc_column_text][vc_empty_space][vc_empty_space][\/vc_tta_section][vc_tta_section title=&#8221;Datos generales&#8221; tab_id=&#8221;1573209050914-567eed90-396a&#8221;][vc_empty_space][vc_column_text]\n<div>\n<p><strong>Langue :<\/strong><br \/>\nL\u2019espagnol est la langue officielle mais il existe beaucoup de dialectes utilis\u00e9s par les communaut\u00e9s indig\u00e8nes comme les Quechuas, les Shuars, les Huaoranis, les Cofanes,et Siena secoya.<\/p>\n<p><strong>Monnaie officielle :<\/strong><br \/>\nLe Dollar US depuis 2000.<\/p>\n<p>Il est difficile de changer des euros, venez plut\u00f4t avec des dollars !!!<br \/>\nNous vous conseillons d\u2019emporter des dollars am\u00e9ricains en petites coupures, \u00e9vitez les billets de 50 et 100 $. Il y a des distributeurs automatiques dans la plupart des villes par contre le montant pouvant \u00eatre retir\u00e9 dans la semaine est souvent limit\u00e9. Faites attention donc, si vous d\u00e9sirez payer un voyage aux Gal\u00e1pagos sur place, il sera difficile de pouvoir tout retirer d\u2019un coup et les frais de paiement par carte bleue sont souvent tax\u00e9s de 8% !!!<br \/>\nPr\u00e9venez votre banque que vous allez voyager en Equateur, car ce pays \u00e9tant jug\u00e9 sensible au niveau mon\u00e9taire, vous risquez de voir votre carte de cr\u00e9dit limit\u00e9e sur place si vous n\u2019avertissez pas votre banque.<\/p>\n<p><strong>T\u00e9l\u00e9phone :<\/strong><br \/>\nPour appeler l\u2019Equateur depuis la France, il faut composer le 00 593 + num\u00e9ro du correspondant (sans le 0).<br \/>\nPour appeler la France depuis l\u2019Equateur, il faut composer le 00 33 + num\u00e9ro du correspondant (sans le 0).<br \/>\nLa couverture GSM est bonne.<\/p>\n<p><strong>Heure officielle :<\/strong><br \/>\nGMT \u2013 5 (Gal\u00e1pagos GMT \u2013 6), soit 6 ou 7 heures de moins qu\u2019en France<\/p>\n<p><strong>Electricit\u00e9 :<\/strong><br \/>\n110 V \u2013 Prises am\u00e9ricaines (t\u00eate plate)<\/p>\n<p><strong>A\u00e9roports :<\/strong><br \/>\nMariscal Sucre \u00e0 Quito et Simon Bolivar \u00e0 Guayaquil.<\/p>\n<\/div>\n<div><\/div>\n[\/vc_column_text][vc_empty_space][vc_empty_space][\/vc_tta_section][\/vc_tta_accordion][vc_empty_space][\/vc_column][\/vc_row][vc_row][vc_column width=&#8221;1\/3&#8243;][vc_empty_space][vc_single_image image=&#8221;1845&#8243; img_size=&#8221;full&#8221; alignment=&#8221;center&#8221;][\/vc_column][vc_column width=&#8221;1\/3&#8243;][vc_empty_space][vc_single_image image=&#8221;1837&#8243; img_size=&#8221;full&#8221; alignment=&#8221;center&#8221;][\/vc_column][vc_column width=&#8221;1\/3&#8243;][vc_empty_space][vc_single_image image=&#8221;1870&#8243; img_size=&#8221;full&#8221; alignment=&#8221;center&#8221;][\/vc_column][\/vc_row]\n","protected":false},"excerpt":{"rendered":"<p>[vc_row full_width=&#8221;stretch_row&#8221; gap=&#8221;15&#8243; css=&#8221;.vc_custom_1582823514326{background-color: #fafafa !important;}&#8221;][vc_column width=&#8221;3\/4&#8243; css=&#8221;.vc_custom_1573206610214{background-image: url(\/wp-content\/uploads\/2019\/11\/Fond_Destinations_11.jpg?id=3337) !important;}&#8221;][vc_empty_space][vc_custom_heading text=&#8221;Ecuador y sus 4 regiones&#8221; font_container=&#8221;tag:h1|font_size:24|text_align:left|color:%23ffffff&#8221; google_fonts=&#8221;font_family:Fresca%3Aregular|font_style:400%20regular%3A400%3Anormal&#8221; link=&#8221;url:%2Fes%2Fequateur%2F|title:L%E2%80%99Equateur&#8221;][\/vc_column][vc_column width=&#8221;1\/4&#8243; css=&#8221;.vc_custom_1582823503590{background-color: #eded84 !important;border-radius: 15px !important;}&#8221;][vc_empty_space][vc_wp_custommenu nav_menu=&#8221;137&#8243;][vc_empty_space][\/vc_column][\/vc_row][vc_row full_width=&#8221;stretch_row&#8221; css=&#8221;.vc_custom_1576158355604{background-color: #fafafa !important;}&#8221;][vc_column width=&#8221;2\/3&#8243;][vc_empty_space][vc_column_text] Ecuador est\u00e1 situado en la costa noroccidental de Am\u00e9rica del Sur, justo sobre la l\u00ednea ecuatorial. Este pa\u00eds limita al norte con Colombia, al este [&hellip;]<\/p>\n","protected":false},"author":1,"featured_media":0,"parent":0,"menu_order":0,"comment_status":"closed","ping_status":"closed","template":"","meta":{"footnotes":""},"class_list":["post-1855","page","type-page","status-publish","hentry"],"translation":{"provider":"WPGlobus","version":"2.10.10","language":"es","enabled_languages":["fr","es","gb"],"languages":{"fr":{"title":true,"content":true,"excerpt":false},"es":{"title":true,"content":true,"excerpt":false},"gb":{"title":true,"content":true,"excerpt":false}}},"aioseo_notices":[],"_links":{"self":[{"href":"https:\/\/equateur-voyages.com\/es\/wp-json\/wp\/v2\/pages\/1855","targetHints":{"allow":["GET"]}}],"collection":[{"href":"https:\/\/equateur-voyages.com\/es\/wp-json\/wp\/v2\/pages"}],"about":[{"href":"https:\/\/equateur-voyages.com\/es\/wp-json\/wp\/v2\/types\/page"}],"author":[{"embeddable":true,"href":"https:\/\/equateur-voyages.com\/es\/wp-json\/wp\/v2\/users\/1"}],"replies":[{"embeddable":true,"href":"https:\/\/equateur-voyages.com\/es\/wp-json\/wp\/v2\/comments?post=1855"}],"version-history":[{"count":83,"href":"https:\/\/equateur-voyages.com\/es\/wp-json\/wp\/v2\/pages\/1855\/revisions"}],"predecessor-version":[{"id":7037,"href":"https:\/\/equateur-voyages.com\/es\/wp-json\/wp\/v2\/pages\/1855\/revisions\/7037"}],"wp:attachment":[{"href":"https:\/\/equateur-voyages.com\/es\/wp-json\/wp\/v2\/media?parent=1855"}],"curies":[{"name":"wp","href":"https:\/\/api.w.org\/{rel}","templated":true}]}}