{"id":1874,"date":"2019-10-01T09:21:54","date_gmt":"2019-10-01T07:21:54","guid":{"rendered":"http:\/\/s799595400.onlinehome.fr\/?page_id=1874"},"modified":"2025-11-06T16:34:48","modified_gmt":"2025-11-06T15:34:48","slug":"charte-qualite","status":"publish","type":"page","link":"https:\/\/equateur-voyages.com\/es\/charte-qualite\/","title":{"rendered":"Nuestro compromiso"},"content":{"rendered":"[vc_row][vc_column][vc_single_image image=&#8221;1875&#8243; img_size=&#8221;full&#8221; style=&#8221;vc_box_shadow_3d&#8221;][vc_empty_space][\/vc_column][\/vc_row][vc_row tz_row_type=&#8221;grid&#8221;][vc_column width=&#8221;3\/4&#8243;][vc_column_text]\n<p data-start=\"176\" data-end=\"207\"><strong data-start=\"176\" data-end=\"207\">Viajes y circuitos a medida<\/strong><\/p>\n<p data-start=\"209\" data-end=\"496\">En nuestra agencia dise\u00f1amos y organizamos <strong data-start=\"252\" data-end=\"286\">viajes \u00fanicos y personalizados<\/strong>, pensados para quienes buscan vivir experiencias aut\u00e9nticas.<br data-start=\"347\" data-end=\"350\" \/>Para los amantes de la monta\u00f1a, ofrecemos una amplia gama de <strong data-start=\"411\" data-end=\"443\">expediciones de alta monta\u00f1a<\/strong>, con ascensos y trekkings por los majestuosos Andes.<\/p>\n<p data-start=\"498\" data-end=\"750\">Tambi\u00e9n proponemos <strong data-start=\"517\" data-end=\"557\">viajes de encuentro y descubrimiento<\/strong> en la Amazon\u00eda y en los Andes, donde las sonrisas de los pueblos ind\u00edgenas y los colores de los mercados tradicionales quedar\u00e1n grabados como <strong data-start=\"700\" data-end=\"749\">uno de los recuerdos m\u00e1s hermosos de su viaje<\/strong>.<\/p>\n<p data-start=\"752\" data-end=\"976\">Ya sea siguiendo los caminos m\u00e1s conocidos o explorando rutas fuera de lo com\u00fan, nuestros <strong data-start=\"842\" data-end=\"861\">viajes a medida<\/strong> permiten disfrutar de una experiencia inolvidable \u2014 en pareja, con amigos, en familia o con compa\u00f1eros de trabajo.<\/p>\n[\/vc_column_text][vc_empty_space][\/vc_column][vc_column width=&#8221;1\/4&#8243; css=&#8221;.vc_custom_1580915036787{background-color: #eded84 !important;border-radius: 15px !important;}&#8221;][vc_empty_space][vc_wp_custommenu nav_menu=&#8221;136&#8243;][vc_empty_space][\/vc_column][\/vc_row][vc_row tz_row_type=&#8221;grid&#8221;][vc_column][vc_empty_space][\/vc_column][\/vc_row][vc_row tz_row_type=&#8221;grid&#8221; css=&#8221;.vc_custom_1581411789935{background-color: #fafafa !important;border-radius: 10px !important;}&#8221;][vc_column width=&#8221;1\/2&#8243; css=&#8221;.vc_custom_1576082149857{background-color: #a9e03a !important;border-radius: 10px !important;}&#8221;][vc_empty_space][vc_text_separator title=&#8221;Nuestro compromiso&#8221; i_icon_fontawesome=&#8221;fa fa-handshake-o&#8221; i_color=&#8221;black&#8221; i_background_style=&#8221;rounded-outline&#8221; i_background_color=&#8221;green&#8221; border_width=&#8221;2&#8243; add_icon=&#8221;true&#8221;][vc_empty_space][vc_column_text]\n<ul>\n<li data-start=\"208\" data-end=\"551\">\n<p data-start=\"210\" data-end=\"551\"><strong data-start=\"210\" data-end=\"247\">Gu\u00edas profesionales y apasionados<\/strong>, que ante todo son amigos. Comenzamos a guiar junto a ellos y conocemos perfectamente sus cualidades\u2026 y tambi\u00e9n sus peque\u00f1os defectos. Con los a\u00f1os, hemos perfeccionado sus habilidades. Son <strong data-start=\"438\" data-end=\"474\">gu\u00edas experimentados y titulados<\/strong>, que cada d\u00eda contribuir\u00e1n con entusiasmo y buen humor al \u00e9xito de su viaje.<\/p>\n<\/li>\n<li data-start=\"553\" data-end=\"787\">\n<p data-start=\"555\" data-end=\"787\"><strong data-start=\"555\" data-end=\"601\">Conductores comprometidos con su seguridad<\/strong> a lo largo de toda la aventura. Tendr\u00e1 la oportunidad de conocer personas humildes, serias y dedicadas, que sabr\u00e1n mostrarle <strong data-start=\"727\" data-end=\"761\">las m\u00faltiples facetas del pa\u00eds<\/strong> en cada curva del camino.<\/p>\n<\/li>\n<li data-start=\"789\" data-end=\"894\">\n<p data-start=\"791\" data-end=\"894\"><strong data-start=\"791\" data-end=\"836\">Alojamientos seleccionados cuidadosamente<\/strong> por la calidad de su servicio y la calidez de su acogida.<\/p>\n<\/li>\n<li data-start=\"896\" data-end=\"1033\">\n<p data-start=\"898\" data-end=\"1033\"><strong data-start=\"898\" data-end=\"936\">Operaci\u00f3n directa de los circuitos<\/strong>, lo que nos permite eliminar intermediarios y ofrecer <strong data-start=\"991\" data-end=\"1032\">una excelente relaci\u00f3n calidad-precio<\/strong>.<\/p>\n<\/li>\n<\/ul>\n[\/vc_column_text][vc_empty_space][\/vc_column][vc_column width=&#8221;1\/2&#8243;][vc_empty_space][vc_empty_space][vc_empty_space][vc_empty_space][vc_text_separator title=&#8221;Nuestras ventajas para una mejor experiencia&#8221; i_icon_fontawesome=&#8221;fa fa-star&#8221; i_color=&#8221;orange&#8221; i_background_style=&#8221;rounded-outline&#8221; i_background_color=&#8221;green&#8221; color=&#8221;green&#8221; border_width=&#8221;2&#8243; add_icon=&#8221;true&#8221;][vc_empty_space][vc_column_text]\n<ul>\n<li data-start=\"232\" data-end=\"370\">\n<p data-start=\"234\" data-end=\"370\"><strong data-start=\"234\" data-end=\"259\">Actividades adaptadas<\/strong> a su nivel f\u00edsico y a sus deseos, para que cada experiencia sea tan intensa o relajada como usted lo prefiera.<\/p>\n<\/li>\n<li data-start=\"372\" data-end=\"512\">\n<p data-start=\"374\" data-end=\"512\"><strong data-start=\"374\" data-end=\"418\">Una log\u00edstica planificada con antelaci\u00f3n<\/strong>, con <strong data-start=\"424\" data-end=\"487\">material de trekking y de alta monta\u00f1a de excelente calidad<\/strong> puesto a su disposici\u00f3n.<\/p>\n<\/li>\n<li data-start=\"514\" data-end=\"616\">\n<p data-start=\"516\" data-end=\"616\"><strong data-start=\"516\" data-end=\"551\">Un compromiso con la perfecci\u00f3n<\/strong>, eligiendo \u00fanicamente <strong data-start=\"574\" data-end=\"615\">proveedores de confianza e impecables<\/strong>.<\/p>\n<\/li>\n<li data-start=\"618\" data-end=\"778\">\n<p data-start=\"620\" data-end=\"778\"><strong data-start=\"620\" data-end=\"660\">Un profundo conocimiento del terreno<\/strong>, que nos permite <strong data-start=\"678\" data-end=\"705\">optimizar los circuitos<\/strong> y dise\u00f1ar <strong data-start=\"716\" data-end=\"777\">itinerarios aut\u00e9nticos, fuera de las rutas m\u00e1s tur\u00edsticas<\/strong>.<\/p>\n<\/li>\n<\/ul>\n[\/vc_column_text][\/vc_column][\/vc_row][vc_row tz_row_type=&#8221;grid&#8221;][vc_column][vc_empty_space][vc_empty_space][\/vc_column][\/vc_row][vc_row tz_row_type=&#8221;grid&#8221;][vc_column][\/vc_column][\/vc_row][vc_row tz_row_type=&#8221;grid&#8221;][vc_column][\/vc_column][\/vc_row][vc_row tz_row_type=&#8221;grid&#8221;][vc_column][\/vc_column][\/vc_row][vc_row tz_row_type=&#8221;grid&#8221; disable_element=&#8221;yes&#8221;][vc_column][vc_empty_space][vc_custom_heading text=&#8221;Notre engagement pour un tourisme durable en Equateur&#8221; font_container=&#8221;tag:h2|font_size:26|text_align:center&#8221; use_theme_fonts=&#8221;yes&#8221;][vc_empty_space][vc_column_text]<img loading=\"lazy\" decoding=\"async\" class=\"alignright wp-image-1882\" src=\"\/wp-content\/uploads\/2019\/10\/Notre-engagement-150x150.png\" alt=\"\" width=\"53\" height=\"53\" srcset=\"https:\/\/equateur-voyages.com\/wp-content\/uploads\/2019\/10\/Notre-engagement-150x150.png 150w, https:\/\/equateur-voyages.com\/wp-content\/uploads\/2019\/10\/Notre-engagement-300x300.png 300w, https:\/\/equateur-voyages.com\/wp-content\/uploads\/2019\/10\/Notre-engagement-600x596.png 600w, https:\/\/equateur-voyages.com\/wp-content\/uploads\/2019\/10\/Notre-engagement-100x100.png 100w, https:\/\/equateur-voyages.com\/wp-content\/uploads\/2019\/10\/Notre-engagement.png 608w\" sizes=\"auto, (max-width: 53px) 100vw, 53px\" \/><\/p>\n<p><strong><span style=\"font-size: 18px;\">Nous avons d\u00e9velopp\u00e9 en accord avec la communaut\u00e9 Huaorani de Neoneno un projet de tourisme solidaire en construisant les cabanes Shiripuno en plein coeur de la foret primaire amazonienne.<\/span><\/strong><\/p>\n<p><span style=\"font-size: 18px;\">La r\u00e9serve Huaorani (18 communaut\u00e9s) est situ\u00e9e dans la partie Nord-Est en Amazonie aux abords du Parc Yasuni, une des plus grandes r\u00e9serves de vie animale de la plan\u00e8te !<\/span><\/p>\n<p><span style=\"font-size: 18px;\">Les Huaoranis se caract\u00e9risent par leur ample connaissance de la for\u00eat et leur grande habilit\u00e9 \u00e0 la chasse. Les anciens de la communaut\u00e9 Huaorani ont les lobes des oreilles perc\u00e9s et y placent des disques de balsa, signe de sagesse. D\u2019une robustesse physique extraordinaire, le Huaorani est totalement adapt\u00e9 au milieu parfois hostile de la for\u00eat.<\/span>[\/vc_column_text][vc_empty_space][\/vc_column][\/vc_row][vc_row tz_row_type=&#8221;grid&#8221; disable_element=&#8221;yes&#8221; css=&#8221;.vc_custom_1762085784484{background-color: #fafafa !important;}&#8221;][vc_column][vc_empty_space][vc_row_inner][vc_column_inner width=&#8221;2\/3&#8243;][vc_cta h2=&#8221;Notre fondation en Amazonie pour du v\u00e9ritable tourisme solidaire en Equateur&#8221; h2_font_container=&#8221;font_size:26|color:%23fafafa&#8221; h2_google_fonts=&#8221;font_family:Fresca%3Aregular|font_style:400%20regular%3A400%3Anormal&#8221; txt_align=&#8221;center&#8221; style=&#8221;3d&#8221; color=&#8221;mulled-wine&#8221; el_width=&#8221;lg&#8221; css_animation=&#8221;rotateIn&#8221; use_custom_fonts_h2=&#8221;true&#8221;]<span style=\"color: #fafafa; font-size: 15px;\"><span style=\"font-size: 20px; color: #a9e03a;\"><em>La population de la communaut\u00e9 Huaoranis de Neoneno<\/em><\/span> nous assiste pour organiser les diff\u00e9rentes activit\u00e9s; ils nous accompagnent dans les randonn\u00e9es et g\u00e8rent aussi les probl\u00e8mes d\u2019intendance et de logistique : pirogue, entretien des lieux, propret\u00e9, accueil des visiteurs\u2026<\/span><\/p>\n<p><span style=\"color: #fafafa; font-size: 15px;\"><span style=\"color: #a9e03a;\"><em><span style=\"font-size: 20px;\">Notre objectif \u00e9tant \u00e0 terme de cr\u00e9er un v\u00e9ritable tourisme responsable<\/span><\/em><\/span> en collaboration avec les gens de la communaut\u00e9 Huaoranis de Neoneno pour <span style=\"color: #a9e03a;\"><em><span style=\"font-size: 20px;\">d\u00e9velopper une main d\u2019\u0153uvre locale <\/span><\/em><\/span><span style=\"font-size: 20px;\"><span style=\"font-size: 15px;\">et r\u00e9duire ainsi les m\u00e9faits directs et indirects de l\u2019industrie p\u00e9troli\u00e8re omnipr\u00e9sente en Amazonie.<\/span><\/span><\/span><\/p>\n<p><strong><span style=\"color: #a9e03a;\"><em><span style=\"font-size: 20px;\">Venez d\u00e9couvrir ce lieu magique au sein du projet \u00e9cologique appel\u00e9 AMAZON LODGE SHIRIPUNO, en plein coeur de la for\u00eat amazonienne<\/span><\/em><\/span><\/strong>[\/vc_cta][vc_empty_space]    <div class=\"tzElement_FeaturedTour   type-2\">\r\n\r\n                    <div class=\"tzTour-top\">\r\n\r\n                \r\n                \r\n                \r\n                            <\/div>\r\n\r\n                <div  id=\"tzTour-slider-1560769988\" data-number=\"1\" data-item=\"2\"                class=\"tzTour tzTour-slider owl-carousel \">\r\n                    <\/div>\r\n                    <div class=\"tzTour-bottom\">\r\n                            <\/div>\r\n                <!--        <div class=\"tz-form-booking-ajax-content\"><\/div>-->\r\n        <!--        <div class=\"tz-reviews-ajax-content\"><\/div>-->\r\n\r\n        <script type=\"text\/javascript\">\r\n            jQuery(document).ready(function () {\r\n                \"use strict\";\r\n                jQuery('#tzTour-slider-1560769988').each(function () {\r\n                    jQuery(this).owlCarousel({\r\n                        rtl: false,\r\n                        nav: true,\r\n                        navText: [\"\", \"\"] ,\r\n                        autoplay: true,\r\n                        autoplayTimeout: 3000,\r\n                        loop: true,\r\n                        smartSpeed: 700,\r\n                        autoplayHoverPause: true,\r\n                        responsive: {\r\n                            0: {\r\n                                items: 1                            },\r\n                            600: {\r\n                                items: 2                            },\r\n                            992: {\r\n                                items: 2                            },\r\n                            1200: {\r\n                                items: 2                            },\r\n                            1500: {\r\n                                items: 2                            }\r\n                        },\r\n                        margin:30\r\n                    })\r\n                })\r\n            });\r\n        <\/script>\r\n    <\/div>\r\n\r\n    [\/vc_column_inner][vc_column_inner width=&#8221;1\/4&#8243; css=&#8221;.vc_custom_1576228476990{background-color: #f2de24 !important;border-radius: 15px !important;}&#8221;][vc_empty_space][vc_empty_space][vc_column_text css=&#8221;.vc_custom_1576223963938{background-color: #f2de24 !important;}&#8221;]\n<p style=\"text-align: center;\"><span style=\"font-size: 18px;\"><strong>Lors de votre passage \u00e0 la Communaut\u00e9 de Neoneno, il est possible de laisser des dons pour le village. <\/strong><\/span><\/p>\n<p style=\"text-align: center;\"><span style=\"font-size: 18px;\"><strong>Voici une liste de fournitures qui pourrait leur \u00eatre d&#8217;une grande utilit\u00e9:<\/strong><\/span><\/p>\n<p>&nbsp;<\/p>\n<p><img loading=\"lazy\" decoding=\"async\" class=\"wp-image-1894 aligncenter\" src=\"\/wp-content\/uploads\/2019\/10\/Huaorani_2.jpg\" alt=\"\" width=\"176\" height=\"234\" \/><\/p>\n<p>&nbsp;<\/p>\n<p><em>&#8211; 1 cahier de 30 pages (\u00e0 lignes de pr\u00e9f\u00e9rence)<\/em><\/p>\n<p><em>&#8211; Crayons ou stylos<\/em><\/p>\n<p><em>&#8211; Marqueurs fluorescents<\/em><\/p>\n<p><em>&#8211; R\u00e8gle ou \u00e9querre en plastique<\/em><\/p>\n<p><em>&#8211; Pinceaux avec gouache<\/em><\/p>\n<p><em>&#8211; Ou tout autre utilitaire pour la vie scolaire courante<\/em>[\/vc_column_text][vc_empty_space][vc_empty_space][\/vc_column_inner][\/vc_row_inner][vc_empty_space][\/vc_column][\/vc_row][vc_row tz_row_type=&#8221;grid&#8221;][vc_column][vc_empty_space][vc_empty_space][\/vc_column][\/vc_row][vc_row tz_row_type=&#8221;grid&#8221; disable_element=&#8221;yes&#8221;][vc_column width=&#8221;1\/4&#8243;][vc_empty_space height=&#8221;82px&#8221;][vc_single_image image=&#8221;1845&#8243; img_size=&#8221;full&#8221; alignment=&#8221;center&#8221;][\/vc_column][vc_column width=&#8221;3\/4&#8243;][vc_column_text]<u><strong>Label tourisme de qualit\u00e9<\/strong><\/u><\/p>\n<p><em>ATOFI regroupe des tours op\u00e9rateurs francophones bas\u00e9s dans diff\u00e9rents pays, qui op\u00e8rent eux-m\u00eames directement les voyages dans la destination souhait\u00e9e.<\/em><\/p>\n<p>Cette association n\u2019a aucun but lucratif ni commercial ; les agences s\u00e9lectionn\u00e9es par leur s\u00e9rieux et le bon retour de leurs voyageurs, sont de petites structures familiales ; ces agences ont fait l\u2019objet d\u2019une s\u00e9lection stricte afin de toujours garantir des prestations de qualit\u00e9 et un service personnalis\u00e9 en fran\u00e7ais sur toutes les destinations propos\u00e9es.<\/p>\n<p><strong>Nous sommes donc fiers d\u2019en faire partie \u2026.<\/strong>[\/vc_column_text][vc_empty_space][\/vc_column][\/vc_row][vc_row tz_row_type=&#8221;grid&#8221;][vc_column][vc_empty_space][vc_separator color=&#8221;mulled_wine&#8221; style=&#8221;shadow&#8221;][vc_empty_space][\/vc_column][\/vc_row][vc_row tz_row_type=&#8221;grid&#8221;][vc_column][vc_column_text]\n<h3 style=\"text-align: center;\"><img loading=\"lazy\" decoding=\"async\" class=\"size-full wp-image-1934 aligncenter\" src=\"\/wp-content\/uploads\/2019\/10\/punaise.png\" alt=\"\" width=\"60\" height=\"60\" \/>Recomendado por&#8230;<\/h3>\n[\/vc_column_text][vc_empty_space][\/vc_column][\/vc_row][vc_row tz_row_type=&#8221;grid&#8221;][vc_column width=&#8221;1\/4&#8243;][vc_single_image image=&#8221;1935&#8243; img_size=&#8221;full&#8221; alignment=&#8221;center&#8221;][\/vc_column][vc_column width=&#8221;1\/4&#8243;][vc_empty_space][vc_single_image image=&#8221;1837&#8243; img_size=&#8221;full&#8221; alignment=&#8221;center&#8221;][\/vc_column][vc_column width=&#8221;1\/4&#8243;][vc_single_image image=&#8221;1870&#8243; img_size=&#8221;full&#8221; alignment=&#8221;center&#8221;][\/vc_column][vc_column width=&#8221;1\/4&#8243;][vc_empty_space][vc_single_image image=&#8221;3514&#8243; img_size=&#8221;full&#8221; alignment=&#8221;center&#8221;][\/vc_column][\/vc_row][vc_row tz_row_type=&#8221;grid&#8221;][vc_column][vc_empty_space][\/vc_column][\/vc_row]\n","protected":false},"excerpt":{"rendered":"<p>[vc_row][vc_column][vc_single_image image=&#8221;1875&#8243; img_size=&#8221;full&#8221; style=&#8221;vc_box_shadow_3d&#8221;][vc_empty_space][\/vc_column][\/vc_row][vc_row tz_row_type=&#8221;grid&#8221;][vc_column width=&#8221;3\/4&#8243;][vc_column_text] Viajes y circuitos a medida En nuestra agencia dise\u00f1amos y organizamos viajes \u00fanicos y personalizados, pensados para quienes buscan vivir experiencias aut\u00e9nticas.Para los amantes de la monta\u00f1a, ofrecemos una amplia gama de expediciones de alta monta\u00f1a, con ascensos y trekkings por los majestuosos Andes. Tambi\u00e9n proponemos viajes de encuentro [&hellip;]<\/p>\n","protected":false},"author":1,"featured_media":0,"parent":0,"menu_order":0,"comment_status":"closed","ping_status":"closed","template":"","meta":{"footnotes":""},"class_list":["post-1874","page","type-page","status-publish","hentry"],"translation":{"provider":"WPGlobus","version":"2.10.10","language":"es","enabled_languages":["fr","es","gb"],"languages":{"fr":{"title":true,"content":true,"excerpt":false},"es":{"title":true,"content":true,"excerpt":false},"gb":{"title":true,"content":true,"excerpt":false}}},"aioseo_notices":[],"_links":{"self":[{"href":"https:\/\/equateur-voyages.com\/es\/wp-json\/wp\/v2\/pages\/1874","targetHints":{"allow":["GET"]}}],"collection":[{"href":"https:\/\/equateur-voyages.com\/es\/wp-json\/wp\/v2\/pages"}],"about":[{"href":"https:\/\/equateur-voyages.com\/es\/wp-json\/wp\/v2\/types\/page"}],"author":[{"embeddable":true,"href":"https:\/\/equateur-voyages.com\/es\/wp-json\/wp\/v2\/users\/1"}],"replies":[{"embeddable":true,"href":"https:\/\/equateur-voyages.com\/es\/wp-json\/wp\/v2\/comments?post=1874"}],"version-history":[{"count":76,"href":"https:\/\/equateur-voyages.com\/es\/wp-json\/wp\/v2\/pages\/1874\/revisions"}],"predecessor-version":[{"id":6809,"href":"https:\/\/equateur-voyages.com\/es\/wp-json\/wp\/v2\/pages\/1874\/revisions\/6809"}],"wp:attachment":[{"href":"https:\/\/equateur-voyages.com\/es\/wp-json\/wp\/v2\/media?parent=1874"}],"curies":[{"name":"wp","href":"https:\/\/api.w.org\/{rel}","templated":true}]}}