{"id":1973,"date":"2019-10-01T14:13:25","date_gmt":"2019-10-01T12:13:25","guid":{"rendered":"http:\/\/s799595400.onlinehome.fr\/?page_id=1973"},"modified":"2025-10-31T09:04:51","modified_gmt":"2025-10-31T08:04:51","slug":"demande-de-devis","status":"publish","type":"page","link":"https:\/\/equateur-voyages.com\/es\/demande-de-devis\/","title":{"rendered":"Formulario de reservaci\u00f3n"},"content":{"rendered":"[vc_row][vc_column][vc_empty_space][vc_empty_space][vc_empty_space][vc_empty_space][vc_text_separator title=&#8221;Reservaci\u00f3n \/Pedido de proforma&#8221; i_icon_fontawesome=&#8221;fa fa-quora&#8221; i_color=&#8221;green&#8221; i_background_style=&#8221;rounded-outline&#8221; border_width=&#8221;2&#8243; add_icon=&#8221;true&#8221;][vc_empty_space][vc_column_text]<span style=\"font-size: 15px;\"><em><strong>*<\/strong> Los campos marcados con un asterisco son obligatorios.<\/em><\/span>[\/vc_column_text][vc_empty_space]\n<div class=\"wpcf7 no-js\" id=\"wpcf7-f6625-o1\" lang=\"fr-FR\" dir=\"ltr\">\n<div class=\"screen-reader-response\"><p role=\"status\" aria-live=\"polite\" aria-atomic=\"true\"><\/p> <ul><\/ul><\/div>\n<form action=\"\/es\/wp-json\/wp\/v2\/pages\/1973#wpcf7-f6625-o1\" method=\"post\" class=\"wpcf7-form init\" aria-label=\"Formulaire de contact\" novalidate=\"novalidate\" data-status=\"init\">\n<div style=\"display: none;\">\n<input type=\"hidden\" name=\"_wpcf7\" value=\"6625\" \/>\n<input type=\"hidden\" name=\"_wpcf7_version\" value=\"5.7.4\" \/>\n<input type=\"hidden\" name=\"_wpcf7_locale\" value=\"fr_FR\" \/>\n<input type=\"hidden\" name=\"_wpcf7_unit_tag\" value=\"wpcf7-f6625-o1\" \/>\n<input type=\"hidden\" name=\"_wpcf7_container_post\" value=\"0\" \/>\n<input type=\"hidden\" name=\"_wpcf7_posted_data_hash\" value=\"\" \/>\n<\/div>\n<p><label> Apellido *<br \/>\n<span class=\"wpcf7-form-control-wrap\" data-name=\"your-name\"><input size=\"40\" class=\"wpcf7-form-control wpcf7-text wpcf7-validates-as-required\" aria-required=\"true\" aria-invalid=\"false\" value=\"\" type=\"text\" name=\"your-name\" \/><\/span> <\/label>\n<\/p>\n<p><label> Nombre<br \/>\n<span class=\"wpcf7-form-control-wrap\" data-name=\"text-401\"><input size=\"40\" class=\"wpcf7-form-control wpcf7-text\" aria-invalid=\"false\" value=\"\" type=\"text\" name=\"text-401\" \/><\/span> <\/label>\n<\/p>\n<p><label> Telefono<br \/>\n<span class=\"wpcf7-form-control-wrap\" data-name=\"tel-826\"><input size=\"40\" class=\"wpcf7-form-control wpcf7-text wpcf7-tel wpcf7-validates-as-required wpcf7-validates-as-tel\" aria-required=\"true\" aria-invalid=\"false\" value=\"\" type=\"tel\" name=\"tel-826\" \/><\/span> <\/label>\n<\/p>\n<p><label> Correo electronico *<br \/>\n<span class=\"wpcf7-form-control-wrap\" data-name=\"your-email\"><input size=\"40\" class=\"wpcf7-form-control wpcf7-text wpcf7-email wpcf7-validates-as-required wpcf7-validates-as-email\" aria-required=\"true\" aria-invalid=\"false\" value=\"\" type=\"email\" name=\"your-email\" \/><\/span> <\/label>\n<\/p>\n<p><label> Ciudad *<br \/>\n<span class=\"wpcf7-form-control-wrap\" data-name=\"text-402\"><input size=\"40\" class=\"wpcf7-form-control wpcf7-text wpcf7-validates-as-required\" aria-required=\"true\" aria-invalid=\"false\" value=\"\" type=\"text\" name=\"text-402\" \/><\/span> <\/label>\n<\/p>\n<p><label> Pa\u00eds *<br \/>\n<span class=\"wpcf7-form-control-wrap\" data-name=\"text-403\"><input size=\"40\" class=\"wpcf7-form-control wpcf7-text wpcf7-validates-as-required\" aria-required=\"true\" aria-invalid=\"false\" value=\"\" type=\"text\" name=\"text-403\" \/><\/span> <\/label>\n<\/p>\n<p><label> Nombre del tour<br \/>\n<span class=\"wpcf7-form-control-wrap\" data-name=\"text-405\"><input size=\"40\" class=\"wpcf7-form-control wpcf7-text wpcf7-validates-as-required\" aria-required=\"true\" aria-invalid=\"false\" value=\"\" type=\"text\" name=\"text-405\" \/><\/span> <\/label> (Por favor, rellene este campo si ha elegido un tour de nuestro cat\u00e1logo.)\n<\/p>\n<p><label> Tour exclusivo \u00f3 tour compartido<br \/>\n<span class=\"wpcf7-form-control-wrap\" data-name=\"menu-351\"><select class=\"wpcf7-form-control wpcf7-select wpcf7-validates-as-required\" aria-required=\"true\" aria-invalid=\"false\" name=\"menu-351\"><option value=\"\">&#8212;Veuillez choisir une option&#8212;<\/option><option value=\"Tour exclusivo\">Tour exclusivo<\/option><option value=\"Tour compartido\">Tour compartido<\/option><\/select><\/span> <\/label><br \/>\nTour exclusivo: Recorrido sin personas ajenas a su grupo.<br \/>\nTour compartido: Posibilidad de inscribirse en un tour con otros participantes.\n<\/p>\n<p><label> Numero de Adultos *<br \/>\n<span class=\"wpcf7-form-control-wrap\" data-name=\"number-571\"><input class=\"wpcf7-form-control wpcf7-number wpcf7-validates-as-required wpcf7-validates-as-number\" aria-required=\"true\" aria-invalid=\"false\" value=\"\" type=\"number\" name=\"number-571\" \/><\/span> <\/label>\n<\/p>\n<p><label> Numero de ni\u00f1os<br \/>\n<span class=\"wpcf7-form-control-wrap\" data-name=\"number-523\"><input class=\"wpcf7-form-control wpcf7-number wpcf7-validates-as-number\" aria-invalid=\"false\" value=\"N\u00famero de ni\u00f1os\" type=\"number\" name=\"number-523\" \/><\/span> <\/label>\n<\/p>\n<p><label> Complemento de informaci\u00f3n<br \/>\n<span class=\"wpcf7-form-control-wrap\" data-name=\"your-message\"><textarea cols=\"40\" rows=\"10\" class=\"wpcf7-form-control wpcf7-textarea\" aria-invalid=\"false\" name=\"your-message\"><\/textarea><\/span> <\/label> (si el grupo est\u00e1 compuesto por ni\u00f1os, especificar la edad)\n<\/p>\n<p><label> Fecha de llegada *<br \/>\n<span class=\"wpcf7-form-control-wrap\" data-name=\"date-91\"><input class=\"wpcf7-form-control wpcf7-date wpcf7-validates-as-required wpcf7-validates-as-date\" aria-required=\"true\" aria-invalid=\"false\" value=\"\" type=\"date\" name=\"date-91\" \/><\/span> <\/label> (Puede ser aproximado)\n<\/p>\n<p><label> Informaci\u00f3n adicional<br \/>\n<span class=\"wpcf7-form-control-wrap\" data-name=\"your-message\"><textarea cols=\"40\" rows=\"10\" class=\"wpcf7-form-control wpcf7-textarea\" aria-invalid=\"false\" name=\"your-message\"><\/textarea><\/span> <\/label> Si hay una fecha imperativa o si tiene fechas flexibles, por favor especif\u00edquelas en este cuadro: fecha de llegada, fecha de salida y otra informaci\u00f3n relacionada en el periodo de su estancia\n<\/p>\n<p><strong>Alojamiento - Hoteles y Lodges \/ Crucero<\/strong>\n<\/p>\n<p>\u00bfQue tipo de alojamiento desea?\n<\/p>\n<p><span class=\"wpcf7-form-control-wrap\" data-name=\"menu-474\"><select class=\"wpcf7-form-control wpcf7-select wpcf7-validates-as-required\" aria-required=\"true\" aria-invalid=\"false\" name=\"menu-474\"><option value=\"Hotel o lodge de 2da categor\u00eda (Ba\u00f1o privado) \/ Crucero de categor\u00eda Econ\u00f3mica o Turista\">Hotel o lodge de 2da categor\u00eda (Ba\u00f1o privado) \/ Crucero de categor\u00eda Econ\u00f3mica o Turista<\/option><option value=\"Hotel o lodge de 1ra categor\u00eda (ba\u00f1o privado, confort) \/ Crucero de categor\u00eda Turista superior o primera clase\">Hotel o lodge de 1ra categor\u00eda (ba\u00f1o privado, confort) \/ Crucero de categor\u00eda Turista superior o primera clase<\/option><option value=\"Hotel o lodge de lujo (Hotel boutique o Internacional) \/ Crucero de lujo\">Hotel o lodge de lujo (Hotel boutique o Internacional) \/ Crucero de lujo<\/option><\/select><\/span>\n<\/p>\n<p><strong>Alojamiento<\/strong>\n<\/p>\n<p><label> Numero de habitaciones simples : <span class=\"wpcf7-form-control-wrap\" data-name=\"number-717\"><input class=\"wpcf7-form-control wpcf7-number wpcf7-validates-as-number\" aria-invalid=\"false\" value=\"Habitacion simple\" type=\"number\" name=\"number-717\" \/><\/span> <\/label>\n<\/p>\n<p><label> Numero de habitaciones dobles : <span class=\"wpcf7-form-control-wrap\" data-name=\"number-430\"><input class=\"wpcf7-form-control wpcf7-number wpcf7-validates-as-number\" aria-invalid=\"false\" value=\"Habitacion doble\" type=\"number\" name=\"number-430\" \/><\/span> <\/label> 2 camas simples\n<\/p>\n<p><label> Numero de habitaciones matrimoniales : <span class=\"wpcf7-form-control-wrap\" data-name=\"number-432\"><input class=\"wpcf7-form-control wpcf7-number wpcf7-validates-as-number\" aria-invalid=\"false\" value=\"Habitacion matrimonial\" type=\"number\" name=\"number-432\" \/><\/span> <\/label> 1 grande cama doble\n<\/p>\n<p><label> Numero de habitaciones triples : <span class=\"wpcf7-form-control-wrap\" data-name=\"number-433\"><input class=\"wpcf7-form-control wpcf7-number wpcf7-validates-as-number\" aria-invalid=\"false\" value=\"Habitacion triple\" type=\"number\" name=\"number-433\" \/><\/span> <\/label>\n<\/p>\n<p><label> Numero de habitaciones cuadruples : <span class=\"wpcf7-form-control-wrap\" data-name=\"number-434\"><input class=\"wpcf7-form-control wpcf7-number wpcf7-validates-as-number\" aria-invalid=\"false\" value=\"Habitacion cuadruple\" type=\"number\" name=\"number-434\" \/><\/span> <\/label>\n<\/p>\n<p><label>Observaciones adicionales:<br \/>\n<span class=\"wpcf7-form-control-wrap\" data-name=\"textarea-521\"><textarea cols=\"40\" rows=\"10\" class=\"wpcf7-form-control wpcf7-textarea\" aria-invalid=\"false\" name=\"textarea-521\"><\/textarea><\/span><\/label> Indique aqu\u00ed toda la informaci\u00f3n \u00fatil para la elaboraci\u00f3n ideal de su proyecto: sus deseos, su nivel f\u00edsico, el tipo y categor\u00eda-a de alojamiento buscado, preferencias y cualquier otro par\u00e1metro.\n<\/p>\n<p><input class=\"wpcf7-form-control has-spinner wpcf7-submit\" type=\"submit\" value=\"Enviar\" \/>\n<\/p><div class=\"wpcf7-response-output\" aria-hidden=\"true\"><\/div>\n<\/form>\n<\/div>\n[\/vc_column][\/vc_row]\n","protected":false},"excerpt":{"rendered":"<p>[vc_row][vc_column][vc_empty_space][vc_empty_space][vc_empty_space][vc_empty_space][vc_text_separator title=&#8221;Reservaci\u00f3n \/Pedido de proforma&#8221; i_icon_fontawesome=&#8221;fa fa-quora&#8221; i_color=&#8221;green&#8221; i_background_style=&#8221;rounded-outline&#8221; border_width=&#8221;2&#8243; add_icon=&#8221;true&#8221;][vc_empty_space][vc_column_text]* Los campos marcados con un asterisco son obligatorios.[\/vc_column_text][vc_empty_space][\/vc_column][\/vc_row]<\/p>\n","protected":false},"author":1,"featured_media":0,"parent":0,"menu_order":0,"comment_status":"closed","ping_status":"closed","template":"","meta":{"footnotes":""},"class_list":["post-1973","page","type-page","status-publish","hentry"],"translation":{"provider":"WPGlobus","version":"2.10.10","language":"es","enabled_languages":["fr","es","gb"],"languages":{"fr":{"title":true,"content":true,"excerpt":false},"es":{"title":true,"content":true,"excerpt":false},"gb":{"title":true,"content":true,"excerpt":false}}},"aioseo_notices":[],"_links":{"self":[{"href":"https:\/\/equateur-voyages.com\/es\/wp-json\/wp\/v2\/pages\/1973","targetHints":{"allow":["GET"]}}],"collection":[{"href":"https:\/\/equateur-voyages.com\/es\/wp-json\/wp\/v2\/pages"}],"about":[{"href":"https:\/\/equateur-voyages.com\/es\/wp-json\/wp\/v2\/types\/page"}],"author":[{"embeddable":true,"href":"https:\/\/equateur-voyages.com\/es\/wp-json\/wp\/v2\/users\/1"}],"replies":[{"embeddable":true,"href":"https:\/\/equateur-voyages.com\/es\/wp-json\/wp\/v2\/comments?post=1973"}],"version-history":[{"count":31,"href":"https:\/\/equateur-voyages.com\/es\/wp-json\/wp\/v2\/pages\/1973\/revisions"}],"predecessor-version":[{"id":7242,"href":"https:\/\/equateur-voyages.com\/es\/wp-json\/wp\/v2\/pages\/1973\/revisions\/7242"}],"wp:attachment":[{"href":"https:\/\/equateur-voyages.com\/es\/wp-json\/wp\/v2\/media?parent=1973"}],"curies":[{"name":"wp","href":"https:\/\/api.w.org\/{rel}","templated":true}]}}