{"id":1976,"date":"2019-10-01T14:20:14","date_gmt":"2019-10-01T12:20:14","guid":{"rendered":"http:\/\/s799595400.onlinehome.fr\/?page_id=1976"},"modified":"2025-11-17T18:25:18","modified_gmt":"2025-11-17T17:25:18","slug":"departs-et-offres","status":"publish","type":"page","link":"https:\/\/equateur-voyages.com\/es\/departs-et-offres\/","title":{"rendered":"Salidas y Ofertas"},"content":{"rendered":"[vc_row content_placement=&#8221;top&#8221; css=&#8221;.vc_custom_1581405472250{background-color: #ffffff !important;}&#8221; el_class=&#8221;z-index:9999&#8243;][vc_column][banner_slider auto_play=&#8221;true&#8221; loop=&#8221;true&#8221; tz_bg_banner=&#8221;3356&#8243;][banner_slider_item tz_type=&#8221;2&#8243; tz_title=&#8221;Tarifas de \u00faltimo minuto&#8221; tz_description=&#8221;Amazon\u00eda y Galapagos&#8221; tz_button=&#8221;Ver Salidas y Ofertas&#8221; tz_link=&#8221;\/es\/departs-et-offres&#8221;][banner_slider_item tz_type=&#8221;2&#8243; tz_title=&#8221;Salidas confirmadas&#8221; tz_description=&#8221;Tours organizados, mini circuitos&#8221; tz_button=&#8221;Ver Salidas y Ofertas&#8221; tz_link=&#8221;\/es\/departs-et-offres&#8221;][banner_slider_item tz_type=&#8221;2&#8243; tz_title=&#8221;B\u00fasqueda de participantes&#8221; tz_description=&#8221;Persona sola que busca un compa\u00f1ero de viaje&#8221; tz_button=&#8221;Ver Salidas y Ofertas&#8221; tz_link=&#8221;\/es\/departs-et-offres&#8221;][\/banner_slider][vc_empty_space][vc_empty_space][vc_column_text]\n<p data-start=\"200\" data-end=\"285\"><strong data-start=\"200\" data-end=\"283\">\u00a1<span style=\"font-size: 20px;\">Salidas confirmadas, ofertas de \u00faltima hora y b\u00fasqueda de compa\u00f1eros de viaje!<\/span><\/strong><\/p>\n<p data-start=\"287\" data-end=\"590\">Descubra nuestras <strong data-start=\"305\" data-end=\"327\">ofertas especiales<\/strong>, <strong data-start=\"329\" data-end=\"351\">viajes confirmados<\/strong> y <strong data-start=\"354\" data-end=\"380\">promociones exclusivas<\/strong>.<br data-start=\"381\" data-end=\"384\" \/>\u00bfViaja solo? Consulte las fechas en las que <strong data-start=\"428\" data-end=\"477\">otros aventureros buscan un compa\u00f1ero de ruta<\/strong> y comparta una experiencia inolvidable.<br data-start=\"517\" data-end=\"520\" \/>\u00a1No espere m\u00e1s para vivir su pr\u00f3xima aventura en Ecuador y m\u00e1s all\u00e1!<\/p>\n[\/vc_column_text][vc_row_inner][vc_column_inner][\/vc_column_inner][\/vc_row_inner][\/vc_column][\/vc_row][vc_row][vc_column][vc_column_text][\/vc_column_text][\/vc_column][\/vc_row][vc_row][vc_column][vc_column_text][\/vc_column_text][\/vc_column][\/vc_row][vc_row css=&#8221;.vc_custom_1761250912659{background-color: #ffffff !important;}&#8221;][vc_column][vc_empty_space][vc_empty_space][vc_empty_space][vc_column_text][\/vc_column_text][vc_column_text]\n<p data-start=\"197\" data-end=\"222\"><span style=\"font-size: 20px;\"><strong data-start=\"197\" data-end=\"220\">Salidas confirmadas<\/strong><\/span><\/p>\n<p data-start=\"224\" data-end=\"328\">Nuestras salidas en todos los circuitos organizados se <strong data-start=\"279\" data-end=\"325\">confirman con un m\u00ednimo de 2 participantes<\/strong>.<\/p>\n<p data-start=\"330\" data-end=\"525\">Tambi\u00e9n puede <strong data-start=\"344\" data-end=\"375\">unirse a grupos ya formados<\/strong> (Tour Compartido en fechas fijas) y <strong data-start=\"412\" data-end=\"446\">disfrutar de tarifas reducidas<\/strong>.<br data-start=\"447\" data-end=\"450\" \/>\u00a1Una excelente oportunidad para viajar, compartir experiencias y ahorrar!<\/p>\n[\/vc_column_text][vc_empty_space][vc_row_inner disable_element=&#8221;yes&#8221; css=&#8221;.vc_custom_1761326554842{background-color: #a9e03a !important;}&#8221;][vc_column_inner]    <div class=\"tzElement_FeaturedTour  vc_custom_1761247503802 type-2\">\r\n\r\n                    <div class=\"tzTour-top\">\r\n\r\n                \r\n                \r\n                \r\n                            <\/div>\r\n\r\n                <div  id=\"tzTour-slider-1885770179\" data-number=\"0\" data-item=\"4\"                class=\"tzTour tzTour-slider owl-carousel \">\r\n                            <div class=\"tzTour-item\">\r\n                                                                        <div class=\"tzImg-tour\">\r\n                                <div class=\"tz-thumb \">\r\n                                    <a href=\"https:\/\/equateur-voyages.com\/es\/tour\/des-andes-a-l-amazonie\/\">\r\n                                        <img loading=\"lazy\" decoding=\"async\" width=\"444\" height=\"331\" src=\"https:\/\/equateur-voyages.com\/wp-content\/uploads\/2017\/06\/Andes_Amazonie_1.jpg\" class=\"attachment-large\" alt=\"\" title=\"Andes_Amazonie_1\" srcset=\"https:\/\/equateur-voyages.com\/wp-content\/uploads\/2017\/06\/Andes_Amazonie_1.jpg 444w, https:\/\/equateur-voyages.com\/wp-content\/uploads\/2017\/06\/Andes_Amazonie_1-300x224.jpg 300w\" sizes=\"auto, (max-width: 444px) 100vw, 444px\" \/>                                    <\/a>\r\n\r\n                                                                    <\/div>\r\n                                                            <\/div>\r\n                                                                            <div class=\"tzTour-info\">\r\n                                <div class=\"tz-title\">\r\n                                    <h4><a href=\"https:\/\/equateur-voyages.com\/es\/tour\/des-andes-a-l-amazonie\/\">De los Andes a la Amazon\u00eda &#8211; 14 d\u00edas<\/a><\/h4>\r\n                                    \r\n                                <\/div>\r\n                                <div class=\"tz-price\">\r\n                                    <div class=\"tz-average-rating\"><div class=\"tz-rating tz-rating-45\"><\/div><\/div>\r\n                                                                    <\/div>\r\n                                <div class=\"tz-time\">\r\n                                                                                                        <\/div>\r\n                            <\/div>\r\n                            <div class=\"tz-button\">\r\n                                                                        <a class=\"booking book-view-detail\" href=\"https:\/\/equateur-voyages.com\/es\/tour\/des-andes-a-l-amazonie\/\">\r\n                                            <i class=\"fa fa-rocket\"><\/i>View More                                        <\/a>\r\n                                                                <\/div>\r\n                                                                <\/div>\r\n                    <\/div>\r\n                    <div class=\"tzTour-bottom\">\r\n                            <\/div>\r\n                <!--        <div class=\"tz-form-booking-ajax-content\"><\/div>-->\r\n        <!--        <div class=\"tz-reviews-ajax-content\"><\/div>-->\r\n\r\n        <script type=\"text\/javascript\">\r\n            jQuery(document).ready(function () {\r\n                \"use strict\";\r\n                jQuery('#tzTour-slider-1885770179').each(function () {\r\n                    jQuery(this).owlCarousel({\r\n                        rtl: false,\r\n                        nav: true,\r\n                        navText: [\"\", \"\"] ,\r\n                        autoplay: true,\r\n                        autoplayTimeout: 3000,\r\n                        loop: true,\r\n                        smartSpeed: 700,\r\n                        autoplayHoverPause: true,\r\n                        responsive: {\r\n                            0: {\r\n                                items: 1                            },\r\n                            600: {\r\n                                items: 2                            },\r\n                            992: {\r\n                                items: 2                            },\r\n                            1200: {\r\n                                items: 4                            },\r\n                            1500: {\r\n                                items: 4                            }\r\n                        },\r\n                        margin:30\r\n                    })\r\n                })\r\n            });\r\n        <\/script>\r\n    <\/div>\r\n\r\n    [vc_empty_space][\/vc_column_inner][\/vc_row_inner][vc_empty_space][vc_empty_space][vc_row_inner disable_element=&#8221;yes&#8221; css=&#8221;.vc_custom_1761251527443{background-color: #606060 !important;}&#8221;][vc_column_inner][vc_column_text]<span style=\"font-size: 32px; color: #fafafa;\"><strong><span style=\"font-family: helvetica, arial, sans-serif;\">Offres du moment<\/span><\/strong><\/span><\/p>\n<p><span style=\"color: #fafafa;\"><em><span style=\"font-size: 16px;\"><strong>Les offres de derni\u00e8re minute ou offres promotionnelles<\/strong> sont actualis\u00e9es r\u00e9guli\u00e8rement sur notre site. Contactez-nous pour plus d&#8217;informations&#8230;<\/span><\/em><\/span>[\/vc_column_text]    <div class=\"tzElement_FeaturedTour  vc_custom_1574416412658 type-2\">\r\n\r\n                    <div class=\"tzTour-top\">\r\n\r\n                \r\n                \r\n                \r\n                            <\/div>\r\n\r\n                <div  id=\"tzTour-slider-992156132\" data-number=\"0\" data-item=\"4\"                class=\"tzTour tzTour-slider owl-carousel \">\r\n                    <\/div>\r\n                    <div class=\"tzTour-bottom\">\r\n                            <\/div>\r\n                <!--        <div class=\"tz-form-booking-ajax-content\"><\/div>-->\r\n        <!--        <div class=\"tz-reviews-ajax-content\"><\/div>-->\r\n\r\n        <script type=\"text\/javascript\">\r\n            jQuery(document).ready(function () {\r\n                \"use strict\";\r\n                jQuery('#tzTour-slider-992156132').each(function () {\r\n                    jQuery(this).owlCarousel({\r\n                        rtl: false,\r\n                        nav: true,\r\n                        navText: [\"\", \"\"] ,\r\n                        autoplay: true,\r\n                        autoplayTimeout: 3000,\r\n                        loop: true,\r\n                        smartSpeed: 700,\r\n                        autoplayHoverPause: true,\r\n                        responsive: {\r\n                            0: {\r\n                                items: 1                            },\r\n                            600: {\r\n                                items: 2                            },\r\n                            992: {\r\n                                items: 2                            },\r\n                            1200: {\r\n                                items: 4                            },\r\n                            1500: {\r\n                                items: 4                            }\r\n                        },\r\n                        margin:30\r\n                    })\r\n                })\r\n            });\r\n        <\/script>\r\n    <\/div>\r\n\r\n    [vc_empty_space][\/vc_column_inner][\/vc_row_inner][vc_empty_space][vc_empty_space][vc_column_text]\n<p data-start=\"207\" data-end=\"238\"><span style=\"font-size: 20px;\"><strong data-start=\"207\" data-end=\"236\">B\u00fasqueda de participantes<\/strong><\/span><\/p>\n<p data-start=\"240\" data-end=\"475\">Si viaja solo y desea una fecha espec\u00edfica de salida, <strong data-start=\"294\" data-end=\"338\">abriremos esa fecha en nuestro sitio web<\/strong>.<br data-start=\"339\" data-end=\"342\" \/>\u00a1Cuanto antes nos lo comunique, <strong data-start=\"374\" data-end=\"441\">m\u00e1s posibilidades habr\u00e1 de encontrar otros compa\u00f1eros de viaje!<\/strong><br data-start=\"441\" data-end=\"444\" \/>Sin compromiso, por supuesto\u2026<\/p>\n[\/vc_column_text][vc_empty_space][vc_empty_space][vc_row_inner disable_element=&#8221;yes&#8221; css=&#8221;.vc_custom_1761323235392{background-color: #fafafa !important;}&#8221;][vc_column_inner]    <div class=\"tzElement_FeaturedTour  vc_custom_1574433857139 type-2\">\r\n\r\n                    <div class=\"tzTour-top\">\r\n\r\n                \r\n                \r\n                \r\n                            <\/div>\r\n\r\n                <div  id=\"tzTour-slider-1882998601\" data-number=\"0\" data-item=\"4\"                class=\"tzTour tzTour-slider owl-carousel \">\r\n                            <div class=\"tzTour-item\">\r\n                                                                        <div class=\"tzImg-tour\">\r\n                                <div class=\"tz-thumb \">\r\n                                    <a href=\"https:\/\/equateur-voyages.com\/es\/tour\/chimborazo-sommets-des-andes\/\">\r\n                                        <img loading=\"lazy\" decoding=\"async\" width=\"900\" height=\"678\" src=\"https:\/\/equateur-voyages.com\/wp-content\/uploads\/2020\/02\/Chimborazo-1024x771.jpg\" class=\"attachment-large\" alt=\"\" title=\"Chimborazo\" srcset=\"https:\/\/equateur-voyages.com\/wp-content\/uploads\/2020\/02\/Chimborazo-1024x771.jpg 1024w, https:\/\/equateur-voyages.com\/wp-content\/uploads\/2020\/02\/Chimborazo-300x226.jpg 300w, https:\/\/equateur-voyages.com\/wp-content\/uploads\/2020\/02\/Chimborazo-768x579.jpg 768w, https:\/\/equateur-voyages.com\/wp-content\/uploads\/2020\/02\/Chimborazo-1536x1157.jpg 1536w, https:\/\/equateur-voyages.com\/wp-content\/uploads\/2020\/02\/Chimborazo-600x452.jpg 600w, https:\/\/equateur-voyages.com\/wp-content\/uploads\/2020\/02\/Chimborazo.jpg 1593w\" sizes=\"auto, (max-width: 900px) 100vw, 900px\" \/>                                    <\/a>\r\n\r\n                                                                    <\/div>\r\n                                                            <\/div>\r\n                                                                            <div class=\"tzTour-info\">\r\n                                <div class=\"tz-title\">\r\n                                    <h4><a href=\"https:\/\/equateur-voyages.com\/es\/tour\/chimborazo-sommets-des-andes\/\">Cumbres de Los Andes &#8211; 13 d\u00edas<\/a><\/h4>\r\n                                    \r\n                                <\/div>\r\n                                <div class=\"tz-price\">\r\n                                    <div class=\"tz-average-rating\"><div class=\"tz-rating tz-rating-45\"><\/div><\/div>\r\n                                                                    <\/div>\r\n                                <div class=\"tz-time\">\r\n                                                                                                        <\/div>\r\n                            <\/div>\r\n                            <div class=\"tz-button\">\r\n                                                                        <a class=\"booking book-view-detail\" href=\"https:\/\/equateur-voyages.com\/es\/tour\/chimborazo-sommets-des-andes\/\">\r\n                                            <i class=\"fa fa-rocket\"><\/i>View More                                        <\/a>\r\n                                                                <\/div>\r\n                                                                <\/div>\r\n                    <\/div>\r\n                    <div class=\"tzTour-bottom\">\r\n                            <\/div>\r\n                <!--        <div class=\"tz-form-booking-ajax-content\"><\/div>-->\r\n        <!--        <div class=\"tz-reviews-ajax-content\"><\/div>-->\r\n\r\n        <script type=\"text\/javascript\">\r\n            jQuery(document).ready(function () {\r\n                \"use strict\";\r\n                jQuery('#tzTour-slider-1882998601').each(function () {\r\n                    jQuery(this).owlCarousel({\r\n                        rtl: false,\r\n                        nav: true,\r\n                        navText: [\"\", \"\"] ,\r\n                        autoplay: true,\r\n                        autoplayTimeout: 3000,\r\n                        loop: true,\r\n                        smartSpeed: 700,\r\n                        autoplayHoverPause: true,\r\n                        responsive: {\r\n                            0: {\r\n                                items: 1                            },\r\n                            600: {\r\n                                items: 2                            },\r\n                            992: {\r\n                                items: 2                            },\r\n                            1200: {\r\n                                items: 4                            },\r\n                            1500: {\r\n                                items: 4                            }\r\n                        },\r\n                        margin:30\r\n                    })\r\n                })\r\n            });\r\n        <\/script>\r\n    <\/div>\r\n\r\n    [vc_empty_space][\/vc_column_inner][\/vc_row_inner][vc_empty_space][vc_empty_space][\/vc_column][\/vc_row][vc_row][vc_column][vc_empty_space][vc_empty_space][vc_column_text]<span style=\"font-size: 23px;\"><strong>Ofertas de \u00faltima hora clasificadas por mes<\/strong><\/span>[\/vc_column_text][vc_empty_space][vc_row_inner disable_element=&#8221;yes&#8221;][vc_column_inner][\/vc_column_inner][\/vc_row_inner][vc_empty_space][\/vc_column][\/vc_row][vc_row disable_element=&#8221;yes&#8221;][vc_column][vc_empty_space][vc_empty_space][vc_text_separator title=&#8221;F\u00e9vrier 2024&#8243; i_icon_fontawesome=&#8221;fa fa-star-o&#8221; i_background_style=&#8221;rounded-outline&#8221; i_background_color=&#8221;green&#8221; border_width=&#8221;3&#8243; add_icon=&#8221;true&#8221;][vc_empty_space][vc_row_inner][vc_column_inner][\/vc_column_inner][\/vc_row_inner][vc_empty_space][vc_column_text]<span style=\"font-size: 23px;\"><em><strong>Date: 04 \/ 02 \/ 2020 &#8211; <\/strong><\/em><a href=\"\/tour\/sur-les-chemins\/\" target=\"_blank\" rel=\"noopener noreferrer\"><strong>Taaaaamins<\/strong><\/a><\/span><\/p>\n<p>R\u00e9gions visit\u00e9es : Andes 10 jours \/ Culturel \/ D\u00e9couverte \/ Recherche d&#8217;un compagnon de voyage : 1 personne int\u00e9ress\u00e9e \/ Prix normal : 1530 $ \/ <span style=\"font-size: 18px;\"><strong>Prix actuel : 1530 $<\/strong><\/span>[\/vc_column_text][vc_empty_space][\/vc_column][\/vc_row][vc_row disable_element=&#8221;yes&#8221;][vc_column][vc_empty_space][vc_empty_space][vc_text_separator title=&#8221;Mai 2024&#8243; i_icon_fontawesome=&#8221;fa fa-star-o&#8221; i_background_style=&#8221;rounded-outline&#8221; i_background_color=&#8221;green&#8221; border_width=&#8221;3&#8243; add_icon=&#8221;true&#8221;][vc_empty_space][vc_row_inner][vc_column_inner][\/vc_column_inner][\/vc_row_inner][vc_empty_space][vc_column_text]<span style=\"font-size: 23px;\"><em><strong>Date: 26 \/ 05 \/ 2020 &#8211; <\/strong><\/em><a href=\"\/tour\/chimborazo-sommets-des-andes\/\" target=\"_blank\" rel=\"noopener noreferrer\"><strong>Tour Sommet des Andes<\/strong><\/a><\/span><\/p>\n<p>R\u00e9gions visit\u00e9es : Andes 15 jours \/ Trekking \/ Haute montagne \/ Recherche d\u2019un compagnon de voyage : 1 personne int\u00e9ress\u00e9e \/ Prix normal : 2690 $\u00a0\/ <span style=\"font-size: 18px;\"><strong>Prix actuel : 2690 $<\/strong><\/span>[\/vc_column_text][vc_empty_space][\/vc_column][\/vc_row][vc_row disable_element=&#8221;yes&#8221;][vc_column][vc_empty_space][vc_empty_space][vc_text_separator title=&#8221;Juin 2024&#8243; i_icon_fontawesome=&#8221;fa fa-star-o&#8221; i_background_style=&#8221;rounded-outline&#8221; i_background_color=&#8221;green&#8221; border_width=&#8221;3&#8243; add_icon=&#8221;true&#8221;][vc_empty_space][vc_row_inner][vc_column_inner][\/vc_column_inner][\/vc_row_inner][vc_empty_space][vc_column_text]<span style=\"font-size: 23px;\"><em><strong>Date: 18 \/ 06 \/ 2020 &#8211; <\/strong><\/em><a href=\"\/tour\/nature-et-traditions\/\" target=\"_blank\" rel=\"noopener noreferrer\"><strong>Nature et Traditions<\/strong><\/a><\/span><\/p>\n<p>R\u00e9gions visit\u00e9es : Andes 11 jours \/ Culturel \/ D\u00e9couverte \/\u00a0Date sp\u00e9cifique : Avec 2 participants, nous confirmons le circuit \/ Prix normal : 2240 $ \/ <span style=\"font-size: 18px;\"><strong>Prix actuel : 2190 $<\/strong><\/span>[\/vc_column_text][vc_empty_space][\/vc_column][\/vc_row][vc_row disable_element=&#8221;yes&#8221;][vc_column][vc_empty_space][vc_empty_space][vc_text_separator title=&#8221;Septembre 2024&#8243; i_icon_fontawesome=&#8221;fa fa-star-o&#8221; i_background_style=&#8221;rounded-outline&#8221; i_background_color=&#8221;green&#8221; border_width=&#8221;3&#8243; add_icon=&#8221;true&#8221;][vc_empty_space][vc_row_inner][vc_column_inner][\/vc_column_inner][\/vc_row_inner][vc_empty_space][vc_column_text]<span style=\"font-size: 23px;\"><em><strong>Date: 11 \/ 09 \/ 2020 &#8211; <\/strong><\/em><a href=\"\/tour\/nature-et-traditions\/\" target=\"_blank\" rel=\"noopener noreferrer\"><strong>Nature et Traditions<\/strong><\/a><\/span><\/p>\n<p>R\u00e9gions visit\u00e9es : Andes 11 jours \/ Culturel \/ D\u00e9couverte \/\u00a0Date sp\u00e9cifique : Avec 2 participants, nous confirmons le circuit \/ Prix normal : 2240 $ \/ <span style=\"font-size: 18px;\"><strong>Prix actuel : 2190 $<\/strong><\/span>[\/vc_column_text][vc_empty_space][\/vc_column][\/vc_row][vc_row disable_element=&#8221;yes&#8221;][vc_column][vc_empty_space][vc_empty_space][vc_text_separator title=&#8221;D\u00e9cembre 2024&#8243; i_icon_fontawesome=&#8221;fa fa-star-o&#8221; i_background_style=&#8221;rounded-outline&#8221; i_background_color=&#8221;green&#8221; border_width=&#8221;3&#8243; add_icon=&#8221;true&#8221;][vc_empty_space][vc_row_inner disable_element=&#8221;yes&#8221;][vc_column_inner][vc_column_text]<span style=\"font-size: 23px;\"><em><strong>Date: 11 \/ 12 \/ 2024 &#8211; <\/strong><\/em><a href=\"\/tour\/nature-et-traditions\/\" target=\"_blank\" rel=\"noopener noreferrer\"><strong>Nature et Traditions<\/strong><\/a><\/span><\/p>\n<p>R\u00e9gions visit\u00e9es : Andes 11 jours \/ Culturel \/ D\u00e9couverte \/\u00a0Date sp\u00e9cifique : Avec 2 participants, nous confirmons le circuit \/ Prix normal : 2240 $ \/ <span style=\"font-size: 18px;\"><strong>Prix actuel : 2190 $<\/strong><\/span>[\/vc_column_text][\/vc_column_inner][\/vc_row_inner][vc_empty_space][vc_empty_space][\/vc_column][\/vc_row]\n","protected":false},"excerpt":{"rendered":"<p>[vc_row content_placement=&#8221;top&#8221; css=&#8221;.vc_custom_1581405472250{background-color: #ffffff !important;}&#8221; el_class=&#8221;z-index:9999&#8243;][vc_column][banner_slider auto_play=&#8221;true&#8221; loop=&#8221;true&#8221; tz_bg_banner=&#8221;3356&#8243;][banner_slider_item tz_type=&#8221;2&#8243; tz_title=&#8221;Tarifas de \u00faltimo minuto&#8221; tz_description=&#8221;Amazon\u00eda y Galapagos&#8221; tz_button=&#8221;Ver Salidas y Ofertas&#8221; tz_link=&#8221;\/es\/departs-et-offres&#8221;][banner_slider_item tz_type=&#8221;2&#8243; tz_title=&#8221;Salidas confirmadas&#8221; tz_description=&#8221;Tours organizados, mini circuitos&#8221; tz_button=&#8221;Ver Salidas y Ofertas&#8221; tz_link=&#8221;\/es\/departs-et-offres&#8221;][banner_slider_item tz_type=&#8221;2&#8243; tz_title=&#8221;B\u00fasqueda de participantes&#8221; tz_description=&#8221;Persona sola que busca un compa\u00f1ero de viaje&#8221; tz_button=&#8221;Ver Salidas y Ofertas&#8221; tz_link=&#8221;\/es\/departs-et-offres&#8221;][\/banner_slider][vc_empty_space][vc_empty_space][vc_column_text] \u00a1Salidas confirmadas, ofertas de [&hellip;]<\/p>\n","protected":false},"author":1,"featured_media":0,"parent":0,"menu_order":0,"comment_status":"closed","ping_status":"closed","template":"","meta":{"footnotes":""},"class_list":["post-1976","page","type-page","status-publish","hentry"],"translation":{"provider":"WPGlobus","version":"2.10.10","language":"es","enabled_languages":["fr","es","gb"],"languages":{"fr":{"title":true,"content":true,"excerpt":false},"es":{"title":true,"content":true,"excerpt":false},"gb":{"title":true,"content":true,"excerpt":false}}},"aioseo_notices":[],"_links":{"self":[{"href":"https:\/\/equateur-voyages.com\/es\/wp-json\/wp\/v2\/pages\/1976","targetHints":{"allow":["GET"]}}],"collection":[{"href":"https:\/\/equateur-voyages.com\/es\/wp-json\/wp\/v2\/pages"}],"about":[{"href":"https:\/\/equateur-voyages.com\/es\/wp-json\/wp\/v2\/types\/page"}],"author":[{"embeddable":true,"href":"https:\/\/equateur-voyages.com\/es\/wp-json\/wp\/v2\/users\/1"}],"replies":[{"embeddable":true,"href":"https:\/\/equateur-voyages.com\/es\/wp-json\/wp\/v2\/comments?post=1976"}],"version-history":[{"count":130,"href":"https:\/\/equateur-voyages.com\/es\/wp-json\/wp\/v2\/pages\/1976\/revisions"}],"predecessor-version":[{"id":7229,"href":"https:\/\/equateur-voyages.com\/es\/wp-json\/wp\/v2\/pages\/1976\/revisions\/7229"}],"wp:attachment":[{"href":"https:\/\/equateur-voyages.com\/es\/wp-json\/wp\/v2\/media?parent=1976"}],"curies":[{"name":"wp","href":"https:\/\/api.w.org\/{rel}","templated":true}]}}