{"id":2017,"date":"2019-10-01T14:51:34","date_gmt":"2019-10-01T12:51:34","guid":{"rendered":"http:\/\/s799595400.onlinehome.fr\/?page_id=2017"},"modified":"2025-11-08T16:03:15","modified_gmt":"2025-11-08T15:03:15","slug":"randonnees-a-cheval","status":"publish","type":"page","link":"https:\/\/equateur-voyages.com\/es\/randonnees-a-cheval\/","title":{"rendered":"Cabalgatas"},"content":{"rendered":"[vc_row][vc_column][vc_single_image image=&#8221;2018&#8243; img_size=&#8221;full&#8221; alignment=&#8221;center&#8221; style=&#8221;vc_box_shadow_3d&#8221;][\/vc_column][\/vc_row][vc_row css=&#8221;.vc_custom_1576058767647{background-color: #fafafa !important;}&#8221;][vc_column width=&#8221;1\/4&#8243;][vc_empty_space][vc_btn title=&#8221;Retorno Menu Actividades&#8221; style=&#8221;gradient&#8221; gradient_color_1=&#8221;green&#8221; gradient_color_2=&#8221;black&#8221; link=&#8221;url:%2Fes%2Factivites%2F|title:Actividades&#8221;][vc_empty_space][vc_single_image image=&#8221;2019&#8243; img_size=&#8221;full&#8221; alignment=&#8221;center&#8221;][\/vc_column][vc_column width=&#8221;3\/4&#8243;][vc_empty_space][vc_custom_heading text=&#8221;Cabalgatas&#8221; font_container=&#8221;tag:h4|font_size:26|text_align:left&#8221; use_theme_fonts=&#8221;yes&#8221;][vc_empty_space][vc_column_text]\n<p data-start=\"87\" data-end=\"164\">\u00bfApasionado o amante de la cabalgata? \u00a1\u00a1\u00a1Ecuador es el pa\u00eds de los jinetes!!!<\/p>\n<p data-start=\"166\" data-end=\"545\">Desde el <em data-start=\"175\" data-end=\"183\">chagra<\/em> andino hasta el <em data-start=\"200\" data-end=\"210\">montubio<\/em> del Pac\u00edfico, el caballo es el rey, y numerosas peque\u00f1as haciendas ofrecen excursiones a caballo por el <em data-start=\"315\" data-end=\"323\">p\u00e1ramo<\/em> andino alrededor del volc\u00e1n Cotopaxi o cerca del majestuoso Chimborazo.<br data-start=\"395\" data-end=\"398\" \/>La geograf\u00eda del Ecuador, con sus inmensas extensiones de <em data-start=\"456\" data-end=\"464\">p\u00e1ramo<\/em> y sus valles verdes, es un verdadero para\u00edso para los amantes de las cabalgatas.<\/p>\n<p data-start=\"547\" data-end=\"787\">Esta actividad puede realizarse en grupos organizados o de manera exclusiva.<br data-start=\"623\" data-end=\"626\" \/>Las excursiones pueden durar desde unas pocas horas hasta varios d\u00edas.<br data-start=\"696\" data-end=\"699\" \/>\u00a1Ambiente garantizado durante las veladas, con fogata y relatos tradicionales incluidos!<\/p>\n[\/vc_column_text][\/vc_column][\/vc_row][vc_row][vc_column][vc_empty_space][vc_column_text]\n<p data-start=\"87\" data-end=\"500\">Cada a\u00f1o, en el mes de julio, tiene lugar el tradicional \u201c<strong data-start=\"145\" data-end=\"164\">Pase del Chagra<\/strong>\u201d.<br data-start=\"166\" data-end=\"169\" \/>Jinetes llegan con los mejores caballos de las haciendas de todo el pa\u00eds. Visten pellizas, pesados y c\u00e1lidos ponchos de lana a rayas y sombreros que representan su provincia.<br data-start=\"343\" data-end=\"346\" \/>Se re\u00fanen durante una semana en el <em data-start=\"381\" data-end=\"389\">p\u00e1ramo<\/em> del volc\u00e1n Cotopaxi para reunir toros salvajes, seleccionarlos y luego repartirlos entre diferentes haciendas.<\/p>\n<p data-start=\"502\" data-end=\"645\">Es posible participar como espectador: \u00a1\u00fanico requisito! Ser un buen jinete y disfrutar de las veladas junto al fuego a 4000 metros de altitud.<\/p>\n<p data-start=\"647\" data-end=\"663\">\u00a1D\u00e9jate tentar\u2026!<\/p>\n[\/vc_column_text][vc_empty_space][\/vc_column][\/vc_row]\n","protected":false},"excerpt":{"rendered":"<p>[vc_row][vc_column][vc_single_image image=&#8221;2018&#8243; img_size=&#8221;full&#8221; alignment=&#8221;center&#8221; style=&#8221;vc_box_shadow_3d&#8221;][\/vc_column][\/vc_row][vc_row css=&#8221;.vc_custom_1576058767647{background-color: #fafafa !important;}&#8221;][vc_column width=&#8221;1\/4&#8243;][vc_empty_space][vc_btn title=&#8221;Retorno Menu Actividades&#8221; style=&#8221;gradient&#8221; gradient_color_1=&#8221;green&#8221; gradient_color_2=&#8221;black&#8221; link=&#8221;url:%2Fes%2Factivites%2F|title:Actividades&#8221;][vc_empty_space][vc_single_image image=&#8221;2019&#8243; img_size=&#8221;full&#8221; alignment=&#8221;center&#8221;][\/vc_column][vc_column width=&#8221;3\/4&#8243;][vc_empty_space][vc_custom_heading text=&#8221;Cabalgatas&#8221; font_container=&#8221;tag:h4|font_size:26|text_align:left&#8221; use_theme_fonts=&#8221;yes&#8221;][vc_empty_space][vc_column_text] \u00bfApasionado o amante de la cabalgata? \u00a1\u00a1\u00a1Ecuador es el pa\u00eds de los jinetes!!! Desde el chagra andino hasta el montubio del Pac\u00edfico, el caballo es el rey, y numerosas peque\u00f1as haciendas ofrecen [&hellip;]<\/p>\n","protected":false},"author":1,"featured_media":0,"parent":0,"menu_order":0,"comment_status":"closed","ping_status":"closed","template":"","meta":{"footnotes":""},"class_list":["post-2017","page","type-page","status-publish","hentry"],"translation":{"provider":"WPGlobus","version":"2.10.10","language":"es","enabled_languages":["fr","es","gb"],"languages":{"fr":{"title":true,"content":true,"excerpt":false},"es":{"title":true,"content":true,"excerpt":false},"gb":{"title":true,"content":true,"excerpt":false}}},"aioseo_notices":[],"_links":{"self":[{"href":"https:\/\/equateur-voyages.com\/es\/wp-json\/wp\/v2\/pages\/2017","targetHints":{"allow":["GET"]}}],"collection":[{"href":"https:\/\/equateur-voyages.com\/es\/wp-json\/wp\/v2\/pages"}],"about":[{"href":"https:\/\/equateur-voyages.com\/es\/wp-json\/wp\/v2\/types\/page"}],"author":[{"embeddable":true,"href":"https:\/\/equateur-voyages.com\/es\/wp-json\/wp\/v2\/users\/1"}],"replies":[{"embeddable":true,"href":"https:\/\/equateur-voyages.com\/es\/wp-json\/wp\/v2\/comments?post=2017"}],"version-history":[{"count":11,"href":"https:\/\/equateur-voyages.com\/es\/wp-json\/wp\/v2\/pages\/2017\/revisions"}],"predecessor-version":[{"id":6866,"href":"https:\/\/equateur-voyages.com\/es\/wp-json\/wp\/v2\/pages\/2017\/revisions\/6866"}],"wp:attachment":[{"href":"https:\/\/equateur-voyages.com\/es\/wp-json\/wp\/v2\/media?parent=2017"}],"curies":[{"name":"wp","href":"https:\/\/api.w.org\/{rel}","templated":true}]}}