{"id":2022,"date":"2019-10-01T14:57:51","date_gmt":"2019-10-01T12:57:51","guid":{"rendered":"http:\/\/s799595400.onlinehome.fr\/?page_id=2022"},"modified":"2025-11-08T00:49:42","modified_gmt":"2025-11-07T23:49:42","slug":"rafting","status":"publish","type":"page","link":"https:\/\/equateur-voyages.com\/es\/rafting\/","title":{"rendered":"Rafting"},"content":{"rendered":"[vc_row][vc_column][vc_single_image image=&#8221;1990&#8243; img_size=&#8221;full&#8221; alignment=&#8221;center&#8221; style=&#8221;vc_box_shadow_3d&#8221;][\/vc_column][\/vc_row][vc_row css=&#8221;.vc_custom_1576058566596{background-color: #fafafa !important;}&#8221;][vc_column width=&#8221;1\/4&#8243;][vc_empty_space][vc_btn title=&#8221;Retorno Menu Actividades&#8221; style=&#8221;gradient&#8221; gradient_color_1=&#8221;green&#8221; gradient_color_2=&#8221;black&#8221; link=&#8221;url:%2Fes%2Factivites%2F|title:Actividades&#8221;][vc_empty_space][vc_single_image image=&#8221;2023&#8243; img_size=&#8221;full&#8221; alignment=&#8221;center&#8221;][\/vc_column][vc_column width=&#8221;3\/4&#8243;][vc_empty_space][vc_custom_heading text=&#8221;Rafting &#8211; Aguas vivas&#8221; font_container=&#8221;tag:h4|text_align:left&#8221; use_theme_fonts=&#8221;yes&#8221;][vc_empty_space][vc_column_text]\n<p data-start=\"55\" data-end=\"205\">Amantes de las emociones fuertes, les invitamos a descender los r\u00edos y enfrentarse a los r\u00e1pidos en un entorno excepcional. \u00a1Emociones garantizadas!<\/p>\n<p data-start=\"207\" data-end=\"443\">Es posible practicar rafting en Ecuador durante todo el a\u00f1o, especialmente en la Amazon\u00eda, donde las aguas son c\u00e1lidas y el acceso es excelente.<br data-start=\"351\" data-end=\"354\" \/>Este deporte puede practicarse en familia, en aguas tranquilas (hasta clase III, III+).<\/p>\n<p data-start=\"445\" data-end=\"607\">Ecuador ofrece m\u00faltiples posibilidades de descenso de r\u00edos en entornos y paisajes variados y grandiosos, como espectaculares gargantas, ca\u00f1ones, valles y selva.<\/p>\n[\/vc_column_text][vc_empty_space][vc_column_text]<a href=\"https:\/\/drive.google.com\/file\/d\/1CFUVD4y0mEfrmwM2XAgqXW10t_9IP_wJ\/view?usp=drive_open\" target=\"_blank\" rel=\"noopener noreferrer\"><img loading=\"lazy\" decoding=\"async\" class=\"aligncenter size-full wp-image-2050\" src=\"\/wp-content\/uploads\/2019\/10\/Rafting_EVPassion.jpg\" alt=\"\" width=\"450\" height=\"250\" srcset=\"https:\/\/equateur-voyages.com\/wp-content\/uploads\/2019\/10\/Rafting_EVPassion.jpg 450w, https:\/\/equateur-voyages.com\/wp-content\/uploads\/2019\/10\/Rafting_EVPassion-300x167.jpg 300w\" sizes=\"auto, (max-width: 450px) 100vw, 450px\" \/><\/a>[\/vc_column_text][\/vc_column][\/vc_row][vc_row][vc_column][vc_empty_space][vc_column_text]\n<p data-start=\"147\" data-end=\"233\">Las r\u00edos se clasifican seg\u00fan su nivel de dificultad, que var\u00eda de la clase II a la VI.<\/p>\n<p data-start=\"235\" data-end=\"357\"><strong data-start=\"235\" data-end=\"263\">Principiante \/ Clase II:<\/strong><br data-start=\"263\" data-end=\"266\" \/>R\u00e1pidos directos con pasos amplios y claros, evidentes sin necesidad de exploraci\u00f3n previa.<\/p>\n<p data-start=\"359\" data-end=\"496\"><strong data-start=\"359\" data-end=\"386\">Intermedio \/ Clase III:<\/strong><br data-start=\"386\" data-end=\"389\" \/>R\u00e1pidos con olas moderadas e irregulares que pueden ser dif\u00edciles de evitar y capaces de voltear una canoa.<\/p>\n<p data-start=\"498\" data-end=\"642\"><strong data-start=\"498\" data-end=\"522\">Avanzado \/ Clase IV:<\/strong><br data-start=\"522\" data-end=\"525\" \/>R\u00e1pidos intensos, potentes pero predecibles, que requieren un control preciso de la embarcaci\u00f3n en aguas turbulentas.<\/p>\n<p data-start=\"644\" data-end=\"831\"><strong data-start=\"644\" data-end=\"666\">Experto \/ Clase V:<\/strong><br data-start=\"666\" data-end=\"669\" \/>R\u00e1pidos extremadamente largos y violentos, con obst\u00e1culos que representan riesgos para la embarcaci\u00f3n. Las bajadas pueden incluir grandes olas y ca\u00eddas complejas.<\/p>\n<p data-start=\"833\" data-end=\"935\"><strong data-start=\"833\" data-end=\"856\">Extremo \/ Clase VI:<\/strong><br data-start=\"856\" data-end=\"859\" \/>Solo para equipos expertos, con suficiente nivel de agua y mucha precauci\u00f3n.<\/p>\n<hr data-start=\"937\" data-end=\"940\" \/>\n<h3 data-start=\"942\" data-end=\"967\"><strong data-start=\"946\" data-end=\"967\">Nuestra selecci\u00f3n<\/strong><\/h3>\n<p data-start=\"969\" data-end=\"1178\"><strong data-start=\"969\" data-end=\"980\">Toachi:<\/strong><br data-start=\"980\" data-end=\"983\" \/>El m\u00e1s cl\u00e1sico\u2026 Este r\u00edo desciende desde las tierras altas hacia los bosques h\u00famedos tropicales cercanos al oc\u00e9ano Pac\u00edfico.<br data-start=\"1107\" data-end=\"1110\" \/>Apto para todo p\u00fablico, clase III. Se realiza en un d\u00eda desde Quito.<\/p>\n<p data-start=\"1180\" data-end=\"1364\"><strong data-start=\"1180\" data-end=\"1200\">Toachi y Blanco:<\/strong><br data-start=\"1200\" data-end=\"1203\" \/>Descenso del r\u00edo Toachi y del r\u00edo Blanco, llamado as\u00ed por sus aguas turbulentas.<br data-start=\"1283\" data-end=\"1286\" \/>Apto para todo p\u00fablico, clases III y III+. Se realiza en dos d\u00edas desde Quito.<\/p>\n<p data-start=\"1366\" data-end=\"1556\"><strong data-start=\"1366\" data-end=\"1376\">Upano:<\/strong><br data-start=\"1376\" data-end=\"1379\" \/>Ubicado en la selva, ofrece un hermoso descenso. Los ind\u00edgenas quichuas lo llaman <em data-start=\"1461\" data-end=\"1482\">\u201cLas Grandes Aguas\u201d<\/em>.<br data-start=\"1483\" data-end=\"1486\" \/>Apto para todo p\u00fablico, clase III. Se realiza en dos d\u00edas desde Quito.<\/p>\n<p data-start=\"1558\" data-end=\"1743\"><strong data-start=\"1558\" data-end=\"1573\">Misahualli:<\/strong><br data-start=\"1573\" data-end=\"1576\" \/>Cerca del r\u00edo Upano, atraviesa un profundo ca\u00f1\u00f3n; es el mayor desaf\u00edo del Ecuador.<br data-start=\"1658\" data-end=\"1661\" \/>Se requiere buena condici\u00f3n f\u00edsica, clase IV+. Se realiza en dos d\u00edas desde Quito.<\/p>\n<p data-start=\"1745\" data-end=\"1946\"><strong data-start=\"1745\" data-end=\"1774\">Lo mejor en aguas bravas:<\/strong><br data-start=\"1774\" data-end=\"1777\" \/>Descenso por los r\u00e1pidos m\u00e1s impresionantes del Ecuador \u2013 Noche en carpas.<br data-start=\"1851\" data-end=\"1854\" \/>Se requiere buena condici\u00f3n f\u00edsica, clases III y IV+. Se realiza en cuatro d\u00edas desde Quito.<\/p>\n<p data-start=\"1948\" data-end=\"2171\"><strong data-start=\"1948\" data-end=\"1971\">Upano, la integral:<\/strong><br data-start=\"1971\" data-end=\"1974\" \/>Descenderemos sus r\u00e1pidos en un entorno \u00fanico: la Amazon\u00eda y su exuberante vegetaci\u00f3n \u2013 Noche en carpas.<br data-start=\"2078\" data-end=\"2081\" \/>Se requiere buena condici\u00f3n f\u00edsica, clases III y IV. Se realiza en cinco d\u00edas desde Quito.<\/p>\n[\/vc_column_text][vc_empty_space][\/vc_column][\/vc_row]\n","protected":false},"excerpt":{"rendered":"<p>[vc_row][vc_column][vc_single_image image=&#8221;1990&#8243; img_size=&#8221;full&#8221; alignment=&#8221;center&#8221; style=&#8221;vc_box_shadow_3d&#8221;][\/vc_column][\/vc_row][vc_row css=&#8221;.vc_custom_1576058566596{background-color: #fafafa !important;}&#8221;][vc_column width=&#8221;1\/4&#8243;][vc_empty_space][vc_btn title=&#8221;Retorno Menu Actividades&#8221; style=&#8221;gradient&#8221; gradient_color_1=&#8221;green&#8221; gradient_color_2=&#8221;black&#8221; link=&#8221;url:%2Fes%2Factivites%2F|title:Actividades&#8221;][vc_empty_space][vc_single_image image=&#8221;2023&#8243; img_size=&#8221;full&#8221; alignment=&#8221;center&#8221;][\/vc_column][vc_column width=&#8221;3\/4&#8243;][vc_empty_space][vc_custom_heading text=&#8221;Rafting &#8211; Aguas vivas&#8221; font_container=&#8221;tag:h4|text_align:left&#8221; use_theme_fonts=&#8221;yes&#8221;][vc_empty_space][vc_column_text] Amantes de las emociones fuertes, les invitamos a descender los r\u00edos y enfrentarse a los r\u00e1pidos en un entorno excepcional. \u00a1Emociones garantizadas! Es posible practicar rafting en Ecuador durante [&hellip;]<\/p>\n","protected":false},"author":1,"featured_media":0,"parent":0,"menu_order":0,"comment_status":"closed","ping_status":"closed","template":"","meta":{"footnotes":""},"class_list":["post-2022","page","type-page","status-publish","hentry"],"translation":{"provider":"WPGlobus","version":"2.10.10","language":"es","enabled_languages":["fr","es","gb"],"languages":{"fr":{"title":true,"content":true,"excerpt":false},"es":{"title":true,"content":true,"excerpt":false},"gb":{"title":true,"content":true,"excerpt":false}}},"aioseo_notices":[],"_links":{"self":[{"href":"https:\/\/equateur-voyages.com\/es\/wp-json\/wp\/v2\/pages\/2022","targetHints":{"allow":["GET"]}}],"collection":[{"href":"https:\/\/equateur-voyages.com\/es\/wp-json\/wp\/v2\/pages"}],"about":[{"href":"https:\/\/equateur-voyages.com\/es\/wp-json\/wp\/v2\/types\/page"}],"author":[{"embeddable":true,"href":"https:\/\/equateur-voyages.com\/es\/wp-json\/wp\/v2\/users\/1"}],"replies":[{"embeddable":true,"href":"https:\/\/equateur-voyages.com\/es\/wp-json\/wp\/v2\/comments?post=2022"}],"version-history":[{"count":17,"href":"https:\/\/equateur-voyages.com\/es\/wp-json\/wp\/v2\/pages\/2022\/revisions"}],"predecessor-version":[{"id":6863,"href":"https:\/\/equateur-voyages.com\/es\/wp-json\/wp\/v2\/pages\/2022\/revisions\/6863"}],"wp:attachment":[{"href":"https:\/\/equateur-voyages.com\/es\/wp-json\/wp\/v2\/media?parent=2022"}],"curies":[{"name":"wp","href":"https:\/\/api.w.org\/{rel}","templated":true}]}}