{"id":2032,"date":"2019-10-01T15:36:28","date_gmt":"2019-10-01T13:36:28","guid":{"rendered":"http:\/\/s799595400.onlinehome.fr\/?page_id=2032"},"modified":"2025-11-08T17:54:18","modified_gmt":"2025-11-08T16:54:18","slug":"ornithologie","status":"publish","type":"page","link":"https:\/\/equateur-voyages.com\/es\/ornithologie\/","title":{"rendered":"Observaci\u00f3n de aves"},"content":{"rendered":"[vc_row][vc_column][vc_single_image image=&#8221;2035&#8243; img_size=&#8221;full&#8221; alignment=&#8221;center&#8221; style=&#8221;vc_box_shadow_3d&#8221;][\/vc_column][\/vc_row][vc_row css=&#8221;.vc_custom_1576059668781{background-color: #fafafa !important;}&#8221;][vc_column width=&#8221;1\/4&#8243;][vc_empty_space][vc_btn title=&#8221;Retorno Menu Actividades&#8221; style=&#8221;gradient&#8221; gradient_color_1=&#8221;green&#8221; gradient_color_2=&#8221;black&#8221; link=&#8221;url:%2Fes%2Factivites%2F|title:Actividades&#8221;][vc_empty_space][vc_single_image image=&#8221;2036&#8243; img_size=&#8221;full&#8221; alignment=&#8221;center&#8221;][\/vc_column][vc_column width=&#8221;3\/4&#8243;][vc_empty_space][vc_custom_heading text=&#8221;Observaci\u00f3n de aves \/ Ornitolog\u00eda&#8221; font_container=&#8221;tag:h4|font_size:26|text_align:left&#8221; use_theme_fonts=&#8221;yes&#8221;][vc_empty_space][vc_column_text]\n<p data-start=\"87\" data-end=\"420\">Ecuador ha sido desde hace mucho tiempo el destino favorito de los observadores de aves, as\u00ed como de los naturalistas en general.<br data-start=\"216\" data-end=\"219\" \/>Con sus <strong data-start=\"227\" data-end=\"244\">1642 especies<\/strong>, que representan m\u00e1s de la mitad de las especies sudamericanas y el <strong data-start=\"313\" data-end=\"338\">18% del total mundial<\/strong>, este pa\u00eds es considerado una de las <strong data-start=\"376\" data-end=\"419\">17 naciones m\u00e1s biodiversas del planeta<\/strong>.<\/p>\n<p data-start=\"422\" data-end=\"675\">Muchos ornit\u00f3logos (m\u00e1s conocidos como <em data-start=\"461\" data-end=\"475\">birdwatchers<\/em>) sue\u00f1an con venir alg\u00fan d\u00eda a observar este arco de vida salvaje.<br data-start=\"541\" data-end=\"544\" \/>\u00a1Tanto los principiantes como los m\u00e1s experimentados encontrar\u00e1n aqu\u00ed un verdadero para\u00edso para el descubrimiento y la observaci\u00f3n!<\/p>\n[\/vc_column_text][\/vc_column][\/vc_row][vc_row][vc_column][vc_empty_space][vc_column_text]\n<p data-start=\"96\" data-end=\"115\"><strong data-start=\"96\" data-end=\"115\">Algunas cifras:<\/strong><\/p>\n<ul data-start=\"117\" data-end=\"584\">\n<li data-start=\"117\" data-end=\"225\">\n<p data-start=\"119\" data-end=\"225\">\u00a1El 10% de las especies de plantas del planeta, es decir, unas <strong data-start=\"182\" data-end=\"222\">25 000 especies de plantas y \u00e1rboles<\/strong>!<\/p>\n<\/li>\n<li data-start=\"226\" data-end=\"290\">\n<p data-start=\"228\" data-end=\"290\">\u00a1El 11% de las especies de vertebrados terrestres del mundo!<\/p>\n<\/li>\n<li data-start=\"291\" data-end=\"326\">\n<p data-start=\"293\" data-end=\"326\">\u00a1<strong data-start=\"294\" data-end=\"323\">130 especies de colibr\u00edes<\/strong>!<\/p>\n<\/li>\n<li data-start=\"327\" data-end=\"441\">\n<p data-start=\"329\" data-end=\"441\"><strong data-start=\"329\" data-end=\"375\">Segundo pa\u00eds del mundo en variedad de aves<\/strong>, con aproximadamente <strong data-start=\"397\" data-end=\"438\">1700 especies (18% del total mundial)<\/strong>.<\/p>\n<\/li>\n<li data-start=\"442\" data-end=\"584\">\n<p data-start=\"444\" data-end=\"584\">En las <strong data-start=\"451\" data-end=\"470\">Islas Gal\u00e1pagos<\/strong>, <strong data-start=\"472\" data-end=\"498\">660 especies end\u00e9micas<\/strong> evolucionan en total tranquilidad, para el deleite de los fot\u00f3grafos de naturaleza.<\/p>\n<\/li>\n<\/ul>\n<p data-start=\"586\" data-end=\"686\">La biodiversidad aqu\u00ed es inmensa: \u00a1ven a descubrir este para\u00edso para los ornit\u00f3logos y fot\u00f3grafos!<\/p>\n<p data-start=\"688\" data-end=\"854\">Con <strong data-start=\"692\" data-end=\"719\">Equateur Voyages Passion<\/strong>, te invitamos a recorrer el <strong data-start=\"748\" data-end=\"769\">Choc\u00f3 ecuatoriano<\/strong> durante <strong data-start=\"778\" data-end=\"789\">10 d\u00edas<\/strong> en un magn\u00edfico tour dedicado a los amantes de la ornitolog\u00eda.<\/p>\n<p data-start=\"856\" data-end=\"1051\"><strong data-start=\"856\" data-end=\"870\">TOUR CHOC\u00d3<\/strong><br data-start=\"870\" data-end=\"873\" \/>El <strong data-start=\"876\" data-end=\"885\">Choc\u00f3<\/strong> es considerado un <em data-start=\"904\" data-end=\"922\">\u201cpunto caliente\u201d<\/em> de biodiversidad. Adem\u00e1s de su gran diversidad biol\u00f3gica, un punto caliente debe poseer una alta cantidad de especies end\u00e9micas.<\/p>\n[\/vc_column_text][vc_empty_space][\/vc_column][\/vc_row][vc_row][vc_column]    <div class=\"tzElement_FeaturedTour   type-5\">\r\n\r\n                    <div class=\"tzTour-top\">\r\n\r\n                \r\n                \r\n                \r\n                                    <p class=\"tour-description\"><\/p>\r\n                            <\/div>\r\n\r\n                <div                 class=\"tzTour  \">\r\n                    <\/div>\r\n                    <div class=\"tzTour-bottom\">\r\n                            <\/div>\r\n                <!--        <div class=\"tz-form-booking-ajax-content\"><\/div>-->\r\n        <!--        <div class=\"tz-reviews-ajax-content\"><\/div>-->\r\n\r\n        <script type=\"text\/javascript\">\r\n            jQuery(document).ready(function () {\r\n                \"use strict\";\r\n                jQuery('#tzTour-slider-1125039845').each(function () {\r\n                    jQuery(this).owlCarousel({\r\n                        rtl: false,\r\n                        nav: true,\r\n                        navText: [\"\", \"\"] ,\r\n                        autoplay: true,\r\n                        autoplayTimeout: 3000,\r\n                        loop: true,\r\n                        smartSpeed: 700,\r\n                        autoplayHoverPause: true,\r\n                        responsive: {\r\n                            0: {\r\n                                items: 1                            },\r\n                            600: {\r\n                                items: 1                            },\r\n                            992: {\r\n                                items: 1                            },\r\n                            1200: {\r\n                                items: 1                            },\r\n                            1500: {\r\n                                items: 1                            }\r\n                        },\r\n                        margin:30\r\n                    })\r\n                })\r\n            });\r\n        <\/script>\r\n    <\/div>\r\n\r\n    [\/vc_column][\/vc_row]\n","protected":false},"excerpt":{"rendered":"<p>[vc_row][vc_column][vc_single_image image=&#8221;2035&#8243; img_size=&#8221;full&#8221; alignment=&#8221;center&#8221; style=&#8221;vc_box_shadow_3d&#8221;][\/vc_column][\/vc_row][vc_row css=&#8221;.vc_custom_1576059668781{background-color: #fafafa !important;}&#8221;][vc_column width=&#8221;1\/4&#8243;][vc_empty_space][vc_btn title=&#8221;Retorno Menu Actividades&#8221; style=&#8221;gradient&#8221; gradient_color_1=&#8221;green&#8221; gradient_color_2=&#8221;black&#8221; link=&#8221;url:%2Fes%2Factivites%2F|title:Actividades&#8221;][vc_empty_space][vc_single_image image=&#8221;2036&#8243; img_size=&#8221;full&#8221; alignment=&#8221;center&#8221;][\/vc_column][vc_column width=&#8221;3\/4&#8243;][vc_empty_space][vc_custom_heading text=&#8221;Observaci\u00f3n de aves \/ Ornitolog\u00eda&#8221; font_container=&#8221;tag:h4|font_size:26|text_align:left&#8221; use_theme_fonts=&#8221;yes&#8221;][vc_empty_space][vc_column_text] Ecuador ha sido desde hace mucho tiempo el destino favorito de los observadores de aves, as\u00ed como de los naturalistas en general.Con sus 1642 especies, que representan m\u00e1s [&hellip;]<\/p>\n","protected":false},"author":1,"featured_media":0,"parent":0,"menu_order":0,"comment_status":"closed","ping_status":"closed","template":"","meta":{"footnotes":""},"class_list":["post-2032","page","type-page","status-publish","hentry"],"translation":{"provider":"WPGlobus","version":"2.10.10","language":"es","enabled_languages":["fr","es","gb"],"languages":{"fr":{"title":true,"content":true,"excerpt":false},"es":{"title":true,"content":true,"excerpt":false},"gb":{"title":true,"content":true,"excerpt":false}}},"aioseo_notices":[],"_links":{"self":[{"href":"https:\/\/equateur-voyages.com\/es\/wp-json\/wp\/v2\/pages\/2032","targetHints":{"allow":["GET"]}}],"collection":[{"href":"https:\/\/equateur-voyages.com\/es\/wp-json\/wp\/v2\/pages"}],"about":[{"href":"https:\/\/equateur-voyages.com\/es\/wp-json\/wp\/v2\/types\/page"}],"author":[{"embeddable":true,"href":"https:\/\/equateur-voyages.com\/es\/wp-json\/wp\/v2\/users\/1"}],"replies":[{"embeddable":true,"href":"https:\/\/equateur-voyages.com\/es\/wp-json\/wp\/v2\/comments?post=2032"}],"version-history":[{"count":11,"href":"https:\/\/equateur-voyages.com\/es\/wp-json\/wp\/v2\/pages\/2032\/revisions"}],"predecessor-version":[{"id":6882,"href":"https:\/\/equateur-voyages.com\/es\/wp-json\/wp\/v2\/pages\/2032\/revisions\/6882"}],"wp:attachment":[{"href":"https:\/\/equateur-voyages.com\/es\/wp-json\/wp\/v2\/media?parent=2032"}],"curies":[{"name":"wp","href":"https:\/\/api.w.org\/{rel}","templated":true}]}}