{"id":2040,"date":"2019-10-01T16:12:58","date_gmt":"2019-10-01T14:12:58","guid":{"rendered":"http:\/\/s799595400.onlinehome.fr\/?page_id=2040"},"modified":"2025-12-02T19:03:57","modified_gmt":"2025-12-02T18:03:57","slug":"plongee-sous-marine","status":"publish","type":"page","link":"https:\/\/equateur-voyages.com\/es\/plongee-sous-marine\/","title":{"rendered":"Buceo"},"content":{"rendered":"[vc_row][vc_column][vc_single_image image=&#8221;2041&#8243; img_size=&#8221;full&#8221; alignment=&#8221;center&#8221; style=&#8221;vc_box_shadow_3d&#8221;][\/vc_column][\/vc_row][vc_row css=&#8221;.vc_custom_1576059756437{background-color: #fafafa !important;}&#8221;][vc_column width=&#8221;1\/4&#8243;][vc_empty_space][vc_btn title=&#8221;Retorno Menu actividades&#8221; style=&#8221;gradient&#8221; gradient_color_1=&#8221;green&#8221; gradient_color_2=&#8221;black&#8221; link=&#8221;url:%2Fes%2Factivites%2F|title:Actividades&#8221;][vc_empty_space][vc_single_image image=&#8221;2042&#8243; img_size=&#8221;full&#8221; alignment=&#8221;center&#8221;][\/vc_column][vc_column width=&#8221;3\/4&#8243;][vc_empty_space][vc_custom_heading text=&#8221;Buceo&#8221; font_container=&#8221;tag:h4|font_size:26|text_align:left&#8221; use_theme_fonts=&#8221;yes&#8221;][vc_empty_space][vc_column_text]\n<p data-start=\"52\" data-end=\"187\">Ecuador posee una vida submarina fascinante, y bucear a lo largo de sus costas o en las islas Gal\u00e1pagos es una experiencia excelente.<\/p>\n<p data-start=\"189\" data-end=\"218\"><strong data-start=\"189\" data-end=\"216\">\u00bfD\u00f3nde practicar buceo?<\/strong><\/p>\n<p data-start=\"220\" data-end=\"351\">Existen numerosos y sorprendentes sitios de buceo, principalmente en las islas Gal\u00e1pagos, pero tambi\u00e9n en el litoral ecuatoriano.<\/p>\n<p data-start=\"353\" data-end=\"542\">Podr\u00e1 admirar una gran variedad de peces de colores, as\u00ed como especies m\u00e1s grandes como el tibur\u00f3n de Gal\u00e1pagos, las tortugas marinas, los tiburones martillo y varias variedades de rayas.<\/p>\n[\/vc_column_text][\/vc_column][\/vc_row][vc_row][vc_column][vc_empty_space][vc_empty_space][\/vc_column][\/vc_row][vc_row][vc_column][vc_empty_space][vc_custom_heading text=&#8221;Buceo a Gal\u00e1pagos&#8221; font_container=&#8221;tag:h4|font_size:26|text_align:left&#8221; use_theme_fonts=&#8221;yes&#8221;][vc_empty_space][vc_column_text]<a href=\"https:\/\/drive.google.com\/file\/d\/1BIusLh-o2lRFqJ4b9_Q5nZLj19xwNmnq\/view\" target=\"_blank\" rel=\"noopener noreferrer\"><img loading=\"lazy\" decoding=\"async\" class=\"wp-image-2043 alignleft\" src=\"\/wp-content\/uploads\/2019\/10\/Diving_Galapagos_EVPassion.jpg\" alt=\"\" width=\"401\" height=\"225\" \/><\/a>[\/vc_column_text][vc_empty_space][vc_column_text]\n<h3 data-start=\"104\" data-end=\"144\">Algunos sitios de buceo reconocidos:<\/h3>\n<p data-start=\"146\" data-end=\"531\"><strong data-start=\"146\" data-end=\"158\">FLOREANA<\/strong><br data-start=\"158\" data-end=\"161\" \/>Islote Enderby, Punta Ayora, Islote Champion y Corona del Diablo son sitios de buceo donde se pueden encontrar lobos marinos, peces ex\u00f3ticos, barracudas, coral negro, tiburones de Gal\u00e1pagos, morenas, algunos tiburones martillo y rayas.<br data-start=\"396\" data-end=\"399\" \/>Durante la navegaci\u00f3n hacia la isla Floreana, hay grandes posibilidades de encontrarse con delfines y practicar snorkel con ellos.<\/p>\n<p data-start=\"533\" data-end=\"797\"><strong data-start=\"533\" data-end=\"549\">ROCAS GORDON<\/strong><br data-start=\"549\" data-end=\"552\" \/>El mejor tour diario para buceadores experimentados: tortugas, grandes peces de aguas fr\u00edas, peces tropicales, tibur\u00f3n martillo, tibur\u00f3n de Gal\u00e1pagos, tibur\u00f3n de punta blanca, tibur\u00f3n de punta negra, grandes morenas, raya dorada y raya \u00e1guila.<\/p>\n<p data-start=\"799\" data-end=\"935\"><strong data-start=\"799\" data-end=\"816\">SEYMOUR NORTE<\/strong><br data-start=\"816\" data-end=\"819\" \/>Grupos de tiburones martillo, muchos peces tropicales, tortugas, morenas, mantarrayas y tiburones de punta blanca.<\/p>\n<p data-start=\"937\" data-end=\"1197\"><strong data-start=\"937\" data-end=\"953\">ROCA COUSINS<\/strong><br data-start=\"953\" data-end=\"956\" \/>Un sitio intermedio que combina buceo en pared y buceo de cercan\u00eda: lobos marinos, miles de peces, tiburones de punta blanca, tiburones martillo, mantarrayas. En la impresionante pared rocosa se pueden observar invertebrados y coral negro.<\/p>\n<p data-start=\"1199\" data-end=\"1421\"><strong data-start=\"1199\" data-end=\"1212\">BARTOLOM\u00c9<\/strong><br data-start=\"1212\" data-end=\"1215\" \/>Tortugas, tiburones de punta blanca, numerosos peces, invertebrados y una interesante formaci\u00f3n rocosa. Despu\u00e9s del buceo, se puede practicar snorkel para observar los ping\u00fcinos que habitan en este sitio.<\/p>\n<p data-start=\"1423\" data-end=\"1594\"><strong data-start=\"1423\" data-end=\"1442\">ISLOTE MOSQUERA<\/strong><br data-start=\"1442\" data-end=\"1445\" \/>Gran escuela de mantarrayas, tiburones de punta blanca y, posiblemente, tiburones martillo y rayas \u00e1guila. Muchos peces tropicales y lobos marinos.<\/p>\n<p data-start=\"1596\" data-end=\"1774\"><strong data-start=\"1596\" data-end=\"1613\">ISLOTE DAPHN\u00c9<\/strong><br data-start=\"1613\" data-end=\"1616\" \/>Buceo en roca con morenas, tiburones de punta blanca, lobos marinos, cuevas con invertebrados, tiburones martillo, tortugas, coral negro y cientos de peces.<\/p>\n<p data-start=\"1776\" data-end=\"1946\"><strong data-start=\"1776\" data-end=\"1788\">SANTA F\u00c9<\/strong><br data-start=\"1788\" data-end=\"1791\" \/>Buceo f\u00e1cil con poca corriente. Tiburones, tortugas marinas, mantarrayas y ocasionalmente tiburones martillo. Snorkel con lobos marinos en la superficie.<\/p>\n[\/vc_column_text][vc_empty_space][vc_custom_heading text=&#8221;Buceo en la Costa&#8221; font_container=&#8221;tag:h4|font_size:26|text_align:left&#8221; use_theme_fonts=&#8221;yes&#8221;][vc_empty_space][vc_column_text]\n<h3 data-start=\"113\" data-end=\"130\"><strong data-start=\"117\" data-end=\"128\">AYANGUE<\/strong><\/h3>\n<p data-start=\"131\" data-end=\"663\">Ayangue es un pueblo de pescadores situado al norte de Punta Blanca (provincia de Santa Elena). El pueblo se encuentra en una bah\u00eda tranquila.<br data-start=\"273\" data-end=\"276\" \/>Conocido por sus aguas claras y templadas y por sus arrecifes de coral v\u00edrgenes, Ayangue es un excelente lugar para los amantes del buceo.<br data-start=\"414\" data-end=\"417\" \/>Las inmersiones son posibles (a unos 20 minutos de navegaci\u00f3n desde la playa) en la isla El Viejo y tambi\u00e9n en la isla El Pelado, donde hay cuevas submarinas. El buceo comienza aqu\u00ed para observar arrecifes de coral y una abundante fauna marina.<\/p>\n<hr data-start=\"665\" data-end=\"668\" \/>\n<h3 data-start=\"670\" data-end=\"695\"><strong data-start=\"674\" data-end=\"693\">ISLA DE SALANGO<\/strong><\/h3>\n<p data-start=\"696\" data-end=\"1036\">La isla de Salango pertenece al cant\u00f3n de Puerto L\u00f3pez (a unos 30 minutos de navegaci\u00f3n). Rica en historia antropol\u00f3gica, fue habitada por la cultura Valdivia alrededor del a\u00f1o 1800 a.C.<br data-start=\"882\" data-end=\"885\" \/>Es un sitio excepcional para el buceo: se puede observar una gran variedad de peces coloridos y arrecifes cristalinos \u00fanicos en la costa ecuatoriana.<\/p>\n<p data-start=\"1038\" data-end=\"1261\">Cerca de all\u00ed, otro sitio interesante es el islote \u201cLos Ahorcados\u201d, donde se encuentra una gran biodiversidad marina asociada a los arrecifes, como langostas, pepinos de mar, corales, cangrejos, ostras, pulpos y tortugas.<\/p>\n<hr data-start=\"1263\" data-end=\"1266\" \/>\n<h3 data-start=\"1268\" data-end=\"1294\"><strong data-start=\"1272\" data-end=\"1292\">ISLA DE LA PLATA<\/strong><\/h3>\n<p data-start=\"1295\" data-end=\"1677\">La isla de la Plata es el sitio m\u00e1s importante del Parque Nacional Machalilla. Desde la \u00e9poca prehist\u00f3rica, fue utilizada como un centro de adoraci\u00f3n al sol por las culturas precolombinas.<br data-start=\"1483\" data-end=\"1486\" \/>El buceo en los alrededores de la isla es rico en arrecifes de coral. Otra gran atracci\u00f3n es la observaci\u00f3n de las ballenas jorobadas que llegan desde la Ant\u00e1rtida entre junio y septiembre.<\/p>\n[\/vc_column_text][vc_empty_space][\/vc_column][\/vc_row]\n","protected":false},"excerpt":{"rendered":"<p>[vc_row][vc_column][vc_single_image image=&#8221;2041&#8243; img_size=&#8221;full&#8221; alignment=&#8221;center&#8221; style=&#8221;vc_box_shadow_3d&#8221;][\/vc_column][\/vc_row][vc_row css=&#8221;.vc_custom_1576059756437{background-color: #fafafa !important;}&#8221;][vc_column width=&#8221;1\/4&#8243;][vc_empty_space][vc_btn title=&#8221;Retorno Menu actividades&#8221; style=&#8221;gradient&#8221; gradient_color_1=&#8221;green&#8221; gradient_color_2=&#8221;black&#8221; link=&#8221;url:%2Fes%2Factivites%2F|title:Actividades&#8221;][vc_empty_space][vc_single_image image=&#8221;2042&#8243; img_size=&#8221;full&#8221; alignment=&#8221;center&#8221;][\/vc_column][vc_column width=&#8221;3\/4&#8243;][vc_empty_space][vc_custom_heading text=&#8221;Buceo&#8221; font_container=&#8221;tag:h4|font_size:26|text_align:left&#8221; use_theme_fonts=&#8221;yes&#8221;][vc_empty_space][vc_column_text] Ecuador posee una vida submarina fascinante, y bucear a lo largo de sus costas o en las islas Gal\u00e1pagos es una experiencia excelente. \u00bfD\u00f3nde practicar buceo? Existen numerosos y sorprendentes sitios de [&hellip;]<\/p>\n","protected":false},"author":1,"featured_media":0,"parent":0,"menu_order":0,"comment_status":"closed","ping_status":"closed","template":"","meta":{"footnotes":""},"class_list":["post-2040","page","type-page","status-publish","hentry"],"translation":{"provider":"WPGlobus","version":"2.10.10","language":"es","enabled_languages":["fr","es","gb"],"languages":{"fr":{"title":true,"content":true,"excerpt":false},"es":{"title":true,"content":true,"excerpt":false},"gb":{"title":true,"content":true,"excerpt":false}}},"aioseo_notices":[],"_links":{"self":[{"href":"https:\/\/equateur-voyages.com\/es\/wp-json\/wp\/v2\/pages\/2040","targetHints":{"allow":["GET"]}}],"collection":[{"href":"https:\/\/equateur-voyages.com\/es\/wp-json\/wp\/v2\/pages"}],"about":[{"href":"https:\/\/equateur-voyages.com\/es\/wp-json\/wp\/v2\/types\/page"}],"author":[{"embeddable":true,"href":"https:\/\/equateur-voyages.com\/es\/wp-json\/wp\/v2\/users\/1"}],"replies":[{"embeddable":true,"href":"https:\/\/equateur-voyages.com\/es\/wp-json\/wp\/v2\/comments?post=2040"}],"version-history":[{"count":17,"href":"https:\/\/equateur-voyages.com\/es\/wp-json\/wp\/v2\/pages\/2040\/revisions"}],"predecessor-version":[{"id":3905,"href":"https:\/\/equateur-voyages.com\/es\/wp-json\/wp\/v2\/pages\/2040\/revisions\/3905"}],"wp:attachment":[{"href":"https:\/\/equateur-voyages.com\/es\/wp-json\/wp\/v2\/media?parent=2040"}],"curies":[{"name":"wp","href":"https:\/\/api.w.org\/{rel}","templated":true}]}}