{"id":2067,"date":"2019-10-02T09:21:43","date_gmt":"2019-10-02T07:21:43","guid":{"rendered":"http:\/\/s799595400.onlinehome.fr\/?page_id=2067"},"modified":"2025-11-09T14:36:49","modified_gmt":"2025-11-09T13:36:49","slug":"paiement-par-carte-bancaire","status":"publish","type":"page","link":"https:\/\/equateur-voyages.com\/es\/paiement-par-carte-bancaire\/","title":{"rendered":"Pago con tarjeta de credito"},"content":{"rendered":"[vc_row][vc_column][vc_single_image image=&#8221;2068&#8243; img_size=&#8221;full&#8221; alignment=&#8221;center&#8221; style=&#8221;vc_box_shadow_3d&#8221;][\/vc_column][\/vc_row][vc_row][vc_column width=&#8221;3\/4&#8243;][vc_empty_space][vc_custom_heading text=&#8221;M\u00e9thodes de paiement \/ Carte bancaire&#8221; font_container=&#8221;tag:h4|text_align:left&#8221; use_theme_fonts=&#8221;yes&#8221;][vc_column_text]\n<p data-start=\"122\" data-end=\"199\"><strong data-start=\"122\" data-end=\"199\">Para confirmar su reserva con Equateur Voyages Passion, tiene 2 opciones:<\/strong><\/p>\n<p data-start=\"201\" data-end=\"388\"><strong data-start=\"201\" data-end=\"245\">1. Por transferencia internacional SWIFT<\/strong><br data-start=\"245\" data-end=\"248\" \/>Los <strong data-start=\"252\" data-end=\"293\">gastos bancarios corren por su cuenta<\/strong>. Se estiman en aproximadamente <strong data-start=\"325\" data-end=\"355\">50 d\u00f3lares estadounidenses<\/strong> (seg\u00fan las tarifas de su banco).<\/p>\n<p data-start=\"390\" data-end=\"590\"><strong data-start=\"390\" data-end=\"441\">2. Con su tarjeta de cr\u00e9dito a trav\u00e9s de PAYPAL<\/strong><br data-start=\"441\" data-end=\"444\" \/>Los <strong data-start=\"448\" data-end=\"480\">gastos bancarios son del 7 %<\/strong> del valor total de la transacci\u00f3n.<br data-start=\"515\" data-end=\"518\" \/>Su <strong data-start=\"521\" data-end=\"558\">seguro de viaje VISA o MASTERCARD<\/strong> entra en vigor en este momento.<\/p>\n[\/vc_column_text][vc_empty_space][\/vc_column][vc_column width=&#8221;1\/4&#8243; css=&#8221;.vc_custom_1580915288751{background-color: #eded84 !important;border-radius: 15px !important;}&#8221;][vc_empty_space][vc_wp_custommenu nav_menu=&#8221;136&#8243;][vc_empty_space][\/vc_column][\/vc_row][vc_row][vc_column][vc_empty_space][\/vc_column][\/vc_row][vc_row disable_element=&#8221;yes&#8221; css=&#8221;.vc_custom_1762446789339{background-color: #a9e03a !important;border-radius: 15px !important;}&#8221;][vc_column][vc_empty_space][vc_column_text]<strong><em><span style=\"font-size: 18px;\">Nous sommes en train de n\u00e9gocier un nouveau moyen de paiement pour Carte bleue mais ce syst\u00e8me vient juste de se faire connaitre en Equateur ; nous esp\u00e9rons pouvoir y acc\u00e9der rapidement car cela permettrait a nos clients de baisser les frais bancaires de cette nouvelles transaction a 3,9 %. Nous vous tiendrons inform\u00e9s d\u00e8s que ce syst\u00e8me sera valid\u00e9.<\/span><\/em><\/strong>[\/vc_column_text][vc_empty_space][\/vc_column][\/vc_row][vc_row][vc_column][vc_empty_space][\/vc_column][\/vc_row]\n","protected":false},"excerpt":{"rendered":"<p>[vc_row][vc_column][vc_single_image image=&#8221;2068&#8243; img_size=&#8221;full&#8221; alignment=&#8221;center&#8221; style=&#8221;vc_box_shadow_3d&#8221;][\/vc_column][\/vc_row][vc_row][vc_column width=&#8221;3\/4&#8243;][vc_empty_space][vc_custom_heading text=&#8221;M\u00e9thodes de paiement \/ Carte bancaire&#8221; font_container=&#8221;tag:h4|text_align:left&#8221; use_theme_fonts=&#8221;yes&#8221;][vc_column_text] Para confirmar su reserva con Equateur Voyages Passion, tiene 2 opciones: 1. Por transferencia internacional SWIFTLos gastos bancarios corren por su cuenta. Se estiman en aproximadamente 50 d\u00f3lares estadounidenses (seg\u00fan las tarifas de su banco). 2. Con su tarjeta de cr\u00e9dito [&hellip;]<\/p>\n","protected":false},"author":1,"featured_media":0,"parent":0,"menu_order":0,"comment_status":"closed","ping_status":"closed","template":"","meta":{"footnotes":""},"class_list":["post-2067","page","type-page","status-publish","hentry"],"translation":{"provider":"WPGlobus","version":"2.10.10","language":"es","enabled_languages":["fr","es","gb"],"languages":{"fr":{"title":true,"content":true,"excerpt":false},"es":{"title":true,"content":true,"excerpt":false},"gb":{"title":true,"content":true,"excerpt":false}}},"aioseo_notices":[],"_links":{"self":[{"href":"https:\/\/equateur-voyages.com\/es\/wp-json\/wp\/v2\/pages\/2067","targetHints":{"allow":["GET"]}}],"collection":[{"href":"https:\/\/equateur-voyages.com\/es\/wp-json\/wp\/v2\/pages"}],"about":[{"href":"https:\/\/equateur-voyages.com\/es\/wp-json\/wp\/v2\/types\/page"}],"author":[{"embeddable":true,"href":"https:\/\/equateur-voyages.com\/es\/wp-json\/wp\/v2\/users\/1"}],"replies":[{"embeddable":true,"href":"https:\/\/equateur-voyages.com\/es\/wp-json\/wp\/v2\/comments?post=2067"}],"version-history":[{"count":24,"href":"https:\/\/equateur-voyages.com\/es\/wp-json\/wp\/v2\/pages\/2067\/revisions"}],"predecessor-version":[{"id":6959,"href":"https:\/\/equateur-voyages.com\/es\/wp-json\/wp\/v2\/pages\/2067\/revisions\/6959"}],"wp:attachment":[{"href":"https:\/\/equateur-voyages.com\/es\/wp-json\/wp\/v2\/media?parent=2067"}],"curies":[{"name":"wp","href":"https:\/\/api.w.org\/{rel}","templated":true}]}}