{"id":2072,"date":"2019-10-02T09:24:17","date_gmt":"2019-10-02T07:24:17","guid":{"rendered":"http:\/\/s799595400.onlinehome.fr\/?page_id=2072"},"modified":"2025-11-09T14:29:57","modified_gmt":"2025-11-09T13:29:57","slug":"conditions-generales-de-vente","status":"publish","type":"page","link":"https:\/\/equateur-voyages.com\/es\/conditions-generales-de-vente\/","title":{"rendered":"Condiciones de compra"},"content":{"rendered":"[vc_row tz_row_type=&#8221;grid&#8221;][vc_column][vc_single_image image=&#8221;2074&#8243; img_size=&#8221;full&#8221; alignment=&#8221;center&#8221; style=&#8221;vc_box_shadow_3d&#8221;][vc_empty_space][\/vc_column][\/vc_row][vc_row tz_row_type=&#8221;grid&#8221;][vc_column width=&#8221;3\/4&#8243;][vc_empty_space][vc_custom_heading text=&#8221;Conditions g\u00e9n\u00e9rales de vente&#8221; font_container=&#8221;tag:h4|font_size:28|text_align:left&#8221; use_theme_fonts=&#8221;yes&#8221;][vc_empty_space][vc_column_text]\n<p data-start=\"87\" data-end=\"122\"><strong data-start=\"87\" data-end=\"122\">Inscripci\u00f3n (pago del anticipo)<\/strong><\/p>\n<ul data-start=\"124\" data-end=\"229\">\n<li data-start=\"124\" data-end=\"229\">\n<p data-start=\"126\" data-end=\"229\"><strong data-start=\"126\" data-end=\"154\">Costo seg\u00fan presupuesto:<\/strong> 30 % de anticipo para la reserva despu\u00e9s de la aceptaci\u00f3n del presupuesto.<\/p>\n<\/li>\n<\/ul>\n<p data-start=\"231\" data-end=\"249\"><strong data-start=\"231\" data-end=\"249\">Pago del saldo<\/strong><\/p>\n<ul data-start=\"251\" data-end=\"418\">\n<li data-start=\"251\" data-end=\"319\">\n<p data-start=\"253\" data-end=\"319\">El saldo debe pagarse <strong data-start=\"275\" data-end=\"316\">45 d\u00edas antes de su llegada a Ecuador<\/strong>.<\/p>\n<\/li>\n<li data-start=\"320\" data-end=\"418\">\n<p data-start=\"322\" data-end=\"418\">Una vez confirmado su pago, <strong data-start=\"350\" data-end=\"417\">le enviaremos la validaci\u00f3n de su pedido por correo electr\u00f3nico<\/strong>.<\/p>\n<\/li>\n<\/ul>\n<p data-start=\"420\" data-end=\"435\"><strong data-start=\"420\" data-end=\"435\">Suplementos<\/strong><\/p>\n<p data-start=\"437\" data-end=\"675\">Algunos servicios requieren un n\u00famero m\u00ednimo de participantes.<br data-start=\"499\" data-end=\"502\" \/>Si usted viaja solo o en un grupo <strong data-start=\"536\" data-end=\"575\">inferior al n\u00famero m\u00ednimo requerido<\/strong>, se le propondr\u00e1 <strong data-start=\"593\" data-end=\"634\">un suplemento calculado con precisi\u00f3n<\/strong> para evitar la cancelaci\u00f3n del servicio.<\/p>\n[\/vc_column_text][vc_empty_space][\/vc_column][vc_column width=&#8221;1\/4&#8243; css=&#8221;.vc_custom_1580914015243{background-color: #eded84 !important;border-radius: 15px !important;}&#8221;][vc_empty_space][vc_wp_custommenu nav_menu=&#8221;136&#8243;][vc_empty_space][\/vc_column][\/vc_row][vc_row tz_row_type=&#8221;grid&#8221;][vc_column][vc_column_text]\n<p data-start=\"113\" data-end=\"128\"><strong data-start=\"113\" data-end=\"128\">Cancelaci\u00f3n<\/strong><\/p>\n<p data-start=\"130\" data-end=\"270\"><strong data-start=\"130\" data-end=\"190\">Usted decide cancelar su viaje despu\u00e9s de la inscripci\u00f3n<\/strong><br data-start=\"190\" data-end=\"193\" \/>Calculamos los gastos de cancelaci\u00f3n seg\u00fan la fecha en la que se nos informe.<\/p>\n<p data-start=\"272\" data-end=\"322\"><strong data-start=\"272\" data-end=\"320\">1 &#8211; CIRCUITOS, TOURS Y SERVICIOS TERRESTRES:<\/strong><\/p>\n<ul data-start=\"323\" data-end=\"670\">\n<li data-start=\"323\" data-end=\"457\">\n<p data-start=\"325\" data-end=\"457\"><strong data-start=\"325\" data-end=\"363\">M\u00e1s de 45 d\u00edas antes del servicio:<\/strong> reembolso del anticipo o del pago realizado (menos los gastos bancarios y administrativos).<\/p>\n<\/li>\n<li data-start=\"458\" data-end=\"552\">\n<p data-start=\"460\" data-end=\"552\"><strong data-start=\"460\" data-end=\"499\">De 44 a 16 d\u00edas antes del servicio:<\/strong> penalizaci\u00f3n del <strong data-start=\"517\" data-end=\"549\">20% del monto total del tour<\/strong>.<\/p>\n<\/li>\n<li data-start=\"553\" data-end=\"670\">\n<p data-start=\"555\" data-end=\"670\"><strong data-start=\"555\" data-end=\"596\">15 d\u00edas (o menos) antes del servicio:<\/strong> <strong data-start=\"597\" data-end=\"629\">no se garantiza el reembolso<\/strong>, aunque puede ser posible seg\u00fan el caso.<\/p>\n<\/li>\n<\/ul>\n<p data-start=\"672\" data-end=\"737\"><strong data-start=\"672\" data-end=\"735\">2 &#8211; CRUCEROS Y PROGRAMAS COMBINADOS EN LAS ISLAS GAL\u00c1PAGOS:<\/strong><\/p>\n<ul data-start=\"738\" data-end=\"1058\">\n<li data-start=\"738\" data-end=\"817\">\n<p data-start=\"740\" data-end=\"817\"><strong data-start=\"740\" data-end=\"789\">De 120 a 95 d\u00edas antes de la fecha de salida:<\/strong> penalizaci\u00f3n del <strong data-start=\"807\" data-end=\"814\">15%<\/strong>.<\/p>\n<\/li>\n<li data-start=\"818\" data-end=\"896\">\n<p data-start=\"820\" data-end=\"896\"><strong data-start=\"820\" data-end=\"868\">De 94 a 75 d\u00edas antes de la fecha de salida:<\/strong> penalizaci\u00f3n del <strong data-start=\"886\" data-end=\"893\">30%<\/strong>.<\/p>\n<\/li>\n<li data-start=\"897\" data-end=\"975\">\n<p data-start=\"899\" data-end=\"975\"><strong data-start=\"899\" data-end=\"947\">De 74 a 45 d\u00edas antes de la fecha de salida:<\/strong> penalizaci\u00f3n del <strong data-start=\"965\" data-end=\"972\">60%<\/strong>.<\/p>\n<\/li>\n<li data-start=\"976\" data-end=\"1058\">\n<p data-start=\"978\" data-end=\"1058\"><strong data-start=\"978\" data-end=\"1031\">De 44 d\u00edas o menos antes del inicio del programa:<\/strong> penalizaci\u00f3n del <strong data-start=\"1049\" data-end=\"1057\">100%<\/strong>.<\/p>\n<\/li>\n<\/ul>\n<p data-start=\"1060\" data-end=\"1263\"><strong data-start=\"1060\" data-end=\"1130\">Usted decide cancelar su viaje durante el desarrollo del programa:<\/strong><br data-start=\"1130\" data-end=\"1133\" \/>Si un participante desea interrumpir su estancia durante el viaje, <strong data-start=\"1200\" data-end=\"1224\">por cualquier motivo<\/strong>, <strong data-start=\"1226\" data-end=\"1262\">no ser\u00e1 posible ning\u00fan reembolso<\/strong>.<\/p>\n[\/vc_column_text][\/vc_column][\/vc_row][vc_row tz_row_type=&#8221;grid&#8221;][vc_column][vc_empty_space][\/vc_column][\/vc_row][vc_row tz_row_type=&#8221;grid&#8221;][vc_column width=&#8221;2\/3&#8243;][vc_empty_space][vc_column_text]\n<p data-start=\"151\" data-end=\"161\"><strong data-start=\"151\" data-end=\"161\">Seguro<\/strong><\/p>\n<p data-start=\"163\" data-end=\"408\">Usted puede contratar un <strong data-start=\"188\" data-end=\"218\">seguro personal en Ecuador<\/strong>.<br data-start=\"219\" data-end=\"222\" \/>Por lo tanto, si le interesa, <strong data-start=\"252\" data-end=\"286\">inf\u00f3rmenos antes de su llegada<\/strong> y lo inscribiremos en este plan.<br data-start=\"319\" data-end=\"322\" \/>Tiene un costo aproximado de <strong data-start=\"351\" data-end=\"382\">4 USD por d\u00eda y por persona<\/strong>, e incluye cobertura por:<\/p>\n<ul data-start=\"410\" data-end=\"506\">\n<li data-start=\"410\" data-end=\"441\">\n<p data-start=\"412\" data-end=\"441\">Robo o p\u00e9rdida de equipaje,<\/p>\n<\/li>\n<li data-start=\"442\" data-end=\"456\">\n<p data-start=\"444\" data-end=\"456\">Accidente,<\/p>\n<\/li>\n<li data-start=\"457\" data-end=\"472\">\n<p data-start=\"459\" data-end=\"472\">Enfermedad,<\/p>\n<\/li>\n<li data-start=\"473\" data-end=\"488\">\n<p data-start=\"475\" data-end=\"488\">Asistencia,<\/p>\n<\/li>\n<li data-start=\"489\" data-end=\"506\">\n<p data-start=\"491\" data-end=\"506\">Repatriaci\u00f3n.<\/p>\n<\/li>\n<\/ul>\n<p data-start=\"508\" data-end=\"545\"><strong data-start=\"508\" data-end=\"545\">Responsabilidad y recomendaciones<\/strong><\/p>\n<p data-start=\"547\" data-end=\"798\">No somos responsables, en ning\u00fan caso, del comportamiento de los participantes con respecto a las leyes y regulaciones del pa\u00eds.<br data-start=\"675\" data-end=\"678\" \/>Ecuador tiene una <strong data-start=\"696\" data-end=\"724\">legislaci\u00f3n muy estricta<\/strong> en relaci\u00f3n con ciertas infracciones (posesi\u00f3n de drogas, robos, etc.).<\/p>\n<p data-start=\"800\" data-end=\"824\">Adem\u00e1s, verifique que:<\/p>\n<ul data-start=\"825\" data-end=\"1010\">\n<li data-start=\"825\" data-end=\"946\">\n<p data-start=\"827\" data-end=\"946\">Su pasaporte tenga <strong data-start=\"846\" data-end=\"879\">una validez m\u00ednima de 6 meses<\/strong> despu\u00e9s de la fecha prevista de regreso a su pa\u00eds de residencia.<\/p>\n<\/li>\n<li data-start=\"947\" data-end=\"1010\">\n<p data-start=\"949\" data-end=\"1010\">Haya obtenido la <strong data-start=\"966\" data-end=\"990\">visa correspondiente<\/strong>, si es necesaria.<\/p>\n<\/li>\n<\/ul>\n<p data-start=\"1012\" data-end=\"1039\"><strong data-start=\"1012\" data-end=\"1037\">Vacunas obligatorias:<\/strong><\/p>\n<ul data-start=\"1040\" data-end=\"1072\">\n<li data-start=\"1040\" data-end=\"1059\">\n<p data-start=\"1042\" data-end=\"1059\">Fiebre amarilla<\/p>\n<\/li>\n<li data-start=\"1060\" data-end=\"1072\">\n<p data-start=\"1062\" data-end=\"1072\">Tifoidea<\/p>\n<\/li>\n<\/ul>\n<p data-start=\"1074\" data-end=\"1101\"><strong data-start=\"1074\" data-end=\"1099\">Vacunas recomendadas:<\/strong><\/p>\n<ul data-start=\"1102\" data-end=\"1129\">\n<li data-start=\"1102\" data-end=\"1113\">\n<p data-start=\"1104\" data-end=\"1113\">T\u00e9tanos<\/p>\n<\/li>\n<li data-start=\"1114\" data-end=\"1129\">\n<p data-start=\"1116\" data-end=\"1129\">Hepatitis A<\/p>\n<\/li>\n<\/ul>\n<p data-start=\"1131\" data-end=\"1166\"><strong data-start=\"1131\" data-end=\"1164\">Consulte con su m\u00e9dico sobre:<\/strong><\/p>\n<ul data-start=\"1167\" data-end=\"1270\">\n<li data-start=\"1167\" data-end=\"1217\">\n<p data-start=\"1169\" data-end=\"1217\">Tratamiento contra la <strong data-start=\"1191\" data-end=\"1214\">malaria o paludismo<\/strong>,<\/p>\n<\/li>\n<li data-start=\"1218\" data-end=\"1270\">\n<p data-start=\"1220\" data-end=\"1270\">Problemas relacionados con el <strong data-start=\"1250\" data-end=\"1267\">mal de altura<\/strong>.<\/p>\n<\/li>\n<\/ul>\n<p data-start=\"1272\" data-end=\"1355\"><strong data-start=\"1272\" data-end=\"1355\">CUALQUIER RESERVA REALIZADA IMPLICA LA ACEPTACI\u00d3N DE LAS CONDICIONES GENERALES.<\/strong><\/p>\n[\/vc_column_text][vc_empty_space][\/vc_column][vc_column width=&#8221;1\/3&#8243; css=&#8221;.vc_custom_1580913193372{background-color: #a9e03a !important;border-radius: 15px !important;}&#8221;][vc_empty_space][vc_empty_space][vc_single_image image=&#8221;2868&#8243; img_size=&#8221;large&#8221;][vc_empty_space][vc_empty_space][vc_empty_space][vc_single_image image=&#8221;2127&#8243; img_size=&#8221;large&#8221;][vc_empty_space][vc_empty_space][\/vc_column][\/vc_row][vc_row tz_row_type=&#8221;grid&#8221;][vc_column][vc_empty_space][\/vc_column][\/vc_row]\n","protected":false},"excerpt":{"rendered":"<p>[vc_row tz_row_type=&#8221;grid&#8221;][vc_column][vc_single_image image=&#8221;2074&#8243; img_size=&#8221;full&#8221; alignment=&#8221;center&#8221; style=&#8221;vc_box_shadow_3d&#8221;][vc_empty_space][\/vc_column][\/vc_row][vc_row tz_row_type=&#8221;grid&#8221;][vc_column width=&#8221;3\/4&#8243;][vc_empty_space][vc_custom_heading text=&#8221;Conditions g\u00e9n\u00e9rales de vente&#8221; font_container=&#8221;tag:h4|font_size:28|text_align:left&#8221; use_theme_fonts=&#8221;yes&#8221;][vc_empty_space][vc_column_text] Inscripci\u00f3n (pago del anticipo) Costo seg\u00fan presupuesto: 30 % de anticipo para la reserva despu\u00e9s de la aceptaci\u00f3n del presupuesto. Pago del saldo El saldo debe pagarse 45 d\u00edas antes de su llegada a Ecuador. Una vez confirmado su pago, le [&hellip;]<\/p>\n","protected":false},"author":1,"featured_media":0,"parent":0,"menu_order":0,"comment_status":"closed","ping_status":"closed","template":"","meta":{"footnotes":""},"class_list":["post-2072","page","type-page","status-publish","hentry"],"translation":{"provider":"WPGlobus","version":"2.10.10","language":"es","enabled_languages":["fr","es","gb"],"languages":{"fr":{"title":true,"content":true,"excerpt":false},"es":{"title":true,"content":true,"excerpt":false},"gb":{"title":true,"content":true,"excerpt":false}}},"aioseo_notices":[],"_links":{"self":[{"href":"https:\/\/equateur-voyages.com\/es\/wp-json\/wp\/v2\/pages\/2072","targetHints":{"allow":["GET"]}}],"collection":[{"href":"https:\/\/equateur-voyages.com\/es\/wp-json\/wp\/v2\/pages"}],"about":[{"href":"https:\/\/equateur-voyages.com\/es\/wp-json\/wp\/v2\/types\/page"}],"author":[{"embeddable":true,"href":"https:\/\/equateur-voyages.com\/es\/wp-json\/wp\/v2\/users\/1"}],"replies":[{"embeddable":true,"href":"https:\/\/equateur-voyages.com\/es\/wp-json\/wp\/v2\/comments?post=2072"}],"version-history":[{"count":19,"href":"https:\/\/equateur-voyages.com\/es\/wp-json\/wp\/v2\/pages\/2072\/revisions"}],"predecessor-version":[{"id":6955,"href":"https:\/\/equateur-voyages.com\/es\/wp-json\/wp\/v2\/pages\/2072\/revisions\/6955"}],"wp:attachment":[{"href":"https:\/\/equateur-voyages.com\/es\/wp-json\/wp\/v2\/media?parent=2072"}],"curies":[{"name":"wp","href":"https:\/\/api.w.org\/{rel}","templated":true}]}}