{"id":2629,"date":"2019-10-08T16:21:02","date_gmt":"2019-10-08T14:21:02","guid":{"rendered":"http:\/\/s799595400.onlinehome.fr\/?page_id=2629"},"modified":"2025-11-12T16:15:28","modified_gmt":"2025-11-12T15:15:28","slug":"partenaires","status":"publish","type":"page","link":"https:\/\/equateur-voyages.com\/es\/partenaires\/","title":{"rendered":"Enlaces"},"content":{"rendered":"[vc_row full_width=&#8221;stretch_row&#8221; css=&#8221;.vc_custom_1570542887319{background-color: #f4f4f4 !important;}&#8221;][vc_column][vc_empty_space height=&#8221;102px&#8221;][\/vc_column][\/vc_row][vc_row full_width=&#8221;stretch_row&#8221; css=&#8221;.vc_custom_1570542866479{background-color: #f4f4f4 !important;}&#8221;][vc_column][vc_column_text]\n<p data-start=\"246\" data-end=\"260\"><strong data-start=\"246\" data-end=\"258\">Alianzas<\/strong><\/p>\n<p data-start=\"262\" data-end=\"343\"><strong data-start=\"262\" data-end=\"341\">Nuestros compromisos con el planeta, con Ecuador y con un viaje de calidad\u2026<\/strong><\/p>\n[\/vc_column_text][vc_empty_space][\/vc_column][\/vc_row][vc_row full_width=&#8221;stretch_row&#8221; disable_element=&#8221;yes&#8221; css=&#8221;.vc_custom_1761595763897{background-color: #f4f4f4 !important;}&#8221;][vc_column width=&#8221;1\/4&#8243;][vc_empty_space][vc_single_image image=&#8221;1870&#8243; img_size=&#8221;full&#8221; onclick=&#8221;custom_link&#8221; link=&#8221;http:\/\/www.voyagespourlaplanete.com\/&#8221;][vc_empty_space][\/vc_column][vc_column width=&#8221;3\/4&#8243;][vc_empty_space][vc_column_text]<i><b><span style=\"font-family: Verdana; font-size: small;\">Notre engagement pour la plan\u00e8te<\/span><\/b><\/i>[\/vc_column_text][vc_empty_space][\/vc_column][\/vc_row][vc_row full_width=&#8221;stretch_row&#8221; disable_element=&#8221;yes&#8221; css=&#8221;.vc_custom_1761595775045{background-color: #f4f4f4 !important;}&#8221;][vc_column width=&#8221;1\/4&#8243;][vc_single_image image=&#8221;1845&#8243; img_size=&#8221;full&#8221; onclick=&#8221;custom_link&#8221; link=&#8221;http:\/\/www.atofi.com\/&#8221;][vc_empty_space][\/vc_column][vc_column width=&#8221;3\/4&#8243;][vc_column_text]<i><b><span style=\"font-family: Verdana; font-size: small;\">Notre engagement pour la qualit\u00e9<\/span><\/b><\/i>[\/vc_column_text][vc_empty_space][\/vc_column][\/vc_row][vc_row full_width=&#8221;stretch_row&#8221; css=&#8221;.vc_custom_1570542842010{background-color: #f4f4f4 !important;}&#8221;][vc_column width=&#8221;1\/4&#8243;][vc_single_image image=&#8221;1937&#8243; img_size=&#8221;full&#8221; onclick=&#8221;custom_link&#8221; link=&#8221;https:\/\/www.petitfute.com\/v56020-quito\/c1122-voyage-transports\/c747-tours-operateurs\/340782-equateur-voyages-passion.html#xtor=AL-215&#8243;][vc_empty_space][\/vc_column][vc_column width=&#8221;3\/4&#8243;][vc_column_text]<strong><em>Opiniones y comentarios sobre:<\/em><\/strong>[\/vc_column_text][vc_empty_space][\/vc_column][\/vc_row][vc_row full_width=&#8221;stretch_row&#8221; css=&#8221;.vc_custom_1570542852938{background-color: #f4f4f4 !important;}&#8221;][vc_column][vc_column_text]\n<p data-start=\"168\" data-end=\"196\"><strong data-start=\"168\" data-end=\"194\">Intercambio de enlaces<\/strong><\/p>\n<p data-start=\"198\" data-end=\"242\">Nuestros colaboradores y socios en la red\u2026<\/p>\n[\/vc_column_text][vc_empty_space][\/vc_column][\/vc_row][vc_row][vc_column width=&#8221;1\/4&#8243;][vc_empty_space][vc_single_image image=&#8221;2637&#8243; img_size=&#8221;full&#8221;][vc_empty_space][\/vc_column][vc_column width=&#8221;3\/4&#8243;][vc_empty_space][vc_column_text]\n<p data-start=\"95\" data-end=\"173\"><strong data-start=\"95\" data-end=\"113\">Exploranta.com<\/strong><br data-start=\"113\" data-end=\"116\" \/><strong data-start=\"116\" data-end=\"173\">Escapada al sur de Brasil &#8211; Sitio: <a class=\"decorated-link\" href=\"http:\/\/www.exploranta.com\" target=\"_new\" rel=\"noopener\" data-start=\"153\" data-end=\"171\">www.exploranta.com<\/a><\/strong><\/p>\n<p data-start=\"175\" data-end=\"1448\">Las regiones costeras de Santa Catarina merecen ser visitadas durante una estancia en Brasil. Los viajeros comenzar\u00e1n el circuito en la ciudad de Blumenau. Pasar\u00e1n por el Para\u00edso do Miguel, donde degustar\u00e1n la cocina local en los chalets de madera. Tambi\u00e9n podr\u00e1n disfrutar de la cerveza brasile\u00f1a en los restaurantes de Blumenau.<br data-start=\"505\" data-end=\"508\" \/>Luego descubrir\u00e1n la ciudad de Porto Belo, donde podr\u00e1n hacer senderismo y llegar a las playas de Bombas. All\u00ed, se puede dar un chapuz\u00f3n en las aguas de Porto Belo.<br data-start=\"672\" data-end=\"675\" \/>Por otra parte, tambi\u00e9n es posible disfrutar de un paseo en barco hacia la isla de Santa Catarina. En el lugar, los visitantes podr\u00e1n relajarse al sol, practicar surf o vela. Continuar\u00e1n su recorrido hacia el Parque Nacional de Aparados da Serra. En el sitio, los aventureros cruzar\u00e1n un bosque de araucarias antes de alcanzar el ca\u00f1\u00f3n de Itaimbezinho. En el camino, no se perder\u00e1n las praderas donde podr\u00e1n observar numerosos mam\u00edferos como lobos, pumas y nutrias.<br data-start=\"1140\" data-end=\"1143\" \/>Los amantes de la escalada podr\u00e1n ascender las altas formaciones rocosas. Al acercarse a la zona costera, los excursionistas descubrir\u00e1n el estado de Rio Grande do Sul. All\u00ed tendr\u00e1n la oportunidad de visitar los museos de la ciudad, como el de arte en Porto Alegre y el de arqueolog\u00eda en S\u00e3o Pedro do Sul.<\/p>\n[\/vc_column_text][vc_empty_space][vc_btn title=&#8221;\u00a1M\u00e1s informaci\u00f3n!&#8221; color=&#8221;sandy-brown&#8221; link=&#8221;url:http%3A%2F%2Fwww.exploranta.com%2F|||&#8221;][\/vc_column][\/vc_row][vc_row][vc_column][vc_empty_space][vc_separator color=&#8221;sandy_brown&#8221; style=&#8221;shadow&#8221;][vc_empty_space][\/vc_column][\/vc_row][vc_row][vc_column width=&#8221;1\/4&#8243;][vc_empty_space][vc_single_image image=&#8221;2645&#8243; img_size=&#8221;full&#8221;][vc_empty_space][\/vc_column][vc_column width=&#8221;3\/4&#8243;][vc_empty_space][vc_column_text]<span style=\"font-size: 18px;\"><strong>Hostal en Quito<\/strong><\/span><br \/>\n<strong>Hostal Auberge Inn\u00a0<\/strong>[\/vc_column_text][vc_empty_space][vc_btn title=&#8221;\u00a1M\u00e1s informaci\u00f3n!&#8221; color=&#8221;sandy-brown&#8221; link=&#8221;url:http%3A%2F%2Fwww.auberge-inn-hostal.com%2F|||&#8221;][\/vc_column][\/vc_row][vc_row][vc_column][vc_empty_space][vc_separator color=&#8221;sandy_brown&#8221; style=&#8221;shadow&#8221;][vc_empty_space][\/vc_column][\/vc_row][vc_row][vc_column width=&#8221;1\/4&#8243;][vc_empty_space][vc_single_image image=&#8221;2648&#8243; img_size=&#8221;full&#8221;][vc_empty_space][\/vc_column][vc_column width=&#8221;3\/4&#8243;][vc_empty_space][vc_column_text]<strong><span style=\"font-size: 18px;\">Hotel en Quito<\/span><\/strong><br \/>\n<strong>Hotel Antinea<\/strong>[\/vc_column_text][vc_empty_space][vc_btn title=&#8221;\u00a1M\u00e1s informaci\u00f3n!&#8221; color=&#8221;sandy-brown&#8221; link=&#8221;url:https%3A%2F%2Fwww.hotelantinea.com%2Ffr%2Fbienvenue%2F|||&#8221;][\/vc_column][\/vc_row][vc_row][vc_column][vc_empty_space][vc_separator color=&#8221;sandy_brown&#8221; style=&#8221;shadow&#8221;][vc_empty_space][\/vc_column][\/vc_row][vc_row][vc_column][vc_column_text]<strong>Maison des Fran\u00e7ais de l&#8217;\u00c9tranger<\/strong><br \/>\nMaison des Fran\u00e7ais de l&#8217;\u00c9tranger<\/p>\n<p>&nbsp;<\/p>\n<p><a href=\"https:\/\/www.diplomatie.gouv.fr\/fr\/services-aux-citoyens\/\" target=\"_blank\" rel=\"noopener noreferrer\">[En savoir +]<\/a><\/p>\n<p>&nbsp;<\/p>\n<p><strong>L&#8217;Alliance Fran\u00e7aise de Quito<\/strong><br \/>\nL&#8217;Alliance Fran\u00e7aise de Quito<\/p>\n<p>&nbsp;<\/p>\n<p><a href=\"https:\/\/www.afquito.org.ec\/home-page\/\" target=\"_blank\" rel=\"noopener noreferrer\">[En savoir +]<\/a><\/p>\n<p>&nbsp;<\/p>\n<p><strong>Ahuana, projet rural au Chimborazo<\/strong><br \/>\nAhuana, projet rural au Chimborazo<\/p>\n<p>&nbsp;<\/p>\n<p><a href=\"https:\/\/ahuana.com\/fr\/\" target=\"_blank\" rel=\"noopener noreferrer\">[En savoir +]<\/a><\/p>\n<p>&nbsp;<\/p>\n<p><strong>Bruno Pambour<\/strong><br \/>\nPhotographe animalier, tour op\u00e9rateur<\/p>\n<p>&nbsp;<\/p>\n<p><a href=\"https:\/\/ameriquedusudsauvage.com\/\" target=\"_blank\" rel=\"noopener noreferrer\">[En savoir +]<\/a><\/p>\n<p><strong>Oihana voyages<\/strong><br \/>\nVoyages sur mesure Chili, Argentine, P\u00e9rou et Bolivie<\/p>\n<p>Mais aussi Bali et l&#8217;Indon\u00e9sie&#8230;<\/p>\n<p>&nbsp;<\/p>\n<p><a href=\"https:\/\/www.oihanavoyages.com\/FR\/\" target=\"_blank\" rel=\"noopener noreferrer\">[En savoir +]<\/a>[\/vc_column_text][\/vc_column][\/vc_row][vc_row][vc_column][vc_empty_space][vc_separator color=&#8221;sandy_brown&#8221; style=&#8221;shadow&#8221;][vc_empty_space][\/vc_column][\/vc_row][vc_row][vc_column width=&#8221;1\/4&#8243;][vc_empty_space][vc_single_image image=&#8221;2651&#8243; img_size=&#8221;full&#8221;][vc_empty_space][\/vc_column][vc_column width=&#8221;3\/4&#8243;][vc_empty_space][vc_column_text]<strong data-start=\"83\" data-end=\"122\">Alter-nativ Brasil &#8211; Viaje a Brasil<\/strong><br data-start=\"122\" data-end=\"125\" \/>Para la <strong data-start=\"133\" data-end=\"159\">reserva de sus hoteles<\/strong> y la <strong data-start=\"165\" data-end=\"207\">organizaci\u00f3n de su circuito por Brasil<\/strong>, la agencia de viajes franc\u00f3fona <strong data-start=\"241\" data-end=\"263\">Alter-nativ Brasil<\/strong> le ofrece sus servicios y su experiencia en <strong data-start=\"308\" data-end=\"326\">R\u00edo de Janeiro<\/strong>, <strong data-start=\"328\" data-end=\"338\">Paraty<\/strong> y en todo el pa\u00eds.[\/vc_column_text][vc_empty_space][vc_btn title=&#8221;\u00a1M\u00e1s informaci\u00f3n!&#8221; color=&#8221;sandy-brown&#8221; link=&#8221;url:https%3A%2F%2Fwww.alter-nativbresil.com%2F|||&#8221;][\/vc_column][\/vc_row][vc_row][vc_column][vc_empty_space][vc_separator color=&#8221;sandy_brown&#8221; style=&#8221;shadow&#8221;][vc_empty_space][\/vc_column][\/vc_row][vc_row][vc_column width=&#8221;1\/4&#8243;][vc_empty_space][vc_single_image image=&#8221;2652&#8243; img_size=&#8221;full&#8221;][vc_empty_space][\/vc_column][vc_column width=&#8221;3\/4&#8243;][vc_empty_space][vc_column_text]<strong data-start=\"86\" data-end=\"95\">Korke<\/strong><br data-start=\"95\" data-end=\"98\" \/>Viajes a la carta en <strong data-start=\"117\" data-end=\"126\">Chile<\/strong> y <strong data-start=\"129\" data-end=\"142\">Argentina<\/strong>[\/vc_column_text][vc_empty_space][vc_btn title=&#8221;\u00a1M\u00e1s informaci\u00f3n!&#8221; color=&#8221;sandy-brown&#8221; link=&#8221;url:http%3A%2F%2Fwww.korke.com%2F|||&#8221;][\/vc_column][\/vc_row][vc_row][vc_column][vc_empty_space][vc_separator color=&#8221;sandy_brown&#8221; style=&#8221;shadow&#8221;][vc_empty_space][\/vc_column][\/vc_row][vc_row][vc_column][vc_column_text]<strong data-start=\"77\" data-end=\"96\">Viaje a Namibia<\/strong><br data-start=\"96\" data-end=\"99\" \/>Los grandes espacios y la naturaleza representan a la perfecci\u00f3n a Namibia. Viajar por esta parte del \u00c1frica austral no dejar\u00e1 a nadie indiferente y siempre ir\u00e1 acompa\u00f1ado de un toque de asombro. Este territorio ha sabido conservar su lado natural y aut\u00e9ntico, lejos de las rutas tur\u00edsticas habituales. Namibia se ha convertido en un destino imprescindible para todos aquellos que buscan <strong data-start=\"487\" data-end=\"499\">aventura<\/strong>, <strong data-start=\"501\" data-end=\"522\">cambio de paisaje<\/strong> y desean vivir un <strong data-start=\"541\" data-end=\"563\">safari excepcional<\/strong>, con total <strong data-start=\"575\" data-end=\"588\">seguridad<\/strong> y <strong data-start=\"591\" data-end=\"607\">autenticidad<\/strong>.<\/p>\n<p>&nbsp;<\/p>\n<p><a href=\"https:\/\/namibie.marcovasco.fr\/\" target=\"_blank\" rel=\"noopener noreferrer\">[En savoir +]<\/a><\/p>\n<p><strong><span style=\"font-size: 18px;\">Voyage au Br\u00e9sil<\/span><\/strong><br \/>\nhttp:\/\/voyage.brazilveo.com<\/p>\n<p>&nbsp;<\/p>\n<p><a href=\"http:\/\/www.brazilveo.com\/\" target=\"_blank\" rel=\"noopener noreferrer\">[En savoir +]<\/a><\/p>\n<p>&nbsp;<\/p>\n<p>&nbsp;<\/p>\n<p><strong><img loading=\"lazy\" decoding=\"async\" class=\"alignleft wp-image-2653\" src=\"\/wp-content\/uploads\/2019\/10\/Logo-ITrekkings-Horizontal-blog-2.png\" alt=\"\" width=\"90\" height=\"20\" srcset=\"https:\/\/equateur-voyages.com\/wp-content\/uploads\/2019\/10\/Logo-ITrekkings-Horizontal-blog-2.png 1341w, https:\/\/equateur-voyages.com\/wp-content\/uploads\/2019\/10\/Logo-ITrekkings-Horizontal-blog-2-300x67.png 300w, https:\/\/equateur-voyages.com\/wp-content\/uploads\/2019\/10\/Logo-ITrekkings-Horizontal-blog-2-768x171.png 768w, https:\/\/equateur-voyages.com\/wp-content\/uploads\/2019\/10\/Logo-ITrekkings-Horizontal-blog-2-1024x228.png 1024w, https:\/\/equateur-voyages.com\/wp-content\/uploads\/2019\/10\/Logo-ITrekkings-Horizontal-blog-2-600x134.png 600w\" sizes=\"auto, (max-width: 90px) 100vw, 90px\" \/><\/strong><\/p>\n<p>&nbsp;<\/p>\n<p><strong>Partagez vos carnets de voyage<\/strong><br \/>\n<a href=\"https:\/\/www.i-trekkings.net\/\" target=\"_blank\" rel=\"noopener noreferrer\">[En savoir +]<\/a><\/p>\n<p><span style=\"font-size: 18px;\"><strong>Annuaire Mon sejour<\/strong><\/span><br \/>\n<span style=\"font-size: 18px;\"><strong>\u00a0<\/strong><\/span><\/p>\n<p><a href=\"https:\/\/www.monsejour.com\/\" target=\"_blank\" rel=\"noopener noreferrer\">[En savoir +]<\/a><\/p>\n<p>&nbsp;<\/p>\n<p><span style=\"font-size: 18px;\"><strong>S\u00e9jours et voyages<\/strong><\/span><br \/>\nwww.sejoursvoyages.com<\/p>\n<p>&nbsp;<\/p>\n<p><a href=\"https:\/\/www.sejoursvoyages.com\/\" target=\"_blank\" rel=\"noopener noreferrer\">[En savoir +]<\/a><\/p>\n<p><span style=\"font-size: 18px;\"><strong>Voyages et vacances<\/strong><\/span><br \/>\nwww.voyagidees.com<\/p>\n<p>&nbsp;<\/p>\n<p><a href=\"https:\/\/www.voyagidees.com\/\" target=\"_blank\" rel=\"noopener noreferrer\">[En savoir +]<\/a>[\/vc_column_text][\/vc_column][\/vc_row]\n","protected":false},"excerpt":{"rendered":"<p>[vc_row full_width=&#8221;stretch_row&#8221; css=&#8221;.vc_custom_1570542887319{background-color: #f4f4f4 !important;}&#8221;][vc_column][vc_empty_space height=&#8221;102px&#8221;][\/vc_column][\/vc_row][vc_row full_width=&#8221;stretch_row&#8221; css=&#8221;.vc_custom_1570542866479{background-color: #f4f4f4 !important;}&#8221;][vc_column][vc_column_text] Alianzas Nuestros compromisos con el planeta, con Ecuador y con un viaje de calidad\u2026 [\/vc_column_text][vc_empty_space][\/vc_column][\/vc_row][vc_row full_width=&#8221;stretch_row&#8221; disable_element=&#8221;yes&#8221; css=&#8221;.vc_custom_1761595763897{background-color: #f4f4f4 !important;}&#8221;][vc_column width=&#8221;1\/4&#8243;][vc_empty_space][vc_single_image image=&#8221;1870&#8243; img_size=&#8221;full&#8221; onclick=&#8221;custom_link&#8221; link=&#8221;http:\/\/www.voyagespourlaplanete.com\/&#8221;][vc_empty_space][\/vc_column][vc_column width=&#8221;3\/4&#8243;][vc_empty_space][vc_column_text]Notre engagement pour la plan\u00e8te[\/vc_column_text][vc_empty_space][\/vc_column][\/vc_row][vc_row full_width=&#8221;stretch_row&#8221; disable_element=&#8221;yes&#8221; css=&#8221;.vc_custom_1761595775045{background-color: #f4f4f4 !important;}&#8221;][vc_column width=&#8221;1\/4&#8243;][vc_single_image image=&#8221;1845&#8243; img_size=&#8221;full&#8221; onclick=&#8221;custom_link&#8221; link=&#8221;http:\/\/www.atofi.com\/&#8221;][vc_empty_space][\/vc_column][vc_column width=&#8221;3\/4&#8243;][vc_column_text]Notre engagement pour la qualit\u00e9[\/vc_column_text][vc_empty_space][\/vc_column][\/vc_row][vc_row [&hellip;]<\/p>\n","protected":false},"author":1,"featured_media":0,"parent":0,"menu_order":0,"comment_status":"closed","ping_status":"closed","template":"","meta":{"footnotes":""},"class_list":["post-2629","page","type-page","status-publish","hentry"],"translation":{"provider":"WPGlobus","version":"2.10.10","language":"es","enabled_languages":["fr","es","gb"],"languages":{"fr":{"title":true,"content":true,"excerpt":false},"es":{"title":true,"content":true,"excerpt":false},"gb":{"title":true,"content":true,"excerpt":false}}},"aioseo_notices":[],"_links":{"self":[{"href":"https:\/\/equateur-voyages.com\/es\/wp-json\/wp\/v2\/pages\/2629","targetHints":{"allow":["GET"]}}],"collection":[{"href":"https:\/\/equateur-voyages.com\/es\/wp-json\/wp\/v2\/pages"}],"about":[{"href":"https:\/\/equateur-voyages.com\/es\/wp-json\/wp\/v2\/types\/page"}],"author":[{"embeddable":true,"href":"https:\/\/equateur-voyages.com\/es\/wp-json\/wp\/v2\/users\/1"}],"replies":[{"embeddable":true,"href":"https:\/\/equateur-voyages.com\/es\/wp-json\/wp\/v2\/comments?post=2629"}],"version-history":[{"count":44,"href":"https:\/\/equateur-voyages.com\/es\/wp-json\/wp\/v2\/pages\/2629\/revisions"}],"predecessor-version":[{"id":7067,"href":"https:\/\/equateur-voyages.com\/es\/wp-json\/wp\/v2\/pages\/2629\/revisions\/7067"}],"wp:attachment":[{"href":"https:\/\/equateur-voyages.com\/es\/wp-json\/wp\/v2\/media?parent=2629"}],"curies":[{"name":"wp","href":"https:\/\/api.w.org\/{rel}","templated":true}]}}