{"id":2957,"date":"2019-10-29T09:13:51","date_gmt":"2019-10-29T08:13:51","guid":{"rendered":"http:\/\/s799595400.onlinehome.fr\/?page_id=2957"},"modified":"2025-11-15T15:05:37","modified_gmt":"2025-11-15T14:05:37","slug":"climat","status":"publish","type":"page","link":"https:\/\/equateur-voyages.com\/es\/climat\/","title":{"rendered":"El tiempo"},"content":{"rendered":"[vc_row full_width=&#8221;stretch_row&#8221; gap=&#8221;15&#8243; css=&#8221;.vc_custom_1582824093301{background-color: #fafafa !important;}&#8221;][vc_column width=&#8221;3\/4&#8243; css=&#8221;.vc_custom_1573206610214{background-image: url(\/wp-content\/uploads\/2019\/11\/Fond_Destinations_11.jpg?id=3337) !important;}&#8221;][vc_empty_space][vc_custom_heading text=&#8221;Ecuador y sus 4 regiones&#8221; font_container=&#8221;tag:h1|font_size:24|text_align:left|color:%23ffffff&#8221; google_fonts=&#8221;font_family:Fresca%3Aregular|font_style:400%20regular%3A400%3Anormal&#8221; link=&#8221;url:%2Fes%2Fequateur%2F|title:Ecuador&#8221;]    <div class=\"tzElement_Destination type-5   \">\r\n                <div class=\"destination-slider-wrapper\">\r\n                        <div id=\"destination-slider-1837051167\" class=\"destination-slider owl-carousel\">\r\n                \r\n                \r\n                                                                        <div class=\"distination-item\">\r\n                        \r\n                        <div class=\"tz-destination-item-child tz-destination-item-1\">\r\n                            <div class=\"tz-destination-item-box\">\r\n                                                                <div class=\"des-img\"\r\n                                     style=\"background-image: url('https:\/\/equateur-voyages.com\/wp-content\/uploads\/2017\/04\/Destination_Andes4-1024x603.jpg')\">\r\n                                    <a href=\"https:\/\/equateur-voyages.com\/es\/destination\/andes\/\"><\/a>\r\n                                <\/div>\r\n                                <div class=\"content\">\r\n                                    <h3 class=\"title\">\r\n                                        <a href=\"https:\/\/equateur-voyages.com\/es\/destination\/andes\/\">Andes<\/a>\r\n                                    <\/h3>\r\n                                    <div class=\"count-offer\">33&#32;Tours<\/div>\r\n                                <\/div>\r\n                            <\/div>\r\n                        <\/div>\r\n\r\n                                            \r\n                    \r\n                                            \r\n                        <div class=\"tz-destination-item-child tz-destination-item-2\">\r\n                            <div class=\"tz-destination-item-box\">\r\n                                                                <div class=\"des-img\"\r\n                                     style=\"background-image: url('https:\/\/equateur-voyages.com\/wp-content\/uploads\/2017\/04\/Destination_Amazonie4-1024x569.jpg')\">\r\n                                    <a href=\"https:\/\/equateur-voyages.com\/es\/destination\/amazonie\/\"><\/a>\r\n                                <\/div>\r\n                                <div class=\"content\">\r\n                                    <h3 class=\"title\">\r\n                                        <a href=\"https:\/\/equateur-voyages.com\/es\/destination\/amazonie\/\">Amazon\u00eda<\/a>\r\n                                    <\/h3>\r\n                                    <div class=\"count-offer\">13&#32;Tours<\/div>\r\n                                <\/div>\r\n                            <\/div>\r\n                        <\/div>\r\n\r\n                                            \r\n                    \r\n                                            \r\n                        <div class=\"tz-destination-item-child tz-destination-item-3\">\r\n                            <div class=\"tz-destination-item-box\">\r\n                                                                <div class=\"des-img\"\r\n                                     style=\"background-image: url('https:\/\/equateur-voyages.com\/wp-content\/uploads\/2017\/04\/Destination_Pacific5-1024x482.jpg')\">\r\n                                    <a href=\"https:\/\/equateur-voyages.com\/es\/destination\/cote-pacifique\/\"><\/a>\r\n                                <\/div>\r\n                                <div class=\"content\">\r\n                                    <h3 class=\"title\">\r\n                                        <a href=\"https:\/\/equateur-voyages.com\/es\/destination\/cote-pacifique\/\">Costa<\/a>\r\n                                    <\/h3>\r\n                                    <div class=\"count-offer\">4&#32;Tours<\/div>\r\n                                <\/div>\r\n                            <\/div>\r\n                        <\/div>\r\n\r\n                                            \r\n                    \r\n                                            \r\n                        <div class=\"tz-destination-item-child tz-destination-item-4\">\r\n                            <div class=\"tz-destination-item-box\">\r\n                                                                <div class=\"des-img\"\r\n                                     style=\"background-image: url('https:\/\/equateur-voyages.com\/wp-content\/uploads\/2017\/04\/galapagos1-1024x640.jpg')\">\r\n                                    <a href=\"https:\/\/equateur-voyages.com\/es\/destination\/galapagos\/\"><\/a>\r\n                                <\/div>\r\n                                <div class=\"content\">\r\n                                    <h3 class=\"title\">\r\n                                        <a href=\"https:\/\/equateur-voyages.com\/es\/destination\/galapagos\/\">Gal\u00e1pagos<\/a>\r\n                                    <\/h3>\r\n                                    <div class=\"count-offer\">18&#32;Tours<\/div>\r\n                                <\/div>\r\n                            <\/div>\r\n                        <\/div>\r\n\r\n                                                    <\/div>\r\n                                                \r\n                                                <\/div>\r\n                                    <script type=\"text\/javascript\">\r\n                    jQuery(window).load(function () {\r\n                        \"use strict\";\r\n\r\n                        jQuery('#destination-slider-1837051167').each(function () {\r\n                            jQuery(this).owlCarousel({\r\n                                rtl: false,\r\n                                nav: true,\r\n                                autoplay: true,\r\n                                autoplayTimeout: 3000,\r\n                                loop: true,\r\n                                navText: [\"<i class=\\\"fa fa-chevron-left\\\" aria-hidden=\\\"true\\\"><\/i>\", \"<i class=\\\"fa fa-chevron-right\\\" aria-hidden=\\\"true\\\"><\/i>\"],\r\n                                center: false,\r\n                                responsive: {\r\n                                    0: {\r\n                                        items: 1                                    },\r\n                                    600: {\r\n                                        items: 1                                    },\r\n                                    992: {\r\n                                        items: 1                                    },\r\n                                    1200: {\r\n                                        items: 1                                    },\r\n                                    1500: {\r\n                                        items: 1                                    }\r\n                                },\r\n                                margin: 0                            })\r\n                        })\r\n                    });\r\n                <\/script>\r\n                    <\/div>\r\n        <\/div>\r\n    [\/vc_column][vc_column width=&#8221;1\/4&#8243; css=&#8221;.vc_custom_1582823085522{background-color: #eded84 !important;border-radius: 15px !important;}&#8221;][vc_empty_space][vc_wp_custommenu nav_menu=&#8221;137&#8243;][vc_empty_space][\/vc_column][\/vc_row][vc_row full_width=&#8221;stretch_row&#8221; css=&#8221;.vc_custom_1576158547475{background-color: #fafafa !important;}&#8221;][vc_column width=&#8221;2\/3&#8243;][vc_empty_space][vc_custom_heading text=&#8221;El clima&#8221; font_container=&#8221;tag:h2|font_size:26|text_align:center&#8221; use_theme_fonts=&#8221;yes&#8221;][vc_empty_space][vc_column_text]\n<p data-start=\"0\" data-end=\"314\">Situado al noroeste de Am\u00e9rica del Sur, Ecuador limita al norte con Colombia, al este y al sur con Per\u00fa, y al oeste con el oc\u00e9ano Pac\u00edfico, con una l\u00ednea costera de 887 km.<br data-start=\"172\" data-end=\"175\" \/>Existen diferentes zonas geogr\u00e1ficas, cada una con su propio clima, de donde proviene la enorme biodiversidad que caracteriza al Ecuador.<\/p>\n<p data-start=\"316\" data-end=\"474\" data-is-last-node=\"\" data-is-only-node=\"\">Se distinguen tres regiones naturales en la parte continental; las Gal\u00e1pagos o Islas Encantadas se tratar\u00e1n m\u00e1s adelante y constituir\u00e1n nuestra cuarta regi\u00f3n.<\/p>\n[\/vc_column_text][\/vc_column][vc_column width=&#8221;1\/3&#8243;][vc_empty_space][vc_btn title=&#8221;Ecuador&#8221; style=&#8221;3d&#8221; color=&#8221;success&#8221; size=&#8221;sm&#8221; align=&#8221;center&#8221; button_block=&#8221;true&#8221; link=&#8221;url:%2Fes%2Fequateur%2F|title:Ecuador&#8221;][vc_btn title=&#8221;Informaci\u00f3n relevante&#8221; style=&#8221;3d&#8221; color=&#8221;success&#8221; size=&#8221;sm&#8221; align=&#8221;center&#8221; button_block=&#8221;true&#8221; link=&#8221;url:%2Fes%2Finfos-pratiques%2F|title:Informaci%C3%B3n%20relevante&#8221;][\/vc_column][\/vc_row][vc_row][vc_column][vc_empty_space][vc_column_text]\n<p data-start=\"0\" data-end=\"30\"><strong data-start=\"0\" data-end=\"28\">COSTA O LITORAL PAC\u00cdFICO<\/strong><\/p>\n<p data-start=\"32\" data-end=\"316\">La Costa, dividida en siete provincias, se extiende entre el oc\u00e9ano Pac\u00edfico y la cordillera occidental de los Andes.<br data-start=\"149\" data-end=\"152\" \/>El invierno, de diciembre a mayo, es c\u00e1lido y lluvioso. El verano, de junio a noviembre, es seco y m\u00e1s fresco.<br data-start=\"262\" data-end=\"265\" \/>La temperatura promedio oscila entre 26\u00b0C y 29\u00b0C.<\/p>\n<hr data-start=\"318\" data-end=\"321\" \/>\n<p data-start=\"323\" data-end=\"361\"><strong data-start=\"323\" data-end=\"359\">CORDILLERA DE LOS ANDES O SIERRA<\/strong><\/p>\n<p data-start=\"363\" data-end=\"782\">La Sierra est\u00e1 formada por dos cordilleras paralelas, orientadas de norte a sur, cuya altitud var\u00eda entre 1.800 y 3.000 metros.<br data-start=\"490\" data-end=\"493\" \/>El lado occidental de la cordillera de los Andes, conocido tambi\u00e9n como Choc\u00f3, se caracteriza por la presencia de bosques lluviosos.<br data-start=\"625\" data-end=\"628\" \/>La irregularidad del relieve y la dif\u00edcil accesibilidad del terreno han favorecido una abundante fauna y flora, donde la aventura a\u00fan espera al viajero.<\/p>\n<p data-start=\"784\" data-end=\"828\">La temperatura se sit\u00faa entre 20\u00b0C y 26\u00b0C.<\/p>\n<p data-start=\"830\" data-end=\"1143\">La regi\u00f3n monta\u00f1osa de los Andes, tambi\u00e9n conocida como <strong data-start=\"886\" data-end=\"898\">\u201cSierra\u201d<\/strong>, est\u00e1 formada por dos cadenas monta\u00f1osas que atraviesan el pa\u00eds de norte a sur.<br data-start=\"978\" data-end=\"981\" \/>Muchas monta\u00f1as est\u00e1n cubiertas de nieve y superan los 4.500 metros de altitud.<br data-start=\"1060\" data-end=\"1063\" \/>El punto culminante del Ecuador es el volc\u00e1n <strong data-start=\"1108\" data-end=\"1122\">Chimborazo<\/strong>, con 6.310 metros.<\/p>\n<p data-start=\"1145\" data-end=\"1326\">La temperatura es bastante fr\u00eda; durante el d\u00eda no supera los 16\u00b0C y por la noche puede bajar a algunos grados bajo cero.<br data-start=\"1266\" data-end=\"1269\" \/>En los valles, la temperatura oscila entre 12\u00b0C y 20\u00b0C.<\/p>\n<p data-start=\"1328\" data-end=\"1384\">Se distinguen dos estaciones principales en los Andes:<\/p>\n<ul data-start=\"1385\" data-end=\"1485\">\n<li data-start=\"1385\" data-end=\"1438\">\n<p data-start=\"1387\" data-end=\"1438\"><strong data-start=\"1387\" data-end=\"1415\">La temporada de lluvias:<\/strong> de noviembre a mayo.<\/p>\n<\/li>\n<li data-start=\"1439\" data-end=\"1485\">\n<p data-start=\"1441\" data-end=\"1485\"><strong data-start=\"1441\" data-end=\"1463\">La temporada seca:<\/strong> de junio a octubre.<\/p>\n<\/li>\n<\/ul>\n<hr data-start=\"1487\" data-end=\"1490\" \/>\n<p data-start=\"1492\" data-end=\"1516\"><strong data-start=\"1492\" data-end=\"1514\">AMAZON\u00cdA U ORIENTE<\/strong><\/p>\n<p data-start=\"1518\" data-end=\"1688\">El Oriente, dividido en seis provincias, comienza en la vertiente oriental de la cordillera y se extiende hacia la alta Amazon\u00eda.<br data-start=\"1647\" data-end=\"1650\" \/>Su vegetaci\u00f3n es densa y exuberante.<\/p>\n<p data-start=\"1690\" data-end=\"1943\">El clima es muy c\u00e1lido y las precipitaciones son abundantes de mayo a agosto.<br data-start=\"1767\" data-end=\"1770\" \/>La Amazon\u00eda es, con diferencia, la regi\u00f3n m\u00e1s h\u00fameda del pa\u00eds.<br data-start=\"1832\" data-end=\"1835\" \/>La temperatura es similar a la de la Costa, pero el aire es m\u00e1s h\u00famedo y las lluvias mucho m\u00e1s frecuentes.<\/p>\n<p data-start=\"1945\" data-end=\"2108\">La mejor \u00e9poca para visitar el Ecuador es la <strong data-start=\"1990\" data-end=\"2008\">temporada seca<\/strong>, de junio a octubre.<br data-start=\"2029\" data-end=\"2032\" \/>Las temperaturas var\u00edan seg\u00fan se est\u00e9 en la Costa, la Sierra o el Oriente.<\/p>\n<hr data-start=\"2110\" data-end=\"2113\" \/>\n<p data-start=\"2115\" data-end=\"2136\"><strong data-start=\"2115\" data-end=\"2134\">ISLAS GAL\u00c1PAGOS<\/strong><\/p>\n<p data-start=\"2138\" data-end=\"2609\">Aunque se encuentran sobre la l\u00ednea ecuatorial, el clima de las Islas Gal\u00e1pagos no es tan c\u00e1lido ni tan h\u00famedo como en otras regiones ecuatoriales.<br data-start=\"2285\" data-end=\"2288\" \/>De hecho, las <strong data-start=\"2302\" data-end=\"2322\">islas encantadas<\/strong> tienen un r\u00e9gimen clim\u00e1tico muy particular debido a la influencia de la corriente de Humboldt, que trae aguas fr\u00edas desde la Ant\u00e1rtida.<br data-start=\"2458\" data-end=\"2461\" \/>El clima tambi\u00e9n se ve afectado regularmente por el fen\u00f3meno <strong data-start=\"2522\" data-end=\"2533\">El Ni\u00f1o<\/strong>, que provoca temperaturas m\u00e1s altas y fuertes lluvias cuando se presenta.<\/p>\n<p data-start=\"2611\" data-end=\"2636\">Existen dos estaciones:<\/p>\n<ul data-start=\"2638\" data-end=\"3445\">\n<li data-start=\"2638\" data-end=\"2899\">\n<p data-start=\"2640\" data-end=\"2899\"><strong data-start=\"2640\" data-end=\"2668\">La temporada de lluvias:<\/strong> de enero a mayo, caracterizada por temperaturas c\u00e1lidas entre 23\u00b0C y 27\u00b0C y d\u00edas soleados.<br data-start=\"2759\" data-end=\"2762\" \/>El mar es bastante tranquilo y templado.<br data-start=\"2804\" data-end=\"2807\" \/>Las precipitaciones durante este periodo dependen de la intensidad del fen\u00f3meno El Ni\u00f1o.<\/p>\n<\/li>\n<li data-start=\"2901\" data-end=\"3445\">\n<p data-start=\"2903\" data-end=\"3445\"><strong data-start=\"2903\" data-end=\"2932\">La temporada fr\u00eda o seca:<\/strong> de junio a diciembre, con temperaturas que pueden descender hasta los 19\u00b0C, causada principalmente por la corriente fr\u00eda de Humboldt.<br data-start=\"3066\" data-end=\"3069\" \/>El agua fr\u00eda hace bajar la temperatura del aire y trae consigo vientos irregulares y una niebla h\u00fameda llamada <strong data-start=\"3182\" data-end=\"3196\">\u201cLa Gar\u00faa\u201d<\/strong>, que puede cubrir las partes altas de las islas durante varios d\u00edas.<br data-start=\"3265\" data-end=\"3268\" \/>El clima var\u00eda con la altitud en las islas mayores: la temperatura disminuye mientras que las precipitaciones aumentan debido a la condensaci\u00f3n de la humedad en las cumbres.<\/p>\n<\/li>\n<\/ul>\n<p data-start=\"3447\" data-end=\"3639\">La mejor \u00e9poca para visitar las islas es de <strong data-start=\"3491\" data-end=\"3507\">enero a mayo<\/strong>.<br data-start=\"3508\" data-end=\"3511\" \/>Los d\u00edas son soleados y c\u00e1lidos, con algunos chaparrones tropicales pasajeros.<br data-start=\"3589\" data-end=\"3592\" \/>La temperatura del agua alcanza los <strong data-start=\"3628\" data-end=\"3636\">25\u00b0C<\/strong>.<\/p>\n<h2 data-start=\"160\" data-end=\"201\">\u2600\ufe0f <strong data-start=\"166\" data-end=\"201\">Resumen del clima en el Ecuador<\/strong><\/h2>\n<div class=\"_tableContainer_1rjym_1\">\n<div class=\"group _tableWrapper_1rjym_13 flex w-fit flex-col-reverse\" tabindex=\"-1\">\n<table class=\"w-fit min-w-(--thread-content-width)\" data-start=\"203\" data-end=\"817\">\n<thead data-start=\"203\" data-end=\"302\">\n<tr data-start=\"203\" data-end=\"302\">\n<th data-start=\"203\" data-end=\"223\" data-col-size=\"sm\"><strong data-start=\"205\" data-end=\"215\">Regi\u00f3n<\/strong><\/th>\n<th data-start=\"223\" data-end=\"250\" data-col-size=\"sm\"><strong data-start=\"225\" data-end=\"249\">Temporada de lluvias<\/strong><\/th>\n<th data-start=\"250\" data-end=\"274\" data-col-size=\"sm\"><strong data-start=\"252\" data-end=\"270\">Temporada seca<\/strong><\/th>\n<th data-start=\"274\" data-end=\"302\" data-col-size=\"sm\"><strong data-start=\"276\" data-end=\"300\">Temperatura promedio<\/strong><\/th>\n<\/tr>\n<\/thead>\n<tbody data-start=\"406\" data-end=\"817\">\n<tr data-start=\"406\" data-end=\"508\">\n<td data-start=\"406\" data-end=\"427\" data-col-size=\"sm\"><strong data-start=\"408\" data-end=\"420\">Amazon\u00eda<\/strong><\/td>\n<td data-col-size=\"sm\" data-start=\"427\" data-end=\"454\">Casi todo el a\u00f1o<\/td>\n<td data-col-size=\"sm\" data-start=\"454\" data-end=\"479\">Enero y febrero<\/td>\n<td data-col-size=\"sm\" data-start=\"479\" data-end=\"508\">\ud83c\udf21\ufe0f 25\u00b0 a 31\u00b0<\/td>\n<\/tr>\n<tr data-start=\"509\" data-end=\"611\">\n<td data-start=\"509\" data-end=\"530\" data-col-size=\"sm\"><strong data-start=\"511\" data-end=\"529\">Andes (Sierra)<\/strong><\/td>\n<td data-col-size=\"sm\" data-start=\"530\" data-end=\"557\">Febrero a mayo<\/td>\n<td data-col-size=\"sm\" data-start=\"557\" data-end=\"582\">Junio a enero<\/td>\n<td data-col-size=\"sm\" data-start=\"582\" data-end=\"611\">\ud83c\udf21\ufe0f 15\u00b0 a 20\u00b0<\/td>\n<\/tr>\n<tr data-start=\"612\" data-end=\"714\">\n<td data-start=\"612\" data-end=\"633\" data-col-size=\"sm\"><strong data-start=\"614\" data-end=\"632\">Costa Pac\u00edfica<\/strong><\/td>\n<td data-col-size=\"sm\" data-start=\"633\" data-end=\"660\">Enero a abril<\/td>\n<td data-col-size=\"sm\" data-start=\"660\" data-end=\"685\">Mayo a diciembre<\/td>\n<td data-col-size=\"sm\" data-start=\"685\" data-end=\"714\">\ud83c\udf21\ufe0f 25\u00b0 a 31\u00b0<\/td>\n<\/tr>\n<tr data-start=\"715\" data-end=\"817\">\n<td data-start=\"715\" data-end=\"736\" data-col-size=\"sm\"><strong data-start=\"717\" data-end=\"730\">Gal\u00e1pagos<\/strong><\/td>\n<td data-col-size=\"sm\" data-start=\"736\" data-end=\"763\">Enero a abril<\/td>\n<td data-col-size=\"sm\" data-start=\"763\" data-end=\"788\">Mayo a diciembre<\/td>\n<td data-col-size=\"sm\" data-start=\"788\" data-end=\"817\">\ud83c\udf21\ufe0f 18\u00b0 a 30\u00b0<\/td>\n<\/tr>\n<\/tbody>\n<\/table>\n<\/div>\n<\/div>\n[\/vc_column_text][\/vc_column][\/vc_row][vc_row][vc_column width=&#8221;1\/3&#8243;][vc_empty_space][vc_single_image image=&#8221;1845&#8243; img_size=&#8221;full&#8221; alignment=&#8221;center&#8221;][\/vc_column][vc_column width=&#8221;1\/3&#8243;][vc_empty_space][vc_single_image image=&#8221;1837&#8243; img_size=&#8221;full&#8221; alignment=&#8221;center&#8221;][\/vc_column][vc_column width=&#8221;1\/3&#8243;][vc_empty_space][vc_single_image image=&#8221;1870&#8243; img_size=&#8221;full&#8221; alignment=&#8221;center&#8221;][\/vc_column][\/vc_row]\n","protected":false},"excerpt":{"rendered":"<p>[vc_row full_width=&#8221;stretch_row&#8221; gap=&#8221;15&#8243; css=&#8221;.vc_custom_1582824093301{background-color: #fafafa !important;}&#8221;][vc_column width=&#8221;3\/4&#8243; css=&#8221;.vc_custom_1573206610214{background-image: url(\/wp-content\/uploads\/2019\/11\/Fond_Destinations_11.jpg?id=3337) !important;}&#8221;][vc_empty_space][vc_custom_heading text=&#8221;Ecuador y sus 4 regiones&#8221; font_container=&#8221;tag:h1|font_size:24|text_align:left|color:%23ffffff&#8221; google_fonts=&#8221;font_family:Fresca%3Aregular|font_style:400%20regular%3A400%3Anormal&#8221; link=&#8221;url:%2Fes%2Fequateur%2F|title:Ecuador&#8221;][\/vc_column][vc_column width=&#8221;1\/4&#8243; css=&#8221;.vc_custom_1582823085522{background-color: #eded84 !important;border-radius: 15px !important;}&#8221;][vc_empty_space][vc_wp_custommenu nav_menu=&#8221;137&#8243;][vc_empty_space][\/vc_column][\/vc_row][vc_row full_width=&#8221;stretch_row&#8221; css=&#8221;.vc_custom_1576158547475{background-color: #fafafa !important;}&#8221;][vc_column width=&#8221;2\/3&#8243;][vc_empty_space][vc_custom_heading text=&#8221;El clima&#8221; font_container=&#8221;tag:h2|font_size:26|text_align:center&#8221; use_theme_fonts=&#8221;yes&#8221;][vc_empty_space][vc_column_text] Situado al noroeste de Am\u00e9rica del Sur, Ecuador limita al norte con Colombia, al este y al sur con Per\u00fa, y [&hellip;]<\/p>\n","protected":false},"author":2,"featured_media":0,"parent":0,"menu_order":0,"comment_status":"closed","ping_status":"closed","template":"","meta":{"footnotes":""},"class_list":["post-2957","page","type-page","status-publish","hentry"],"translation":{"provider":"WPGlobus","version":"2.10.10","language":"es","enabled_languages":["fr","es","gb"],"languages":{"fr":{"title":true,"content":true,"excerpt":false},"es":{"title":true,"content":true,"excerpt":false},"gb":{"title":true,"content":true,"excerpt":false}}},"aioseo_notices":[],"_links":{"self":[{"href":"https:\/\/equateur-voyages.com\/es\/wp-json\/wp\/v2\/pages\/2957","targetHints":{"allow":["GET"]}}],"collection":[{"href":"https:\/\/equateur-voyages.com\/es\/wp-json\/wp\/v2\/pages"}],"about":[{"href":"https:\/\/equateur-voyages.com\/es\/wp-json\/wp\/v2\/types\/page"}],"author":[{"embeddable":true,"href":"https:\/\/equateur-voyages.com\/es\/wp-json\/wp\/v2\/users\/2"}],"replies":[{"embeddable":true,"href":"https:\/\/equateur-voyages.com\/es\/wp-json\/wp\/v2\/comments?post=2957"}],"version-history":[{"count":34,"href":"https:\/\/equateur-voyages.com\/es\/wp-json\/wp\/v2\/pages\/2957\/revisions"}],"predecessor-version":[{"id":7158,"href":"https:\/\/equateur-voyages.com\/es\/wp-json\/wp\/v2\/pages\/2957\/revisions\/7158"}],"wp:attachment":[{"href":"https:\/\/equateur-voyages.com\/es\/wp-json\/wp\/v2\/media?parent=2957"}],"curies":[{"name":"wp","href":"https:\/\/api.w.org\/{rel}","templated":true}]}}