{"id":3661,"date":"2019-11-25T09:51:24","date_gmt":"2019-11-25T08:51:24","guid":{"rendered":"http:\/\/s799595400.onlinehome.fr\/?page_id=3661"},"modified":"2025-11-24T18:39:32","modified_gmt":"2025-11-24T17:39:32","slug":"mini-circuits","status":"publish","type":"page","link":"https:\/\/equateur-voyages.com\/es\/mini-circuits\/","title":{"rendered":"Mini estancias"},"content":{"rendered":"[vc_row][vc_column]\n\t\t\t<!-- START Slider 4 MiniEstancia 1 REVOLUTION SLIDER 6.5.5 --><p class=\"rs-p-wp-fix\"><\/p>\n\t\t\t<rs-module-wrap id=\"rev_slider_20_1_wrapper\" data-source=\"gallery\" style=\"visibility:hidden;background:transparent;padding:0;margin:0px auto;margin-top:0;margin-bottom:0;\">\n\t\t\t\t<rs-module id=\"rev_slider_20_1\" style=\"\" data-version=\"6.5.5\">\n\t\t\t\t\t<rs-slides>\n\t\t\t\t\t\t<rs-slide style=\"position: absolute;\" data-key=\"rs-72\" data-title=\"Slide\" data-thumb=\"\/\/equateur-voyages.com\/wp-content\/uploads\/2019\/11\/DSCF0150-100x30.jpg\" data-anim=\"ms:300ms;\" data-in=\"o:0;\" data-out=\"a:false;\">\n\t\t\t\t\t\t\t<img loading=\"lazy\" decoding=\"async\" src=\"\/\/equateur-voyages.com\/wp-content\/plugins\/revslider\/public\/assets\/assets\/dummy.png\" title=\"DSCF0150\" width=\"2048\" height=\"1536\" class=\"rev-slidebg tp-rs-img rs-lazyload\" data-lazyload=\"\/\/equateur-voyages.com\/wp-content\/uploads\/2019\/11\/DSCF0150.jpg\" data-no-retina>\n<!--\n\t\t\t\t\t\t\t--><rs-layer\n\t\t\t\t\t\t\t\tid=\"slider-20-slide-72-layer-2\" \n\t\t\t\t\t\t\t\tdata-type=\"shape\"\n\t\t\t\t\t\t\t\tdata-rsp_ch=\"on\"\n\t\t\t\t\t\t\t\tdata-xy=\"yo:1px,0,0,1px;\"\n\t\t\t\t\t\t\t\tdata-text=\"w:normal;s:20,16,12,12;l:0,20,15,15;\"\n\t\t\t\t\t\t\t\tdata-dim=\"w:393px,324px,246px,246px;h:415px,342px,259px,259px;\"\n\t\t\t\t\t\t\t\tdata-frame_999=\"o:0;st:w;\"\n\t\t\t\t\t\t\t\tstyle=\"z-index:8;background-color:#a9e03a;\"\n\t\t\t\t\t\t\t> \n\t\t\t\t\t\t\t<\/rs-layer><!--\n\n\t\t\t\t\t\t\t--><rs-layer\n\t\t\t\t\t\t\t\tid=\"slider-20-slide-72-layer-3\" \n\t\t\t\t\t\t\t\tdata-type=\"text\"\n\t\t\t\t\t\t\t\tdata-color=\"#00490c\"\n\t\t\t\t\t\t\t\tdata-rsp_ch=\"on\"\n\t\t\t\t\t\t\t\tdata-xy=\"xo:14px,11px,8px,8px;yo:105px,86px,65px,65px;\"\n\t\t\t\t\t\t\t\tdata-text=\"w:normal;s:26,21,15,15;l:25,20,15,15;fw:700;\"\n\t\t\t\t\t\t\t\tdata-dim=\"w:430px,355px,269px,269px;h:94px,77px,58px,58px;\"\n\t\t\t\t\t\t\t\tdata-frame_1=\"e:default;\"\n\t\t\t\t\t\t\t\tdata-frame_999=\"o:0;st:w;\"\n\t\t\t\t\t\t\t\tdata-tloop=\"u:true;\"\n\t\t\t\t\t\t\t\tstyle=\"z-index:10;font-family:'Verdana, Geneva, sans-serif';\"\n\t\t\t\t\t\t\t>MINI CIRCUITOS \n\t\t\t\t\t\t\t<\/rs-layer><!--\n\n\t\t\t\t\t\t\t--><rs-layer\n\t\t\t\t\t\t\t\tid=\"slider-20-slide-72-layer-4\" \n\t\t\t\t\t\t\t\tdata-type=\"text\"\n\t\t\t\t\t\t\t\tdata-color=\"#00490c\"\n\t\t\t\t\t\t\t\tdata-rsp_ch=\"on\"\n\t\t\t\t\t\t\t\tdata-xy=\"xo:17px,14px,10px,10px;yo:147px,121px,91px,91px;\"\n\t\t\t\t\t\t\t\tdata-text=\"w:normal;s:20,16,12,12;l:25,20,15,15;fw:300;\"\n\t\t\t\t\t\t\t\tdata-dim=\"w:315px,260px,197px,197px;h:502px,414px,314px,314px;\"\n\t\t\t\t\t\t\t\tdata-frame_999=\"o:0;st:w;\"\n\t\t\t\t\t\t\t\tstyle=\"z-index:9;font-family:'Open Sans';\"\n\t\t\t\t\t\t\t>Si necesita servicios puntuales de vez en cuando y habla ingl\u00e9s o espa\u00f1ol, esta secci\u00f3n est\u00e1 hecha para usted.<br \/>\n \n\t\t\t\t\t\t\t<\/rs-layer><!--\n-->\t\t\t\t\t\t<\/rs-slide>\n\t\t\t\t\t\t<rs-slide style=\"position: absolute;\" data-key=\"rs-74\" data-title=\"Slide\" data-thumb=\"\/\/equateur-voyages.com\/wp-content\/uploads\/2020\/03\/Ascent_Chimborazo_AVANT-100x30.jpg\" data-in=\"o:0;\" data-out=\"a:false;\">\n\t\t\t\t\t\t\t<img loading=\"lazy\" decoding=\"async\" src=\"\/\/equateur-voyages.com\/wp-content\/plugins\/revslider\/public\/assets\/assets\/dummy.png\" title=\"Ascent_Chimborazo_AVANT\" width=\"1593\" height=\"1200\" class=\"rev-slidebg tp-rs-img rs-lazyload\" data-lazyload=\"\/\/equateur-voyages.com\/wp-content\/uploads\/2020\/03\/Ascent_Chimborazo_AVANT.jpg\" data-no-retina>\n<!--\n\t\t\t\t\t\t\t--><rs-layer\n\t\t\t\t\t\t\t\tid=\"slider-20-slide-74-layer-7\" \n\t\t\t\t\t\t\t\tdata-type=\"shape\"\n\t\t\t\t\t\t\t\tdata-rsp_ch=\"on\"\n\t\t\t\t\t\t\t\tdata-xy=\"yo:3px,2px,1px,1px;\"\n\t\t\t\t\t\t\t\tdata-text=\"w:normal;s:20,16,12,12;l:0,20,15,15;\"\n\t\t\t\t\t\t\t\tdata-dim=\"w:393px,324px,246px,246px;h:415px,342px,259px,259px;\"\n\t\t\t\t\t\t\t\tdata-frame_999=\"o:0;st:w;\"\n\t\t\t\t\t\t\t\tstyle=\"z-index:8;background-color:#a9e03a;\"\n\t\t\t\t\t\t\t> \n\t\t\t\t\t\t\t<\/rs-layer><!--\n\n\t\t\t\t\t\t\t--><rs-layer\n\t\t\t\t\t\t\t\tid=\"slider-20-slide-74-layer-11\" \n\t\t\t\t\t\t\t\tdata-type=\"text\"\n\t\t\t\t\t\t\t\tdata-color=\"#00490c\"\n\t\t\t\t\t\t\t\tdata-rsp_ch=\"on\"\n\t\t\t\t\t\t\t\tdata-xy=\"xo:16px,13px,9px,9px;yo:85px,70px,53px,53px;\"\n\t\t\t\t\t\t\t\tdata-text=\"w:normal;s:26,21,15,15;l:40,33,25,25;fw:700;\"\n\t\t\t\t\t\t\t\tdata-dim=\"w:371px,306px,232px,232px;h:94px,77px,58px,58px;\"\n\t\t\t\t\t\t\t\tdata-frame_999=\"o:0;st:w;\"\n\t\t\t\t\t\t\t\tstyle=\"z-index:10;font-family:'Verdana, Geneva, sans-serif';\"\n\t\t\t\t\t\t\t>ANDES \n\t\t\t\t\t\t\t<\/rs-layer><!--\n\n\t\t\t\t\t\t\t--><rs-layer\n\t\t\t\t\t\t\t\tid=\"slider-20-slide-74-layer-15\" \n\t\t\t\t\t\t\t\tdata-type=\"text\"\n\t\t\t\t\t\t\t\tdata-color=\"#00490c\"\n\t\t\t\t\t\t\t\tdata-rsp_ch=\"on\"\n\t\t\t\t\t\t\t\tdata-xy=\"xo:19px,15px,11px,11px;yo:141px,116px,88px,88px;\"\n\t\t\t\t\t\t\t\tdata-text=\"w:normal;s:20,16,12,12;l:25,20,15,15;fw:300;\"\n\t\t\t\t\t\t\t\tdata-dim=\"w:351px,289px,219px,219px;h:502px,414px,314px,314px;\"\n\t\t\t\t\t\t\t\tdata-frame_999=\"o:0;st:w;\"\n\t\t\t\t\t\t\t\tstyle=\"z-index:9;font-family:'Open Sans';\"\n\t\t\t\t\t\t\t>Descubra los Andes con nuestras miniestad\u00edas. Las hemos seleccionado bajo diferentes temas:<br \/>\n<br \/>\nCultural y de descubrimiento<br \/>\n<br \/>\nTrekking<br \/>\n<br \/>\nAlta monta\u00f1a \n\t\t\t\t\t\t\t<\/rs-layer><!--\n-->\t\t\t\t\t\t<\/rs-slide>\n\t\t\t\t\t\t<rs-slide style=\"position: absolute;\" data-key=\"rs-75\" data-title=\"Slide\" data-thumb=\"\/\/equateur-voyages.com\/wp-content\/uploads\/2019\/11\/Bandeau_Depart_Offre_AMAZONIE-100x30.jpg\" data-in=\"o:0;\" data-out=\"a:false;\">\n\t\t\t\t\t\t\t<img loading=\"lazy\" decoding=\"async\" src=\"\/\/equateur-voyages.com\/wp-content\/plugins\/revslider\/public\/assets\/assets\/dummy.png\" title=\"Bandeau_Depart_Offre_AMAZONIE\" width=\"4080\" height=\"1230\" class=\"rev-slidebg tp-rs-img rs-lazyload\" data-lazyload=\"\/\/equateur-voyages.com\/wp-content\/uploads\/2019\/11\/Bandeau_Depart_Offre_AMAZONIE.jpg\" data-no-retina>\n<!--\n\t\t\t\t\t\t\t--><rs-layer\n\t\t\t\t\t\t\t\tid=\"slider-20-slide-75-layer-8\" \n\t\t\t\t\t\t\t\tdata-type=\"shape\"\n\t\t\t\t\t\t\t\tdata-rsp_ch=\"on\"\n\t\t\t\t\t\t\t\tdata-xy=\"xo:-5px,-4px,-3px,-3px;yo:2px,1px,0,1px;\"\n\t\t\t\t\t\t\t\tdata-text=\"w:normal;s:20,16,12,12;l:0,20,15,15;\"\n\t\t\t\t\t\t\t\tdata-dim=\"w:393px,324px,246px,246px;h:415px,342px,259px,259px;\"\n\t\t\t\t\t\t\t\tdata-frame_999=\"o:0;st:w;\"\n\t\t\t\t\t\t\t\tstyle=\"z-index:8;background-color:#a9e03a;\"\n\t\t\t\t\t\t\t> \n\t\t\t\t\t\t\t<\/rs-layer><!--\n\n\t\t\t\t\t\t\t--><rs-layer\n\t\t\t\t\t\t\t\tid=\"slider-20-slide-75-layer-12\" \n\t\t\t\t\t\t\t\tdata-type=\"text\"\n\t\t\t\t\t\t\t\tdata-color=\"#00490c\"\n\t\t\t\t\t\t\t\tdata-rsp_ch=\"on\"\n\t\t\t\t\t\t\t\tdata-xy=\"xo:15px,12px,9px,9px;yo:100px,82px,62px,62px;\"\n\t\t\t\t\t\t\t\tdata-text=\"w:normal;s:26,21,15,15;l:40,33,25,25;fw:700;\"\n\t\t\t\t\t\t\t\tdata-dim=\"w:430px,355px,269px,269px;h:94px,77px,58px,58px;\"\n\t\t\t\t\t\t\t\tdata-frame_999=\"o:0;st:w;\"\n\t\t\t\t\t\t\t\tstyle=\"z-index:10;font-family:'Verdana, Geneva, sans-serif';\"\n\t\t\t\t\t\t\t>AMAZON\u00cdA \n\t\t\t\t\t\t\t<\/rs-layer><!--\n\n\t\t\t\t\t\t\t--><rs-layer\n\t\t\t\t\t\t\t\tid=\"slider-20-slide-75-layer-16\" \n\t\t\t\t\t\t\t\tdata-type=\"text\"\n\t\t\t\t\t\t\t\tdata-color=\"#00490c\"\n\t\t\t\t\t\t\t\tdata-rsp_ch=\"on\"\n\t\t\t\t\t\t\t\tdata-xy=\"xo:16px,13px,9px,9px;yo:151px,124px,94px,94px;\"\n\t\t\t\t\t\t\t\tdata-text=\"w:normal;s:20,16,12,12;l:25,20,15,15;fw:300;\"\n\t\t\t\t\t\t\t\tdata-dim=\"w:315px,260px,197px,197px;h:502px,414px,314px,314px;\"\n\t\t\t\t\t\t\t\tdata-frame_999=\"o:0;st:w;\"\n\t\t\t\t\t\t\t\tstyle=\"z-index:9;font-family:'Open Sans';\"\n\t\t\t\t\t\t\t>Para observar la selva tropical en todo su esplendor, aqu\u00ed tiene nuestra selecci\u00f3n:<br \/>\n<br \/>\nLa variedad es grande; las estad\u00edas aqu\u00ed presentadas son nuestra selecci\u00f3n de escapadas posibles en Ecuador\u2026<br \/>\n \n\t\t\t\t\t\t\t<\/rs-layer><!--\n-->\t\t\t\t\t\t<\/rs-slide>\n\t\t\t\t\t\t<rs-slide style=\"position: absolute;\" data-key=\"rs-76\" data-title=\"Slide\" data-thumb=\"\/\/equateur-voyages.com\/wp-content\/uploads\/2019\/10\/Footer_Galapagos1-100x30.jpg\" data-in=\"o:0;\" data-out=\"a:false;\">\n\t\t\t\t\t\t\t<img loading=\"lazy\" decoding=\"async\" src=\"\/\/equateur-voyages.com\/wp-content\/plugins\/revslider\/public\/assets\/assets\/dummy.png\" title=\"Footer_Galapagos1\" width=\"1980\" height=\"900\" class=\"rev-slidebg tp-rs-img rs-lazyload\" data-lazyload=\"\/\/equateur-voyages.com\/wp-content\/uploads\/2019\/10\/Footer_Galapagos1.jpg\" data-no-retina>\n<!--\n\t\t\t\t\t\t\t--><rs-layer\n\t\t\t\t\t\t\t\tid=\"slider-20-slide-76-layer-19\" \n\t\t\t\t\t\t\t\tdata-type=\"text\"\n\t\t\t\t\t\t\t\tdata-color=\"#00490c\"\n\t\t\t\t\t\t\t\tdata-rsp_ch=\"on\"\n\t\t\t\t\t\t\t\tdata-xy=\"xo:935px,772px,586px,586px;yo:86px,71px,53px,53px;\"\n\t\t\t\t\t\t\t\tdata-text=\"w:normal;s:26,21,15,15;l:25,20,15,15;fw:700;\"\n\t\t\t\t\t\t\t\tdata-dim=\"w:430px,355px,269px,269px;h:94px,77px,58px,58px;\"\n\t\t\t\t\t\t\t\tdata-frame_999=\"o:0;st:w;\"\n\t\t\t\t\t\t\t\tstyle=\"z-index:10;font-family:'Verdana, Geneva, sans-serif';\"\n\t\t\t\t\t\t\t>ISLAS GAL\u00c1PAGOS \n\t\t\t\t\t\t\t<\/rs-layer><!--\n\n\t\t\t\t\t\t\t--><rs-layer\n\t\t\t\t\t\t\t\tid=\"slider-20-slide-76-layer-20\" \n\t\t\t\t\t\t\t\tdata-type=\"text\"\n\t\t\t\t\t\t\t\tdata-color=\"#00490c\"\n\t\t\t\t\t\t\t\tdata-rsp_ch=\"on\"\n\t\t\t\t\t\t\t\tdata-xy=\"xo:937px,773px,587px,587px;yo:132px,109px,82px,82px;\"\n\t\t\t\t\t\t\t\tdata-text=\"w:normal;s:20,16,12,12;l:25,20,15,15;fw:300;\"\n\t\t\t\t\t\t\t\tdata-dim=\"w:286px,236px,179px,179px;h:305px,251px,190px,190px;\"\n\t\t\t\t\t\t\t\tdata-frame_999=\"o:0;st:w;\"\n\t\t\t\t\t\t\t\tstyle=\"z-index:9;font-family:'Open Sans';\"\n\t\t\t\t\t\t\t>Le ofrecemos diferentes cruceros para visitar las Islas Encantadas.<br \/>\n<br \/>\nConociendo bien los barcos y la calidad de los itinerarios, organizaremos el crucero ideal a las Gal\u00e1pagos.<br \/>\n \n\t\t\t\t\t\t\t<\/rs-layer><!--\n\n\t\t\t\t\t\t\t--><rs-layer\n\t\t\t\t\t\t\t\tid=\"slider-20-slide-76-layer-21\" \n\t\t\t\t\t\t\t\tdata-type=\"shape\"\n\t\t\t\t\t\t\t\tdata-rsp_ch=\"on\"\n\t\t\t\t\t\t\t\tdata-xy=\"xo:919px,758px,575px,575px;yo:2px,1px,0,1px;\"\n\t\t\t\t\t\t\t\tdata-text=\"w:normal;s:20,16,12,12;l:0,20,15,15;\"\n\t\t\t\t\t\t\t\tdata-dim=\"w:325px,268px,203px,203px;h:415px,342px,259px,259px;\"\n\t\t\t\t\t\t\t\tdata-frame_999=\"o:0;st:w;\"\n\t\t\t\t\t\t\t\tstyle=\"z-index:8;background-color:#a9e03a;\"\n\t\t\t\t\t\t\t> \n\t\t\t\t\t\t\t<\/rs-layer><!--\n-->\t\t\t\t\t\t<\/rs-slide>\n\t\t\t\t\t\t<rs-slide style=\"position: absolute;\" data-key=\"rs-73\" data-title=\"Slide\" data-thumb=\"\/\/equateur-voyages.com\/wp-content\/uploads\/2019\/11\/Machalilla_10-100x30.jpg\" data-in=\"o:0;\" data-out=\"a:false;\">\n\t\t\t\t\t\t\t<img loading=\"lazy\" decoding=\"async\" src=\"\/\/equateur-voyages.com\/wp-content\/plugins\/revslider\/public\/assets\/assets\/dummy.png\" title=\"Machalilla_10\" width=\"600\" height=\"337\" class=\"rev-slidebg tp-rs-img rs-lazyload\" data-lazyload=\"\/\/equateur-voyages.com\/wp-content\/uploads\/2019\/11\/Machalilla_10.jpg\" data-no-retina>\n<!--\n\t\t\t\t\t\t\t--><rs-layer\n\t\t\t\t\t\t\t\tid=\"slider-20-slide-73-layer-5\" \n\t\t\t\t\t\t\t\tdata-type=\"shape\"\n\t\t\t\t\t\t\t\tdata-rsp_ch=\"on\"\n\t\t\t\t\t\t\t\tdata-xy=\"xo:860px,710px,539px,539px;yo:-1px,0,0,-1px;\"\n\t\t\t\t\t\t\t\tdata-text=\"w:normal;s:20,16,12,12;l:0,20,15,15;\"\n\t\t\t\t\t\t\t\tdata-dim=\"w:393px,324px,246px,246px;h:415px,342px,259px,259px;\"\n\t\t\t\t\t\t\t\tdata-frame_999=\"o:0;st:w;\"\n\t\t\t\t\t\t\t\tstyle=\"z-index:8;background-color:#a9e03a;\"\n\t\t\t\t\t\t\t> \n\t\t\t\t\t\t\t<\/rs-layer><!--\n\n\t\t\t\t\t\t\t--><rs-layer\n\t\t\t\t\t\t\t\tid=\"slider-20-slide-73-layer-9\" \n\t\t\t\t\t\t\t\tdata-type=\"text\"\n\t\t\t\t\t\t\t\tdata-color=\"#00490c\"\n\t\t\t\t\t\t\t\tdata-rsp_ch=\"on\"\n\t\t\t\t\t\t\t\tdata-xy=\"xo:893px,737px,559px,559px;yo:111px,91px,69px,69px;\"\n\t\t\t\t\t\t\t\tdata-text=\"w:normal;s:26,21,15,15;l:25,20,15,15;fw:700;\"\n\t\t\t\t\t\t\t\tdata-dim=\"w:430px,355px,269px,269px;h:94px,77px,58px,58px;\"\n\t\t\t\t\t\t\t\tdata-frame_999=\"o:0;st:w;\"\n\t\t\t\t\t\t\t\tstyle=\"z-index:10;font-family:'Verdana, Geneva, sans-serif';\"\n\t\t\t\t\t\t\t>COSTA DEL PACIFICO \n\t\t\t\t\t\t\t<\/rs-layer><!--\n\n\t\t\t\t\t\t\t--><rs-layer\n\t\t\t\t\t\t\t\tid=\"slider-20-slide-73-layer-13\" \n\t\t\t\t\t\t\t\tdata-type=\"text\"\n\t\t\t\t\t\t\t\tdata-color=\"#00490c\"\n\t\t\t\t\t\t\t\tdata-rsp_ch=\"on\"\n\t\t\t\t\t\t\t\tdata-xy=\"xo:897px,740px,562px,562px;yo:156px,128px,97px,97px;\"\n\t\t\t\t\t\t\t\tdata-text=\"w:normal;s:20,16,12,12;l:25,20,15,15;fw:300;\"\n\t\t\t\t\t\t\t\tdata-dim=\"w:315px,260px,197px,197px;h:502px,414px,314px,314px;\"\n\t\t\t\t\t\t\t\tdata-frame_999=\"o:0;st:w;\"\n\t\t\t\t\t\t\t\tstyle=\"z-index:9;font-family:'Open Sans';\"\n\t\t\t\t\t\t\t>La costa del Pac\u00edfico presenta un aspecto diferente seg\u00fan la latitud: playa salvaje y des\u00e9rtica, estaci\u00f3n balnearia moderna, t\u00edpicos pueblos de pescadores.<br \/>\n \n\t\t\t\t\t\t\t<\/rs-layer><!--\n-->\t\t\t\t\t\t<\/rs-slide>\n\t\t\t\t\t<\/rs-slides>\n\t\t\t\t\t<rs-static-layers><!--\n\t\t\t\t\t--><\/rs-static-layers>\n\t\t\t\t<\/rs-module>\n\t\t\t\t<script type=\"text\/javascript\">\n\t\t\t\t\tsetREVStartSize({c: 'rev_slider_20_1',rl:[1240,1024,778,778],el:[500,768,960,960],gw:[1240,1024,778,778],gh:[500,600,300,300],type:'carousel',justify:'',layout:'fullwidth',mh:\"0\"});if (window.RS_MODULES!==undefined && window.RS_MODULES.modules!==undefined && window.RS_MODULES.modules[\"revslider201\"]!==undefined) {window.RS_MODULES.modules[\"revslider201\"].once = false;window.revapi20 = undefined;window.RS_MODULES.checkMinimal()}\n\t\t\t\t<\/script>\n\t\t\t<\/rs-module-wrap>\n\t\t\t<!-- END REVOLUTION SLIDER -->\n[\/vc_column][\/vc_row][vc_row][vc_column][vc_empty_space][\/vc_column][\/vc_row][vc_row tz_row_type=&#8221;grid&#8221; css=&#8221;.vc_custom_1574761554185{background-color: #fafafa !important;}&#8221;][vc_column width=&#8221;3\/4&#8243;][vc_empty_space][vc_text_separator title=&#8221;Nuestras mini estancias&#8221; i_icon_fontawesome=&#8221;fa fa-thumbs-up&#8221; i_color=&#8221;black&#8221; i_background_style=&#8221;rounded-outline&#8221; i_background_color=&#8221;green&#8221; border_width=&#8221;2&#8243; add_icon=&#8221;true&#8221;][vc_empty_space][vc_column_text]\n<div class=\"thetexte\">\n<p data-start=\"208\" data-end=\"294\">\u00bfNo dispone de mucho tiempo en Ecuador? \u00bfSu viaje es corto o combina ocio y trabajo?<\/p>\n<p data-start=\"296\" data-end=\"489\">Descubra nuestras <strong data-start=\"314\" data-end=\"348\">escapadas favoritas en Ecuador<\/strong> y d\u00e9jese tentar\u2026<br data-start=\"365\" data-end=\"368\" \/>La oferta es amplia: los <strong data-start=\"393\" data-end=\"421\">mini tours seleccionados<\/strong> aqu\u00ed son lo <strong data-start=\"434\" data-end=\"475\">mejor de las experiencias imperdibles<\/strong> en el pa\u00eds.<\/p>\n<p data-start=\"491\" data-end=\"619\">Los gu\u00edas de estos circuitos hablan <strong data-start=\"527\" data-end=\"547\">ingl\u00e9s y espa\u00f1ol<\/strong>, pero tambi\u00e9n podemos ofrecer un <strong data-start=\"581\" data-end=\"600\">gu\u00eda franc\u00f3fono<\/strong> si as\u00ed lo desea.<\/p>\n<p>&nbsp;<\/p>\n<\/div>\n[\/vc_column_text][\/vc_column][vc_column width=&#8221;1\/4&#8243; css=&#8221;.vc_custom_1581604041125{background-color: #eded84 !important;border-radius: 15px !important;}&#8221;][vc_empty_space][vc_wp_custommenu nav_menu=&#8221;137&#8243;][vc_empty_space][\/vc_column][\/vc_row][vc_row tz_row_type=&#8221;grid&#8221; css=&#8221;.vc_custom_1574761554185{background-color: #fafafa !important;}&#8221;][vc_column][vc_empty_space][vc_text_separator title=&#8221;Salidas y ofertas&#8221; i_icon_fontawesome=&#8221;fa fa-handshake-o&#8221; i_color=&#8221;black&#8221; i_background_style=&#8221;rounded-outline&#8221; i_background_color=&#8221;green&#8221; border_width=&#8221;2&#8243; add_icon=&#8221;true&#8221;][vc_empty_space][vc_row_inner css=&#8221;.vc_custom_1580395959255{background-color: #a9e03a !important;border-radius: 15px !important;}&#8221;][vc_column_inner][vc_column_text]\n<p data-start=\"203\" data-end=\"267\">Nuestra secci\u00f3n <strong data-start=\"219\" data-end=\"240\">Salidas y Ofertas<\/strong> puede ser de su inter\u00e9s:<\/p>\n<p data-start=\"269\" data-end=\"406\">Participe en <strong data-start=\"282\" data-end=\"339\">grupos ya formados (Tour Compartido con fechas fijas)<\/strong> y aproveche nuestras <strong data-start=\"361\" data-end=\"403\">tarifas reducidas y ofertas especiales<\/strong>.<\/p>\n<p data-start=\"408\" data-end=\"488\">\u00bfViaja solo y desea unirse a un tour ya confirmado? \u00a1Ser\u00e1 un placer recibirle!<\/p>\n<p data-start=\"490\" data-end=\"618\">\u00bfPrefiere una <strong data-start=\"504\" data-end=\"534\">fecha de salida espec\u00edfica<\/strong>? Abriremos esa fecha en nuestro sitio web para que otros viajeros puedan sumarse.<\/p>\n<p data-start=\"620\" data-end=\"720\">\u00a1Cuanto m\u00e1s tiempo dispongamos, mayores ser\u00e1n las posibilidades de encontrar nuevos participantes!<\/p>\n<p data-start=\"722\" data-end=\"769\">Y, por supuesto, <strong data-start=\"739\" data-end=\"764\">sin ning\u00fan compromiso<\/strong>&#8230;<\/p>\n[\/vc_column_text][vc_btn title=&#8221;Salidas y ofertas&#8221; style=&#8221;3d&#8221; color=&#8221;success&#8221; size=&#8221;sm&#8221; align=&#8221;right&#8221; link=&#8221;url:%2Fes%2Fdeparts-et-offres%2F|title:Salidas%20y%20ofertas|target:_blank&#8221;][\/vc_column_inner][\/vc_row_inner][\/vc_column][\/vc_row][vc_row][vc_column][vc_empty_space][vc_separator color=&#8221;mulled_wine&#8221; style=&#8221;shadow&#8221;][\/vc_column][\/vc_row][vc_row tz_row_type=&#8221;grid&#8221; css=&#8221;.vc_custom_1572864851294{background-color: #606060 !important;}&#8221;][vc_column][vc_empty_space][vc_custom_heading text=&#8221;Nuestras mini estancias en cada regi\u00f3n&#8221; font_container=&#8221;tag:h3|text_align:left|color:%23ffffff&#8221; use_theme_fonts=&#8221;yes&#8221;][vc_empty_space][vc_row_inner disable_element=&#8221;yes&#8221;][vc_column_inner width=&#8221;1\/4&#8243;][vc_single_image image=&#8221;3211&#8243; img_size=&#8221;large&#8221; onclick=&#8221;custom_link&#8221; css_animation=&#8221;bounceInDown&#8221; link=&#8221;\/mini-sejours-andes\/&#8221;][vc_custom_heading text=&#8221;Andes&#8221; font_container=&#8221;tag:h3|text_align:left|color:%23ffffff&#8221; use_theme_fonts=&#8221;yes&#8221; link=&#8221;url:%2Fmini-sejours-andes%2F|title:Mini%20S%C3%A9jours%20Andes||&#8221;][\/vc_column_inner][vc_column_inner width=&#8221;1\/4&#8243;][vc_single_image image=&#8221;3212&#8243; img_size=&#8221;large&#8221; onclick=&#8221;custom_link&#8221; css_animation=&#8221;bounceInLeft&#8221; link=&#8221;\/mini-sejours-amazonie\/&#8221;][vc_custom_heading text=&#8221;Amazonie&#8221; font_container=&#8221;tag:h3|text_align:left|color:%23ffffff&#8221; use_theme_fonts=&#8221;yes&#8221; link=&#8221;url:%2Fmini-sejours-amazonie%2F|title:Mini%20S%C3%A9jours%20Amazonie||&#8221;][\/vc_column_inner][vc_column_inner width=&#8221;1\/4&#8243;][vc_single_image image=&#8221;3635&#8243; img_size=&#8221;large&#8221; onclick=&#8221;custom_link&#8221; css_animation=&#8221;bounceInRight&#8221; link=&#8221;\/mini-sejours-cote-pacifique\/&#8221;][vc_custom_heading text=&#8221;C\u00f4te Pacifique&#8221; font_container=&#8221;tag:h3|text_align:left|color:%23ffffff&#8221; use_theme_fonts=&#8221;yes&#8221; link=&#8221;url:%2Fmini-sejours-cote-pacifique%2F|title:Mini%20S%C3%A9jours%20c%C3%B4te%20Pacifique||&#8221;][\/vc_column_inner][vc_column_inner width=&#8221;1\/4&#8243;][vc_single_image image=&#8221;3668&#8243; img_size=&#8221;large&#8221; onclick=&#8221;custom_link&#8221; css_animation=&#8221;fadeInRightBig&#8221; link=&#8221;\/tours-galapagos\/&#8221;][vc_custom_heading text=&#8221;Les \u00eeles Galapagos&#8221; font_container=&#8221;tag:h3|text_align:left|color:%23ffffff&#8221; use_theme_fonts=&#8221;yes&#8221; link=&#8221;url:%2Ftours-galapagos%2F|title:S%C3%A9jours%20Galapagos||&#8221;][\/vc_column_inner][\/vc_row_inner][vc_row_inner][vc_column_inner width=&#8221;1\/3&#8243;][vc_single_image image=&#8221;3211&#8243; img_size=&#8221;large&#8221; onclick=&#8221;custom_link&#8221; css_animation=&#8221;bounceInDown&#8221; link=&#8221;\/es\/mini-sejours-andes\/&#8221;][vc_custom_heading text=&#8221;Andes&#8221; font_container=&#8221;tag:h3|text_align:left|color:%23ffffff&#8221; use_theme_fonts=&#8221;yes&#8221; link=&#8221;url:%2Fes%2Fmini-sejours-andes%2F|title:Andes&#8221;][\/vc_column_inner][vc_column_inner width=&#8221;1\/3&#8243;][vc_single_image image=&#8221;3212&#8243; img_size=&#8221;large&#8221; onclick=&#8221;custom_link&#8221; css_animation=&#8221;bounceInLeft&#8221; link=&#8221;\/es\/mini-sejours-amazonie\/&#8221;][vc_custom_heading text=&#8221;Amazon\u00eda&#8221; font_container=&#8221;tag:h3|text_align:left|color:%23ffffff&#8221; use_theme_fonts=&#8221;yes&#8221; link=&#8221;url:%2Fes%2Fmini-sejours-amazonie%2F|title:Amazon%C3%ADa&#8221;][\/vc_column_inner][vc_column_inner width=&#8221;1\/3&#8243;][vc_single_image image=&#8221;3635&#8243; img_size=&#8221;large&#8221; onclick=&#8221;custom_link&#8221; css_animation=&#8221;bounceInRight&#8221; link=&#8221;\/es\/mini-sejours-cote-pacifique\/&#8221;][vc_custom_heading text=&#8221;Costa&#8221; font_container=&#8221;tag:h3|text_align:left|color:%23ffffff&#8221; use_theme_fonts=&#8221;yes&#8221; link=&#8221;url:%2Fes%2Fmini-sejours-cote-pacifique%2F|title:Costa&#8221;][\/vc_column_inner][\/vc_row_inner][vc_empty_space][\/vc_column][\/vc_row]\n","protected":false},"excerpt":{"rendered":"<p>[vc_row][vc_column][\/vc_column][\/vc_row][vc_row][vc_column][vc_empty_space][\/vc_column][\/vc_row][vc_row tz_row_type=&#8221;grid&#8221; css=&#8221;.vc_custom_1574761554185{background-color: #fafafa !important;}&#8221;][vc_column width=&#8221;3\/4&#8243;][vc_empty_space][vc_text_separator title=&#8221;Nuestras mini estancias&#8221; i_icon_fontawesome=&#8221;fa fa-thumbs-up&#8221; i_color=&#8221;black&#8221; i_background_style=&#8221;rounded-outline&#8221; i_background_color=&#8221;green&#8221; border_width=&#8221;2&#8243; add_icon=&#8221;true&#8221;][vc_empty_space][vc_column_text] \u00bfNo dispone de mucho tiempo en Ecuador? \u00bfSu viaje es corto o combina ocio y trabajo? Descubra nuestras escapadas favoritas en Ecuador y d\u00e9jese tentar\u2026La oferta es amplia: los mini tours seleccionados aqu\u00ed son lo mejor de las experiencias [&hellip;]<\/p>\n","protected":false},"author":2,"featured_media":0,"parent":0,"menu_order":0,"comment_status":"closed","ping_status":"closed","template":"","meta":{"footnotes":""},"class_list":["post-3661","page","type-page","status-publish","hentry"],"translation":{"provider":"WPGlobus","version":"2.10.10","language":"es","enabled_languages":["fr","es","gb"],"languages":{"fr":{"title":true,"content":true,"excerpt":false},"es":{"title":true,"content":true,"excerpt":false},"gb":{"title":true,"content":true,"excerpt":false}}},"aioseo_notices":[],"_links":{"self":[{"href":"https:\/\/equateur-voyages.com\/es\/wp-json\/wp\/v2\/pages\/3661","targetHints":{"allow":["GET"]}}],"collection":[{"href":"https:\/\/equateur-voyages.com\/es\/wp-json\/wp\/v2\/pages"}],"about":[{"href":"https:\/\/equateur-voyages.com\/es\/wp-json\/wp\/v2\/types\/page"}],"author":[{"embeddable":true,"href":"https:\/\/equateur-voyages.com\/es\/wp-json\/wp\/v2\/users\/2"}],"replies":[{"embeddable":true,"href":"https:\/\/equateur-voyages.com\/es\/wp-json\/wp\/v2\/comments?post=3661"}],"version-history":[{"count":39,"href":"https:\/\/equateur-voyages.com\/es\/wp-json\/wp\/v2\/pages\/3661\/revisions"}],"predecessor-version":[{"id":7374,"href":"https:\/\/equateur-voyages.com\/es\/wp-json\/wp\/v2\/pages\/3661\/revisions\/7374"}],"wp:attachment":[{"href":"https:\/\/equateur-voyages.com\/es\/wp-json\/wp\/v2\/media?parent=3661"}],"curies":[{"name":"wp","href":"https:\/\/api.w.org\/{rel}","templated":true}]}}