{"id":3737,"date":"2019-11-27T08:01:08","date_gmt":"2019-11-27T07:01:08","guid":{"rendered":"http:\/\/s799595400.onlinehome.fr\/?page_id=3737"},"modified":"2025-11-19T21:29:24","modified_gmt":"2025-11-19T20:29:24","slug":"mini-sejours-cote-pacifique","status":"publish","type":"page","link":"https:\/\/equateur-voyages.com\/es\/mini-sejours-cote-pacifique\/","title":{"rendered":"Mini estancias en la costa"},"content":{"rendered":"[vc_row][vc_column][banner_slider auto_play=&#8221;true&#8221; loop=&#8221;true&#8221; tz_bg_banner=&#8221;3690&#8243;][banner_slider_item tz_type=&#8221;2&#8243; tz_title=&#8221;Tarifs de derni\u00e8re minute&#8221; tz_description=&#8221;Amazonie et Galapagos&#8221; tz_button=&#8221;Visionner D\u00e9parts et Offres&#8221; tz_link=&#8221;departs-et-offres&#8221;][banner_slider_item tz_type=&#8221;2&#8243; tz_title=&#8221;D\u00e9parts confirm\u00e9s&#8221; tz_description=&#8221;Tours organis\u00e9s, mini circuits&#8221; tz_button=&#8221;Visionner D\u00e9parts et Offres&#8221; tz_link=&#8221;departs-et-offres&#8221;][banner_slider_item tz_type=&#8221;2&#8243; tz_title=&#8221;Recherche de participant&#8221; tz_description=&#8221;Personne seule recherchant un compagnon de voyage&#8221; tz_button=&#8221;Visionner D\u00e9parts et Offres&#8221; tz_link=&#8221;departs-et-offres&#8221;][\/banner_slider][vc_row_inner][vc_column_inner][vc_empty_space][vc_empty_space][\/vc_column_inner][\/vc_row_inner][\/vc_column][\/vc_row][vc_row tz_row_type=&#8221;grid&#8221; css=&#8221;.vc_custom_1574785287983{background-color: #fafafa !important;}&#8221;][vc_column width=&#8221;3\/4&#8243; css=&#8221;.vc_custom_1581603852407{border-radius: 10px !important;}&#8221;][vc_empty_space][vc_text_separator title=&#8221;Nuestras mini estancias en la Costa&#8221; i_icon_fontawesome=&#8221;fa fa-thumbs-up&#8221; i_color=&#8221;black&#8221; i_background_style=&#8221;rounded-outline&#8221; i_background_color=&#8221;green&#8221; i_size=&#8221;lg&#8221; border_width=&#8221;2&#8243; add_icon=&#8221;true&#8221;][vc_empty_space][vc_column_text]\n<div class=\"thetexte\">\n<p data-start=\"227\" data-end=\"413\"><strong data-start=\"227\" data-end=\"286\">Descubra nuestros favoritos en Ecuador y d\u00e9jese tentar\u2026<\/strong><br data-start=\"286\" data-end=\"289\" \/>La elecci\u00f3n es amplia: las <strong data-start=\"316\" data-end=\"411\">miniestancias seleccionadas aqu\u00ed representan lo MEJOR de las escapadas posibles en Ecuador.<\/strong><\/p>\n<p data-start=\"415\" data-end=\"539\">Los gu\u00edas en estos circuitos hablan <strong data-start=\"451\" data-end=\"471\">ingl\u00e9s y espa\u00f1ol<\/strong>, pero tambi\u00e9n podemos <strong data-start=\"494\" data-end=\"537\">asignar un gu\u00eda franc\u00f3fono si lo desea.<\/strong><\/p>\n<p data-start=\"541\" data-end=\"715\">A continuaci\u00f3n, le presentamos <strong data-start=\"572\" data-end=\"636\">nuestra selecci\u00f3n de miniestancias en la Costa del Pac\u00edfico.<\/strong><br data-start=\"636\" data-end=\"639\" \/>Verificaremos las disponibilidades seg\u00fan la <strong data-start=\"683\" data-end=\"713\">fecha de salida que desee.<\/strong><\/p>\n<p data-start=\"717\" data-end=\"842\">Si viaja solo o desea <strong data-start=\"739\" data-end=\"772\">encontrar otros participantes<\/strong>, h\u00e1ganoslo saber a trav\u00e9s del <strong data-start=\"803\" data-end=\"840\">formulario de solicitud de viaje.<\/strong><\/p>\n<p data-start=\"844\" data-end=\"958\">Y si desea <strong data-start=\"855\" data-end=\"900\">opciones m\u00e1s espec\u00edficas o personalizadas<\/strong>, complete nuestro <strong data-start=\"919\" data-end=\"956\">formulario de \u201cViaje a la carta\u201d.<\/strong><\/p>\n<\/div>\n[\/vc_column_text][vc_empty_space][\/vc_column][vc_column width=&#8221;1\/4&#8243; css=&#8221;.vc_custom_1581603631238{background-color: #eded84 !important;border-radius: 15px !important;}&#8221;][vc_empty_space][vc_wp_custommenu nav_menu=&#8221;137&#8243;][vc_empty_space][\/vc_column][\/vc_row][vc_row][vc_column][vc_empty_space][vc_text_separator title=&#8221;Salidas y ofertas&#8221; i_icon_fontawesome=&#8221;fa fa-handshake-o&#8221; i_color=&#8221;black&#8221; i_background_style=&#8221;rounded-outline&#8221; i_background_color=&#8221;green&#8221; border_width=&#8221;2&#8243; add_icon=&#8221;true&#8221;][vc_empty_space][vc_row_inner css=&#8221;.vc_custom_1581606222027{background-color: #a9e03a !important;border-radius: 15px !important;}&#8221;][vc_column_inner][vc_column_text]\n<p data-start=\"214\" data-end=\"274\"><strong data-start=\"214\" data-end=\"272\">Nuestra secci\u00f3n \u201cSalidas y Ofertas\u201d puede interesarle:<\/strong><\/p>\n<ul data-start=\"276\" data-end=\"580\">\n<li data-start=\"276\" data-end=\"386\">\n<p data-start=\"278\" data-end=\"386\"><strong data-start=\"278\" data-end=\"314\">Inscr\u00edbase en grupos ya formados<\/strong> (Tour Compartido con fechas fijas) y <strong data-start=\"352\" data-end=\"384\">aproveche tarifas reducidas.<\/strong><\/p>\n<\/li>\n<li data-start=\"387\" data-end=\"473\">\n<p data-start=\"389\" data-end=\"473\">Si viaja solo y desea <strong data-start=\"411\" data-end=\"445\">unirse a un tour ya confirmado<\/strong>, \u00a1esta es su oportunidad!<\/p>\n<\/li>\n<li data-start=\"474\" data-end=\"580\">\n<p data-start=\"476\" data-end=\"580\">Si viaja solo y prefiere <strong data-start=\"501\" data-end=\"535\">una fecha espec\u00edfica de salida<\/strong>, abriremos esa fecha en nuestro sitio web.<\/p>\n<\/li>\n<\/ul>\n<p data-start=\"582\" data-end=\"709\">\u00a1Cuanto antes nos lo comunique, <strong data-start=\"614\" data-end=\"675\">m\u00e1s posibilidades habr\u00e1 de encontrar otros participantes!<\/strong><br data-start=\"675\" data-end=\"678\" \/>Sin compromiso, por supuesto\u2026<\/p>\n[\/vc_column_text][vc_btn title=&#8221;Salidas y ofertas&#8221; style=&#8221;3d&#8221; color=&#8221;success&#8221; size=&#8221;sm&#8221; align=&#8221;right&#8221; link=&#8221;url:%2Fes%2Fdeparts-et-offres%2F|title:Salidas%20y%20ofertas&#8221;][\/vc_column_inner][\/vc_row_inner][\/vc_column][\/vc_row][vc_row][vc_column][vc_empty_space][\/vc_column][\/vc_row][vc_row tz_row_type=&#8221;grid&#8221; disable_element=&#8221;yes&#8221; css=&#8221;.vc_custom_1575028930457{background-color: #fafafa !important;}&#8221;][vc_column width=&#8221;1\/2&#8243;][vc_empty_space][vc_text_separator title=&#8221;Nos mini s\u00e9jours sur la c\u00f4te Pacifique&#8221; i_icon_fontawesome=&#8221;fa fa-thumbs-up&#8221; i_color=&#8221;black&#8221; i_background_style=&#8221;rounded-outline&#8221; i_background_color=&#8221;green&#8221; i_size=&#8221;lg&#8221; border_width=&#8221;2&#8243; add_icon=&#8221;true&#8221;][vc_empty_space][vc_single_image image=&#8221;3635&#8243; img_size=&#8221;large&#8221; css_animation=&#8221;bounceInDown&#8221;][vc_empty_space][\/vc_column][vc_column width=&#8221;1\/2&#8243;][vc_empty_space][vc_row_inner css=&#8221;.vc_custom_1574784188347{background-image: url(\/wp-content\/uploads\/2019\/11\/Menu_Mini_SejourAND.jpg?id=3725) !important;}&#8221;][vc_column_inner width=&#8221;1\/2&#8243;][vc_single_image image=&#8221;3211&#8243; img_size=&#8221;large&#8221; onclick=&#8221;custom_link&#8221; css_animation=&#8221;bounceInDown&#8221; link=&#8221;\/es\/mini-sejours-andes\/&#8221;][vc_custom_heading text=&#8221;Andes&#8221; font_container=&#8221;tag:h3|text_align:center|color:%23ffffff&#8221; use_theme_fonts=&#8221;yes&#8221; link=&#8221;url:%2Fmini-sejours-andes%2F|title:Mini%20S%C3%A9jours%20Andes||&#8221;][\/vc_column_inner][vc_column_inner width=&#8221;1\/2&#8243;][vc_single_image image=&#8221;3212&#8243; img_size=&#8221;large&#8221; onclick=&#8221;custom_link&#8221; css_animation=&#8221;bounceInDown&#8221; link=&#8221;\/es\/mini-sejours-amazonie\/&#8221;][vc_custom_heading text=&#8221;Amazonie&#8221; font_container=&#8221;tag:h3|text_align:center|color:%23ffffff&#8221; use_theme_fonts=&#8221;yes&#8221; link=&#8221;url:%2Fmini-sejours-amazonie%2F|title:Mini%20S%C3%A9jours%20Amazonie||&#8221;][\/vc_column_inner][\/vc_row_inner][vc_row_inner][vc_column_inner][vc_column_text]\n<div class=\"thetexte\">\n<p><span style=\"font-size: 16px;\">Regardez nos coups de c\u0153ur en Equateur et laissez vous tenter\u2026 Le choix est grand, <strong>les mini s\u00e9jours s\u00e9lectionn\u00e9s ici sont le\u00a0BEST OF des \u00e9vasions possibles en Equateur<\/strong> \u2026<\/span><\/p>\n<p><span style=\"font-size: 16px;\">Les guides sur ces circuits parlent anglais et espagnol mais nous <strong>pouvons aussi placer un guide francophone si cela est n\u00e9cessaire<\/strong>\u00a0<\/span><\/p>\n<p>&nbsp;<\/p>\n<\/div>\n[\/vc_column_text][\/vc_column_inner][\/vc_row_inner][\/vc_column][\/vc_row][vc_row tz_row_type=&#8221;grid&#8221; css=&#8221;.vc_custom_1762689628766{background-color: #b5b5b5 !important;}&#8221;][vc_column][vc_empty_space][vc_custom_heading text=&#8221;La Costa Pacifica&#8221; font_container=&#8221;tag:h3|text_align:left|color:%23fafafa&#8221; use_theme_fonts=&#8221;yes&#8221;][vc_row_inner][vc_column_inner][vc_column_text]\n<p data-start=\"96\" data-end=\"279\"><span style=\"color: #ffffff;\">Rica en recursos naturales, la costa del Pac\u00edfico presenta un aspecto diferente seg\u00fan la latitud: playa salvaje y des\u00e9rtica, estaci\u00f3n balnearia moderna, t\u00edpicos pueblos de pescadores.<\/span><\/p>\n<p data-start=\"281\" data-end=\"442\"><span style=\"color: #ffffff;\">La costa ecuatoriana, con aproximadamente ochocientos kil\u00f3metros de playa, cuenta con una corriente marina c\u00e1lida y ba\u00f1arse en estas olas es un verdadero placer.<\/span><\/p>\n<ul data-start=\"444\" data-end=\"712\">\n<li data-start=\"444\" data-end=\"515\">\n<p data-start=\"446\" data-end=\"515\"><span style=\"color: #ffffff;\">Descubrir la comunidad de Agua Blanca y sus vestigios arqueol\u00f3gicos<\/span><\/p>\n<\/li>\n<li data-start=\"516\" data-end=\"576\">\n<p data-start=\"518\" data-end=\"576\"><span style=\"color: #ffffff;\">Relajarse en las playas de arena blanca de \u00abLos Frailes\u00bb<\/span><\/p>\n<\/li>\n<li data-start=\"577\" data-end=\"642\">\n<p data-start=\"579\" data-end=\"642\"><span style=\"color: #ffffff;\">Maravillarse con el cortejo amoroso de las ballenas jorobadas<\/span><\/p>\n<\/li>\n<li data-start=\"643\" data-end=\"712\">\n<p data-start=\"645\" data-end=\"712\"><span style=\"color: #ffffff;\">Disfrutar de los platos t\u00edpicos y sabrosos de la regi\u00f3n de Manab\u00ed<\/span><\/p>\n<\/li>\n<\/ul>\n<p data-start=\"714\" data-end=\"774\"><span style=\"color: #ffffff;\">La costa del Pac\u00edfico le sorprender\u00e1 y no faltan atractivos.<\/span><\/p>\n[\/vc_column_text][vc_empty_space][\/vc_column_inner][\/vc_row_inner][vc_empty_space][vc_column_text]\n<p data-start=\"96\" data-end=\"183\"><span style=\"color: #ffffff;\">Aqu\u00ed est\u00e1 la selecci\u00f3n de mini-estad\u00edas en la costa del Pac\u00edfico que podemos ofrecerle.<\/span><\/p>\n<p data-start=\"185\" data-end=\"354\"><span style=\"color: #ffffff;\">Verificaremos las disponibilidades seg\u00fan la fecha de salida que desee. Si viaja solo o si busca otros participantes, ind\u00edquenoslo en el formulario de solicitud de viaje.<\/span><\/p>\n<p data-start=\"356\" data-end=\"439\"><span style=\"color: #ffffff;\">Si desea opciones m\u00e1s espec\u00edficas, complete nuestro formulario de Viaje a la Carta.<\/span><\/p>\n[\/vc_column_text][vc_empty_space]    <div class=\"tzElement_FeaturedTour   type-5\">\r\n\r\n                    <div class=\"tzTour-top\">\r\n\r\n                \r\n                \r\n                \r\n                                    <p class=\"tour-description\"><\/p>\r\n                            <\/div>\r\n\r\n                <div                 class=\"tzTour  \">\r\n                            <div class=\"tzTour-item\">\r\n                                        <div class=\"tzTour-item-box\">\r\n                                                                            <div class=\"tzImg-tour\">\r\n                                <div class=\"tz-thumb \">\r\n                                    <a href=\"https:\/\/equateur-voyages.com\/es\/tour\/parc-national-machalilla\/\">\r\n                                        <img loading=\"lazy\" decoding=\"async\" width=\"900\" height=\"678\" src=\"https:\/\/equateur-voyages.com\/wp-content\/uploads\/2019\/11\/Machalilla_AVANT-1024x771.jpg\" class=\"attachment-large\" alt=\"\" title=\"Machalilla_AVANT\" srcset=\"https:\/\/equateur-voyages.com\/wp-content\/uploads\/2019\/11\/Machalilla_AVANT-1024x771.jpg 1024w, https:\/\/equateur-voyages.com\/wp-content\/uploads\/2019\/11\/Machalilla_AVANT-300x226.jpg 300w, https:\/\/equateur-voyages.com\/wp-content\/uploads\/2019\/11\/Machalilla_AVANT-768x579.jpg 768w, https:\/\/equateur-voyages.com\/wp-content\/uploads\/2019\/11\/Machalilla_AVANT-1536x1157.jpg 1536w, https:\/\/equateur-voyages.com\/wp-content\/uploads\/2019\/11\/Machalilla_AVANT-600x452.jpg 600w, https:\/\/equateur-voyages.com\/wp-content\/uploads\/2019\/11\/Machalilla_AVANT.jpg 1593w\" sizes=\"auto, (max-width: 900px) 100vw, 900px\" \/>                                    <\/a>\r\n\r\n                                                                    <\/div>\r\n                                                            <\/div>\r\n                                                                            <div class=\"tzTour-info\">\r\n\r\n                                <div class=\"tz-title\">\r\n                                    <h3><a href=\"https:\/\/equateur-voyages.com\/es\/tour\/parc-national-machalilla\/\">El parque nacional Machalilla<\/a><\/h3>\r\n\r\n                                <\/div>\r\n                                <div class=\"tzTour-info-left\">\r\n\r\n                                    <div class=\"tz-reviews\">\r\n                                                                                <span class=\"reviews-count\">0testimonio<\/span>\r\n                                    <\/div>\r\n\r\n                                    <div class=\"clr\"><\/div>\r\n\r\n                                    \r\n                                    \r\n                                <\/div>\r\n\r\n                                \r\n                                <div class=\"clr\"><\/div>\r\n\r\n                                                                        <div class=\"tz-button\">\r\n                                            <a class=\"booking book-view-detail\" href=\"https:\/\/equateur-voyages.com\/es\/tour\/parc-national-machalilla\/\">\r\n                                                Detalles                                            <\/a>\r\n                                        <\/div>\r\n                                                                <\/div>\r\n                                                                    <\/div>\r\n                                <\/div>\r\n                    <\/div>\r\n                    <div class=\"tzTour-bottom\">\r\n                            <\/div>\r\n                <!--        <div class=\"tz-form-booking-ajax-content\"><\/div>-->\r\n        <!--        <div class=\"tz-reviews-ajax-content\"><\/div>-->\r\n\r\n        <script type=\"text\/javascript\">\r\n            jQuery(document).ready(function () {\r\n                \"use strict\";\r\n                jQuery('#tzTour-slider-1414520923').each(function () {\r\n                    jQuery(this).owlCarousel({\r\n                        rtl: false,\r\n                        nav: true,\r\n                        navText: [\"\", \"\"] ,\r\n                        autoplay: true,\r\n                        autoplayTimeout: 3000,\r\n                        loop: true,\r\n                        smartSpeed: 700,\r\n                        autoplayHoverPause: true,\r\n                        responsive: {\r\n                            0: {\r\n                                items: 1                            },\r\n                            600: {\r\n                                items: 1                            },\r\n                            992: {\r\n                                items: 1                            },\r\n                            1200: {\r\n                                items: 1                            },\r\n                            1500: {\r\n                                items: 1                            }\r\n                        },\r\n                        margin:30\r\n                    })\r\n                })\r\n            });\r\n        <\/script>\r\n    <\/div>\r\n\r\n    [\/vc_column][\/vc_row]\n","protected":false},"excerpt":{"rendered":"<p>[vc_row][vc_column][banner_slider auto_play=&#8221;true&#8221; loop=&#8221;true&#8221; tz_bg_banner=&#8221;3690&#8243;][banner_slider_item tz_type=&#8221;2&#8243; tz_title=&#8221;Tarifs de derni\u00e8re minute&#8221; tz_description=&#8221;Amazonie et Galapagos&#8221; tz_button=&#8221;Visionner D\u00e9parts et Offres&#8221; tz_link=&#8221;departs-et-offres&#8221;][banner_slider_item tz_type=&#8221;2&#8243; tz_title=&#8221;D\u00e9parts confirm\u00e9s&#8221; tz_description=&#8221;Tours organis\u00e9s, mini circuits&#8221; tz_button=&#8221;Visionner D\u00e9parts et Offres&#8221; tz_link=&#8221;departs-et-offres&#8221;][banner_slider_item tz_type=&#8221;2&#8243; tz_title=&#8221;Recherche de participant&#8221; tz_description=&#8221;Personne seule recherchant un compagnon de voyage&#8221; tz_button=&#8221;Visionner D\u00e9parts et Offres&#8221; tz_link=&#8221;departs-et-offres&#8221;][\/banner_slider][vc_row_inner][vc_column_inner][vc_empty_space][vc_empty_space][\/vc_column_inner][\/vc_row_inner][\/vc_column][\/vc_row][vc_row tz_row_type=&#8221;grid&#8221; css=&#8221;.vc_custom_1574785287983{background-color: #fafafa !important;}&#8221;][vc_column width=&#8221;3\/4&#8243; css=&#8221;.vc_custom_1581603852407{border-radius: 10px !important;}&#8221;][vc_empty_space][vc_text_separator title=&#8221;Nuestras mini [&hellip;]<\/p>\n","protected":false},"author":2,"featured_media":0,"parent":0,"menu_order":0,"comment_status":"closed","ping_status":"closed","template":"","meta":{"footnotes":""},"class_list":["post-3737","page","type-page","status-publish","hentry"],"translation":{"provider":"WPGlobus","version":"2.10.10","language":"es","enabled_languages":["fr","es","gb"],"languages":{"fr":{"title":true,"content":true,"excerpt":false},"es":{"title":true,"content":true,"excerpt":false},"gb":{"title":true,"content":true,"excerpt":false}}},"aioseo_notices":[],"_links":{"self":[{"href":"https:\/\/equateur-voyages.com\/es\/wp-json\/wp\/v2\/pages\/3737","targetHints":{"allow":["GET"]}}],"collection":[{"href":"https:\/\/equateur-voyages.com\/es\/wp-json\/wp\/v2\/pages"}],"about":[{"href":"https:\/\/equateur-voyages.com\/es\/wp-json\/wp\/v2\/types\/page"}],"author":[{"embeddable":true,"href":"https:\/\/equateur-voyages.com\/es\/wp-json\/wp\/v2\/users\/2"}],"replies":[{"embeddable":true,"href":"https:\/\/equateur-voyages.com\/es\/wp-json\/wp\/v2\/comments?post=3737"}],"version-history":[{"count":44,"href":"https:\/\/equateur-voyages.com\/es\/wp-json\/wp\/v2\/pages\/3737\/revisions"}],"predecessor-version":[{"id":7325,"href":"https:\/\/equateur-voyages.com\/es\/wp-json\/wp\/v2\/pages\/3737\/revisions\/7325"}],"wp:attachment":[{"href":"https:\/\/equateur-voyages.com\/es\/wp-json\/wp\/v2\/media?parent=3737"}],"curies":[{"name":"wp","href":"https:\/\/api.w.org\/{rel}","templated":true}]}}