{"id":3774,"date":"2019-11-27T18:29:40","date_gmt":"2019-11-27T17:29:40","guid":{"rendered":"http:\/\/s799595400.onlinehome.fr\/?page_id=3774"},"modified":"2025-11-19T20:48:08","modified_gmt":"2025-11-19T19:48:08","slug":"sejours-galapagos","status":"publish","type":"page","link":"https:\/\/equateur-voyages.com\/es\/sejours-galapagos\/","title":{"rendered":"Estancias en las islas Galapagos"},"content":{"rendered":"[vc_row][vc_column]\n\t\t\t<!-- START Slider Circuito Galapagos REVOLUTION SLIDER 6.5.5 --><p class=\"rs-p-wp-fix\"><\/p>\n\t\t\t<rs-module-wrap id=\"rev_slider_21_1_wrapper\" data-source=\"gallery\" style=\"visibility:hidden;background:transparent;padding:0;margin:0px auto;margin-top:0;margin-bottom:0;\">\n\t\t\t\t<rs-module id=\"rev_slider_21_1\" style=\"\" data-version=\"6.5.5\">\n\t\t\t\t\t<rs-slides>\n\t\t\t\t\t\t<rs-slide style=\"position: absolute;\" data-key=\"rs-78\" data-title=\"Slide\" data-thumb=\"\/\/equateur-voyages.com\/wp-content\/uploads\/2019\/11\/Accueil_GALAPAGOS-100x30.jpg\" data-anim=\"ms:650;\" data-in=\"o:0;\" data-out=\"a:false;\">\n\t\t\t\t\t\t\t<img loading=\"lazy\" decoding=\"async\" src=\"\/\/equateur-voyages.com\/wp-content\/plugins\/revslider\/public\/assets\/assets\/dummy.png\" title=\"Accueil_GALAPAGOS\" width=\"1536\" height=\"765\" class=\"rev-slidebg tp-rs-img rs-lazyload\" data-lazyload=\"\/\/equateur-voyages.com\/wp-content\/uploads\/2019\/11\/Accueil_GALAPAGOS.jpg\" data-no-retina>\n<!--\n\t\t\t\t\t\t\t--><rs-layer\n\t\t\t\t\t\t\t\tid=\"slider-21-slide-78-layer-6\" \n\t\t\t\t\t\t\t\tdata-type=\"shape\"\n\t\t\t\t\t\t\t\tdata-rsp_ch=\"on\"\n\t\t\t\t\t\t\t\tdata-xy=\"xo:1px,0,0,1px;yo:98px,80px,60px,60px;\"\n\t\t\t\t\t\t\t\tdata-text=\"w:normal;s:20,16,12,12;l:0,20,15,15;\"\n\t\t\t\t\t\t\t\tdata-dim=\"w:344px,284px,215px,215px;h:320px,264px,200px,200px;\"\n\t\t\t\t\t\t\t\tdata-frame_999=\"o:0;st:w;sR:2700;\"\n\t\t\t\t\t\t\t\tstyle=\"z-index:8;background-color:#a9e03a;\"\n\t\t\t\t\t\t\t> \n\t\t\t\t\t\t\t<\/rs-layer><!--\n\n\t\t\t\t\t\t\t--><rs-layer\n\t\t\t\t\t\t\t\tid=\"slider-21-slide-78-layer-10\" \n\t\t\t\t\t\t\t\tdata-type=\"text\"\n\t\t\t\t\t\t\t\tdata-rsp_ch=\"on\"\n\t\t\t\t\t\t\t\tdata-xy=\"xo:20px,16px,12px,12px;yo:134px,110px,83px,83px;\"\n\t\t\t\t\t\t\t\tdata-text=\"w:normal;s:30,24,18,18;l:40,33,25,25;ls:3px,2px,1px,1px;fw:700;\"\n\t\t\t\t\t\t\t\tdata-dim=\"w:363px,299px,227px,227px;h:94px,77px,58px,58px;\"\n\t\t\t\t\t\t\t\tdata-frame_999=\"o:0;st:w;sR:2700;\"\n\t\t\t\t\t\t\t\tstyle=\"z-index:11;font-family:'Roboto';\"\n\t\t\t\t\t\t\t>Las Gal\u00e1pagos \n\t\t\t\t\t\t\t<\/rs-layer><!--\n\n\t\t\t\t\t\t\t--><rs-layer\n\t\t\t\t\t\t\t\tid=\"slider-21-slide-78-layer-14\" \n\t\t\t\t\t\t\t\tdata-type=\"text\"\n\t\t\t\t\t\t\t\tdata-color=\"#00490c\"\n\t\t\t\t\t\t\t\tdata-rsp_ch=\"on\"\n\t\t\t\t\t\t\t\tdata-xy=\"xo:20px,16px,12px,12px;yo:174px,143px,108px,108px;\"\n\t\t\t\t\t\t\t\tdata-text=\"w:normal;s:20,16,12,12;l:25,20,15,15;fw:300;\"\n\t\t\t\t\t\t\t\tdata-dim=\"w:303px,250px,189px,189px;h:222px,183px,139px,139px;\"\n\t\t\t\t\t\t\t\tdata-frame_999=\"o:0;st:w;sR:2700;\"\n\t\t\t\t\t\t\t\tstyle=\"z-index:9;font-family:'Open Sans';\"\n\t\t\t\t\t\t\t>Al leer el famoso libro \u201cEl origen de las especies\u201d, escrito por el c\u00e9lebre naturalista ingl\u00e9s Charles Darwin, comprendemos que las Islas Gal\u00e1pagos encierran un verdadero misterio y siguen siendo un para\u00edso todav\u00eda preservado de nuestro mundo actual. <br \/>\n \n\t\t\t\t\t\t\t<\/rs-layer><!--\n\n\t\t\t\t\t\t\t--><rs-layer\n\t\t\t\t\t\t\t\tid=\"slider-21-slide-78-layer-25\" \n\t\t\t\t\t\t\t\tdata-type=\"text\"\n\t\t\t\t\t\t\t\tdata-color=\"#00490c\"\n\t\t\t\t\t\t\t\tdata-rsp_ch=\"on\"\n\t\t\t\t\t\t\t\tdata-xy=\"xo:20px,16px,12px,12px;yo:103px,85px,64px,64px;\"\n\t\t\t\t\t\t\t\tdata-text=\"w:normal;s:26,21,15,15;l:40,33,25,25;fw:700;\"\n\t\t\t\t\t\t\t\tdata-dim=\"w:363px,299px,227px,227px;h:94px,77px,58px,58px;\"\n\t\t\t\t\t\t\t\tdata-frame_999=\"o:0;st:w;sR:2700;\"\n\t\t\t\t\t\t\t\tstyle=\"z-index:10;font-family:'Verdana, Geneva, sans-serif';\"\n\t\t\t\t\t\t\t>ECUADOR \n\t\t\t\t\t\t\t<\/rs-layer><!--\n-->\t\t\t\t\t\t<\/rs-slide>\n\t\t\t\t\t\t<rs-slide style=\"position: absolute;\" data-key=\"rs-77\" data-title=\"Slide\" data-thumb=\"\/\/equateur-voyages.com\/wp-content\/uploads\/2020\/01\/Slider_Gal5-100x30.jpg\" data-in=\"o:0;\" data-out=\"a:false;\">\n\t\t\t\t\t\t\t<img loading=\"lazy\" decoding=\"async\" src=\"\/\/equateur-voyages.com\/wp-content\/plugins\/revslider\/public\/assets\/assets\/dummy.png\" title=\"Slider_Gal5\" width=\"1536\" height=\"765\" class=\"rev-slidebg tp-rs-img rs-lazyload\" data-lazyload=\"\/\/equateur-voyages.com\/wp-content\/uploads\/2020\/01\/Slider_Gal5.jpg\" data-no-retina>\n<!--\n\t\t\t\t\t\t\t--><rs-layer\n\t\t\t\t\t\t\t\tid=\"slider-21-slide-77-layer-5\" \n\t\t\t\t\t\t\t\tdata-type=\"shape\"\n\t\t\t\t\t\t\t\tdata-rsp_ch=\"on\"\n\t\t\t\t\t\t\t\tdata-xy=\"xo:891px,735px,558px,558px;yo:51px,42px,31px,31px;\"\n\t\t\t\t\t\t\t\tdata-text=\"w:normal;s:20,16,12,12;l:0,20,15,15;\"\n\t\t\t\t\t\t\t\tdata-dim=\"w:296px,244px,185px,185px;h:330px,272px,206px,206px;\"\n\t\t\t\t\t\t\t\tdata-frame_999=\"o:0;st:w;\"\n\t\t\t\t\t\t\t\tstyle=\"z-index:8;background-color:#a9e03a;\"\n\t\t\t\t\t\t\t> \n\t\t\t\t\t\t\t<\/rs-layer><!--\n\n\t\t\t\t\t\t\t--><rs-layer\n\t\t\t\t\t\t\t\tid=\"slider-21-slide-77-layer-9\" \n\t\t\t\t\t\t\t\tdata-type=\"text\"\n\t\t\t\t\t\t\t\tdata-color=\"#00490c\"\n\t\t\t\t\t\t\t\tdata-rsp_ch=\"on\"\n\t\t\t\t\t\t\t\tdata-xy=\"xo:902px,744px,565px,565px;yo:64px,52px,39px,39px;\"\n\t\t\t\t\t\t\t\tdata-text=\"w:normal;s:26,21,15,15;l:25,20,15,15;fw:700;\"\n\t\t\t\t\t\t\t\tdata-dim=\"w:430px,355px,269px,269px;h:53px,43px,32px,32px;\"\n\t\t\t\t\t\t\t\tdata-frame_999=\"o:0;st:w;\"\n\t\t\t\t\t\t\t\tstyle=\"z-index:10;font-family:'Verdana, Geneva, sans-serif';\"\n\t\t\t\t\t\t\t>LAS GAL\u00c1PAGOS \n\t\t\t\t\t\t\t<\/rs-layer><!--\n\n\t\t\t\t\t\t\t--><rs-layer\n\t\t\t\t\t\t\t\tid=\"slider-21-slide-77-layer-13\" \n\t\t\t\t\t\t\t\tdata-type=\"text\"\n\t\t\t\t\t\t\t\tdata-color=\"#00490c\"\n\t\t\t\t\t\t\t\tdata-rsp_ch=\"on\"\n\t\t\t\t\t\t\t\tdata-xy=\"x:r;xo:81px,66px,50px,50px;yo:133px,109px,82px,82px;\"\n\t\t\t\t\t\t\t\tdata-text=\"w:normal;s:20,16,12,12;l:25,20,15,15;fw:300;\"\n\t\t\t\t\t\t\t\tdata-dim=\"w:256px,211px,160px,160px;h:263px,217px,164px,164px;\"\n\t\t\t\t\t\t\t\tdata-frame_999=\"o:0;st:w;\"\n\t\t\t\t\t\t\t\tstyle=\"z-index:9;font-family:'Open Sans';\"\n\t\t\t\t\t\t\t>Les ofrecemos diferentes cruceros para visitar las Islas Encantadas.<br \/>\n<br \/>\nConociendo bien los barcos y la calidad de los itinerarios, organizaremos el crucero ideal en las Gal\u00e1pagos. \n\t\t\t\t\t\t\t<\/rs-layer><!--\n\n\t\t\t\t\t\t\t--><rs-layer\n\t\t\t\t\t\t\t\tid=\"slider-21-slide-77-layer-29\" \n\t\t\t\t\t\t\t\tdata-type=\"text\"\n\t\t\t\t\t\t\t\tdata-rsp_ch=\"on\"\n\t\t\t\t\t\t\t\tdata-xy=\"xo:903px,745px,566px,566px;yo:87px,71px,53px,53px;\"\n\t\t\t\t\t\t\t\tdata-text=\"w:normal;s:30,24,18,18;l:40,33,25,25;ls:3px,2px,1px,1px;fw:700;\"\n\t\t\t\t\t\t\t\tdata-dim=\"w:371px,306px,232px,232px;h:94px,77px,58px,58px;\"\n\t\t\t\t\t\t\t\tdata-frame_999=\"o:0;st:w;\"\n\t\t\t\t\t\t\t\tstyle=\"z-index:11;font-family:'Roboto';\"\n\t\t\t\t\t\t\t>Cruceros \n\t\t\t\t\t\t\t<\/rs-layer><!--\n-->\t\t\t\t\t\t<\/rs-slide>\n\t\t\t\t\t\t<rs-slide style=\"position: absolute;\" data-key=\"rs-80\" data-title=\"Slide\" data-thumb=\"\/\/equateur-voyages.com\/wp-content\/uploads\/2020\/01\/Slider_Gal4-100x30.jpg\" data-in=\"o:0;\" data-out=\"a:false;\">\n\t\t\t\t\t\t\t<img loading=\"lazy\" decoding=\"async\" src=\"\/\/equateur-voyages.com\/wp-content\/plugins\/revslider\/public\/assets\/assets\/dummy.png\" title=\"Slider_Gal4\" width=\"1536\" height=\"765\" class=\"rev-slidebg tp-rs-img rs-lazyload\" data-lazyload=\"\/\/equateur-voyages.com\/wp-content\/uploads\/2020\/01\/Slider_Gal4.jpg\" data-no-retina>\n<!--\n\t\t\t\t\t\t\t--><rs-layer\n\t\t\t\t\t\t\t\tid=\"slider-21-slide-80-layer-8\" \n\t\t\t\t\t\t\t\tdata-type=\"shape\"\n\t\t\t\t\t\t\t\tdata-rsp_ch=\"on\"\n\t\t\t\t\t\t\t\tdata-xy=\"xo:217px,179px,135px,135px;yo:41px,33px,25px,25px;\"\n\t\t\t\t\t\t\t\tdata-text=\"w:normal;s:20,16,12,12;l:0,20,15,15;\"\n\t\t\t\t\t\t\t\tdata-dim=\"w:789px,651px,494px,494px;h:185px,152px,115px,115px;\"\n\t\t\t\t\t\t\t\tdata-frame_999=\"o:0;st:w;\"\n\t\t\t\t\t\t\t\tstyle=\"z-index:8;background-color:#a9e03a;\"\n\t\t\t\t\t\t\t> \n\t\t\t\t\t\t\t<\/rs-layer><!--\n\n\t\t\t\t\t\t\t--><rs-layer\n\t\t\t\t\t\t\t\tid=\"slider-21-slide-80-layer-12\" \n\t\t\t\t\t\t\t\tdata-type=\"text\"\n\t\t\t\t\t\t\t\tdata-rsp_ch=\"on\"\n\t\t\t\t\t\t\t\tdata-xy=\"xo:231px,190px,144px,144px;yo:74px,61px,46px,46px;\"\n\t\t\t\t\t\t\t\tdata-text=\"w:normal;s:28,23,17,17;l:30,24,18,18;ls:3px,2px,1px,1px;fw:500;\"\n\t\t\t\t\t\t\t\tdata-dim=\"w:459px,379px,287px,287px;h:80px,66px,50px,50px;\"\n\t\t\t\t\t\t\t\tdata-frame_999=\"o:0;st:w;\"\n\t\t\t\t\t\t\t\tstyle=\"z-index:11;font-family:'Roboto';\"\n\t\t\t\t\t\t\t>Hostales con tours diarios \n\t\t\t\t\t\t\t<\/rs-layer><!--\n\n\t\t\t\t\t\t\t--><rs-layer\n\t\t\t\t\t\t\t\tid=\"slider-21-slide-80-layer-16\" \n\t\t\t\t\t\t\t\tdata-type=\"text\"\n\t\t\t\t\t\t\t\tdata-color=\"#00490c\"\n\t\t\t\t\t\t\t\tdata-rsp_ch=\"on\"\n\t\t\t\t\t\t\t\tdata-xy=\"xo:232px,191px,145px,145px;yo:111px,91px,69px,69px;\"\n\t\t\t\t\t\t\t\tdata-text=\"w:normal;s:20,16,12,12;l:25,20,15,15;fw:300;\"\n\t\t\t\t\t\t\t\tdata-dim=\"w:771px,636px,483px,483px;h:269px,222px,168px,168px;\"\n\t\t\t\t\t\t\t\tdata-frame_999=\"o:0;st:w;\"\n\t\t\t\t\t\t\t\tstyle=\"z-index:9;font-family:'Open Sans';\"\n\t\t\t\t\t\t\t>Ideal para las personas que sufren de mareos, esta alternativa le permitir\u00e1 descubrir las Gal\u00e1pagos durmiendo en tierra.<br \/>\nEl gu\u00eda que lo acompa\u00f1ar\u00e1 en los sitios ser\u00e1 un gu\u00eda local de habla inglesa; no ser\u00e1 el mismo durante toda su estancia. \n\t\t\t\t\t\t\t<\/rs-layer><!--\n\n\t\t\t\t\t\t\t--><rs-layer\n\t\t\t\t\t\t\t\tid=\"slider-21-slide-80-layer-27\" \n\t\t\t\t\t\t\t\tdata-type=\"text\"\n\t\t\t\t\t\t\t\tdata-color=\"#00490c\"\n\t\t\t\t\t\t\t\tdata-rsp_ch=\"on\"\n\t\t\t\t\t\t\t\tdata-xy=\"xo:229px,189px,143px,143px;yo:35px,28px,21px,21px;\"\n\t\t\t\t\t\t\t\tdata-text=\"w:normal;s:26,21,15,15;l:40,33,25,25;fw:700;\"\n\t\t\t\t\t\t\t\tdata-dim=\"w:338px,279px,211px,211px;h:67px,55px,41px,41px;\"\n\t\t\t\t\t\t\t\tdata-frame_999=\"o:0;st:w;\"\n\t\t\t\t\t\t\t\tstyle=\"z-index:10;font-family:'Verdana, Geneva, sans-serif';\"\n\t\t\t\t\t\t\t>LAS GAL\u00c1PAGOS \n\t\t\t\t\t\t\t<\/rs-layer><!--\n-->\t\t\t\t\t\t<\/rs-slide>\n\t\t\t\t\t\t<rs-slide style=\"position: absolute;\" data-key=\"rs-81\" data-title=\"Slide\" data-thumb=\"\/\/equateur-voyages.com\/wp-content\/uploads\/2020\/01\/Slider_Gal2-100x30.jpg\" data-duration=\"6300\" data-anim=\"ms:651;\" data-in=\"o:0;\" data-out=\"a:false;\">\n\t\t\t\t\t\t\t<img loading=\"lazy\" decoding=\"async\" src=\"\/\/equateur-voyages.com\/wp-content\/plugins\/revslider\/public\/assets\/assets\/dummy.png\" title=\"Slider_Gal2\" width=\"1536\" height=\"765\" class=\"rev-slidebg tp-rs-img rs-lazyload\" data-lazyload=\"\/\/equateur-voyages.com\/wp-content\/uploads\/2020\/01\/Slider_Gal2.jpg\" data-no-retina>\n<!--\n\t\t\t\t\t\t\t--><rs-layer\n\t\t\t\t\t\t\t\tid=\"slider-21-slide-81-layer-20\" \n\t\t\t\t\t\t\t\tdata-type=\"shape\"\n\t\t\t\t\t\t\t\tdata-rsp_ch=\"on\"\n\t\t\t\t\t\t\t\tdata-xy=\"xo:744px,614px,466px,466px;yo:27px,22px,16px,16px;\"\n\t\t\t\t\t\t\t\tdata-text=\"w:normal;s:20,16,12,12;l:0,20,15,15;\"\n\t\t\t\t\t\t\t\tdata-dim=\"w:529px,436px,331px,331px;h:315px,260px,197px,197px;\"\n\t\t\t\t\t\t\t\tdata-frame_1=\"sp:210;\"\n\t\t\t\t\t\t\t\tdata-frame_999=\"o:0;st:w;sp:210;\"\n\t\t\t\t\t\t\t\tstyle=\"z-index:8;background-color:#a9e03a;\"\n\t\t\t\t\t\t\t> \n\t\t\t\t\t\t\t<\/rs-layer><!--\n\n\t\t\t\t\t\t\t--><rs-layer\n\t\t\t\t\t\t\t\tid=\"slider-21-slide-81-layer-21\" \n\t\t\t\t\t\t\t\tdata-type=\"text\"\n\t\t\t\t\t\t\t\tdata-rsp_ch=\"on\"\n\t\t\t\t\t\t\t\tdata-xy=\"xo:758px,625px,474px,474px;yo:81px,66px,50px,50px;\"\n\t\t\t\t\t\t\t\tdata-text=\"w:normal;s:28,23,17,17;l:30,24,18,18;ls:3px,2px,1px,1px;fw:700;\"\n\t\t\t\t\t\t\t\tdata-dim=\"w:457px,377px,286px,286px;h:40px,33px,25px,25px;\"\n\t\t\t\t\t\t\t\tdata-frame_1=\"sp:210;\"\n\t\t\t\t\t\t\t\tdata-frame_999=\"o:0;st:w;sp:210;\"\n\t\t\t\t\t\t\t\tstyle=\"z-index:11;font-family:'Roboto';\"\n\t\t\t\t\t\t\t>Ofertas de ultimo minuto \n\t\t\t\t\t\t\t<\/rs-layer><!--\n\n\t\t\t\t\t\t\t--><rs-layer\n\t\t\t\t\t\t\t\tid=\"slider-21-slide-81-layer-22\" \n\t\t\t\t\t\t\t\tdata-type=\"text\"\n\t\t\t\t\t\t\t\tdata-color=\"#00490c\"\n\t\t\t\t\t\t\t\tdata-rsp_ch=\"on\"\n\t\t\t\t\t\t\t\tdata-xy=\"xo:756px,624px,474px,474px;yo:136px,112px,85px,85px;\"\n\t\t\t\t\t\t\t\tdata-text=\"w:normal;s:18,14,10,10;l:25,20,15,15;fw:300;a:inherit;\"\n\t\t\t\t\t\t\t\tdata-dim=\"w:501px,413px,313px,313px;h:266px,219px,166px,166px;\"\n\t\t\t\t\t\t\t\tdata-frame_1=\"sp:210;\"\n\t\t\t\t\t\t\t\tdata-frame_999=\"o:0;st:w;sp:210;\"\n\t\t\t\t\t\t\t\tstyle=\"z-index:9;font-family:'Open Sans';\"\n\t\t\t\t\t\t\t>Recibimos ofertas de salida de \u00faltimo minuto con regularidad.<br \/>\nInd\u00edquenos su rango de fechas posible y consultaremos las ofertas disponibles en consecuencia.<br \/>\n<br \/>\nTambi\u00e9n ofrecemos otras opciones de cruceros en barcos que no aparecen en nuestro sitio web\u2026<br \/>\n<br \/>\n \n\t\t\t\t\t\t\t<\/rs-layer><!--\n\n\t\t\t\t\t\t\t--><rs-layer\n\t\t\t\t\t\t\t\tid=\"slider-21-slide-81-layer-26\" \n\t\t\t\t\t\t\t\tdata-type=\"text\"\n\t\t\t\t\t\t\t\tdata-color=\"#00490c\"\n\t\t\t\t\t\t\t\tdata-rsp_ch=\"on\"\n\t\t\t\t\t\t\t\tdata-xy=\"xo:757px,625px,474px,474px;yo:33px,27px,20px,20px;\"\n\t\t\t\t\t\t\t\tdata-text=\"w:normal;s:26,21,15,15;l:40,33,25,25;fw:700;\"\n\t\t\t\t\t\t\t\tdata-dim=\"w:249px,205px,155px,155px;h:86px,71px,53px,53px;\"\n\t\t\t\t\t\t\t\tdata-frame_1=\"sp:210;\"\n\t\t\t\t\t\t\t\tdata-frame_999=\"o:0;st:w;sp:210;\"\n\t\t\t\t\t\t\t\tstyle=\"z-index:10;font-family:'Verdana, Geneva, sans-serif';\"\n\t\t\t\t\t\t\t>LAS GAL\u00c1PAGOS \n\t\t\t\t\t\t\t<\/rs-layer><!--\n-->\t\t\t\t\t\t<\/rs-slide>\n\t\t\t\t\t<\/rs-slides>\n\t\t\t\t\t<rs-static-layers><!--\n\t\t\t\t\t--><\/rs-static-layers>\n\t\t\t\t<\/rs-module>\n\t\t\t\t<script type=\"text\/javascript\">\n\t\t\t\t\tsetREVStartSize({c: 'rev_slider_21_1',rl:[1240,1024,778,778],el:[500,768,960,960],gw:[1240,1024,778,778],gh:[500,600,300,300],type:'carousel',justify:'',layout:'fullwidth',mh:\"0\"});if (window.RS_MODULES!==undefined && window.RS_MODULES.modules!==undefined && window.RS_MODULES.modules[\"revslider211\"]!==undefined) {window.RS_MODULES.modules[\"revslider211\"].once = false;window.revapi21 = undefined;window.RS_MODULES.checkMinimal()}\n\t\t\t\t<\/script>\n\t\t\t<\/rs-module-wrap>\n\t\t\t<!-- END REVOLUTION SLIDER -->\n[vc_empty_space][vc_separator color=&#8221;green&#8221; border_width=&#8221;2&#8243;][\/vc_column][\/vc_row][vc_row tz_row_type=&#8221;grid&#8221; css=&#8221;.vc_custom_1581411196758{background-color: #a9e03a !important;border-radius: 15px !important;}&#8221;][vc_column width=&#8221;2\/3&#8243;][vc_empty_space][vc_column_text]\n<p data-start=\"0\" data-end=\"256\">Al mencionar &lt;&gt; o al leer el famoso libro <strong data-start=\"42\" data-end=\"73\">\u00abEl origen de las especies\u00bb<\/strong>, escrito por el c\u00e9lebre naturalista ingl\u00e9s <strong data-start=\"117\" data-end=\"135\">Charles Darwin<\/strong>, podemos imaginar que las <strong data-start=\"162\" data-end=\"181\">Islas Gal\u00e1pagos<\/strong> guardan un misterio y un para\u00edso a\u00fan preservado de nuestro mundo actual.<\/p>\n<p data-start=\"258\" data-end=\"573\">Las <strong data-start=\"262\" data-end=\"275\">Gal\u00e1pagos<\/strong> son un santuario de fauna extraordinaria y el refugio de una vida end\u00e9mica \u00fanica. Este archipi\u00e9lago volc\u00e1nico est\u00e1 lleno de criaturas asombrosas: tortugas gigantes, iguanas terrestres y marinas, cormoranes, albatros, ping\u00fcinos, lobos marinos, piqueros de patas azules y decenas de miles de aves.<\/p>\n<p data-start=\"575\" data-end=\"835\" data-is-last-node=\"\" data-is-only-node=\"\">El <strong data-start=\"578\" data-end=\"607\">archipi\u00e9lago de Gal\u00e1pagos<\/strong>, de origen volc\u00e1nico, se encuentra en el oc\u00e9ano Pac\u00edfico, a mil kil\u00f3metros de las costas ecuatorianas. Est\u00e1 compuesto por <strong data-start=\"730\" data-end=\"791\">13 islas principales, 6 m\u00e1s peque\u00f1as y 49 islotes rocosos<\/strong>, con una superficie total de <strong data-start=\"821\" data-end=\"834\">7.850 km\u00b2<\/strong>.<\/p>\n[\/vc_column_text][vc_empty_space][\/vc_column][vc_column width=&#8221;1\/3&#8243;][vc_empty_space][vc_empty_space][vc_single_image image=&#8221;2189&#8243; img_size=&#8221;full&#8221; alignment=&#8221;center&#8221; style=&#8221;vc_box_border_circle&#8221;][vc_empty_space][\/vc_column][\/vc_row][vc_row tz_row_type=&#8221;grid&#8221;][vc_column][vc_empty_space][vc_row_inner][vc_column_inner width=&#8221;1\/2&#8243;][\/vc_column_inner][vc_column_inner width=&#8221;1\/2&#8243;][\/vc_column_inner][\/vc_row_inner][\/vc_column][\/vc_row][vc_row tz_row_type=&#8221;grid&#8221; css=&#8221;.vc_custom_1574878719835{background-color: #fafafa !important;}&#8221;][vc_column width=&#8221;3\/4&#8243;][vc_column_text]\n<div class=\"thetexte\">\n<p data-start=\"0\" data-end=\"79\">Lejanas, solitarias&#8230;<br data-start=\"22\" data-end=\"25\" \/><strong data-start=\"25\" data-end=\"77\">El mayor espect\u00e1culo de vida salvaje del planeta<\/strong><\/p>\n<p data-start=\"81\" data-end=\"686\">A <strong data-start=\"83\" data-end=\"107\">1.000 km del Ecuador<\/strong>, este archipi\u00e9lago de <strong data-start=\"130\" data-end=\"154\">19 islas principales<\/strong> y numerosos islotes ofrece una naturaleza salvaje que casi se puede tocar.<br data-start=\"229\" data-end=\"232\" \/>Han sido llamadas las <em data-start=\"254\" data-end=\"274\">\u201cislas encantadas\u201d<\/em>, <em data-start=\"276\" data-end=\"294\" data-is-only-node=\"\">\u201cel Arca de No\u00e9\u201d<\/em>, <em data-start=\"296\" data-end=\"330\">\u201cel laboratorio de la evoluci\u00f3n\u201d<\/em> y muchos otros nombres que intentan describir el gran despliegue que la naturaleza ofrece a los pocos privilegiados que pueden acceder a ellas.<br data-start=\"474\" data-end=\"477\" \/>El paisaje no es lo que uno podr\u00eda imaginar: a pesar de que las islas se encuentran sobre la l\u00ednea del Ecuador, en pleno Pac\u00edfico, <strong data-start=\"608\" data-end=\"655\">la roca volc\u00e1nica abunda y hay pocas playas<\/strong>. Pero no nos equivoquemos&#8230;<\/p>\n<p data-start=\"688\" data-end=\"1001\">No se va a las Gal\u00e1pagos para broncearse o descansar, sino para <strong data-start=\"752\" data-end=\"801\">disfrutar de la naturaleza y aprender de ella<\/strong>. En tan solo unos d\u00edas, presenciar\u00e1 escenas de vida salvaje que normalmente est\u00e1n reservadas a los investigadores que han dedicado a\u00f1os a observar a los animales. \u00a1Y a solo unos pasos de distancia!<\/p>\n<p data-start=\"1003\" data-end=\"1244\">Disfrute de este viaje para compartir <strong data-start=\"1041\" data-end=\"1063\">sensaciones \u00fanicas<\/strong>, pero no olvide respetar ciertas reglas. Ninguna de ellas es fruto del capricho: las islas viven ahora en un <strong data-start=\"1173\" data-end=\"1194\">equilibrio fr\u00e1gil<\/strong> y necesitan toda nuestra atenci\u00f3n y protecci\u00f3n.<\/p>\n<p data-start=\"1246\" data-end=\"1680\">La visita a estas islas est\u00e1 <strong data-start=\"1275\" data-end=\"1301\">estrictamente regulada<\/strong> para evitar, en la medida de lo posible, el impacto del turismo. Tenga en cuenta que <strong data-start=\"1387\" data-end=\"1471\">no se puede permanecer en una zona que pertenezca al Parque Nacional sin un gu\u00eda<\/strong>, ni <strong data-start=\"1476\" data-end=\"1501\">transportar alimentos<\/strong> o <strong data-start=\"1504\" data-end=\"1513\">fumar<\/strong>. Sobre este \u00faltimo punto, no hay que preocuparse demasiado: \u00a1los fumadores empedernidos aseguran haber olvidado el cigarrillo frente al espect\u00e1culo de los animales!<\/p>\n<p data-start=\"1682\" data-end=\"1958\" data-is-last-node=\"\" data-is-only-node=\"\">En las islas solo se puede caminar por los <strong data-start=\"1725\" data-end=\"1749\">senderos se\u00f1alizados<\/strong>, pero ya hay tanto que ver&#8230; como aves que anidan justo al borde del camino, por ejemplo.<br data-start=\"1840\" data-end=\"1843\" \/>Existen tambi\u00e9n otras reglas b\u00e1sicas: <strong data-start=\"1881\" data-end=\"1958\" data-is-last-node=\"\">no tocar a los animales, no arrojar basura, no llevarse arena ni plantas.<\/strong><\/p>\n<\/div>\n[\/vc_column_text][\/vc_column][vc_column width=&#8221;1\/4&#8243; css=&#8221;.vc_custom_1578648411291{background-color: #eded84 !important;border-radius: 15px !important;}&#8221;][vc_empty_space][vc_wp_custommenu nav_menu=&#8221;142&#8243;][vc_empty_space][\/vc_column][\/vc_row][vc_row tz_row_type=&#8221;grid&#8221;][vc_column][vc_empty_space][vc_row_inner][vc_column_inner width=&#8221;1\/2&#8243;][\/vc_column_inner][vc_column_inner width=&#8221;1\/2&#8243;][\/vc_column_inner][\/vc_row_inner][\/vc_column][\/vc_row][vc_row tz_row_type=&#8221;grid&#8221; css=&#8221;.vc_custom_1572864851294{background-color: #606060 !important;}&#8221;][vc_column][vc_empty_space][vc_custom_heading text=&#8221;Ofrecemos dos opciones diferentes para visitar las Gal\u00e1pagos:&#8221; font_container=&#8221;tag:h3|text_align:left|color:%23ffffff&#8221; use_theme_fonts=&#8221;yes&#8221;][vc_row_inner][vc_column_inner width=&#8221;1\/2&#8243;][vc_single_image image=&#8221;4520&#8243; img_size=&#8221;large&#8221; onclick=&#8221;custom_link&#8221; css_animation=&#8221;bounceInDown&#8221; link=&#8221;\/es\/croisieres-galapagos\/&#8221;][vc_empty_space][vc_custom_heading text=&#8221;Cruceros&#8221; font_container=&#8221;tag:h3|text_align:left|color:%23ffffff&#8221; use_theme_fonts=&#8221;yes&#8221; link=&#8221;url:%2Fes%2Fcroisieres-galapagos%2F|title:Cruceros&#8221;][vc_empty_space][vc_column_text]<span style=\"font-size: 16px;\"><em><span style=\"color: #fafafa;\"><strong>C\u2019est de loin le meilleur moyen<\/strong> de les visiter si on ne dispose pas de beaucoup de temps car les bateaux naviguent de nuit et toute la journ\u00e9e est consacr\u00e9e \u00e0 la visite de plusieurs sites. De plus, navigant de nuit, il est possible de visiter des iles \u00e9loign\u00e9es de Santa Cruz \/ San Cristobal ou Isabela, <strong>les temps de navigation pouvant \u00eatre certaines fois de 8 heures entre iles. <\/strong><\/span><\/em><\/span><\/p>\n<p><span style=\"font-size: 16px;\"><em><span style=\"color: #fafafa;\">Le parc national Galapagos autorise l\u2019acc\u00e8s \u00e0 l\u2019int\u00e9gralit\u00e9 des sites aux croisi\u00e8res et g\u00e8re le flux des bateaux pour qu\u2019il n\u2019y ait jamais plusieurs groupes en m\u00eame temps sur un site.<\/span><\/em><\/span><br \/>\n<span style=\"font-size: 16px;\"><em><span style=\"color: #fafafa;\"><strong>Les guides \u00e0 bord des bateaux sont exp\u00e9riment\u00e9s<\/strong> et sont tr\u00e8s pointus sur les explications de la faune et flore pr\u00e9sente aux Galapagos.<\/span><\/em><\/span>[\/vc_column_text][vc_empty_space][\/vc_column_inner][vc_column_inner width=&#8221;1\/2&#8243;][vc_single_image image=&#8221;4521&#8243; img_size=&#8221;large&#8221; onclick=&#8221;custom_link&#8221; css_animation=&#8221;bounceInRight&#8221; link=&#8221;\/es\/sejour-en-hotel\/&#8221;][vc_empty_space][vc_custom_heading text=&#8221;Estancias en hotel con tour diario&#8221; font_container=&#8221;tag:h3|text_align:left|color:%23ffffff&#8221; use_theme_fonts=&#8221;yes&#8221; link=&#8221;url:%2Fes%2Fsejour-en-hotel%2F|title:Estancias%20en%20hotel%20con%20tour%20diario&#8221;][vc_empty_space][vc_column_text]<span style=\"font-size: 16px;\"><em><span style=\"color: #fafafa;\">Ensuite viennent les tours journaliers ou Island Hopping qui se diff\u00e9rencient par <strong>des nuit\u00e9es en h\u00f4tel sur l\u2019une des 3 iles principales<\/strong> : Santa Cruz, Isabela ou San Cristobal. Chaque jour, <strong>une visite sera organis\u00e9e, elle pourra \u00eatre navigable ou p\u00e9destre<\/strong>.<\/span><\/em><\/span><\/p>\n<p><span style=\"font-size: 16px;\"><em><span style=\"color: #fafafa;\"><strong>Les guides sont moins exp\u00e9riment\u00e9s que sur une croisi\u00e8re classique<\/strong> et l\u2019ISLAND HOPPING est souvent encadr\u00e9 par des guides d\u00e9butants ou ne d\u00e9tenant pas un anglais forcement fluide.<\/span><\/em><\/span><\/p>\n<p><span style=\"font-size: 16px;\"><em><span style=\"color: #fafafa;\"><strong>S\u00e9lection d\u2019H\u00f4tels:<\/strong><\/span><\/em><\/span><br \/>\n<span style=\"font-size: 16px;\"><em><span style=\"color: #fafafa;\">La s\u00e9lection d\u2019h\u00f4tels d\u00e9pend de la cat\u00e9gorie que vous choisissez et nous indiquerons les h\u00f4tels disponibles pour les dates choisies ainsi que les tarifs.<\/span><\/em><\/span><\/p>\n<p><span style=\"font-size: 16px;\"><em><span style=\"color: #fafafa;\"><strong>Horaires des Excursions:<\/strong><\/span><\/em><\/span><br \/>\n<span style=\"font-size: 16px;\"><em><span style=\"color: #fafafa;\">Les heures de d\u00e9part des excursions sont coordonn\u00e9es localement par les guides et les responsables des op\u00e9rations. Les heures des transferts entre les \u00eeles sont les seules qui poss\u00e8dent des heures fixes de sortie.<\/span><\/em><\/span>[\/vc_column_text][vc_empty_space][\/vc_column_inner][\/vc_row_inner][\/vc_column][\/vc_row]\n","protected":false},"excerpt":{"rendered":"<p>[vc_row][vc_column][vc_empty_space][vc_separator color=&#8221;green&#8221; border_width=&#8221;2&#8243;][\/vc_column][\/vc_row][vc_row tz_row_type=&#8221;grid&#8221; css=&#8221;.vc_custom_1581411196758{background-color: #a9e03a !important;border-radius: 15px !important;}&#8221;][vc_column width=&#8221;2\/3&#8243;][vc_empty_space][vc_column_text] Al mencionar &lt;&gt; o al leer el famoso libro \u00abEl origen de las especies\u00bb, escrito por el c\u00e9lebre naturalista ingl\u00e9s Charles Darwin, podemos imaginar que las Islas Gal\u00e1pagos guardan un misterio y un para\u00edso a\u00fan preservado de nuestro mundo actual. Las Gal\u00e1pagos son un santuario [&hellip;]<\/p>\n","protected":false},"author":2,"featured_media":0,"parent":0,"menu_order":0,"comment_status":"closed","ping_status":"closed","template":"","meta":{"footnotes":""},"class_list":["post-3774","page","type-page","status-publish","hentry"],"translation":{"provider":"WPGlobus","version":"2.10.10","language":"es","enabled_languages":["fr","es","gb"],"languages":{"fr":{"title":true,"content":true,"excerpt":false},"es":{"title":true,"content":true,"excerpt":false},"gb":{"title":true,"content":true,"excerpt":false}}},"aioseo_notices":[],"_links":{"self":[{"href":"https:\/\/equateur-voyages.com\/es\/wp-json\/wp\/v2\/pages\/3774","targetHints":{"allow":["GET"]}}],"collection":[{"href":"https:\/\/equateur-voyages.com\/es\/wp-json\/wp\/v2\/pages"}],"about":[{"href":"https:\/\/equateur-voyages.com\/es\/wp-json\/wp\/v2\/types\/page"}],"author":[{"embeddable":true,"href":"https:\/\/equateur-voyages.com\/es\/wp-json\/wp\/v2\/users\/2"}],"replies":[{"embeddable":true,"href":"https:\/\/equateur-voyages.com\/es\/wp-json\/wp\/v2\/comments?post=3774"}],"version-history":[{"count":35,"href":"https:\/\/equateur-voyages.com\/es\/wp-json\/wp\/v2\/pages\/3774\/revisions"}],"predecessor-version":[{"id":7388,"href":"https:\/\/equateur-voyages.com\/es\/wp-json\/wp\/v2\/pages\/3774\/revisions\/7388"}],"wp:attachment":[{"href":"https:\/\/equateur-voyages.com\/es\/wp-json\/wp\/v2\/media?parent=3774"}],"curies":[{"name":"wp","href":"https:\/\/api.w.org\/{rel}","templated":true}]}}