{"id":4298,"date":"2020-01-28T17:41:47","date_gmt":"2020-01-28T16:41:47","guid":{"rendered":"http:\/\/s799595400.onlinehome.fr\/?page_id=4298"},"modified":"2025-11-19T21:38:15","modified_gmt":"2025-11-19T20:38:15","slug":"croisieres-economiques-standards","status":"publish","type":"page","link":"https:\/\/equateur-voyages.com\/es\/croisieres-economiques-standards\/","title":{"rendered":"Cruceros clase Turista"},"content":{"rendered":"[vc_row][vc_column][banner_slider auto_play=&#8221;true&#8221; loop=&#8221;true&#8221; tz_bg_banner=&#8221;3690&#8243;][banner_slider_item tz_type=&#8221;2&#8243; tz_title=&#8221;Tarifas de \u00faltimo minuto&#8221; tz_description=&#8221;Amazonia y Galapagos&#8221; tz_button=&#8221;Ver Salidas y Ofertas&#8221; tz_link=&#8221;\/es\/departs-et-offres&#8221;][banner_slider_item tz_type=&#8221;2&#8243; tz_title=&#8221;Salidas confirmadas&#8221; tz_description=&#8221;Tours organizados, mini circuitos&#8221; tz_button=&#8221;Ver Salidas y Ofertas&#8221; tz_link=&#8221;\/es\/departs-et-offres&#8221;][banner_slider_item tz_type=&#8221;2&#8243; tz_title=&#8221;B\u00fasqueda de participantes&#8221; tz_description=&#8221;Persona sola que busca un compa\u00f1ero de viaje&#8221; tz_button=&#8221;Ver Salidas y Ofertas&#8221; tz_link=&#8221;\/es\/departs-et-offres&#8221;][\/banner_slider][vc_row_inner][vc_column_inner][vc_empty_space][vc_empty_space][\/vc_column_inner][\/vc_row_inner][\/vc_column][\/vc_row][vc_row tz_row_type=&#8221;grid&#8221; css=&#8221;.vc_custom_1574785287983{background-color: #fafafa !important;}&#8221;][vc_column css=&#8221;.vc_custom_1574963281990{background-color: #a9e03a !important;border-radius: 10px !important;}&#8221;][vc_empty_space][vc_text_separator title=&#8221;Nuestros cruceros en las Gal\u00e1pagos&#8221; i_icon_fontawesome=&#8221;fa fa-thumbs-up&#8221; i_color=&#8221;black&#8221; i_background_style=&#8221;rounded-outline&#8221; i_background_color=&#8221;green&#8221; i_size=&#8221;lg&#8221; border_width=&#8221;2&#8243; add_icon=&#8221;true&#8221;][vc_empty_space][vc_column_text]\n<div class=\"thetexte\">\n<p data-start=\"164\" data-end=\"358\"><em><strong>Los barcos y veleros seleccionados aqu\u00ed son los mejores de su categor\u00eda<\/strong><\/em>, con una capacidad mayoritariamente de entre 12 y 16 pasajeros, aunque tambi\u00e9n existen cruceros para hasta 100 personas.<\/p>\n<p data-start=\"360\" data-end=\"634\">Lo m\u00e1s importante es que son limpios, c\u00f3modos, y que en cada cabina dispondr\u00e1s de ba\u00f1o privado con ducha de agua fr\u00eda y caliente, as\u00ed como de aire acondicionado. Funcionan con motor di\u00e9sel y, en algunas ocasiones, los veleros izan sus velas para realizar trayectos cortos.<\/p>\n<p data-start=\"636\" data-end=\"972\"><em><strong>Los barcos, siguiendo los itinerarios establecidos por el Parque Nacional Gal\u00e1pagos, navegan de isla en isla<\/strong><\/em> generalmente durante la noche, mientras que durante el d\u00eda se visitan los sitios designados combinando caminatas y actividades de snorkel, seg\u00fan los programas y las restricciones establecidas por el Parque Nacional Gal\u00e1pagos.<\/p>\n<p data-start=\"974\" data-end=\"1183\"><em><strong>Estar\u00e1s acompa\u00f1ado por un gu\u00eda naturalista del Parque Nacional Gal\u00e1pagos<\/strong><\/em>, biling\u00fce en espa\u00f1ol e ingl\u00e9s, quien te brindar\u00e1 explicaciones sobre la biodiversidad de los lugares y los ecosistemas que los rodean.<\/p>\n<p data-start=\"1185\" data-end=\"1592\"><em><strong>En nuestra rigurosa selecci\u00f3n, todos los barcos cuentan con una excelente reputaci\u00f3n;<\/strong> <\/em>la tripulaci\u00f3n es muy amable, servicial y eficiente, y los gu\u00edas naturalistas est\u00e1n autorizados y poseen la licencia del Parque Nacional Gal\u00e1pagos. Son residentes de las islas y cuentan con amplios conocimientos sobre la fauna y flora, la historia y la geolog\u00eda de cada isla, as\u00ed como de la <em><strong>Reserva Marina de Gal\u00e1pagos<\/strong><\/em>.<\/p>\n<\/div>\n[\/vc_column_text][vc_empty_space][\/vc_column][\/vc_row][vc_row][vc_column][vc_empty_space][vc_empty_space][\/vc_column][\/vc_row][vc_row tz_row_type=&#8221;grid&#8221;][vc_column width=&#8221;3\/4&#8243;][vc_column_text]\n<div class=\"thetexte\">\n<p data-start=\"101\" data-end=\"253\">Tambi\u00e9n ofrecemos otras opciones de cruceros en barcos que no aparecen en nuestro sitio web&#8230; Si deseas un barco espec\u00edfico, esto tambi\u00e9n es posible.<\/p>\n<\/div>\n<p data-start=\"101\" data-end=\"253\">En ciertos per\u00edodos del a\u00f1o, algunos charters est\u00e1n organizados; cuando sea el caso, te lo haremos saber a trav\u00e9s de nuestra secci\u00f3n <strong data-start=\"413\" data-end=\"434\">SALIDAS Y OFERTAS<\/strong>, no dudes en consultarla.<\/p>\n<div class=\"thetexte\">\n<p data-start=\"464\" data-end=\"597\">Los barcos en las Islas Gal\u00e1pagos se dividen en cuatro categor\u00edas:<br data-start=\"530\" data-end=\"533\" \/><strong data-start=\"533\" data-end=\"597\">Econ\u00f3mica \/ Turista, Turista Superior, Primera Clase y Lujo.<\/strong><\/p>\n<p>&nbsp;<\/p>\n<p>&nbsp;<\/p>\n<\/div>\n[\/vc_column_text][vc_empty_space][\/vc_column][vc_column width=&#8221;1\/4&#8243; css=&#8221;.vc_custom_1578647862430{background-color: #eded84 !important;border-radius: 15px !important;}&#8221;][vc_empty_space][vc_wp_custommenu nav_menu=&#8221;142&#8243;][vc_empty_space][\/vc_column][\/vc_row][vc_row][vc_column][vc_empty_space][vc_empty_space][\/vc_column][\/vc_row][vc_row tz_row_type=&#8221;grid&#8221; css=&#8221;.vc_custom_1762690153708{background-color: #b5b5b5 !important;}&#8221;][vc_column][vc_empty_space][vc_custom_heading text=&#8221;Categor\u00eda Econ\u00f3mica \/ Turista&#8221; font_container=&#8221;tag:h3|text_align:left|color:%23fafafa&#8221; use_theme_fonts=&#8221;yes&#8221;][vc_empty_space][vc_row_inner][vc_column_inner][vc_column_text]\n<p data-start=\"40\" data-end=\"387\"><span style=\"color: #ffffff;\"><strong data-start=\"40\" data-end=\"88\">Nuestros barcos de clase Econ\u00f3mica \/ Turista<\/strong> (veleros a motor y barcos a motor), con una capacidad de 10 a 16 pasajeros, cuentan con interiores y \u00e1reas sociales espaciosas, c\u00f3modas cabinas dobles con literas, ba\u00f1o privado con agua caliente y aire acondicionado. Las cabinas est\u00e1n distribuidas entre las distintas cubiertas de cada embarcaci\u00f3n.<\/span><\/p>\n<p data-start=\"389\" data-end=\"469\"><span style=\"color: #ffffff;\">Las cabinas de la cubierta inferior disponen de portillos casi al nivel del mar.<\/span><\/p>\n<p data-start=\"471\" data-end=\"658\"><span style=\"color: #ffffff;\">Buena cocina con platos nacionales e internacionales, servidos en estilo buffet y preparados con el mayor cuidado y de acuerdo con el gusto de cada pasajero (vegetarianos o con alergias).<\/span><\/p>\n<p data-start=\"660\" data-end=\"763\"><span style=\"color: #ffffff;\"><strong data-start=\"660\" data-end=\"694\">Gu\u00edas naturalistas de clase II<\/strong>, biling\u00fces espa\u00f1ol \/ ingl\u00e9s, y una tripulaci\u00f3n seria y de confianza.<\/span><\/p>\n[\/vc_column_text][\/vc_column_inner][\/vc_row_inner]    <div class=\"tzElement_FeaturedTour   type-5\">\r\n\r\n                    <div class=\"tzTour-top\">\r\n\r\n                \r\n                \r\n                \r\n                                    <p class=\"tour-description\"><\/p>\r\n                            <\/div>\r\n\r\n                <div                 class=\"tzTour  \">\r\n                            <div class=\"tzTour-item\">\r\n                                        <div class=\"tzTour-item-box\">\r\n                                                                            <div class=\"tzImg-tour\">\r\n                                <div class=\"tz-thumb \">\r\n                                    <a href=\"https:\/\/equateur-voyages.com\/es\/tour\/orion\/\">\r\n                                        <img loading=\"lazy\" decoding=\"async\" width=\"900\" height=\"600\" src=\"https:\/\/equateur-voyages.com\/wp-content\/uploads\/2024\/12\/galaxy-orion-exterior-5-26-nov-2024.jpg\" class=\"attachment-large\" alt=\"\" title=\"galaxy-orion-exterior-5-26-nov-2024\" srcset=\"https:\/\/equateur-voyages.com\/wp-content\/uploads\/2024\/12\/galaxy-orion-exterior-5-26-nov-2024.jpg 900w, https:\/\/equateur-voyages.com\/wp-content\/uploads\/2024\/12\/galaxy-orion-exterior-5-26-nov-2024-300x200.jpg 300w, https:\/\/equateur-voyages.com\/wp-content\/uploads\/2024\/12\/galaxy-orion-exterior-5-26-nov-2024-768x512.jpg 768w, https:\/\/equateur-voyages.com\/wp-content\/uploads\/2024\/12\/galaxy-orion-exterior-5-26-nov-2024-600x400.jpg 600w\" sizes=\"auto, (max-width: 900px) 100vw, 900px\" \/>                                    <\/a>\r\n\r\n                                                                    <\/div>\r\n                                                            <\/div>\r\n                                                                            <div class=\"tzTour-info\">\r\n\r\n                                <div class=\"tz-title\">\r\n                                    <h3><a href=\"https:\/\/equateur-voyages.com\/es\/tour\/orion\/\">Orion<\/a><\/h3>\r\n\r\n                                <\/div>\r\n                                <div class=\"tzTour-info-left\">\r\n\r\n                                    <div class=\"tz-reviews\">\r\n                                                                                <span class=\"reviews-count\">0testimonio<\/span>\r\n                                    <\/div>\r\n\r\n                                    <div class=\"clr\"><\/div>\r\n\r\n                                    \r\n                                    \r\n                                <\/div>\r\n\r\n                                \r\n                                <div class=\"clr\"><\/div>\r\n\r\n                                                                        <div class=\"tz-button\">\r\n                                            <a class=\"booking book-view-detail\" href=\"https:\/\/equateur-voyages.com\/es\/tour\/orion\/\">\r\n                                                Detalles                                            <\/a>\r\n                                        <\/div>\r\n                                                                <\/div>\r\n                                                                    <\/div>\r\n                                <\/div>\r\n                            <div class=\"tzTour-item\">\r\n                                        <div class=\"tzTour-item-box\">\r\n                                                                            <div class=\"tzImg-tour\">\r\n                                <div class=\"tz-thumb \">\r\n                                    <a href=\"https:\/\/equateur-voyages.com\/es\/tour\/merak\/\">\r\n                                        <img loading=\"lazy\" decoding=\"async\" width=\"900\" height=\"678\" src=\"https:\/\/equateur-voyages.com\/wp-content\/uploads\/2020\/02\/Merak_AVANT-1024x771.jpg\" class=\"attachment-large\" alt=\"\" title=\"Merak_AVANT\" srcset=\"https:\/\/equateur-voyages.com\/wp-content\/uploads\/2020\/02\/Merak_AVANT-1024x771.jpg 1024w, https:\/\/equateur-voyages.com\/wp-content\/uploads\/2020\/02\/Merak_AVANT-300x226.jpg 300w, https:\/\/equateur-voyages.com\/wp-content\/uploads\/2020\/02\/Merak_AVANT-768x579.jpg 768w, https:\/\/equateur-voyages.com\/wp-content\/uploads\/2020\/02\/Merak_AVANT-1536x1157.jpg 1536w, https:\/\/equateur-voyages.com\/wp-content\/uploads\/2020\/02\/Merak_AVANT-600x452.jpg 600w, https:\/\/equateur-voyages.com\/wp-content\/uploads\/2020\/02\/Merak_AVANT.jpg 1593w\" sizes=\"auto, (max-width: 900px) 100vw, 900px\" \/>                                    <\/a>\r\n\r\n                                                                    <\/div>\r\n                                                            <\/div>\r\n                                                                            <div class=\"tzTour-info\">\r\n\r\n                                <div class=\"tz-title\">\r\n                                    <h3><a href=\"https:\/\/equateur-voyages.com\/es\/tour\/merak\/\">Merak<\/a><\/h3>\r\n\r\n                                <\/div>\r\n                                <div class=\"tzTour-info-left\">\r\n\r\n                                    <div class=\"tz-reviews\">\r\n                                                                                <span class=\"reviews-count\">0testimonio<\/span>\r\n                                    <\/div>\r\n\r\n                                    <div class=\"clr\"><\/div>\r\n\r\n                                    \r\n                                    \r\n                                <\/div>\r\n\r\n                                \r\n                                <div class=\"clr\"><\/div>\r\n\r\n                                                                        <div class=\"tz-button\">\r\n                                            <a class=\"booking book-view-detail\" href=\"https:\/\/equateur-voyages.com\/es\/tour\/merak\/\">\r\n                                                Detalles                                            <\/a>\r\n                                        <\/div>\r\n                                                                <\/div>\r\n                                                                    <\/div>\r\n                                <\/div>\r\n                            <div class=\"tzTour-item\">\r\n                                        <div class=\"tzTour-item-box\">\r\n                                                                            <div class=\"tzImg-tour\">\r\n                                <div class=\"tz-thumb \">\r\n                                    <a href=\"https:\/\/equateur-voyages.com\/es\/tour\/golondrina\/\">\r\n                                        <img loading=\"lazy\" decoding=\"async\" width=\"900\" height=\"599\" src=\"https:\/\/equateur-voyages.com\/wp-content\/uploads\/2020\/02\/golondrina-130-ap-150.jpg\" class=\"attachment-large\" alt=\"\" title=\"golondrina-130-ap-150\" srcset=\"https:\/\/equateur-voyages.com\/wp-content\/uploads\/2020\/02\/golondrina-130-ap-150.jpg 902w, https:\/\/equateur-voyages.com\/wp-content\/uploads\/2020\/02\/golondrina-130-ap-150-300x200.jpg 300w, https:\/\/equateur-voyages.com\/wp-content\/uploads\/2020\/02\/golondrina-130-ap-150-768x511.jpg 768w, https:\/\/equateur-voyages.com\/wp-content\/uploads\/2020\/02\/golondrina-130-ap-150-600x399.jpg 600w\" sizes=\"auto, (max-width: 900px) 100vw, 900px\" \/>                                    <\/a>\r\n\r\n                                                                    <\/div>\r\n                                                            <\/div>\r\n                                                                            <div class=\"tzTour-info\">\r\n\r\n                                <div class=\"tz-title\">\r\n                                    <h3><a href=\"https:\/\/equateur-voyages.com\/es\/tour\/golondrina\/\">Golondrina<\/a><\/h3>\r\n\r\n                                <\/div>\r\n                                <div class=\"tzTour-info-left\">\r\n\r\n                                    <div class=\"tz-reviews\">\r\n                                        <div class=\"tz-average-rating\"><div class=\"tz-rating tz-rating-50\"><\/div><\/div>                                        <span class=\"reviews-count\">1testimonio<\/span>\r\n                                    <\/div>\r\n\r\n                                    <div class=\"clr\"><\/div>\r\n\r\n                                    \r\n                                    \r\n                                <\/div>\r\n\r\n                                \r\n                                <div class=\"clr\"><\/div>\r\n\r\n                                                                        <div class=\"tz-button\">\r\n                                            <a class=\"booking book-view-detail\" href=\"https:\/\/equateur-voyages.com\/es\/tour\/golondrina\/\">\r\n                                                Detalles                                            <\/a>\r\n                                        <\/div>\r\n                                                                <\/div>\r\n                                                                    <\/div>\r\n                                <\/div>\r\n                    <\/div>\r\n                    <div class=\"tzTour-bottom\">\r\n                            <\/div>\r\n                <!--        <div class=\"tz-form-booking-ajax-content\"><\/div>-->\r\n        <!--        <div class=\"tz-reviews-ajax-content\"><\/div>-->\r\n\r\n        <script type=\"text\/javascript\">\r\n            jQuery(document).ready(function () {\r\n                \"use strict\";\r\n                jQuery('#tzTour-slider-1522777533').each(function () {\r\n                    jQuery(this).owlCarousel({\r\n                        rtl: false,\r\n                        nav: true,\r\n                        navText: [\"\", \"\"] ,\r\n                        autoplay: true,\r\n                        autoplayTimeout: 3000,\r\n                        loop: true,\r\n                        smartSpeed: 700,\r\n                        autoplayHoverPause: true,\r\n                        responsive: {\r\n                            0: {\r\n                                items: 1                            },\r\n                            600: {\r\n                                items: 1                            },\r\n                            992: {\r\n                                items: 1                            },\r\n                            1200: {\r\n                                items: 1                            },\r\n                            1500: {\r\n                                items: 1                            }\r\n                        },\r\n                        margin:30\r\n                    })\r\n                })\r\n            });\r\n        <\/script>\r\n    <\/div>\r\n\r\n    [vc_empty_space][\/vc_column][\/vc_row]\n","protected":false},"excerpt":{"rendered":"<p>[vc_row][vc_column][banner_slider auto_play=&#8221;true&#8221; loop=&#8221;true&#8221; tz_bg_banner=&#8221;3690&#8243;][banner_slider_item tz_type=&#8221;2&#8243; tz_title=&#8221;Tarifas de \u00faltimo minuto&#8221; tz_description=&#8221;Amazonia y Galapagos&#8221; tz_button=&#8221;Ver Salidas y Ofertas&#8221; tz_link=&#8221;\/es\/departs-et-offres&#8221;][banner_slider_item tz_type=&#8221;2&#8243; tz_title=&#8221;Salidas confirmadas&#8221; tz_description=&#8221;Tours organizados, mini circuitos&#8221; tz_button=&#8221;Ver Salidas y Ofertas&#8221; tz_link=&#8221;\/es\/departs-et-offres&#8221;][banner_slider_item tz_type=&#8221;2&#8243; tz_title=&#8221;B\u00fasqueda de participantes&#8221; tz_description=&#8221;Persona sola que busca un compa\u00f1ero de viaje&#8221; tz_button=&#8221;Ver Salidas y Ofertas&#8221; tz_link=&#8221;\/es\/departs-et-offres&#8221;][\/banner_slider][vc_row_inner][vc_column_inner][vc_empty_space][vc_empty_space][\/vc_column_inner][\/vc_row_inner][\/vc_column][\/vc_row][vc_row tz_row_type=&#8221;grid&#8221; css=&#8221;.vc_custom_1574785287983{background-color: #fafafa !important;}&#8221;][vc_column css=&#8221;.vc_custom_1574963281990{background-color: #a9e03a !important;border-radius: 10px !important;}&#8221;][vc_empty_space][vc_text_separator [&hellip;]<\/p>\n","protected":false},"author":2,"featured_media":0,"parent":0,"menu_order":0,"comment_status":"closed","ping_status":"closed","template":"","meta":{"footnotes":""},"class_list":["post-4298","page","type-page","status-publish","hentry"],"translation":{"provider":"WPGlobus","version":"2.10.10","language":"es","enabled_languages":["fr","es","gb"],"languages":{"fr":{"title":true,"content":true,"excerpt":false},"es":{"title":true,"content":true,"excerpt":false},"gb":{"title":true,"content":true,"excerpt":false}}},"aioseo_notices":[],"_links":{"self":[{"href":"https:\/\/equateur-voyages.com\/es\/wp-json\/wp\/v2\/pages\/4298","targetHints":{"allow":["GET"]}}],"collection":[{"href":"https:\/\/equateur-voyages.com\/es\/wp-json\/wp\/v2\/pages"}],"about":[{"href":"https:\/\/equateur-voyages.com\/es\/wp-json\/wp\/v2\/types\/page"}],"author":[{"embeddable":true,"href":"https:\/\/equateur-voyages.com\/es\/wp-json\/wp\/v2\/users\/2"}],"replies":[{"embeddable":true,"href":"https:\/\/equateur-voyages.com\/es\/wp-json\/wp\/v2\/comments?post=4298"}],"version-history":[{"count":30,"href":"https:\/\/equateur-voyages.com\/es\/wp-json\/wp\/v2\/pages\/4298\/revisions"}],"predecessor-version":[{"id":7389,"href":"https:\/\/equateur-voyages.com\/es\/wp-json\/wp\/v2\/pages\/4298\/revisions\/7389"}],"wp:attachment":[{"href":"https:\/\/equateur-voyages.com\/es\/wp-json\/wp\/v2\/media?parent=4298"}],"curies":[{"name":"wp","href":"https:\/\/api.w.org\/{rel}","templated":true}]}}