{"id":4334,"date":"2020-01-29T00:39:38","date_gmt":"2020-01-28T23:39:38","guid":{"rendered":"http:\/\/s799595400.onlinehome.fr\/?page_id=4334"},"modified":"2025-11-19T21:46:37","modified_gmt":"2025-11-19T20:46:37","slug":"sejour-en-hotel","status":"publish","type":"page","link":"https:\/\/equateur-voyages.com\/es\/sejour-en-hotel\/","title":{"rendered":"Estancias en hotel con tour diario"},"content":{"rendered":"[vc_row][vc_column][banner_slider auto_play=&#8221;true&#8221; loop=&#8221;true&#8221; tz_bg_banner=&#8221;3690&#8243;][banner_slider_item tz_type=&#8221;2&#8243; tz_title=&#8221;Tarifas de \u00faltimo minuto&#8221; tz_description=&#8221;Amazon\u00eda y Galapagos&#8221; tz_button=&#8221;Ver Salidas y Ofertas&#8221; tz_link=&#8221;\/es\/departs-et-offres&#8221;][banner_slider_item tz_type=&#8221;2&#8243; tz_title=&#8221;Salidas confirmadas&#8221; tz_description=&#8221;Tours organizados, mini circuitos&#8221; tz_button=&#8221;Ver Salidas y Ofertas&#8221; tz_link=&#8221;\/es\/departs-et-offres&#8221;][banner_slider_item tz_type=&#8221;2&#8243; tz_title=&#8221;B\u00fasqueda de participantes&#8221; tz_description=&#8221;Persona sola que busca un compa\u00f1ero de viaje&#8221; tz_button=&#8221;Ver Salidas y Ofertas&#8221; tz_link=&#8221;\/es\/departs-et-offres&#8221;][\/banner_slider][vc_row_inner][vc_column_inner][vc_empty_space][vc_empty_space][\/vc_column_inner][\/vc_row_inner][\/vc_column][\/vc_row][vc_row tz_row_type=&#8221;grid&#8221; css=&#8221;.vc_custom_1574785287983{background-color: #fafafa !important;}&#8221;][vc_column css=&#8221;.vc_custom_1574963281990{background-color: #a9e03a !important;border-radius: 10px !important;}&#8221;][vc_empty_space][vc_text_separator title=&#8221;Estancias en hotel con tour diario&#8221; i_icon_fontawesome=&#8221;fa fa-thumbs-up&#8221; i_color=&#8221;black&#8221; i_background_style=&#8221;rounded-outline&#8221; i_background_color=&#8221;green&#8221; i_size=&#8221;lg&#8221; border_width=&#8221;2&#8243; add_icon=&#8221;true&#8221;][vc_empty_space][vc_column_text]\n<div class=\"thetexte\">\n<p data-start=\"0\" data-end=\"174\"><strong data-start=\"0\" data-end=\"38\">Ideal para quienes sufren de mareo<\/strong>, esta alternativa le permitir\u00e1 descubrir las maravillas de las <strong data-start=\"102\" data-end=\"121\">Islas Gal\u00e1pagos<\/strong> pasando las noches en las principales localidades.<\/p>\n<p data-start=\"176\" data-end=\"408\">Sin embargo, <strong data-start=\"189\" data-end=\"201\">atenci\u00f3n<\/strong>: los <strong data-start=\"207\" data-end=\"227\">tours combinados<\/strong> (visitas y pernoctas en tierra) est\u00e1n dirigidos a <strong data-start=\"278\" data-end=\"298\">personas activas<\/strong>, ya que incluyen m\u00faltiples actividades: <strong data-start=\"339\" data-end=\"405\">caminatas, excursiones, navegaci\u00f3n y, por supuesto, snorkeling<\/strong>.<\/p>\n<p data-start=\"410\" data-end=\"696\">En comparaci\u00f3n con un <strong data-start=\"432\" data-end=\"443\">crucero<\/strong> (que navega durante la noche y permite recorrer grandes distancias), el <strong data-start=\"516\" data-end=\"534\">tour combinado<\/strong> no ofrece la misma variedad de paisajes y fauna. La navegaci\u00f3n se realiza durante el <strong data-start=\"620\" data-end=\"627\">d\u00eda<\/strong>, por lo que no es posible alejarse tanto de las islas principales.<\/p>\n<p data-start=\"698\" data-end=\"829\" data-is-last-node=\"\" data-is-only-node=\"\">El <strong data-start=\"701\" data-end=\"709\">gu\u00eda<\/strong> que lo acompa\u00f1ar\u00e1 en los distintos sitios ser\u00e1 un <strong data-start=\"760\" data-end=\"774\">gu\u00eda local<\/strong>, y <strong data-start=\"778\" data-end=\"828\">no necesariamente ser\u00e1 el mismo todos los d\u00edas<\/strong>.<\/p>\n<\/div>\n[\/vc_column_text][vc_empty_space][\/vc_column][\/vc_row][vc_row][vc_column][vc_empty_space][vc_empty_space][\/vc_column][\/vc_row][vc_row tz_row_type=&#8221;grid&#8221;][vc_column width=&#8221;3\/4&#8243;][vc_column_text]\n<div class=\"thetexte\">\n<p data-start=\"0\" data-end=\"315\"><strong data-start=\"0\" data-end=\"10\">Gu\u00edas:<\/strong><br data-start=\"10\" data-end=\"13\" \/>Utilizamos <strong data-start=\"24\" data-end=\"41\">gu\u00edas locales<\/strong>, es decir, un <strong data-start=\"56\" data-end=\"89\">gu\u00eda diferente para cada isla<\/strong> y por un tiempo determinado. El gu\u00eda acompa\u00f1a las excursiones en los sitios de visita, brinda explicaciones, comparte sus conocimientos sobre las islas, la fauna y la flora, y coordina las actividades para el d\u00eda siguiente.<\/p>\n<p data-start=\"317\" data-end=\"701\" data-is-last-node=\"\" data-is-only-node=\"\">En cuanto a los <strong data-start=\"333\" data-end=\"354\">almuerzos y cenas<\/strong>, el gu\u00eda le indicar\u00e1 los lugares seleccionados. Usted deber\u00e1 dirigirse por su cuenta a estos lugares despu\u00e9s de que el gu\u00eda lo haya dejado en su hotel. Las distancias son cortas, ya que las islas tienen pocos habitantes. <strong data-start=\"576\" data-end=\"627\">Es muy seguro caminar a cualquier hora del d\u00eda.<\/strong><br data-start=\"627\" data-end=\"630\" \/>El gu\u00eda <strong data-start=\"638\" data-end=\"701\" data-is-last-node=\"\">no lo acompa\u00f1ar\u00e1 a bordo de las lanchas r\u00e1pidas interislas.<\/strong><\/p>\n<\/div>\n[\/vc_column_text][vc_empty_space][\/vc_column][vc_column width=&#8221;1\/4&#8243; css=&#8221;.vc_custom_1578647862430{background-color: #eded84 !important;border-radius: 15px !important;}&#8221;][vc_empty_space][vc_wp_custommenu nav_menu=&#8221;142&#8243;][vc_empty_space][\/vc_column][\/vc_row][vc_row][vc_column][vc_empty_space][vc_empty_space][\/vc_column][\/vc_row][vc_row tz_row_type=&#8221;grid&#8221; css=&#8221;.vc_custom_1762691065305{background-color: #b5b5b5 !important;}&#8221;][vc_column][vc_empty_space][vc_custom_heading text=&#8221;Nuestros circuitos&#8221; font_container=&#8221;tag:h3|text_align:left|color:%23fafafa&#8221; use_theme_fonts=&#8221;yes&#8221;][vc_empty_space][vc_row_inner][vc_column_inner][vc_column_text]\n<p data-start=\"83\" data-end=\"266\"><span style=\"color: #ffffff;\"><strong data-start=\"83\" data-end=\"106\">Almuerzos y cenas :<\/strong><\/span><br data-start=\"106\" data-end=\"109\" \/><span style=\"color: #ffffff;\">Se trata de un men\u00fa del d\u00eda (no hay platos a la carta). Si desea que los almuerzos y cenas sean a la carta, existe un costo adicional; por favor cons\u00faltenos.<\/span><\/p>\n<p data-start=\"268\" data-end=\"793\"><span style=\"color: #ffffff;\"><strong data-start=\"268\" data-end=\"331\">Recomendaci\u00f3n para los barcos r\u00e1pidos de servicio p\u00fablico :<\/strong><\/span><br data-start=\"331\" data-end=\"334\" \/><span style=\"color: #ffffff;\">Recomendamos tomar una pastilla contra el mareo antes de comenzar la navegaci\u00f3n. Llevar bolsas de pl\u00e1stico en caso de mareo; las lanchas r\u00e1pidas no est\u00e1n totalmente cubiertas, por lo que aconsejamos guardar sus pertenencias dentro de bolsas pl\u00e1sticas para evitar que se mojen.<\/span><br data-start=\"610\" data-end=\"613\" \/><span style=\"color: #ffffff;\">Este tipo de embarcaci\u00f3n no ofrece ning\u00fan servicio a bordo por falta de espacio. El gu\u00eda no viajar\u00e1 en la lancha con los pasajeros; un nuevo gu\u00eda los recibir\u00e1 en la isla siguiente.<\/span><\/p>\n<p data-start=\"795\" data-end=\"985\"><span style=\"color: #ffffff;\"><strong data-start=\"795\" data-end=\"821\">Selecci\u00f3n de hoteles :<\/strong><\/span><br data-start=\"821\" data-end=\"824\" \/><span style=\"color: #ffffff;\">La selecci\u00f3n de hoteles depende de la categor\u00eda que usted elija. Le informaremos qu\u00e9 hoteles est\u00e1n disponibles para las fechas solicitadas, as\u00ed como sus tarifas.<\/span><\/p>\n<p data-start=\"987\" data-end=\"1228\"><span style=\"color: #ffffff;\"><strong data-start=\"987\" data-end=\"1020\">Horarios de las excursiones :<\/strong><\/span><br data-start=\"1020\" data-end=\"1023\" \/><span style=\"color: #ffffff;\">Las horas de salida de las excursiones son coordinadas localmente por los gu\u00edas y los responsables de operaciones. Los horarios de los traslados entre islas son los \u00fanicos que tienen horas fijas de salida.<\/span><\/p>\n[\/vc_column_text][\/vc_column_inner][\/vc_row_inner]    <div class=\"tzElement_FeaturedTour   type-5\">\r\n\r\n                    <div class=\"tzTour-top\">\r\n\r\n                \r\n                \r\n                \r\n                                    <p class=\"tour-description\"><\/p>\r\n                            <\/div>\r\n\r\n                <div                 class=\"tzTour  \">\r\n                            <div class=\"tzTour-item\">\r\n                                        <div class=\"tzTour-item-box\">\r\n                                                                            <div class=\"tzImg-tour\">\r\n                                <div class=\"tz-thumb \">\r\n                                    <a href=\"https:\/\/equateur-voyages.com\/es\/tour\/a-la-decouverte-disabela-5-jours\/\">\r\n                                        <img loading=\"lazy\" decoding=\"async\" width=\"900\" height=\"678\" src=\"https:\/\/equateur-voyages.com\/wp-content\/uploads\/2020\/02\/Sejour_Hotel_5D_1-1024x771.jpg\" class=\"attachment-large\" alt=\"\" title=\"Sejour_Hotel_5D_1\" srcset=\"https:\/\/equateur-voyages.com\/wp-content\/uploads\/2020\/02\/Sejour_Hotel_5D_1-1024x771.jpg 1024w, https:\/\/equateur-voyages.com\/wp-content\/uploads\/2020\/02\/Sejour_Hotel_5D_1-300x226.jpg 300w, https:\/\/equateur-voyages.com\/wp-content\/uploads\/2020\/02\/Sejour_Hotel_5D_1-768x579.jpg 768w, https:\/\/equateur-voyages.com\/wp-content\/uploads\/2020\/02\/Sejour_Hotel_5D_1-1536x1157.jpg 1536w, https:\/\/equateur-voyages.com\/wp-content\/uploads\/2020\/02\/Sejour_Hotel_5D_1-600x452.jpg 600w, https:\/\/equateur-voyages.com\/wp-content\/uploads\/2020\/02\/Sejour_Hotel_5D_1.jpg 1593w\" sizes=\"auto, (max-width: 900px) 100vw, 900px\" \/>                                    <\/a>\r\n\r\n                                                                    <\/div>\r\n                                                            <\/div>\r\n                                                                            <div class=\"tzTour-info\">\r\n\r\n                                <div class=\"tz-title\">\r\n                                    <h3><a href=\"https:\/\/equateur-voyages.com\/es\/tour\/a-la-decouverte-disabela-5-jours\/\">Descubriendo Isabela &#8211; 5 d\u00edas<\/a><\/h3>\r\n\r\n                                <\/div>\r\n                                <div class=\"tzTour-info-left\">\r\n\r\n                                    <div class=\"tz-reviews\">\r\n                                                                                <span class=\"reviews-count\">0testimonio<\/span>\r\n                                    <\/div>\r\n\r\n                                    <div class=\"clr\"><\/div>\r\n\r\n                                    \r\n                                    \r\n                                <\/div>\r\n\r\n                                \r\n                                <div class=\"clr\"><\/div>\r\n\r\n                                                                        <div class=\"tz-button\">\r\n                                            <a class=\"booking book-view-detail\" href=\"https:\/\/equateur-voyages.com\/es\/tour\/a-la-decouverte-disabela-5-jours\/\">\r\n                                                Detalles                                            <\/a>\r\n                                        <\/div>\r\n                                                                <\/div>\r\n                                                                    <\/div>\r\n                                <\/div>\r\n                    <\/div>\r\n                    <div class=\"tzTour-bottom\">\r\n                            <\/div>\r\n                <!--        <div class=\"tz-form-booking-ajax-content\"><\/div>-->\r\n        <!--        <div class=\"tz-reviews-ajax-content\"><\/div>-->\r\n\r\n        <script type=\"text\/javascript\">\r\n            jQuery(document).ready(function () {\r\n                \"use strict\";\r\n                jQuery('#tzTour-slider-653998621').each(function () {\r\n                    jQuery(this).owlCarousel({\r\n                        rtl: false,\r\n                        nav: true,\r\n                        navText: [\"\", \"\"] ,\r\n                        autoplay: true,\r\n                        autoplayTimeout: 3000,\r\n                        loop: true,\r\n                        smartSpeed: 700,\r\n                        autoplayHoverPause: true,\r\n                        responsive: {\r\n                            0: {\r\n                                items: 1                            },\r\n                            600: {\r\n                                items: 1                            },\r\n                            992: {\r\n                                items: 1                            },\r\n                            1200: {\r\n                                items: 1                            },\r\n                            1500: {\r\n                                items: 1                            }\r\n                        },\r\n                        margin:30\r\n                    })\r\n                })\r\n            });\r\n        <\/script>\r\n    <\/div>\r\n\r\n    [vc_empty_space][\/vc_column][\/vc_row]\n","protected":false},"excerpt":{"rendered":"<p>[vc_row][vc_column][banner_slider auto_play=&#8221;true&#8221; loop=&#8221;true&#8221; tz_bg_banner=&#8221;3690&#8243;][banner_slider_item tz_type=&#8221;2&#8243; tz_title=&#8221;Tarifas de \u00faltimo minuto&#8221; tz_description=&#8221;Amazon\u00eda y Galapagos&#8221; tz_button=&#8221;Ver Salidas y Ofertas&#8221; tz_link=&#8221;\/es\/departs-et-offres&#8221;][banner_slider_item tz_type=&#8221;2&#8243; tz_title=&#8221;Salidas confirmadas&#8221; tz_description=&#8221;Tours organizados, mini circuitos&#8221; tz_button=&#8221;Ver Salidas y Ofertas&#8221; tz_link=&#8221;\/es\/departs-et-offres&#8221;][banner_slider_item tz_type=&#8221;2&#8243; tz_title=&#8221;B\u00fasqueda de participantes&#8221; tz_description=&#8221;Persona sola que busca un compa\u00f1ero de viaje&#8221; tz_button=&#8221;Ver Salidas y Ofertas&#8221; tz_link=&#8221;\/es\/departs-et-offres&#8221;][\/banner_slider][vc_row_inner][vc_column_inner][vc_empty_space][vc_empty_space][\/vc_column_inner][\/vc_row_inner][\/vc_column][\/vc_row][vc_row tz_row_type=&#8221;grid&#8221; css=&#8221;.vc_custom_1574785287983{background-color: #fafafa !important;}&#8221;][vc_column css=&#8221;.vc_custom_1574963281990{background-color: #a9e03a !important;border-radius: 10px !important;}&#8221;][vc_empty_space][vc_text_separator [&hellip;]<\/p>\n","protected":false},"author":2,"featured_media":0,"parent":0,"menu_order":0,"comment_status":"closed","ping_status":"closed","template":"","meta":{"footnotes":""},"class_list":["post-4334","page","type-page","status-publish","hentry"],"translation":{"provider":"WPGlobus","version":"2.10.10","language":"es","enabled_languages":["fr","es","gb"],"languages":{"fr":{"title":true,"content":true,"excerpt":false},"es":{"title":true,"content":true,"excerpt":false},"gb":{"title":true,"content":true,"excerpt":false}}},"aioseo_notices":[],"_links":{"self":[{"href":"https:\/\/equateur-voyages.com\/es\/wp-json\/wp\/v2\/pages\/4334","targetHints":{"allow":["GET"]}}],"collection":[{"href":"https:\/\/equateur-voyages.com\/es\/wp-json\/wp\/v2\/pages"}],"about":[{"href":"https:\/\/equateur-voyages.com\/es\/wp-json\/wp\/v2\/types\/page"}],"author":[{"embeddable":true,"href":"https:\/\/equateur-voyages.com\/es\/wp-json\/wp\/v2\/users\/2"}],"replies":[{"embeddable":true,"href":"https:\/\/equateur-voyages.com\/es\/wp-json\/wp\/v2\/comments?post=4334"}],"version-history":[{"count":27,"href":"https:\/\/equateur-voyages.com\/es\/wp-json\/wp\/v2\/pages\/4334\/revisions"}],"predecessor-version":[{"id":7364,"href":"https:\/\/equateur-voyages.com\/es\/wp-json\/wp\/v2\/pages\/4334\/revisions\/7364"}],"wp:attachment":[{"href":"https:\/\/equateur-voyages.com\/es\/wp-json\/wp\/v2\/media?parent=4334"}],"curies":[{"name":"wp","href":"https:\/\/api.w.org\/{rel}","templated":true}]}}