{"id":4384,"date":"2020-01-30T16:15:19","date_gmt":"2020-01-30T15:15:19","guid":{"rendered":"http:\/\/s799595400.onlinehome.fr\/?page_id=4384"},"modified":"2025-11-20T14:08:53","modified_gmt":"2025-11-20T13:08:53","slug":"voyages-culturel-decouverte","status":"publish","type":"page","link":"https:\/\/equateur-voyages.com\/es\/voyages-culturel-decouverte\/","title":{"rendered":"Viaje cultural \/ Descubrimiento"},"content":{"rendered":"[vc_row][vc_column][banner_slider auto_play=&#8221;true&#8221; loop=&#8221;true&#8221; tz_bg_banner=&#8221;3356&#8243;][banner_slider_item tz_type=&#8221;2&#8243; tz_title=&#8221;Tarifas de ultimo minuto&#8221; tz_description=&#8221;Amazon\u00eda y Galapagos&#8221; tz_button=&#8221;Ver Salidas y Ofertas&#8221; tz_link=&#8221;\/es\/departs-et-offres&#8221;][banner_slider_item tz_type=&#8221;2&#8243; tz_title=&#8221;Salidas confirmadas&#8221; tz_description=&#8221;Tours organizados, mini circuitos&#8221; tz_button=&#8221;Ver Salidas y Ofertas&#8221; tz_link=&#8221;\/es\/departs-et-offres&#8221;][banner_slider_item tz_type=&#8221;2&#8243; tz_title=&#8221;B\u00fasqueda de participantes&#8221; tz_description=&#8221;Persona sola que busca un compa\u00f1ero de viaje&#8221; tz_button=&#8221;Ver Salidas y Ofertas&#8221; tz_link=&#8221;\/es\/departs-et-offres&#8221;][\/banner_slider][\/vc_column][\/vc_row][vc_row][vc_column][\/vc_column][\/vc_row][vc_row tz_row_type=&#8221;grid&#8221; css=&#8221;.vc_custom_1574761554185{background-color: #fafafa !important;}&#8221;][vc_column width=&#8221;1\/2&#8243;][vc_empty_space][vc_text_separator title=&#8221;Nuestros viajes culturales y de descubrimiento&#8221; i_icon_fontawesome=&#8221;fa fa-thumbs-up&#8221; i_color=&#8221;black&#8221; i_background_style=&#8221;rounded-outline&#8221; i_background_color=&#8221;green&#8221; border_width=&#8221;2&#8243; add_icon=&#8221;true&#8221;][vc_empty_space][vc_column_text]\n<div class=\"thetexte\">\n<p data-start=\"219\" data-end=\"451\">\u00bfSue\u00f1a con un <strong data-start=\"233\" data-end=\"258\">viaje todo organizado<\/strong>, sin preocuparse por nada y aprovechando al m\u00e1ximo cada d\u00eda?<br data-start=\"319\" data-end=\"322\" \/><strong data-start=\"322\" data-end=\"349\">Ecuador Voyages Passion<\/strong> le propone un tour por Ecuador acompa\u00f1ado por su gu\u00eda desde su llegada a <strong data-start=\"423\" data-end=\"432\">Quito<\/strong> o <strong data-start=\"435\" data-end=\"448\">Guayaquil<\/strong>.<\/p>\n<p data-start=\"453\" data-end=\"579\">Inscr\u00edbase en nuestros <strong data-start=\"476\" data-end=\"515\">grupos compartidos con fechas fijas<\/strong> y disfrute de <strong data-start=\"530\" data-end=\"576\">tarifas especiales y descuentos exclusivos<\/strong>.<\/p>\n<p data-start=\"581\" data-end=\"778\">Si prefiere una experiencia m\u00e1s personalizada, solicite un <strong data-start=\"640\" data-end=\"675\">circuito individual o exclusivo<\/strong>, ideal para <strong data-start=\"688\" data-end=\"728\">parejas, familias o grupos de amigos<\/strong> que deseen descubrir Ecuador a su propio ritmo.<\/p>\n<p data-start=\"780\" data-end=\"1022\">\u00bfSon solo dos personas y desean participar en un <strong data-start=\"829\" data-end=\"865\">Tour Compartido con fechas fijas<\/strong> para reducir el costo encontrando a otros viajeros?<br data-start=\"917\" data-end=\"920\" \/>\u00a1Abriremos la fecha en nuestro sitio web para reunir m\u00e1s participantes y hacer realidad su aventura!<\/p>\n<\/div>\n[\/vc_column_text][\/vc_column][vc_column width=&#8221;1\/2&#8243;][vc_empty_space][vc_text_separator title=&#8221;Salidas y ofertas&#8221; i_icon_fontawesome=&#8221;fa fa-handshake-o&#8221; i_color=&#8221;black&#8221; i_background_style=&#8221;rounded-outline&#8221; i_background_color=&#8221;green&#8221; border_width=&#8221;2&#8243; add_icon=&#8221;true&#8221;][vc_empty_space][vc_row_inner css=&#8221;.vc_custom_1580395724978{background-color: #a9e03a !important;border-radius: 15px !important;}&#8221;][vc_column_inner][vc_column_text]\n<p data-start=\"203\" data-end=\"267\">Nuestra secci\u00f3n <strong data-start=\"219\" data-end=\"240\">Salidas y Ofertas<\/strong> puede ser de su inter\u00e9s:<\/p>\n<p data-start=\"269\" data-end=\"406\">Participe en <strong data-start=\"282\" data-end=\"339\">grupos ya formados (Tour Compartido con fechas fijas)<\/strong> y aproveche nuestras <strong data-start=\"361\" data-end=\"403\">tarifas reducidas y ofertas especiales<\/strong>.<\/p>\n<p data-start=\"408\" data-end=\"488\">\u00bfViaja solo y desea unirse a un tour ya confirmado? \u00a1Ser\u00e1 un placer recibirle!<\/p>\n<p data-start=\"490\" data-end=\"618\">\u00bfPrefiere una <strong data-start=\"504\" data-end=\"534\">fecha de salida espec\u00edfica<\/strong>? Abriremos esa fecha en nuestro sitio web para que otros viajeros puedan sumarse.<\/p>\n<p data-start=\"620\" data-end=\"720\">\u00a1Cuanto m\u00e1s tiempo dispongamos, mayores ser\u00e1n las posibilidades de encontrar nuevos participantes!<\/p>\n<p data-start=\"722\" data-end=\"769\">Y, por supuesto, <strong data-start=\"739\" data-end=\"764\">sin ning\u00fan compromiso<\/strong>&#8230;<\/p>\n[\/vc_column_text][vc_btn title=&#8221;Salidas y ofertas&#8221; style=&#8221;3d&#8221; color=&#8221;success&#8221; size=&#8221;sm&#8221; align=&#8221;right&#8221; link=&#8221;url:%2Fes%2Fdeparts-et-offres%2F|title:Salidas%20y%20ofertas|target:_blank&#8221;][\/vc_column_inner][\/vc_row_inner][vc_empty_space][\/vc_column][\/vc_row][vc_row tz_row_type=&#8221;grid&#8221; css=&#8221;.vc_custom_1762687963847{background-color: #b5b5b5 !important;}&#8221;][vc_column][vc_empty_space][vc_custom_heading text=&#8221;Cultura y Descubrimiento&#8221; font_container=&#8221;tag:h3|font_size:26|text_align:left|color:%23ffffff&#8221; use_theme_fonts=&#8221;yes&#8221;][vc_empty_space][vc_row_inner][vc_column_inner width=&#8221;3\/4&#8243;][vc_column_text]\n<div class=\"thetexte\">\n<p data-start=\"97\" data-end=\"467\"><span style=\"color: #ffffff;\">Cuatro mundos se encuentran en Ecuador: desde la c\u00e1lida costa ba\u00f1ada por el Pac\u00edfico, pasando por las alturas nevadas y los valles de la cordillera de los Andes, para adentrarse finalmente en el intrincado manto verde de la selva amaz\u00f3nica, o <em data-start=\"340\" data-end=\"348\">Jungle<\/em> para algunos. Sin olvidar, por supuesto, la incomparable belleza y riqueza animal de las Gal\u00e1pagos o Islas Encantadas.<\/span><\/p>\n<p data-start=\"469\" data-end=\"825\"><span style=\"color: #ffffff;\">Los altares ba\u00f1ados en oro de las iglesias de Quito, las ruinas prehisp\u00e1nicas de Ingapirca con su ritual religioso incaico, los elegantes malecones de Guayaquil, los pintorescos pueblos pesqueros en los l\u00edmites del Parque Nacional Machalilla, los lodges y caba\u00f1as en la Amazon\u00eda, y sus comunidades de tradiciones ancestrales hacen de Ecuador un pa\u00eds \u00fanico.<\/span><\/p>\n<p data-start=\"827\" data-end=\"847\"><span style=\"color: #ffffff;\">Venga a descubrirlo\u2026<\/span><\/p>\n<\/div>\n[\/vc_column_text][vc_empty_space][\/vc_column_inner][vc_column_inner width=&#8221;1\/4&#8243; css=&#8221;.vc_custom_1580416936584{background-color: #eded84 !important;border-radius: 15px !important;}&#8221;][vc_empty_space][vc_wp_custommenu nav_menu=&#8221;137&#8243;][vc_empty_space][\/vc_column_inner][\/vc_row_inner][vc_row_inner][vc_column_inner]    <div class=\"tzElement_FeaturedTour   type-5\">\r\n\r\n                    <div class=\"tzTour-top\">\r\n\r\n                \r\n                \r\n                \r\n                                    <p class=\"tour-description\"><\/p>\r\n                            <\/div>\r\n\r\n                <div                 class=\"tzTour  \">\r\n                            <div class=\"tzTour-item\">\r\n                                        <div class=\"tzTour-item-box\">\r\n                                                                            <div class=\"tzImg-tour\">\r\n                                <div class=\"tz-thumb \">\r\n                                    <a href=\"https:\/\/equateur-voyages.com\/es\/tour\/sur-les-chemins\/\">\r\n                                        <img loading=\"lazy\" decoding=\"async\" width=\"900\" height=\"678\" src=\"https:\/\/equateur-voyages.com\/wp-content\/uploads\/2020\/01\/DSCF9582-1024x771.jpg\" class=\"attachment-large\" alt=\"\" title=\"DSCF9582\" srcset=\"https:\/\/equateur-voyages.com\/wp-content\/uploads\/2020\/01\/DSCF9582-1024x771.jpg 1024w, https:\/\/equateur-voyages.com\/wp-content\/uploads\/2020\/01\/DSCF9582-300x226.jpg 300w, https:\/\/equateur-voyages.com\/wp-content\/uploads\/2020\/01\/DSCF9582-768x579.jpg 768w, https:\/\/equateur-voyages.com\/wp-content\/uploads\/2020\/01\/DSCF9582-1536x1157.jpg 1536w, https:\/\/equateur-voyages.com\/wp-content\/uploads\/2020\/01\/DSCF9582-600x452.jpg 600w, https:\/\/equateur-voyages.com\/wp-content\/uploads\/2020\/01\/DSCF9582.jpg 1593w\" sizes=\"auto, (max-width: 900px) 100vw, 900px\" \/>                                    <\/a>\r\n\r\n                                                                    <\/div>\r\n                                                            <\/div>\r\n                                                                            <div class=\"tzTour-info\">\r\n\r\n                                <div class=\"tz-title\">\r\n                                    <h3><a href=\"https:\/\/equateur-voyages.com\/es\/tour\/sur-les-chemins\/\">Por los caminos &#8211; 10 d\u00edas<\/a><\/h3>\r\n\r\n                                <\/div>\r\n                                <div class=\"tzTour-info-left\">\r\n\r\n                                    <div class=\"tz-reviews\">\r\n                                        <div class=\"tz-average-rating\"><div class=\"tz-rating tz-rating-45\"><\/div><\/div>                                        <span class=\"reviews-count\">3testimonios<\/span>\r\n                                    <\/div>\r\n\r\n                                    <div class=\"clr\"><\/div>\r\n\r\n                                    \r\n                                    \r\n                                <\/div>\r\n\r\n                                \r\n                                <div class=\"clr\"><\/div>\r\n\r\n                                                                        <div class=\"tz-button\">\r\n                                            <a class=\"booking book-view-detail\" href=\"https:\/\/equateur-voyages.com\/es\/tour\/sur-les-chemins\/\">\r\n                                                Detalles                                            <\/a>\r\n                                        <\/div>\r\n                                                                <\/div>\r\n                                                                    <\/div>\r\n                                <\/div>\r\n                            <div class=\"tzTour-item\">\r\n                                        <div class=\"tzTour-item-box\">\r\n                                                                            <div class=\"tzImg-tour\">\r\n                                <div class=\"tz-thumb \">\r\n                                    <a href=\"https:\/\/equateur-voyages.com\/es\/tour\/terre-de-contraste\/\">\r\n                                        <img loading=\"lazy\" decoding=\"async\" width=\"444\" height=\"331\" src=\"https:\/\/equateur-voyages.com\/wp-content\/uploads\/2017\/06\/Terre_Contrastes_2.jpg\" class=\"attachment-large\" alt=\"\" title=\"Terre_Contrastes_2\" srcset=\"https:\/\/equateur-voyages.com\/wp-content\/uploads\/2017\/06\/Terre_Contrastes_2.jpg 444w, https:\/\/equateur-voyages.com\/wp-content\/uploads\/2017\/06\/Terre_Contrastes_2-300x224.jpg 300w\" sizes=\"auto, (max-width: 444px) 100vw, 444px\" \/>                                    <\/a>\r\n\r\n                                                                    <\/div>\r\n                                                            <\/div>\r\n                                                                            <div class=\"tzTour-info\">\r\n\r\n                                <div class=\"tz-title\">\r\n                                    <h3><a href=\"https:\/\/equateur-voyages.com\/es\/tour\/terre-de-contraste\/\">Tierra de contrastes &#8211; 13 d\u00edas<\/a><\/h3>\r\n\r\n                                <\/div>\r\n                                <div class=\"tzTour-info-left\">\r\n\r\n                                    <div class=\"tz-reviews\">\r\n                                        <div class=\"tz-average-rating\"><div class=\"tz-rating tz-rating-50\"><\/div><\/div>                                        <span class=\"reviews-count\">6testimonios<\/span>\r\n                                    <\/div>\r\n\r\n                                    <div class=\"clr\"><\/div>\r\n\r\n                                    \r\n                                    \r\n                                <\/div>\r\n\r\n                                \r\n                                <div class=\"clr\"><\/div>\r\n\r\n                                                                        <div class=\"tz-button\">\r\n                                            <a class=\"booking book-view-detail\" href=\"https:\/\/equateur-voyages.com\/es\/tour\/terre-de-contraste\/\">\r\n                                                Detalles                                            <\/a>\r\n                                        <\/div>\r\n                                                                <\/div>\r\n                                                                    <\/div>\r\n                                <\/div>\r\n                            <div class=\"tzTour-item\">\r\n                                        <div class=\"tzTour-item-box\">\r\n                                                                            <div class=\"tzImg-tour\">\r\n                                <div class=\"tz-thumb \">\r\n                                    <a href=\"https:\/\/equateur-voyages.com\/es\/tour\/voyage-de-noces\/\">\r\n                                        <img loading=\"lazy\" decoding=\"async\" width=\"900\" height=\"678\" src=\"https:\/\/equateur-voyages.com\/wp-content\/uploads\/2020\/02\/Voyage-Noce-AVANT1-1024x771.jpg\" class=\"attachment-large\" alt=\"\" title=\"Voyage Noce AVANT1\" srcset=\"https:\/\/equateur-voyages.com\/wp-content\/uploads\/2020\/02\/Voyage-Noce-AVANT1-1024x771.jpg 1024w, https:\/\/equateur-voyages.com\/wp-content\/uploads\/2020\/02\/Voyage-Noce-AVANT1-300x226.jpg 300w, https:\/\/equateur-voyages.com\/wp-content\/uploads\/2020\/02\/Voyage-Noce-AVANT1-768x579.jpg 768w, https:\/\/equateur-voyages.com\/wp-content\/uploads\/2020\/02\/Voyage-Noce-AVANT1-1536x1157.jpg 1536w, https:\/\/equateur-voyages.com\/wp-content\/uploads\/2020\/02\/Voyage-Noce-AVANT1-600x452.jpg 600w, https:\/\/equateur-voyages.com\/wp-content\/uploads\/2020\/02\/Voyage-Noce-AVANT1.jpg 1593w\" sizes=\"auto, (max-width: 900px) 100vw, 900px\" \/>                                    <\/a>\r\n\r\n                                                                    <\/div>\r\n                                                            <\/div>\r\n                                                                            <div class=\"tzTour-info\">\r\n\r\n                                <div class=\"tz-title\">\r\n                                    <h3><a href=\"https:\/\/equateur-voyages.com\/es\/tour\/voyage-de-noces\/\">Voyage de noces<\/a><\/h3>\r\n\r\n                                <\/div>\r\n                                <div class=\"tzTour-info-left\">\r\n\r\n                                    <div class=\"tz-reviews\">\r\n                                        <div class=\"tz-average-rating\"><div class=\"tz-rating tz-rating-45\"><\/div><\/div>                                        <span class=\"reviews-count\">3testimonios<\/span>\r\n                                    <\/div>\r\n\r\n                                    <div class=\"clr\"><\/div>\r\n\r\n                                    \r\n                                    \r\n                                <\/div>\r\n\r\n                                \r\n                                <div class=\"clr\"><\/div>\r\n\r\n                                                                        <div class=\"tz-button\">\r\n                                            <a class=\"booking book-view-detail\" href=\"https:\/\/equateur-voyages.com\/es\/tour\/voyage-de-noces\/\">\r\n                                                Detalles                                            <\/a>\r\n                                        <\/div>\r\n                                                                <\/div>\r\n                                                                    <\/div>\r\n                                <\/div>\r\n                            <div class=\"tzTour-item\">\r\n                                        <div class=\"tzTour-item-box\">\r\n                                                                            <div class=\"tzImg-tour\">\r\n                                <div class=\"tz-thumb \">\r\n                                    <a href=\"https:\/\/equateur-voyages.com\/es\/tour\/des-andes-a-l-amazonie\/\">\r\n                                        <img loading=\"lazy\" decoding=\"async\" width=\"444\" height=\"331\" src=\"https:\/\/equateur-voyages.com\/wp-content\/uploads\/2017\/06\/Andes_Amazonie_1.jpg\" class=\"attachment-large\" alt=\"\" title=\"Andes_Amazonie_1\" srcset=\"https:\/\/equateur-voyages.com\/wp-content\/uploads\/2017\/06\/Andes_Amazonie_1.jpg 444w, https:\/\/equateur-voyages.com\/wp-content\/uploads\/2017\/06\/Andes_Amazonie_1-300x224.jpg 300w\" sizes=\"auto, (max-width: 444px) 100vw, 444px\" \/>                                    <\/a>\r\n\r\n                                                                    <\/div>\r\n                                                            <\/div>\r\n                                                                            <div class=\"tzTour-info\">\r\n\r\n                                <div class=\"tz-title\">\r\n                                    <h3><a href=\"https:\/\/equateur-voyages.com\/es\/tour\/des-andes-a-l-amazonie\/\">De los Andes a la Amazon\u00eda &#8211; 14 d\u00edas<\/a><\/h3>\r\n\r\n                                <\/div>\r\n                                <div class=\"tzTour-info-left\">\r\n\r\n                                    <div class=\"tz-reviews\">\r\n                                        <div class=\"tz-average-rating\"><div class=\"tz-rating tz-rating-45\"><\/div><\/div>                                        <span class=\"reviews-count\">6testimonios<\/span>\r\n                                    <\/div>\r\n\r\n                                    <div class=\"clr\"><\/div>\r\n\r\n                                    \r\n                                    \r\n                                <\/div>\r\n\r\n                                \r\n                                <div class=\"clr\"><\/div>\r\n\r\n                                                                        <div class=\"tz-button\">\r\n                                            <a class=\"booking book-view-detail\" href=\"https:\/\/equateur-voyages.com\/es\/tour\/des-andes-a-l-amazonie\/\">\r\n                                                Detalles                                            <\/a>\r\n                                        <\/div>\r\n                                                                <\/div>\r\n                                                                    <\/div>\r\n                                <\/div>\r\n                    <\/div>\r\n                    <div class=\"tzTour-bottom\">\r\n                            <\/div>\r\n                <!--        <div class=\"tz-form-booking-ajax-content\"><\/div>-->\r\n        <!--        <div class=\"tz-reviews-ajax-content\"><\/div>-->\r\n\r\n        <script type=\"text\/javascript\">\r\n            jQuery(document).ready(function () {\r\n                \"use strict\";\r\n                jQuery('#tzTour-slider-159403351').each(function () {\r\n                    jQuery(this).owlCarousel({\r\n                        rtl: false,\r\n                        nav: true,\r\n                        navText: [\"\", \"\"] ,\r\n                        autoplay: true,\r\n                        autoplayTimeout: 3000,\r\n                        loop: true,\r\n                        smartSpeed: 700,\r\n                        autoplayHoverPause: true,\r\n                        responsive: {\r\n                            0: {\r\n                                items: 1                            },\r\n                            600: {\r\n                                items: 1                            },\r\n                            992: {\r\n                                items: 1                            },\r\n                            1200: {\r\n                                items: 1                            },\r\n                            1500: {\r\n                                items: 1                            }\r\n                        },\r\n                        margin:30\r\n                    })\r\n                })\r\n            });\r\n        <\/script>\r\n    <\/div>\r\n\r\n    [\/vc_column_inner][\/vc_row_inner][vc_empty_space][\/vc_column][\/vc_row]\n","protected":false},"excerpt":{"rendered":"<p>[vc_row][vc_column][banner_slider auto_play=&#8221;true&#8221; loop=&#8221;true&#8221; tz_bg_banner=&#8221;3356&#8243;][banner_slider_item tz_type=&#8221;2&#8243; tz_title=&#8221;Tarifas de ultimo minuto&#8221; tz_description=&#8221;Amazon\u00eda y Galapagos&#8221; tz_button=&#8221;Ver Salidas y Ofertas&#8221; tz_link=&#8221;\/es\/departs-et-offres&#8221;][banner_slider_item tz_type=&#8221;2&#8243; tz_title=&#8221;Salidas confirmadas&#8221; tz_description=&#8221;Tours organizados, mini circuitos&#8221; tz_button=&#8221;Ver Salidas y Ofertas&#8221; tz_link=&#8221;\/es\/departs-et-offres&#8221;][banner_slider_item tz_type=&#8221;2&#8243; tz_title=&#8221;B\u00fasqueda de participantes&#8221; tz_description=&#8221;Persona sola que busca un compa\u00f1ero de viaje&#8221; tz_button=&#8221;Ver Salidas y Ofertas&#8221; tz_link=&#8221;\/es\/departs-et-offres&#8221;][\/banner_slider][\/vc_column][\/vc_row][vc_row][vc_column][\/vc_column][\/vc_row][vc_row tz_row_type=&#8221;grid&#8221; css=&#8221;.vc_custom_1574761554185{background-color: #fafafa !important;}&#8221;][vc_column width=&#8221;1\/2&#8243;][vc_empty_space][vc_text_separator title=&#8221;Nuestros viajes culturales y [&hellip;]<\/p>\n","protected":false},"author":2,"featured_media":0,"parent":0,"menu_order":0,"comment_status":"closed","ping_status":"closed","template":"","meta":{"footnotes":""},"class_list":["post-4384","page","type-page","status-publish","hentry"],"translation":{"provider":"WPGlobus","version":"2.10.10","language":"es","enabled_languages":["fr","es","gb"],"languages":{"fr":{"title":true,"content":true,"excerpt":false},"es":{"title":true,"content":true,"excerpt":false},"gb":{"title":true,"content":true,"excerpt":false}}},"aioseo_notices":[],"_links":{"self":[{"href":"https:\/\/equateur-voyages.com\/es\/wp-json\/wp\/v2\/pages\/4384","targetHints":{"allow":["GET"]}}],"collection":[{"href":"https:\/\/equateur-voyages.com\/es\/wp-json\/wp\/v2\/pages"}],"about":[{"href":"https:\/\/equateur-voyages.com\/es\/wp-json\/wp\/v2\/types\/page"}],"author":[{"embeddable":true,"href":"https:\/\/equateur-voyages.com\/es\/wp-json\/wp\/v2\/users\/2"}],"replies":[{"embeddable":true,"href":"https:\/\/equateur-voyages.com\/es\/wp-json\/wp\/v2\/comments?post=4384"}],"version-history":[{"count":30,"href":"https:\/\/equateur-voyages.com\/es\/wp-json\/wp\/v2\/pages\/4384\/revisions"}],"predecessor-version":[{"id":7362,"href":"https:\/\/equateur-voyages.com\/es\/wp-json\/wp\/v2\/pages\/4384\/revisions\/7362"}],"wp:attachment":[{"href":"https:\/\/equateur-voyages.com\/es\/wp-json\/wp\/v2\/media?parent=4384"}],"curies":[{"name":"wp","href":"https:\/\/api.w.org\/{rel}","templated":true}]}}