{"id":4413,"date":"2020-01-30T22:56:21","date_gmt":"2020-01-30T21:56:21","guid":{"rendered":"http:\/\/s799595400.onlinehome.fr\/?page_id=4413"},"modified":"2025-11-20T14:04:20","modified_gmt":"2025-11-20T13:04:20","slug":"voyages-autres-pays","status":"publish","type":"page","link":"https:\/\/equateur-voyages.com\/es\/voyages-autres-pays\/","title":{"rendered":"Tours a otros destinos"},"content":{"rendered":"[vc_row][vc_column][banner_slider auto_play=&#8221;true&#8221; loop=&#8221;true&#8221; tz_bg_banner=&#8221;3356&#8243;][banner_slider_item tz_type=&#8221;2&#8243; tz_title=&#8221;Tarifas de ultimo minuto&#8221; tz_description=&#8221;Amazon\u00eda y Galapagos&#8221; tz_button=&#8221;Ver Salidas y Ofertas&#8221; tz_link=&#8221;\/es\/departs-et-offres&#8221;][banner_slider_item tz_type=&#8221;2&#8243; tz_title=&#8221;Salidas confirmadas&#8221; tz_description=&#8221;Tours organizados, mini circuitos&#8221; tz_button=&#8221;Ver Salidas y Ofertas&#8221; tz_link=&#8221;\/es\/departs-et-offres&#8221;][banner_slider_item tz_type=&#8221;2&#8243; tz_title=&#8221;B\u00fasqueda de participantes&#8221; tz_description=&#8221;Persona sola que busca un compa\u00f1ero de viaje&#8221; tz_button=&#8221;Ver Salidas y Ofertas&#8221; tz_link=&#8221;\/es\/departs-et-offres&#8221;][\/banner_slider][\/vc_column][\/vc_row][vc_row][vc_column][\/vc_column][\/vc_row][vc_row tz_row_type=&#8221;grid&#8221; css=&#8221;.vc_custom_1574761554185{background-color: #fafafa !important;}&#8221;][vc_column width=&#8221;1\/2&#8243;][vc_empty_space][vc_text_separator title=&#8221;Nuestros tours a otros destinos&#8221; i_icon_fontawesome=&#8221;fa fa-thumbs-up&#8221; i_color=&#8221;black&#8221; i_background_style=&#8221;rounded-outline&#8221; i_background_color=&#8221;green&#8221; border_width=&#8221;2&#8243; add_icon=&#8221;true&#8221;][vc_empty_space][vc_column_text]\n<div class=\"thetexte\">\n<p data-start=\"215\" data-end=\"482\">\u00bfSue\u00f1a con un <strong data-start=\"229\" data-end=\"254\">viaje todo organizado<\/strong>, disfrutando al m\u00e1ximo de cada d\u00eda y dej\u00e1ndose llevar por una planificaci\u00f3n perfecta?<br data-start=\"340\" data-end=\"343\" \/><strong data-start=\"343\" data-end=\"370\">Equateur Voyages Passion<\/strong> le invita a descubrir Ecuador en un tour acompa\u00f1ado por su gu\u00eda desde su llegada a <strong data-start=\"454\" data-end=\"463\">Quito<\/strong> o <strong data-start=\"466\" data-end=\"479\">Guayaquil<\/strong>.<\/p>\n<p data-start=\"484\" data-end=\"600\">\u00danase a nuestros <strong data-start=\"501\" data-end=\"540\">grupos compartidos con fechas fijas<\/strong> y disfrute de <strong data-start=\"555\" data-end=\"597\">tarifas reducidas y ofertas especiales<\/strong>.<\/p>\n<p data-start=\"602\" data-end=\"798\">Si prefiere una experiencia m\u00e1s personalizada, solicite un <strong data-start=\"661\" data-end=\"696\">circuito individual o exclusivo<\/strong>, ideal para <strong data-start=\"709\" data-end=\"749\">parejas, familias o grupos de amigos<\/strong> que deseen explorar el pa\u00eds a su propio ritmo.<\/p>\n<p data-start=\"800\" data-end=\"1054\">\u00bfSon solo <strong data-start=\"810\" data-end=\"826\">dos personas<\/strong> y desean participar en un <strong data-start=\"853\" data-end=\"889\">Tour Compartido con fechas fijas<\/strong> para reducir el costo encontrando a otros viajeros?<br data-start=\"941\" data-end=\"944\" \/>\u00a1Abriremos la fecha en nuestro sitio web para ayudarle a reunir m\u00e1s participantes y hacer realidad su viaje!<\/p>\n<\/div>\n[\/vc_column_text][\/vc_column][vc_column width=&#8221;1\/2&#8243;][vc_empty_space][vc_text_separator title=&#8221;Salidas y ofertas&#8221; i_icon_fontawesome=&#8221;fa fa-handshake-o&#8221; i_color=&#8221;black&#8221; i_background_style=&#8221;rounded-outline&#8221; i_background_color=&#8221;green&#8221; border_width=&#8221;2&#8243; add_icon=&#8221;true&#8221;][vc_empty_space][vc_row_inner css=&#8221;.vc_custom_1580395724978{background-color: #a9e03a !important;border-radius: 15px !important;}&#8221;][vc_column_inner][vc_column_text]\n<p data-start=\"203\" data-end=\"267\">Nuestra secci\u00f3n <strong data-start=\"219\" data-end=\"240\">Salidas y Ofertas<\/strong> puede ser de su inter\u00e9s:<\/p>\n<p data-start=\"269\" data-end=\"406\">Participe en <strong data-start=\"282\" data-end=\"339\">grupos ya formados (Tour Compartido con fechas fijas)<\/strong> y aproveche nuestras <strong data-start=\"361\" data-end=\"403\">tarifas reducidas y ofertas especiales<\/strong>.<\/p>\n<p data-start=\"408\" data-end=\"488\">\u00bfViaja solo y desea unirse a un tour ya confirmado? \u00a1Ser\u00e1 un placer recibirle!<\/p>\n<p data-start=\"490\" data-end=\"618\">\u00bfPrefiere una <strong data-start=\"504\" data-end=\"534\">fecha de salida espec\u00edfica<\/strong>? Abriremos esa fecha en nuestro sitio web para que otros viajeros puedan sumarse.<\/p>\n<p data-start=\"620\" data-end=\"720\">\u00a1Cuanto m\u00e1s tiempo dispongamos, mayores ser\u00e1n las posibilidades de encontrar nuevos participantes!<\/p>\n<p data-start=\"722\" data-end=\"769\">Y, por supuesto, <strong data-start=\"739\" data-end=\"764\">sin ning\u00fan compromiso<\/strong>&#8230;<\/p>\n[\/vc_column_text][vc_btn title=&#8221;Salidas y ofertas&#8221; style=&#8221;3d&#8221; color=&#8221;success&#8221; size=&#8221;sm&#8221; align=&#8221;right&#8221; link=&#8221;url:%2Fes%2Fdeparts-et-offres%2F|title:Salidas%20y%20ofertas|target:_blank&#8221;][\/vc_column_inner][\/vc_row_inner][vc_empty_space][\/vc_column][\/vc_row][vc_row tz_row_type=&#8221;grid&#8221; css=&#8221;.vc_custom_1762688959123{background-color: #b5b5b5 !important;}&#8221;][vc_column][vc_empty_space][vc_custom_heading text=&#8221;Tours a otros destinos&#8221; font_container=&#8221;tag:h3|font_size:26|text_align:left|color:%23ffffff&#8221; use_theme_fonts=&#8221;yes&#8221;][vc_empty_space][vc_row_inner][vc_column_inner width=&#8221;3\/4&#8243;][vc_column_text]\n<div class=\"thetexte\">\n<p data-start=\"96\" data-end=\"134\"><span style=\"color: #ffffff;\">\u00bfEn busca de un circuito en otro pa\u00eds?<\/span><\/p>\n<p data-start=\"136\" data-end=\"243\"><span style=\"color: #ffffff;\">Hemos seleccionado algunos destinos que ofrecen circuitos interesantes en pa\u00edses vecinos\u2026<\/span><br data-start=\"225\" data-end=\"228\" \/><span style=\"color: #ffffff;\">\u00a1D\u00e9jese tentar!<\/span><\/p>\n<h2 data-start=\"245\" data-end=\"264\"><span style=\"color: #ffffff; font-size: 20px;\"><strong data-start=\"248\" data-end=\"264\">Trek en Per\u00fa<\/strong><\/span><\/h2>\n<p data-start=\"266\" data-end=\"562\"><span style=\"color: #ffffff;\">Descubrimiento del Per\u00fa durante 14 d\u00edas, combinando caminatas y visitas culturales en la regi\u00f3n andina. Dirigido a personas que desean desplazarse en buses locales, minibuses y que privilegian el contacto con la poblaci\u00f3n. Acompa\u00f1ante franc\u00f3fono y gu\u00eda local hispanohablante cuando sea necesario.<\/span><\/p>\n<h2 data-start=\"564\" data-end=\"593\"><span style=\"color: #ffffff; font-size: 20px;\"><strong data-start=\"567\" data-end=\"593\">Alta monta\u00f1a en M\u00e9xico<\/strong><\/span><\/h2>\n<p data-start=\"595\" data-end=\"776\"><span style=\"color: #ffffff;\">Tres cumbres en una semana en M\u00e9xico.<\/span><br data-start=\"632\" data-end=\"635\" \/><span style=\"color: #ffffff;\">Estancia de Alta Monta\u00f1a escalando las monta\u00f1as m\u00e1s altas de M\u00e9xico y descubriendo los principales puntos culturales de esta regi\u00f3n del pa\u00eds.<\/span><\/p>\n<\/div>\n[\/vc_column_text][vc_empty_space][\/vc_column_inner][vc_column_inner width=&#8221;1\/4&#8243; css=&#8221;.vc_custom_1580416936584{background-color: #eded84 !important;border-radius: 15px !important;}&#8221;][vc_empty_space][vc_wp_custommenu nav_menu=&#8221;137&#8243;][vc_empty_space][\/vc_column_inner][\/vc_row_inner][vc_row_inner][vc_column_inner]    <div class=\"tzElement_FeaturedTour   type-5\">\r\n\r\n                    <div class=\"tzTour-top\">\r\n\r\n                \r\n                \r\n                \r\n                                    <p class=\"tour-description\"><\/p>\r\n                            <\/div>\r\n\r\n                <div                 class=\"tzTour  \">\r\n                            <div class=\"tzTour-item\">\r\n                                        <div class=\"tzTour-item-box\">\r\n                                                                            <div class=\"tzImg-tour\">\r\n                                <div class=\"tz-thumb \">\r\n                                    <a href=\"https:\/\/equateur-voyages.com\/es\/tour\/haute-montagne-au-mexique\/\">\r\n                                        <img loading=\"lazy\" decoding=\"async\" width=\"900\" height=\"678\" src=\"https:\/\/equateur-voyages.com\/wp-content\/uploads\/2020\/02\/Trek_Mexique_AVANT1-1024x771.jpg\" class=\"attachment-large\" alt=\"\" title=\"Trek_Mexique_AVANT1\" srcset=\"https:\/\/equateur-voyages.com\/wp-content\/uploads\/2020\/02\/Trek_Mexique_AVANT1-1024x771.jpg 1024w, https:\/\/equateur-voyages.com\/wp-content\/uploads\/2020\/02\/Trek_Mexique_AVANT1-300x226.jpg 300w, https:\/\/equateur-voyages.com\/wp-content\/uploads\/2020\/02\/Trek_Mexique_AVANT1-768x579.jpg 768w, https:\/\/equateur-voyages.com\/wp-content\/uploads\/2020\/02\/Trek_Mexique_AVANT1-1536x1157.jpg 1536w, https:\/\/equateur-voyages.com\/wp-content\/uploads\/2020\/02\/Trek_Mexique_AVANT1-600x452.jpg 600w, https:\/\/equateur-voyages.com\/wp-content\/uploads\/2020\/02\/Trek_Mexique_AVANT1.jpg 1593w\" sizes=\"auto, (max-width: 900px) 100vw, 900px\" \/>                                    <\/a>\r\n\r\n                                                                    <\/div>\r\n                                                            <\/div>\r\n                                                                            <div class=\"tzTour-info\">\r\n\r\n                                <div class=\"tz-title\">\r\n                                    <h3><a href=\"https:\/\/equateur-voyages.com\/es\/tour\/haute-montagne-au-mexique\/\">Haute montagne au Mexique &#8211; 8 jours<\/a><\/h3>\r\n\r\n                                <\/div>\r\n                                <div class=\"tzTour-info-left\">\r\n\r\n                                    <div class=\"tz-reviews\">\r\n                                                                                <span class=\"reviews-count\">0testimonio<\/span>\r\n                                    <\/div>\r\n\r\n                                    <div class=\"clr\"><\/div>\r\n\r\n                                    \r\n                                    \r\n                                <\/div>\r\n\r\n                                \r\n                                <div class=\"clr\"><\/div>\r\n\r\n                                                                        <div class=\"tz-button\">\r\n                                            <a class=\"booking book-view-detail\" href=\"https:\/\/equateur-voyages.com\/es\/tour\/haute-montagne-au-mexique\/\">\r\n                                                Detalles                                            <\/a>\r\n                                        <\/div>\r\n                                                                <\/div>\r\n                                                                    <\/div>\r\n                                <\/div>\r\n                            <div class=\"tzTour-item\">\r\n                                        <div class=\"tzTour-item-box\">\r\n                                                                            <div class=\"tzImg-tour\">\r\n                                <div class=\"tz-thumb \">\r\n                                    <a href=\"https:\/\/equateur-voyages.com\/es\/tour\/trek-au-perou\/\">\r\n                                        <img loading=\"lazy\" decoding=\"async\" width=\"900\" height=\"678\" src=\"https:\/\/equateur-voyages.com\/wp-content\/uploads\/2020\/02\/Trek_Perou_AVANT_1-1024x771.jpg\" class=\"attachment-large\" alt=\"\" title=\"Trek_Perou_AVANT_1\" srcset=\"https:\/\/equateur-voyages.com\/wp-content\/uploads\/2020\/02\/Trek_Perou_AVANT_1-1024x771.jpg 1024w, https:\/\/equateur-voyages.com\/wp-content\/uploads\/2020\/02\/Trek_Perou_AVANT_1-300x226.jpg 300w, https:\/\/equateur-voyages.com\/wp-content\/uploads\/2020\/02\/Trek_Perou_AVANT_1-768x579.jpg 768w, https:\/\/equateur-voyages.com\/wp-content\/uploads\/2020\/02\/Trek_Perou_AVANT_1-1536x1157.jpg 1536w, https:\/\/equateur-voyages.com\/wp-content\/uploads\/2020\/02\/Trek_Perou_AVANT_1-600x452.jpg 600w, https:\/\/equateur-voyages.com\/wp-content\/uploads\/2020\/02\/Trek_Perou_AVANT_1.jpg 1593w\" sizes=\"auto, (max-width: 900px) 100vw, 900px\" \/>                                    <\/a>\r\n\r\n                                                                    <\/div>\r\n                                                            <\/div>\r\n                                                                            <div class=\"tzTour-info\">\r\n\r\n                                <div class=\"tz-title\">\r\n                                    <h3><a href=\"https:\/\/equateur-voyages.com\/es\/tour\/trek-au-perou\/\">Trek au P\u00e9rou &#8211; 14 jours<\/a><\/h3>\r\n\r\n                                <\/div>\r\n                                <div class=\"tzTour-info-left\">\r\n\r\n                                    <div class=\"tz-reviews\">\r\n                                                                                <span class=\"reviews-count\">0testimonio<\/span>\r\n                                    <\/div>\r\n\r\n                                    <div class=\"clr\"><\/div>\r\n\r\n                                    \r\n                                    \r\n                                <\/div>\r\n\r\n                                \r\n                                <div class=\"clr\"><\/div>\r\n\r\n                                                                        <div class=\"tz-button\">\r\n                                            <a class=\"booking book-view-detail\" href=\"https:\/\/equateur-voyages.com\/es\/tour\/trek-au-perou\/\">\r\n                                                Detalles                                            <\/a>\r\n                                        <\/div>\r\n                                                                <\/div>\r\n                                                                    <\/div>\r\n                                <\/div>\r\n                    <\/div>\r\n                    <div class=\"tzTour-bottom\">\r\n                            <\/div>\r\n                <!--        <div class=\"tz-form-booking-ajax-content\"><\/div>-->\r\n        <!--        <div class=\"tz-reviews-ajax-content\"><\/div>-->\r\n\r\n        <script type=\"text\/javascript\">\r\n            jQuery(document).ready(function () {\r\n                \"use strict\";\r\n                jQuery('#tzTour-slider-756511686').each(function () {\r\n                    jQuery(this).owlCarousel({\r\n                        rtl: false,\r\n                        nav: true,\r\n                        navText: [\"\", \"\"] ,\r\n                        autoplay: true,\r\n                        autoplayTimeout: 3000,\r\n                        loop: true,\r\n                        smartSpeed: 700,\r\n                        autoplayHoverPause: true,\r\n                        responsive: {\r\n                            0: {\r\n                                items: 1                            },\r\n                            600: {\r\n                                items: 1                            },\r\n                            992: {\r\n                                items: 1                            },\r\n                            1200: {\r\n                                items: 1                            },\r\n                            1500: {\r\n                                items: 1                            }\r\n                        },\r\n                        margin:30\r\n                    })\r\n                })\r\n            });\r\n        <\/script>\r\n    <\/div>\r\n\r\n    [\/vc_column_inner][\/vc_row_inner][vc_empty_space][\/vc_column][\/vc_row]\n","protected":false},"excerpt":{"rendered":"<p>[vc_row][vc_column][banner_slider auto_play=&#8221;true&#8221; loop=&#8221;true&#8221; tz_bg_banner=&#8221;3356&#8243;][banner_slider_item tz_type=&#8221;2&#8243; tz_title=&#8221;Tarifas de ultimo minuto&#8221; tz_description=&#8221;Amazon\u00eda y Galapagos&#8221; tz_button=&#8221;Ver Salidas y Ofertas&#8221; tz_link=&#8221;\/es\/departs-et-offres&#8221;][banner_slider_item tz_type=&#8221;2&#8243; tz_title=&#8221;Salidas confirmadas&#8221; tz_description=&#8221;Tours organizados, mini circuitos&#8221; tz_button=&#8221;Ver Salidas y Ofertas&#8221; tz_link=&#8221;\/es\/departs-et-offres&#8221;][banner_slider_item tz_type=&#8221;2&#8243; tz_title=&#8221;B\u00fasqueda de participantes&#8221; tz_description=&#8221;Persona sola que busca un compa\u00f1ero de viaje&#8221; tz_button=&#8221;Ver Salidas y Ofertas&#8221; tz_link=&#8221;\/es\/departs-et-offres&#8221;][\/banner_slider][\/vc_column][\/vc_row][vc_row][vc_column][\/vc_column][\/vc_row][vc_row tz_row_type=&#8221;grid&#8221; css=&#8221;.vc_custom_1574761554185{background-color: #fafafa !important;}&#8221;][vc_column width=&#8221;1\/2&#8243;][vc_empty_space][vc_text_separator title=&#8221;Nuestros tours a otros [&hellip;]<\/p>\n","protected":false},"author":2,"featured_media":0,"parent":0,"menu_order":0,"comment_status":"closed","ping_status":"closed","template":"","meta":{"footnotes":""},"class_list":["post-4413","page","type-page","status-publish","hentry"],"translation":{"provider":"WPGlobus","version":"2.10.10","language":"es","enabled_languages":["fr","es","gb"],"languages":{"fr":{"title":true,"content":true,"excerpt":false},"es":{"title":true,"content":true,"excerpt":false},"gb":{"title":true,"content":true,"excerpt":false}}},"aioseo_notices":[],"_links":{"self":[{"href":"https:\/\/equateur-voyages.com\/es\/wp-json\/wp\/v2\/pages\/4413","targetHints":{"allow":["GET"]}}],"collection":[{"href":"https:\/\/equateur-voyages.com\/es\/wp-json\/wp\/v2\/pages"}],"about":[{"href":"https:\/\/equateur-voyages.com\/es\/wp-json\/wp\/v2\/types\/page"}],"author":[{"embeddable":true,"href":"https:\/\/equateur-voyages.com\/es\/wp-json\/wp\/v2\/users\/2"}],"replies":[{"embeddable":true,"href":"https:\/\/equateur-voyages.com\/es\/wp-json\/wp\/v2\/comments?post=4413"}],"version-history":[{"count":22,"href":"https:\/\/equateur-voyages.com\/es\/wp-json\/wp\/v2\/pages\/4413\/revisions"}],"predecessor-version":[{"id":7355,"href":"https:\/\/equateur-voyages.com\/es\/wp-json\/wp\/v2\/pages\/4413\/revisions\/7355"}],"wp:attachment":[{"href":"https:\/\/equateur-voyages.com\/es\/wp-json\/wp\/v2\/media?parent=4413"}],"curies":[{"name":"wp","href":"https:\/\/api.w.org\/{rel}","templated":true}]}}