{"id":4415,"date":"2020-01-30T22:58:20","date_gmt":"2020-01-30T21:58:20","guid":{"rendered":"http:\/\/s799595400.onlinehome.fr\/?page_id=4415"},"modified":"2025-11-20T14:06:39","modified_gmt":"2025-11-20T13:06:39","slug":"voyages-multi-sport-ornithologie","status":"publish","type":"page","link":"https:\/\/equateur-voyages.com\/es\/voyages-multi-sport-ornithologie\/","title":{"rendered":"Circuitos Multi deportes \/  Observaci\u00f3n de aves"},"content":{"rendered":"[vc_row][vc_column][banner_slider auto_play=&#8221;true&#8221; loop=&#8221;true&#8221; tz_bg_banner=&#8221;3356&#8243;][banner_slider_item tz_type=&#8221;2&#8243; tz_title=&#8221;Tarifas de ultimo minuto&#8221; tz_description=&#8221;Amazon\u00eda y Galapagos&#8221; tz_button=&#8221;Ver Salidas y Ofertas&#8221; tz_link=&#8221;\/es\/departs-et-offres&#8221;][banner_slider_item tz_type=&#8221;2&#8243; tz_title=&#8221;Salidas confirmadas&#8221; tz_description=&#8221;Tours organizados, mini circuitos&#8221; tz_button=&#8221;Ver Salidas y Ofertas&#8221; tz_link=&#8221;\/es\/departs-et-offres&#8221;][banner_slider_item tz_type=&#8221;2&#8243; tz_title=&#8221;B\u00fasqueda de participantes&#8221; tz_description=&#8221;Persona sola que busca un compa\u00f1ero de viaje&#8221; tz_button=&#8221;Ver Salidas y Ofertas&#8221; tz_link=&#8221;\/es\/departs-et-offres&#8221;][\/banner_slider][\/vc_column][\/vc_row][vc_row][vc_column][\/vc_column][\/vc_row][vc_row tz_row_type=&#8221;grid&#8221; css=&#8221;.vc_custom_1574761554185{background-color: #fafafa !important;}&#8221;][vc_column width=&#8221;1\/2&#8243;][vc_empty_space][vc_text_separator title=&#8221;Circuitos Multi deportes \/ Observaci\u00f3n de aves&#8221; i_icon_fontawesome=&#8221;fa fa-thumbs-up&#8221; i_color=&#8221;black&#8221; i_background_style=&#8221;rounded-outline&#8221; i_background_color=&#8221;green&#8221; border_width=&#8221;2&#8243; add_icon=&#8221;true&#8221;][vc_empty_space][vc_column_text]\n<div class=\"thetexte\">\n<p data-start=\"219\" data-end=\"451\">\u00bfSue\u00f1a con un <strong data-start=\"233\" data-end=\"258\">viaje todo organizado<\/strong>, sin preocuparse por nada y aprovechando al m\u00e1ximo cada d\u00eda?<br data-start=\"319\" data-end=\"322\" \/><strong data-start=\"322\" data-end=\"349\">Equateur Voyages Passion<\/strong> le propone un tour por Ecuador acompa\u00f1ado por su gu\u00eda desde su llegada a <strong data-start=\"423\" data-end=\"432\">Quito<\/strong> o <strong data-start=\"435\" data-end=\"448\">Guayaquil<\/strong>.<\/p>\n<p data-start=\"453\" data-end=\"579\">Inscr\u00edbase en nuestros <strong data-start=\"476\" data-end=\"515\">grupos compartidos con fechas fijas<\/strong> y disfrute de <strong data-start=\"530\" data-end=\"576\">tarifas especiales y descuentos exclusivos<\/strong>.<\/p>\n<p data-start=\"581\" data-end=\"778\">Si prefiere una experiencia m\u00e1s personalizada, solicite un <strong data-start=\"640\" data-end=\"675\">circuito individual o exclusivo<\/strong>, ideal para <strong data-start=\"688\" data-end=\"728\">parejas, familias o grupos de amigos<\/strong> que deseen descubrir Ecuador a su propio ritmo.<\/p>\n<p data-start=\"780\" data-end=\"1022\">\u00bfSon solo dos personas y desean participar en un <strong data-start=\"829\" data-end=\"865\">Tour Compartido con fechas fijas<\/strong> para reducir el costo encontrando a otros viajeros?<br data-start=\"917\" data-end=\"920\" \/>\u00a1Abriremos la fecha en nuestro sitio web para reunir m\u00e1s participantes y hacer realidad su aventura!<\/p>\n<\/div>\n[\/vc_column_text][\/vc_column][vc_column width=&#8221;1\/2&#8243;][vc_empty_space][vc_text_separator title=&#8221;Salidas y ofertas&#8221; i_icon_fontawesome=&#8221;fa fa-handshake-o&#8221; i_color=&#8221;black&#8221; i_background_style=&#8221;rounded-outline&#8221; i_background_color=&#8221;green&#8221; border_width=&#8221;2&#8243; add_icon=&#8221;true&#8221;][vc_empty_space][vc_row_inner css=&#8221;.vc_custom_1580395724978{background-color: #a9e03a !important;border-radius: 15px !important;}&#8221;][vc_column_inner][vc_column_text]\n<p data-start=\"203\" data-end=\"267\">Nuestra secci\u00f3n <strong data-start=\"219\" data-end=\"240\">Salidas y Ofertas<\/strong> puede ser de su inter\u00e9s:<\/p>\n<p data-start=\"269\" data-end=\"406\">Participe en <strong data-start=\"282\" data-end=\"339\">grupos ya formados (Tour Compartido con fechas fijas)<\/strong> y aproveche nuestras <strong data-start=\"361\" data-end=\"403\">tarifas reducidas y ofertas especiales<\/strong>.<\/p>\n<p data-start=\"408\" data-end=\"488\">\u00bfViaja solo y desea unirse a un tour ya confirmado? \u00a1Ser\u00e1 un placer recibirle!<\/p>\n<p data-start=\"490\" data-end=\"618\">\u00bfPrefiere una <strong data-start=\"504\" data-end=\"534\">fecha de salida espec\u00edfica<\/strong>? Abriremos esa fecha en nuestro sitio web para que otros viajeros puedan sumarse.<\/p>\n<p data-start=\"620\" data-end=\"720\">\u00a1Cuanto m\u00e1s tiempo dispongamos, mayores ser\u00e1n las posibilidades de encontrar nuevos participantes!<\/p>\n<p data-start=\"722\" data-end=\"769\">Y, por supuesto, <strong data-start=\"739\" data-end=\"764\">sin ning\u00fan compromiso<\/strong>&#8230;<\/p>\n[\/vc_column_text][vc_btn title=&#8221;Salidas y ofertas&#8221; style=&#8221;3d&#8221; color=&#8221;success&#8221; size=&#8221;sm&#8221; align=&#8221;right&#8221; link=&#8221;url:%2Fes%2Fdeparts-et-offres%2F|title:Salidas%20y%20ofertas|target:_blank&#8221;][\/vc_column_inner][\/vc_row_inner][vc_empty_space][\/vc_column][\/vc_row][vc_row tz_row_type=&#8221;grid&#8221; css=&#8221;.vc_custom_1762688641625{background-color: #b5b5b5 !important;}&#8221;][vc_column][vc_empty_space][vc_custom_heading text=&#8221;Multi deportes \/ Observaci\u00f3n de aves&#8221; font_container=&#8221;tag:h3|font_size:26|text_align:left|color:%23ffffff&#8221; use_theme_fonts=&#8221;yes&#8221;][vc_empty_space][vc_row_inner][vc_column_inner width=&#8221;3\/4&#8243;][vc_column_text]\n<div class=\"thetexte\">\n<h2 data-start=\"96\" data-end=\"125\"><span style=\"color: #ffffff; font-size: 20px;\"><strong data-start=\"99\" data-end=\"125\">Aventura \/ Multi-sport<\/strong><\/span><\/h2>\n<p data-start=\"127\" data-end=\"582\"><span style=\"color: #ffffff;\">Ecuador es un destino ideal para una estancia de aventura.<\/span><br data-start=\"185\" data-end=\"188\" \/><span style=\"color: #ffffff;\">Territorio a\u00fan salvaje y aut\u00e9ntico, este pa\u00eds cuenta con una selva amaz\u00f3nica de bosques primarios exuberantes, r\u00edos interminables y una biodiversidad \u00fanica; las monta\u00f1as de la cordillera de los Andes y sus volcanes a\u00fan en actividad esconden misterios y leyendas\u2026<\/span><br data-start=\"450\" data-end=\"453\" \/><span style=\"color: #ffffff;\">Los amantes de la aventura, a pie, en bicicleta o a caballo, quedar\u00e1n maravillados por todos los atractivos que ofrece este pa\u00eds.<\/span><\/p>\n<h2 data-start=\"584\" data-end=\"602\"><span style=\"color: #ffffff; font-size: 20px;\"><strong data-start=\"587\" data-end=\"602\">Ornitolog\u00eda<\/strong><\/span><\/h2>\n<p data-start=\"604\" data-end=\"718\"><span style=\"color: #ffffff;\">Ecuador ha sido desde hace mucho tiempo el destino favorito de los observadores de aves y naturalistas en general.<\/span><\/p>\n<p data-start=\"720\" data-end=\"893\"><span style=\"color: #ffffff;\">Con sus 1642 especies \u2014m\u00e1s de la mitad de las especies sudamericanas y el 18% del total mundial\u2014 este pa\u00eds es considerado una de las 17 naciones m\u00e1s biodiversas del planeta.<\/span><\/p>\n<p data-start=\"895\" data-end=\"1102\"><span style=\"color: #ffffff;\">Muchos ornit\u00f3logos (tambi\u00e9n conocidos como <em data-start=\"938\" data-end=\"952\">birdwatchers<\/em>) sue\u00f1an con venir alg\u00fan d\u00eda a observar este arca de vida salvaje. Principiantes o expertos, \u00a1la observaci\u00f3n y el descubrimiento estar\u00e1n garantizados!<\/span><\/p>\n<h3 data-start=\"1104\" data-end=\"1127\"><span style=\"color: #ffffff;\"><strong data-start=\"1108\" data-end=\"1127\">Algunas cifras:<\/strong><\/span><\/h3>\n<ul data-start=\"1129\" data-end=\"1548\">\n<li data-start=\"1129\" data-end=\"1221\">\n<p data-start=\"1131\" data-end=\"1221\"><span style=\"color: #ffffff;\">10 % de las especies de plantas del planeta, \u00a1unas 25.000 especies de plantas y \u00e1rboles!<\/span><\/p>\n<\/li>\n<li data-start=\"1222\" data-end=\"1283\">\n<p data-start=\"1224\" data-end=\"1283\"><span style=\"color: #ffffff;\">11 % de las especies de vertebrados terrestres del mundo.<\/span><\/p>\n<\/li>\n<li data-start=\"1284\" data-end=\"1314\">\n<p data-start=\"1286\" data-end=\"1314\"><span style=\"color: #ffffff;\">130 especies de colibr\u00edes.<\/span><\/p>\n<\/li>\n<li data-start=\"1315\" data-end=\"1417\">\n<p data-start=\"1317\" data-end=\"1417\"><span style=\"color: #ffffff;\">Segundo pa\u00eds del mundo en variedad de aves: aproximadamente 1700 especies (18% del total mundial).<\/span><\/p>\n<\/li>\n<li data-start=\"1418\" data-end=\"1548\">\n<p data-start=\"1420\" data-end=\"1548\"><span style=\"color: #ffffff;\">En las islas Gal\u00e1pagos, 660 especies end\u00e9micas evolucionan con total tranquilidad, para deleite de los fot\u00f3grafos de naturaleza.<\/span><\/p>\n<\/li>\n<\/ul>\n<p data-start=\"1550\" data-end=\"1645\"><strong><span style=\"font-size: 20px; color: #ffffff;\">La biodiversidad es inmensa: \u00a1venga a descubrir este para\u00edso para los ornit\u00f3logos y fot\u00f3grafos!<\/span><\/strong><\/p>\n<\/div>\n[\/vc_column_text][vc_empty_space][\/vc_column_inner][vc_column_inner width=&#8221;1\/4&#8243; css=&#8221;.vc_custom_1580416936584{background-color: #eded84 !important;border-radius: 15px !important;}&#8221;][vc_empty_space][vc_wp_custommenu nav_menu=&#8221;137&#8243;][vc_empty_space][\/vc_column_inner][\/vc_row_inner][vc_row_inner][vc_column_inner]    <div class=\"tzElement_FeaturedTour   type-5\">\r\n\r\n                    <div class=\"tzTour-top\">\r\n\r\n                \r\n                \r\n                \r\n                                    <p class=\"tour-description\"><\/p>\r\n                            <\/div>\r\n\r\n                <div                 class=\"tzTour  \">\r\n                            <div class=\"tzTour-item\">\r\n                                        <div class=\"tzTour-item-box\">\r\n                                                                            <div class=\"tzImg-tour\">\r\n                                <div class=\"tz-thumb \">\r\n                                    <a href=\"https:\/\/equateur-voyages.com\/es\/tour\/lequateur-autrement\/\">\r\n                                        <img loading=\"lazy\" decoding=\"async\" width=\"900\" height=\"678\" src=\"https:\/\/equateur-voyages.com\/wp-content\/uploads\/2019\/12\/Equateur-Autrement-AVANT1-1024x771.jpg\" class=\"attachment-large\" alt=\"\" title=\"Equateur Autrement AVANT1\" srcset=\"https:\/\/equateur-voyages.com\/wp-content\/uploads\/2019\/12\/Equateur-Autrement-AVANT1-1024x771.jpg 1024w, https:\/\/equateur-voyages.com\/wp-content\/uploads\/2019\/12\/Equateur-Autrement-AVANT1-300x226.jpg 300w, https:\/\/equateur-voyages.com\/wp-content\/uploads\/2019\/12\/Equateur-Autrement-AVANT1-768x579.jpg 768w, https:\/\/equateur-voyages.com\/wp-content\/uploads\/2019\/12\/Equateur-Autrement-AVANT1-1536x1157.jpg 1536w, https:\/\/equateur-voyages.com\/wp-content\/uploads\/2019\/12\/Equateur-Autrement-AVANT1-600x452.jpg 600w, https:\/\/equateur-voyages.com\/wp-content\/uploads\/2019\/12\/Equateur-Autrement-AVANT1.jpg 1593w\" sizes=\"auto, (max-width: 900px) 100vw, 900px\" \/>                                    <\/a>\r\n\r\n                                                                    <\/div>\r\n                                                            <\/div>\r\n                                                                            <div class=\"tzTour-info\">\r\n\r\n                                <div class=\"tz-title\">\r\n                                    <h3><a href=\"https:\/\/equateur-voyages.com\/es\/tour\/lequateur-autrement\/\">L&#8217;Equateur autrement &#8211; 12 jours<\/a><\/h3>\r\n\r\n                                <\/div>\r\n                                <div class=\"tzTour-info-left\">\r\n\r\n                                    <div class=\"tz-reviews\">\r\n                                        <div class=\"tz-average-rating\"><div class=\"tz-rating tz-rating-4\"><\/div><\/div>                                        <span class=\"reviews-count\">1testimonio<\/span>\r\n                                    <\/div>\r\n\r\n                                    <div class=\"clr\"><\/div>\r\n\r\n                                    \r\n                                    \r\n                                <\/div>\r\n\r\n                                \r\n                                <div class=\"clr\"><\/div>\r\n\r\n                                                                        <div class=\"tz-button\">\r\n                                            <a class=\"booking book-view-detail\" href=\"https:\/\/equateur-voyages.com\/es\/tour\/lequateur-autrement\/\">\r\n                                                Detalles                                            <\/a>\r\n                                        <\/div>\r\n                                                                <\/div>\r\n                                                                    <\/div>\r\n                                <\/div>\r\n                    <\/div>\r\n                    <div class=\"tzTour-bottom\">\r\n                            <\/div>\r\n                <!--        <div class=\"tz-form-booking-ajax-content\"><\/div>-->\r\n        <!--        <div class=\"tz-reviews-ajax-content\"><\/div>-->\r\n\r\n        <script type=\"text\/javascript\">\r\n            jQuery(document).ready(function () {\r\n                \"use strict\";\r\n                jQuery('#tzTour-slider-167244574').each(function () {\r\n                    jQuery(this).owlCarousel({\r\n                        rtl: false,\r\n                        nav: true,\r\n                        navText: [\"\", \"\"] ,\r\n                        autoplay: true,\r\n                        autoplayTimeout: 3000,\r\n                        loop: true,\r\n                        smartSpeed: 700,\r\n                        autoplayHoverPause: true,\r\n                        responsive: {\r\n                            0: {\r\n                                items: 1                            },\r\n                            600: {\r\n                                items: 1                            },\r\n                            992: {\r\n                                items: 1                            },\r\n                            1200: {\r\n                                items: 1                            },\r\n                            1500: {\r\n                                items: 1                            }\r\n                        },\r\n                        margin:30\r\n                    })\r\n                })\r\n            });\r\n        <\/script>\r\n    <\/div>\r\n\r\n    [\/vc_column_inner][\/vc_row_inner][vc_empty_space][\/vc_column][\/vc_row]\n","protected":false},"excerpt":{"rendered":"<p>[vc_row][vc_column][banner_slider auto_play=&#8221;true&#8221; loop=&#8221;true&#8221; tz_bg_banner=&#8221;3356&#8243;][banner_slider_item tz_type=&#8221;2&#8243; tz_title=&#8221;Tarifas de ultimo minuto&#8221; tz_description=&#8221;Amazon\u00eda y Galapagos&#8221; tz_button=&#8221;Ver Salidas y Ofertas&#8221; tz_link=&#8221;\/es\/departs-et-offres&#8221;][banner_slider_item tz_type=&#8221;2&#8243; tz_title=&#8221;Salidas confirmadas&#8221; tz_description=&#8221;Tours organizados, mini circuitos&#8221; tz_button=&#8221;Ver Salidas y Ofertas&#8221; tz_link=&#8221;\/es\/departs-et-offres&#8221;][banner_slider_item tz_type=&#8221;2&#8243; tz_title=&#8221;B\u00fasqueda de participantes&#8221; tz_description=&#8221;Persona sola que busca un compa\u00f1ero de viaje&#8221; tz_button=&#8221;Ver Salidas y Ofertas&#8221; tz_link=&#8221;\/es\/departs-et-offres&#8221;][\/banner_slider][\/vc_column][\/vc_row][vc_row][vc_column][\/vc_column][\/vc_row][vc_row tz_row_type=&#8221;grid&#8221; css=&#8221;.vc_custom_1574761554185{background-color: #fafafa !important;}&#8221;][vc_column width=&#8221;1\/2&#8243;][vc_empty_space][vc_text_separator title=&#8221;Circuitos Multi deportes \/ [&hellip;]<\/p>\n","protected":false},"author":2,"featured_media":0,"parent":0,"menu_order":0,"comment_status":"closed","ping_status":"closed","template":"","meta":{"footnotes":""},"class_list":["post-4415","page","type-page","status-publish","hentry"],"translation":{"provider":"WPGlobus","version":"2.10.10","language":"es","enabled_languages":["fr","es","gb"],"languages":{"fr":{"title":true,"content":true,"excerpt":false},"es":{"title":true,"content":true,"excerpt":false},"gb":{"title":true,"content":true,"excerpt":false}}},"aioseo_notices":[],"_links":{"self":[{"href":"https:\/\/equateur-voyages.com\/es\/wp-json\/wp\/v2\/pages\/4415","targetHints":{"allow":["GET"]}}],"collection":[{"href":"https:\/\/equateur-voyages.com\/es\/wp-json\/wp\/v2\/pages"}],"about":[{"href":"https:\/\/equateur-voyages.com\/es\/wp-json\/wp\/v2\/types\/page"}],"author":[{"embeddable":true,"href":"https:\/\/equateur-voyages.com\/es\/wp-json\/wp\/v2\/users\/2"}],"replies":[{"embeddable":true,"href":"https:\/\/equateur-voyages.com\/es\/wp-json\/wp\/v2\/comments?post=4415"}],"version-history":[{"count":28,"href":"https:\/\/equateur-voyages.com\/es\/wp-json\/wp\/v2\/pages\/4415\/revisions"}],"predecessor-version":[{"id":7356,"href":"https:\/\/equateur-voyages.com\/es\/wp-json\/wp\/v2\/pages\/4415\/revisions\/7356"}],"wp:attachment":[{"href":"https:\/\/equateur-voyages.com\/es\/wp-json\/wp\/v2\/media?parent=4415"}],"curies":[{"name":"wp","href":"https:\/\/api.w.org\/{rel}","templated":true}]}}