{"id":4417,"date":"2020-01-30T23:00:11","date_gmt":"2020-01-30T22:00:11","guid":{"rendered":"http:\/\/s799595400.onlinehome.fr\/?page_id=4417"},"modified":"2025-11-20T14:07:45","modified_gmt":"2025-11-20T13:07:45","slug":"voyages-trekking-haute-montagne","status":"publish","type":"page","link":"https:\/\/equateur-voyages.com\/es\/voyages-trekking-haute-montagne\/","title":{"rendered":"Tours senderismo \/ Alta monta\u00f1a"},"content":{"rendered":"[vc_row][vc_column][banner_slider auto_play=&#8221;true&#8221; loop=&#8221;true&#8221; tz_bg_banner=&#8221;3356&#8243;][banner_slider_item tz_type=&#8221;2&#8243; tz_title=&#8221;Tarifas de ultimo minuto&#8221; tz_description=&#8221;Amazon\u00eda y Galapagos&#8221; tz_button=&#8221;Ver Salidas y Ofertas&#8221; tz_link=&#8221;\/es\/departs-et-offres&#8221;][banner_slider_item tz_type=&#8221;2&#8243; tz_title=&#8221;Salidas confirmadas&#8221; tz_description=&#8221;Tours organizados, mini circuitos&#8221; tz_button=&#8221;Ver Salidas y Ofertas&#8221; tz_link=&#8221;\/es\/departs-et-offres&#8221;][banner_slider_item tz_type=&#8221;2&#8243; tz_title=&#8221;B\u00fasqueda de participantes&#8221; tz_description=&#8221;Persona sola que busca un compa\u00f1ero de viaje&#8221; tz_button=&#8221;Ver Salidas y Ofertas&#8221; tz_link=&#8221;\/es\/departs-et-offres&#8221;][\/banner_slider][\/vc_column][\/vc_row][vc_row][vc_column][\/vc_column][\/vc_row][vc_row tz_row_type=&#8221;grid&#8221; css=&#8221;.vc_custom_1574761554185{background-color: #fafafa !important;}&#8221;][vc_column width=&#8221;1\/2&#8243;][vc_empty_space][vc_text_separator title=&#8221;Nuestros viajes de senderismo y de Alta monta\u00f1a&#8221; i_icon_fontawesome=&#8221;fa fa-thumbs-up&#8221; i_color=&#8221;black&#8221; i_background_style=&#8221;rounded-outline&#8221; i_background_color=&#8221;green&#8221; border_width=&#8221;2&#8243; add_icon=&#8221;true&#8221;][vc_empty_space][vc_column_text]\n<div class=\"thetexte\">\n<p data-start=\"215\" data-end=\"482\">\u00bfSue\u00f1a con un <strong data-start=\"229\" data-end=\"254\">viaje todo organizado<\/strong>, disfrutando al m\u00e1ximo de cada d\u00eda y dej\u00e1ndose llevar por una planificaci\u00f3n perfecta?<br data-start=\"340\" data-end=\"343\" \/><strong data-start=\"343\" data-end=\"370\">Ecuador Voyages Passion<\/strong> le invita a descubrir Ecuador en un tour acompa\u00f1ado por su gu\u00eda desde su llegada a <strong data-start=\"454\" data-end=\"463\">Quito<\/strong> o <strong data-start=\"466\" data-end=\"479\">Guayaquil<\/strong>.<\/p>\n<p data-start=\"484\" data-end=\"600\">\u00danase a nuestros <strong data-start=\"501\" data-end=\"540\">grupos compartidos con fechas fijas<\/strong> y disfrute de <strong data-start=\"555\" data-end=\"597\">tarifas reducidas y ofertas especiales<\/strong>.<\/p>\n<p data-start=\"602\" data-end=\"798\">Si prefiere una experiencia m\u00e1s personalizada, solicite un <strong data-start=\"661\" data-end=\"696\">circuito individual o exclusivo<\/strong>, ideal para <strong data-start=\"709\" data-end=\"749\">parejas, familias o grupos de amigos<\/strong> que deseen explorar el pa\u00eds a su propio ritmo.<\/p>\n<p data-start=\"800\" data-end=\"1054\">\u00bfSon solo <strong data-start=\"810\" data-end=\"826\">dos personas<\/strong> y desean participar en un <strong data-start=\"853\" data-end=\"889\">Tour Compartido con fechas fijas<\/strong> para reducir el costo encontrando a otros viajeros?<br data-start=\"941\" data-end=\"944\" \/>\u00a1Abriremos la fecha en nuestro sitio web para ayudarle a reunir m\u00e1s participantes y hacer realidad su viaje!<\/p>\n<p>nt d&#8217;autres personnes, <strong>nous ouvrirons la date sur notre site.\u00a0<\/strong><\/p>\n<\/div>\n[\/vc_column_text][\/vc_column][vc_column width=&#8221;1\/2&#8243;][vc_empty_space][vc_text_separator title=&#8221;Salidas y ofertas&#8221; i_icon_fontawesome=&#8221;fa fa-handshake-o&#8221; i_color=&#8221;black&#8221; i_background_style=&#8221;rounded-outline&#8221; i_background_color=&#8221;green&#8221; border_width=&#8221;2&#8243; add_icon=&#8221;true&#8221;][vc_empty_space][vc_row_inner css=&#8221;.vc_custom_1580395724978{background-color: #a9e03a !important;border-radius: 15px !important;}&#8221;][vc_column_inner][vc_column_text]\n<p data-start=\"203\" data-end=\"267\">Nuestra secci\u00f3n <strong data-start=\"219\" data-end=\"240\">Salidas y Ofertas<\/strong> puede ser de su inter\u00e9s:<\/p>\n<p data-start=\"269\" data-end=\"406\">Participe en <strong data-start=\"282\" data-end=\"339\">grupos ya formados (Tour Compartido con fechas fijas)<\/strong> y aproveche nuestras <strong data-start=\"361\" data-end=\"403\">tarifas reducidas y ofertas especiales<\/strong>.<\/p>\n<p data-start=\"408\" data-end=\"488\">\u00bfViaja solo y desea unirse a un tour ya confirmado? \u00a1Ser\u00e1 un placer recibirle!<\/p>\n<p data-start=\"490\" data-end=\"618\">\u00bfPrefiere una <strong data-start=\"504\" data-end=\"534\">fecha de salida espec\u00edfica<\/strong>? Abriremos esa fecha en nuestro sitio web para que otros viajeros puedan sumarse.<\/p>\n<p data-start=\"620\" data-end=\"720\">\u00a1Cuanto m\u00e1s tiempo dispongamos, mayores ser\u00e1n las posibilidades de encontrar nuevos participantes!<\/p>\n<p data-start=\"722\" data-end=\"769\">Y, por supuesto, <strong data-start=\"739\" data-end=\"764\">sin ning\u00fan compromiso<\/strong>&#8230;<\/p>\n[\/vc_column_text][vc_btn title=&#8221;Salidas y ofertas&#8221; style=&#8221;3d&#8221; color=&#8221;success&#8221; size=&#8221;sm&#8221; align=&#8221;right&#8221; link=&#8221;url:%2Fes%2Fdeparts-et-offres%2F|title:Salidas%20y%20ofertas|target:_blank&#8221;][\/vc_column_inner][\/vc_row_inner][vc_empty_space][\/vc_column][\/vc_row][vc_row tz_row_type=&#8221;grid&#8221; css=&#8221;.vc_custom_1762688349672{background-color: #b5b5b5 !important;}&#8221;][vc_column][vc_empty_space][vc_custom_heading text=&#8221;Senderismo \/ Alta monta\u00f1a&#8221; font_container=&#8221;tag:h3|font_size:26|text_align:left|color:%23ffffff&#8221; use_theme_fonts=&#8221;yes&#8221;][vc_empty_space][vc_row_inner][vc_column_inner width=&#8221;3\/4&#8243;][vc_column_text]\n<div class=\"thetexte\">\n<h3 data-start=\"97\" data-end=\"113\"><span style=\"color: #ffffff;\"><strong data-start=\"101\" data-end=\"113\">Trekking<\/strong><\/span><\/h3>\n<p data-start=\"115\" data-end=\"395\"><span style=\"color: #ffffff;\">\u00bfLa caminata es su pasi\u00f3n? Venga a descubrir con nosotros el Ecuador al ritmo de sus senderos.<\/span><br data-start=\"209\" data-end=\"212\" \/><span style=\"color: #ffffff;\">Ecuador es el pa\u00eds ideal para el trekking. En total autonom\u00eda, se desplazar\u00e1 con tiendas de campa\u00f1a, comida y acompa\u00f1ado por nuestro equipo: gu\u00eda de alta monta\u00f1a, cocineros, arrieros\u2026<\/span><\/p>\n<p data-start=\"397\" data-end=\"551\"><span style=\"color: #ffffff;\">El trekking o caminata itinerante lo llevar\u00e1 al coraz\u00f3n de sitios excepcionales; \u00a1siga las huellas de los Incas por los antiguos senderos de los Chasquis!<\/span><\/p>\n<h3 data-start=\"553\" data-end=\"585\"><span style=\"color: #ffffff;\"><strong data-start=\"557\" data-end=\"585\">Alta Monta\u00f1a \/ Andinismo<\/strong><\/span><\/h3>\n<p data-start=\"587\" data-end=\"847\"><span style=\"color: #ffffff;\">\u00bfQu\u00e9 pa\u00eds se presta mejor para la pr\u00e1ctica del alpinismo que Ecuador?<\/span><br data-start=\"656\" data-end=\"659\" \/><span style=\"color: #ffffff;\">La mayor\u00eda de las monta\u00f1as y volcanes del pa\u00eds son f\u00e1cilmente accesibles en 4&#215;4.<\/span><br data-start=\"739\" data-end=\"742\" \/><span style=\"color: #ffffff;\">Hermosas ascensiones pueden realizarse sin las largas semanas de expedici\u00f3n necesarias en otros destinos.<\/span><\/p>\n<p data-start=\"849\" data-end=\"948\"><strong><span style=\"font-size: 20px; color: #ffffff;\">\u00a1Venga a enfrentarse a la gran altitud; varios picos que rozan los 6.000 metros lo est\u00e1n esperando!<\/span><\/strong><\/p>\n<\/div>\n[\/vc_column_text][vc_empty_space][\/vc_column_inner][vc_column_inner width=&#8221;1\/4&#8243; css=&#8221;.vc_custom_1580416936584{background-color: #eded84 !important;border-radius: 15px !important;}&#8221;][vc_empty_space][vc_wp_custommenu nav_menu=&#8221;137&#8243;][vc_empty_space][\/vc_column_inner][\/vc_row_inner][vc_row_inner][vc_column_inner]    <div class=\"tzElement_FeaturedTour   type-5\">\r\n\r\n                    <div class=\"tzTour-top\">\r\n\r\n                \r\n                \r\n                \r\n                                    <p class=\"tour-description\"><\/p>\r\n                            <\/div>\r\n\r\n                <div                 class=\"tzTour  \">\r\n                            <div class=\"tzTour-item\">\r\n                                        <div class=\"tzTour-item-box\">\r\n                                                                            <div class=\"tzImg-tour\">\r\n                                <div class=\"tz-thumb \">\r\n                                    <a href=\"https:\/\/equateur-voyages.com\/es\/tour\/cotopaxi-alpinisme-milieu-monde\/\">\r\n                                        <img loading=\"lazy\" decoding=\"async\" width=\"900\" height=\"678\" src=\"https:\/\/equateur-voyages.com\/wp-content\/uploads\/2020\/02\/Objectif_Cotopaxi_AVANT-1024x771.jpg\" class=\"attachment-large\" alt=\"\" title=\"Objectif_Cotopaxi_AVANT\" srcset=\"https:\/\/equateur-voyages.com\/wp-content\/uploads\/2020\/02\/Objectif_Cotopaxi_AVANT-1024x771.jpg 1024w, https:\/\/equateur-voyages.com\/wp-content\/uploads\/2020\/02\/Objectif_Cotopaxi_AVANT-300x226.jpg 300w, https:\/\/equateur-voyages.com\/wp-content\/uploads\/2020\/02\/Objectif_Cotopaxi_AVANT-768x579.jpg 768w, https:\/\/equateur-voyages.com\/wp-content\/uploads\/2020\/02\/Objectif_Cotopaxi_AVANT-1536x1157.jpg 1536w, https:\/\/equateur-voyages.com\/wp-content\/uploads\/2020\/02\/Objectif_Cotopaxi_AVANT-600x452.jpg 600w, https:\/\/equateur-voyages.com\/wp-content\/uploads\/2020\/02\/Objectif_Cotopaxi_AVANT.jpg 1593w\" sizes=\"auto, (max-width: 900px) 100vw, 900px\" \/>                                    <\/a>\r\n\r\n                                                                    <\/div>\r\n                                                            <\/div>\r\n                                                                            <div class=\"tzTour-info\">\r\n\r\n                                <div class=\"tz-title\">\r\n                                    <h3><a href=\"https:\/\/equateur-voyages.com\/es\/tour\/cotopaxi-alpinisme-milieu-monde\/\">Cotopaxi, andinismo en la mitad del mundo &#8211; 8 d\u00edas<\/a><\/h3>\r\n\r\n                                <\/div>\r\n                                <div class=\"tzTour-info-left\">\r\n\r\n                                    <div class=\"tz-reviews\">\r\n                                        <div class=\"tz-average-rating\"><div class=\"tz-rating tz-rating-50\"><\/div><\/div>                                        <span class=\"reviews-count\">2testimonios<\/span>\r\n                                    <\/div>\r\n\r\n                                    <div class=\"clr\"><\/div>\r\n\r\n                                    \r\n                                    \r\n                                <\/div>\r\n\r\n                                \r\n                                <div class=\"clr\"><\/div>\r\n\r\n                                                                        <div class=\"tz-button\">\r\n                                            <a class=\"booking book-view-detail\" href=\"https:\/\/equateur-voyages.com\/es\/tour\/cotopaxi-alpinisme-milieu-monde\/\">\r\n                                                Detalles                                            <\/a>\r\n                                        <\/div>\r\n                                                                <\/div>\r\n                                                                    <\/div>\r\n                                <\/div>\r\n                            <div class=\"tzTour-item\">\r\n                                        <div class=\"tzTour-item-box\">\r\n                                                                            <div class=\"tzImg-tour\">\r\n                                <div class=\"tz-thumb \">\r\n                                    <a href=\"https:\/\/equateur-voyages.com\/es\/tour\/chimborazo-sommets-des-andes\/\">\r\n                                        <img loading=\"lazy\" decoding=\"async\" width=\"900\" height=\"678\" src=\"https:\/\/equateur-voyages.com\/wp-content\/uploads\/2020\/02\/Chimborazo-1024x771.jpg\" class=\"attachment-large\" alt=\"\" title=\"Chimborazo\" srcset=\"https:\/\/equateur-voyages.com\/wp-content\/uploads\/2020\/02\/Chimborazo-1024x771.jpg 1024w, https:\/\/equateur-voyages.com\/wp-content\/uploads\/2020\/02\/Chimborazo-300x226.jpg 300w, https:\/\/equateur-voyages.com\/wp-content\/uploads\/2020\/02\/Chimborazo-768x579.jpg 768w, https:\/\/equateur-voyages.com\/wp-content\/uploads\/2020\/02\/Chimborazo-1536x1157.jpg 1536w, https:\/\/equateur-voyages.com\/wp-content\/uploads\/2020\/02\/Chimborazo-600x452.jpg 600w, https:\/\/equateur-voyages.com\/wp-content\/uploads\/2020\/02\/Chimborazo.jpg 1593w\" sizes=\"auto, (max-width: 900px) 100vw, 900px\" \/>                                    <\/a>\r\n\r\n                                                                    <\/div>\r\n                                                            <\/div>\r\n                                                                            <div class=\"tzTour-info\">\r\n\r\n                                <div class=\"tz-title\">\r\n                                    <h3><a href=\"https:\/\/equateur-voyages.com\/es\/tour\/chimborazo-sommets-des-andes\/\">Cumbres de Los Andes &#8211; 13 d\u00edas<\/a><\/h3>\r\n\r\n                                <\/div>\r\n                                <div class=\"tzTour-info-left\">\r\n\r\n                                    <div class=\"tz-reviews\">\r\n                                        <div class=\"tz-average-rating\"><div class=\"tz-rating tz-rating-45\"><\/div><\/div>                                        <span class=\"reviews-count\">4testimonios<\/span>\r\n                                    <\/div>\r\n\r\n                                    <div class=\"clr\"><\/div>\r\n\r\n                                    \r\n                                    \r\n                                <\/div>\r\n\r\n                                \r\n                                <div class=\"clr\"><\/div>\r\n\r\n                                                                        <div class=\"tz-button\">\r\n                                            <a class=\"booking book-view-detail\" href=\"https:\/\/equateur-voyages.com\/es\/tour\/chimborazo-sommets-des-andes\/\">\r\n                                                Detalles                                            <\/a>\r\n                                        <\/div>\r\n                                                                <\/div>\r\n                                                                    <\/div>\r\n                                <\/div>\r\n                            <div class=\"tzTour-item\">\r\n                                        <div class=\"tzTour-item-box\">\r\n                                                                            <div class=\"tzImg-tour\">\r\n                                <div class=\"tz-thumb \">\r\n                                    <a href=\"https:\/\/equateur-voyages.com\/es\/tour\/trekking-a-travers-les-andes\/\">\r\n                                        <img loading=\"lazy\" decoding=\"async\" width=\"900\" height=\"678\" src=\"https:\/\/equateur-voyages.com\/wp-content\/uploads\/2019\/12\/Trekking-Andes-AVANT-1024x771.jpg\" class=\"attachment-large\" alt=\"\" title=\"Trekking Andes AVANT\" srcset=\"https:\/\/equateur-voyages.com\/wp-content\/uploads\/2019\/12\/Trekking-Andes-AVANT-1024x771.jpg 1024w, https:\/\/equateur-voyages.com\/wp-content\/uploads\/2019\/12\/Trekking-Andes-AVANT-300x226.jpg 300w, https:\/\/equateur-voyages.com\/wp-content\/uploads\/2019\/12\/Trekking-Andes-AVANT-768x579.jpg 768w, https:\/\/equateur-voyages.com\/wp-content\/uploads\/2019\/12\/Trekking-Andes-AVANT-1536x1157.jpg 1536w, https:\/\/equateur-voyages.com\/wp-content\/uploads\/2019\/12\/Trekking-Andes-AVANT-600x452.jpg 600w, https:\/\/equateur-voyages.com\/wp-content\/uploads\/2019\/12\/Trekking-Andes-AVANT.jpg 1593w\" sizes=\"auto, (max-width: 900px) 100vw, 900px\" \/>                                    <\/a>\r\n\r\n                                                                    <\/div>\r\n                                                            <\/div>\r\n                                                                            <div class=\"tzTour-info\">\r\n\r\n                                <div class=\"tz-title\">\r\n                                    <h3><a href=\"https:\/\/equateur-voyages.com\/es\/tour\/trekking-a-travers-les-andes\/\">Trekking \u00e0 travers les Andes &#8211; 12 jours<\/a><\/h3>\r\n\r\n                                <\/div>\r\n                                <div class=\"tzTour-info-left\">\r\n\r\n                                    <div class=\"tz-reviews\">\r\n                                        <div class=\"tz-average-rating\"><div class=\"tz-rating tz-rating-4\"><\/div><\/div>                                        <span class=\"reviews-count\">3testimonios<\/span>\r\n                                    <\/div>\r\n\r\n                                    <div class=\"clr\"><\/div>\r\n\r\n                                    \r\n                                    \r\n                                <\/div>\r\n\r\n                                \r\n                                <div class=\"clr\"><\/div>\r\n\r\n                                                                        <div class=\"tz-button\">\r\n                                            <a class=\"booking book-view-detail\" href=\"https:\/\/equateur-voyages.com\/es\/tour\/trekking-a-travers-les-andes\/\">\r\n                                                Detalles                                            <\/a>\r\n                                        <\/div>\r\n                                                                <\/div>\r\n                                                                    <\/div>\r\n                                <\/div>\r\n                    <\/div>\r\n                    <div class=\"tzTour-bottom\">\r\n                            <\/div>\r\n                <!--        <div class=\"tz-form-booking-ajax-content\"><\/div>-->\r\n        <!--        <div class=\"tz-reviews-ajax-content\"><\/div>-->\r\n\r\n        <script type=\"text\/javascript\">\r\n            jQuery(document).ready(function () {\r\n                \"use strict\";\r\n                jQuery('#tzTour-slider-780629685').each(function () {\r\n                    jQuery(this).owlCarousel({\r\n                        rtl: false,\r\n                        nav: true,\r\n                        navText: [\"\", \"\"] ,\r\n                        autoplay: true,\r\n                        autoplayTimeout: 3000,\r\n                        loop: true,\r\n                        smartSpeed: 700,\r\n                        autoplayHoverPause: true,\r\n                        responsive: {\r\n                            0: {\r\n                                items: 1                            },\r\n                            600: {\r\n                                items: 1                            },\r\n                            992: {\r\n                                items: 1                            },\r\n                            1200: {\r\n                                items: 1                            },\r\n                            1500: {\r\n                                items: 1                            }\r\n                        },\r\n                        margin:30\r\n                    })\r\n                })\r\n            });\r\n        <\/script>\r\n    <\/div>\r\n\r\n    [\/vc_column_inner][\/vc_row_inner][vc_empty_space][\/vc_column][\/vc_row]\n","protected":false},"excerpt":{"rendered":"<p>[vc_row][vc_column][banner_slider auto_play=&#8221;true&#8221; loop=&#8221;true&#8221; tz_bg_banner=&#8221;3356&#8243;][banner_slider_item tz_type=&#8221;2&#8243; tz_title=&#8221;Tarifas de ultimo minuto&#8221; tz_description=&#8221;Amazon\u00eda y Galapagos&#8221; tz_button=&#8221;Ver Salidas y Ofertas&#8221; tz_link=&#8221;\/es\/departs-et-offres&#8221;][banner_slider_item tz_type=&#8221;2&#8243; tz_title=&#8221;Salidas confirmadas&#8221; tz_description=&#8221;Tours organizados, mini circuitos&#8221; tz_button=&#8221;Ver Salidas y Ofertas&#8221; tz_link=&#8221;\/es\/departs-et-offres&#8221;][banner_slider_item tz_type=&#8221;2&#8243; tz_title=&#8221;B\u00fasqueda de participantes&#8221; tz_description=&#8221;Persona sola que busca un compa\u00f1ero de viaje&#8221; tz_button=&#8221;Ver Salidas y Ofertas&#8221; tz_link=&#8221;\/es\/departs-et-offres&#8221;][\/banner_slider][\/vc_column][\/vc_row][vc_row][vc_column][\/vc_column][\/vc_row][vc_row tz_row_type=&#8221;grid&#8221; css=&#8221;.vc_custom_1574761554185{background-color: #fafafa !important;}&#8221;][vc_column width=&#8221;1\/2&#8243;][vc_empty_space][vc_text_separator title=&#8221;Nuestros viajes de senderismo [&hellip;]<\/p>\n","protected":false},"author":2,"featured_media":0,"parent":0,"menu_order":0,"comment_status":"closed","ping_status":"closed","template":"","meta":{"footnotes":""},"class_list":["post-4417","page","type-page","status-publish","hentry"],"translation":{"provider":"WPGlobus","version":"2.10.10","language":"es","enabled_languages":["fr","es","gb"],"languages":{"fr":{"title":true,"content":true,"excerpt":false},"es":{"title":true,"content":true,"excerpt":false},"gb":{"title":true,"content":true,"excerpt":false}}},"aioseo_notices":[],"_links":{"self":[{"href":"https:\/\/equateur-voyages.com\/es\/wp-json\/wp\/v2\/pages\/4417","targetHints":{"allow":["GET"]}}],"collection":[{"href":"https:\/\/equateur-voyages.com\/es\/wp-json\/wp\/v2\/pages"}],"about":[{"href":"https:\/\/equateur-voyages.com\/es\/wp-json\/wp\/v2\/types\/page"}],"author":[{"embeddable":true,"href":"https:\/\/equateur-voyages.com\/es\/wp-json\/wp\/v2\/users\/2"}],"replies":[{"embeddable":true,"href":"https:\/\/equateur-voyages.com\/es\/wp-json\/wp\/v2\/comments?post=4417"}],"version-history":[{"count":25,"href":"https:\/\/equateur-voyages.com\/es\/wp-json\/wp\/v2\/pages\/4417\/revisions"}],"predecessor-version":[{"id":7359,"href":"https:\/\/equateur-voyages.com\/es\/wp-json\/wp\/v2\/pages\/4417\/revisions\/7359"}],"wp:attachment":[{"href":"https:\/\/equateur-voyages.com\/es\/wp-json\/wp\/v2\/media?parent=4417"}],"curies":[{"name":"wp","href":"https:\/\/api.w.org\/{rel}","templated":true}]}}