{"id":3737,"date":"2019-11-27T08:01:08","date_gmt":"2019-11-27T07:01:08","guid":{"rendered":"http:\/\/s799595400.onlinehome.fr\/?page_id=3737"},"modified":"2025-11-19T21:29:24","modified_gmt":"2025-11-19T20:29:24","slug":"mini-sejours-cote-pacifique","status":"publish","type":"page","link":"https:\/\/equateur-voyages.com\/gb\/mini-sejours-cote-pacifique\/","title":{"rendered":"Mini trips at the Pacific Coast"},"content":{"rendered":"[vc_row][vc_column][banner_slider auto_play=&#8221;true&#8221; loop=&#8221;true&#8221; tz_bg_banner=&#8221;3690&#8243;][banner_slider_item tz_type=&#8221;2&#8243; tz_title=&#8221;Tarifs de derni\u00e8re minute&#8221; tz_description=&#8221;Amazonie et Galapagos&#8221; tz_button=&#8221;Visionner D\u00e9parts et Offres&#8221; tz_link=&#8221;departs-et-offres&#8221;][banner_slider_item tz_type=&#8221;2&#8243; tz_title=&#8221;D\u00e9parts confirm\u00e9s&#8221; tz_description=&#8221;Tours organis\u00e9s, mini circuits&#8221; tz_button=&#8221;Visionner D\u00e9parts et Offres&#8221; tz_link=&#8221;departs-et-offres&#8221;][banner_slider_item tz_type=&#8221;2&#8243; tz_title=&#8221;Recherche de participant&#8221; tz_description=&#8221;Personne seule recherchant un compagnon de voyage&#8221; tz_button=&#8221;Visionner D\u00e9parts et Offres&#8221; tz_link=&#8221;departs-et-offres&#8221;][\/banner_slider][vc_row_inner][vc_column_inner][vc_empty_space][vc_empty_space][\/vc_column_inner][\/vc_row_inner][\/vc_column][\/vc_row][vc_row tz_row_type=&#8221;grid&#8221; css=&#8221;.vc_custom_1574785287983{background-color: #fafafa !important;}&#8221;][vc_column width=&#8221;3\/4&#8243; css=&#8221;.vc_custom_1581603852407{border-radius: 10px !important;}&#8221;][vc_empty_space][vc_text_separator title=&#8221;Our mini trips at the Pacific Coast&#8221; i_icon_fontawesome=&#8221;fa fa-thumbs-up&#8221; i_color=&#8221;black&#8221; i_background_style=&#8221;rounded-outline&#8221; i_background_color=&#8221;green&#8221; i_size=&#8221;lg&#8221; border_width=&#8221;2&#8243; add_icon=&#8221;true&#8221;][vc_empty_space][vc_column_text]\n<div class=\"thetexte\">\n<p data-start=\"1009\" data-end=\"1182\"><strong data-start=\"1009\" data-end=\"1075\">Discover our favorites in Ecuador and let yourself be tempted\u2026<\/strong><br data-start=\"1075\" data-end=\"1078\" \/>The choice is vast \u2014 the <strong data-start=\"1103\" data-end=\"1180\">short stays featured here are the very BEST of what Ecuador has to offer.<\/strong><\/p>\n<p data-start=\"1184\" data-end=\"1301\">Guides on these tours speak <strong data-start=\"1212\" data-end=\"1235\">English and Spanish<\/strong>, but we can also <strong data-start=\"1253\" data-end=\"1299\">arrange a French-speaking guide if needed.<\/strong><\/p>\n<p data-start=\"1303\" data-end=\"1442\">Here is our <strong data-start=\"1315\" data-end=\"1365\">selection of short stays on the Pacific Coast.<\/strong><br data-start=\"1365\" data-end=\"1368\" \/>We\u2019ll check availability according to <strong data-start=\"1406\" data-end=\"1440\">your preferred departure date.<\/strong><\/p>\n<p data-start=\"1444\" data-end=\"1567\">If you\u2019re traveling solo or looking for <strong data-start=\"1484\" data-end=\"1514\">other participants to join<\/strong>, just let us know via the <strong data-start=\"1541\" data-end=\"1565\">travel request form.<\/strong><\/p>\n<p data-start=\"1569\" data-end=\"1678\">And if you\u2019d like <strong data-start=\"1587\" data-end=\"1626\">more specific or customized options<\/strong>, simply fill out our <strong data-start=\"1648\" data-end=\"1676\">Tailor-Made Travel form.<\/strong><\/p>\n<\/div>\n[\/vc_column_text][vc_empty_space][\/vc_column][vc_column width=&#8221;1\/4&#8243; css=&#8221;.vc_custom_1581603631238{background-color: #eded84 !important;border-radius: 15px !important;}&#8221;][vc_empty_space][vc_wp_custommenu nav_menu=&#8221;137&#8243;][vc_empty_space][\/vc_column][\/vc_row][vc_row][vc_column][vc_empty_space][vc_text_separator title=&#8221;Departures and offers&#8221; i_icon_fontawesome=&#8221;fa fa-handshake-o&#8221; i_color=&#8221;black&#8221; i_background_style=&#8221;rounded-outline&#8221; i_background_color=&#8221;green&#8221; border_width=&#8221;2&#8243; add_icon=&#8221;true&#8221;][vc_empty_space][vc_row_inner css=&#8221;.vc_custom_1581606222027{background-color: #a9e03a !important;border-radius: 15px !important;}&#8221;][vc_column_inner][vc_column_text]\n<p data-start=\"760\" data-end=\"817\"><strong data-start=\"760\" data-end=\"815\">Our \u201cDepartures &amp; Offers\u201d section may interest you:<\/strong><\/p>\n<ul data-start=\"819\" data-end=\"1114\">\n<li data-start=\"819\" data-end=\"910\">\n<p data-start=\"821\" data-end=\"910\"><strong data-start=\"821\" data-end=\"845\">Join existing groups<\/strong> (Shared Tour with fixed dates) and <strong data-start=\"881\" data-end=\"908\">enjoy discounted rates.<\/strong><\/p>\n<\/li>\n<li data-start=\"911\" data-end=\"1006\">\n<p data-start=\"913\" data-end=\"1006\">If you\u2019re traveling solo and want to <strong data-start=\"950\" data-end=\"975\">join a confirmed tour<\/strong>, this is the perfect option!<\/p>\n<\/li>\n<li data-start=\"1007\" data-end=\"1114\">\n<p data-start=\"1009\" data-end=\"1114\">If you\u2019re traveling solo and prefer <strong data-start=\"1045\" data-end=\"1074\">a specific departure date<\/strong>, we\u2019ll open that date on our website.<\/p>\n<\/li>\n<\/ul>\n<p data-start=\"1116\" data-end=\"1226\">The more time we have, <strong data-start=\"1139\" data-end=\"1196\">the better the chances of finding other participants!<\/strong><br data-start=\"1196\" data-end=\"1199\" \/>No obligation, of course\u2026<\/p>\n[\/vc_column_text][vc_btn title=&#8221;Departures and offers&#8221; style=&#8221;3d&#8221; color=&#8221;success&#8221; size=&#8221;sm&#8221; align=&#8221;right&#8221; link=&#8221;url:%2Fgb%2Fdeparts-et-offres%2F|title:Departures%20and%20offers&#8221;][\/vc_column_inner][\/vc_row_inner][\/vc_column][\/vc_row][vc_row][vc_column][vc_empty_space][\/vc_column][\/vc_row][vc_row tz_row_type=&#8221;grid&#8221; disable_element=&#8221;yes&#8221; css=&#8221;.vc_custom_1575028930457{background-color: #fafafa !important;}&#8221;][vc_column width=&#8221;1\/2&#8243;][vc_empty_space][vc_text_separator title=&#8221;Our mini trips at the Pacific Coast&#8221; i_icon_fontawesome=&#8221;fa fa-thumbs-up&#8221; i_color=&#8221;black&#8221; i_background_style=&#8221;rounded-outline&#8221; i_background_color=&#8221;green&#8221; i_size=&#8221;lg&#8221; border_width=&#8221;2&#8243; add_icon=&#8221;true&#8221;][vc_empty_space][vc_single_image image=&#8221;3635&#8243; img_size=&#8221;large&#8221; css_animation=&#8221;bounceInDown&#8221;][vc_empty_space][\/vc_column][vc_column width=&#8221;1\/2&#8243;][vc_empty_space][vc_row_inner css=&#8221;.vc_custom_1574784188347{background-image: url(\/wp-content\/uploads\/2019\/11\/Menu_Mini_SejourAND.jpg?id=3725) !important;}&#8221;][vc_column_inner width=&#8221;1\/2&#8243;][vc_single_image image=&#8221;3211&#8243; img_size=&#8221;large&#8221; onclick=&#8221;custom_link&#8221; css_animation=&#8221;bounceInDown&#8221; link=&#8221;\/mini-sejours-andes\/&#8221;][vc_custom_heading text=&#8221;Andes&#8221; font_container=&#8221;tag:h3|text_align:center|color:%23ffffff&#8221; use_theme_fonts=&#8221;yes&#8221; link=&#8221;url:%2Fmini-sejours-andes%2F|title:Mini%20S%C3%A9jours%20Andes||&#8221;][\/vc_column_inner][vc_column_inner width=&#8221;1\/2&#8243;][vc_single_image image=&#8221;3212&#8243; img_size=&#8221;large&#8221; onclick=&#8221;custom_link&#8221; css_animation=&#8221;bounceInDown&#8221; link=&#8221;\/mini-sejours-amazonie\/&#8221;][vc_custom_heading text=&#8221;Amazonie&#8221; font_container=&#8221;tag:h3|text_align:center|color:%23ffffff&#8221; use_theme_fonts=&#8221;yes&#8221; link=&#8221;url:%2Fmini-sejours-amazonie%2F|title:Mini%20S%C3%A9jours%20Amazonie||&#8221;][\/vc_column_inner][\/vc_row_inner][vc_row_inner][vc_column_inner][vc_column_text]\n<div class=\"thetexte\">\n<p><span style=\"font-size: 16px;\">Regardez nos coups de c\u0153ur en Equateur et laissez vous tenter\u2026 Le choix est grand, <strong>les mini s\u00e9jours s\u00e9lectionn\u00e9s ici sont le\u00a0BEST OF des \u00e9vasions possibles en Equateur<\/strong> \u2026<\/span><\/p>\n<p><span style=\"font-size: 16px;\">Les guides sur ces circuits parlent anglais et espagnol mais nous <strong>pouvons aussi placer un guide francophone si cela est n\u00e9cessaire<\/strong>\u00a0<\/span><\/p>\n<p>&nbsp;<\/p>\n<\/div>\n[\/vc_column_text][\/vc_column_inner][\/vc_row_inner][\/vc_column][\/vc_row][vc_row tz_row_type=&#8221;grid&#8221; css=&#8221;.vc_custom_1762689628766{background-color: #b5b5b5 !important;}&#8221;][vc_column][vc_empty_space][vc_custom_heading text=&#8221;The Pacific Coast&#8221; font_container=&#8221;tag:h3|text_align:left|color:%23fafafa&#8221; use_theme_fonts=&#8221;yes&#8221;][vc_row_inner][vc_column_inner][vc_column_text]\n<p data-start=\"816\" data-end=\"996\"><span style=\"color: #ffffff;\">Rich in natural resources, the Pacific coast shows a different character depending on the latitude: wild and desert-like beach, modern seaside resort, and typical fishing villages.<\/span><\/p>\n<p data-start=\"998\" data-end=\"1158\"><span style=\"color: #ffffff;\">The Ecuadorian coast, with approximately eight hundred kilometers of beach, benefits from a warm ocean current, and swimming in these waves is truly a pleasure.<\/span><\/p>\n<ul data-start=\"1160\" data-end=\"1405\">\n<li data-start=\"1160\" data-end=\"1229\">\n<p data-start=\"1162\" data-end=\"1229\"><span style=\"color: #ffffff;\">Discover the Agua Blanca community and its archaeological remains<\/span><\/p>\n<\/li>\n<li data-start=\"1230\" data-end=\"1282\">\n<p data-start=\"1232\" data-end=\"1282\"><span style=\"color: #ffffff;\">Relax on the white-sand beaches of \u201cLos Frailes\u201d<\/span><\/p>\n<\/li>\n<li data-start=\"1283\" data-end=\"1341\">\n<p data-start=\"1285\" data-end=\"1341\"><span style=\"color: #ffffff;\">Be amazed by the courtship displays of humpback whales<\/span><\/p>\n<\/li>\n<li data-start=\"1342\" data-end=\"1405\">\n<p data-start=\"1344\" data-end=\"1405\"><span style=\"color: #ffffff;\">Enjoy the typical and flavorful dishes of the Manab\u00ed region<\/span><\/p>\n<\/li>\n<\/ul>\n<p data-start=\"1407\" data-end=\"1488\"><span style=\"color: #ffffff;\">The Pacific coastline will surprise you, and there is no shortage of attractions.<\/span><\/p>\n[\/vc_column_text][vc_empty_space][\/vc_column_inner][\/vc_row_inner][vc_empty_space][vc_column_text]\n<p data-start=\"481\" data-end=\"561\"><span style=\"color: #ffffff;\">Here is the selection of short stays on the Pacific coast that we can offer you.<\/span><\/p>\n<p data-start=\"563\" data-end=\"742\"><span style=\"color: #ffffff;\">We will check availability according to your preferred departure date. If you are traveling alone or looking for other participants, please let us know in the travel request form.<\/span><\/p>\n<p data-start=\"744\" data-end=\"827\"><span style=\"color: #ffffff;\">If you would like more specific options, please fill out our Tailor-Made Trip form.<\/span><\/p>\n[\/vc_column_text][vc_empty_space]    <div class=\"tzElement_FeaturedTour   type-5\">\r\n\r\n                    <div class=\"tzTour-top\">\r\n\r\n                \r\n                \r\n                \r\n                                    <p class=\"tour-description\"><\/p>\r\n                            <\/div>\r\n\r\n                <div                 class=\"tzTour  \">\r\n                            <div class=\"tzTour-item\">\r\n                                        <div class=\"tzTour-item-box\">\r\n                                                                            <div class=\"tzImg-tour\">\r\n                                <div class=\"tz-thumb \">\r\n                                    <a href=\"https:\/\/equateur-voyages.com\/gb\/tour\/parc-national-machalilla\/\">\r\n                                        <img loading=\"lazy\" decoding=\"async\" width=\"900\" height=\"678\" src=\"https:\/\/equateur-voyages.com\/wp-content\/uploads\/2019\/11\/Machalilla_AVANT-1024x771.jpg\" class=\"attachment-large\" alt=\"\" title=\"Machalilla_AVANT\" srcset=\"https:\/\/equateur-voyages.com\/wp-content\/uploads\/2019\/11\/Machalilla_AVANT-1024x771.jpg 1024w, https:\/\/equateur-voyages.com\/wp-content\/uploads\/2019\/11\/Machalilla_AVANT-300x226.jpg 300w, https:\/\/equateur-voyages.com\/wp-content\/uploads\/2019\/11\/Machalilla_AVANT-768x579.jpg 768w, https:\/\/equateur-voyages.com\/wp-content\/uploads\/2019\/11\/Machalilla_AVANT-1536x1157.jpg 1536w, https:\/\/equateur-voyages.com\/wp-content\/uploads\/2019\/11\/Machalilla_AVANT-600x452.jpg 600w, https:\/\/equateur-voyages.com\/wp-content\/uploads\/2019\/11\/Machalilla_AVANT.jpg 1593w\" sizes=\"auto, (max-width: 900px) 100vw, 900px\" \/>                                    <\/a>\r\n\r\n                                                                    <\/div>\r\n                                                            <\/div>\r\n                                                                            <div class=\"tzTour-info\">\r\n\r\n                                <div class=\"tz-title\">\r\n                                    <h3><a href=\"https:\/\/equateur-voyages.com\/gb\/tour\/parc-national-machalilla\/\">Machalilla National Park<\/a><\/h3>\r\n\r\n                                <\/div>\r\n                                <div class=\"tzTour-info-left\">\r\n\r\n                                    <div class=\"tz-reviews\">\r\n                                                                                <span class=\"reviews-count\">0 Review<\/span>\r\n                                    <\/div>\r\n\r\n                                    <div class=\"clr\"><\/div>\r\n\r\n                                    \r\n                                    \r\n                                <\/div>\r\n\r\n                                \r\n                                <div class=\"clr\"><\/div>\r\n\r\n                                                                        <div class=\"tz-button\">\r\n                                            <a class=\"booking book-view-detail\" href=\"https:\/\/equateur-voyages.com\/gb\/tour\/parc-national-machalilla\/\">\r\n                                                View Detail                                            <\/a>\r\n                                        <\/div>\r\n                                                                <\/div>\r\n                                                                    <\/div>\r\n                                <\/div>\r\n                    <\/div>\r\n                    <div class=\"tzTour-bottom\">\r\n                            <\/div>\r\n                <!--        <div class=\"tz-form-booking-ajax-content\"><\/div>-->\r\n        <!--        <div class=\"tz-reviews-ajax-content\"><\/div>-->\r\n\r\n        <script type=\"text\/javascript\">\r\n            jQuery(document).ready(function () {\r\n                \"use strict\";\r\n                jQuery('#tzTour-slider-2053108344').each(function () {\r\n                    jQuery(this).owlCarousel({\r\n                        rtl: false,\r\n                        nav: true,\r\n                        navText: [\"\", \"\"] ,\r\n                        autoplay: true,\r\n                        autoplayTimeout: 3000,\r\n                        loop: true,\r\n                        smartSpeed: 700,\r\n                        autoplayHoverPause: true,\r\n                        responsive: {\r\n                            0: {\r\n                                items: 1                            },\r\n                            600: {\r\n                                items: 1                            },\r\n                            992: {\r\n                                items: 1                            },\r\n                            1200: {\r\n                                items: 1                            },\r\n                            1500: {\r\n                                items: 1                            }\r\n                        },\r\n                        margin:30\r\n                    })\r\n                })\r\n            });\r\n        <\/script>\r\n    <\/div>\r\n\r\n    [\/vc_column][\/vc_row]\n","protected":false},"excerpt":{"rendered":"<p>[vc_row][vc_column][banner_slider auto_play=&#8221;true&#8221; loop=&#8221;true&#8221; tz_bg_banner=&#8221;3690&#8243;][banner_slider_item tz_type=&#8221;2&#8243; tz_title=&#8221;Tarifs de derni\u00e8re minute&#8221; tz_description=&#8221;Amazonie et Galapagos&#8221; tz_button=&#8221;Visionner D\u00e9parts et Offres&#8221; tz_link=&#8221;departs-et-offres&#8221;][banner_slider_item tz_type=&#8221;2&#8243; tz_title=&#8221;D\u00e9parts confirm\u00e9s&#8221; tz_description=&#8221;Tours organis\u00e9s, mini circuits&#8221; tz_button=&#8221;Visionner D\u00e9parts et Offres&#8221; tz_link=&#8221;departs-et-offres&#8221;][banner_slider_item tz_type=&#8221;2&#8243; tz_title=&#8221;Recherche de participant&#8221; tz_description=&#8221;Personne seule recherchant un compagnon de voyage&#8221; tz_button=&#8221;Visionner D\u00e9parts et Offres&#8221; tz_link=&#8221;departs-et-offres&#8221;][\/banner_slider][vc_row_inner][vc_column_inner][vc_empty_space][vc_empty_space][\/vc_column_inner][\/vc_row_inner][\/vc_column][\/vc_row][vc_row tz_row_type=&#8221;grid&#8221; css=&#8221;.vc_custom_1574785287983{background-color: #fafafa !important;}&#8221;][vc_column width=&#8221;3\/4&#8243; css=&#8221;.vc_custom_1581603852407{border-radius: 10px !important;}&#8221;][vc_empty_space][vc_text_separator title=&#8221;Our mini [&hellip;]<\/p>\n","protected":false},"author":2,"featured_media":0,"parent":0,"menu_order":0,"comment_status":"closed","ping_status":"closed","template":"","meta":{"footnotes":""},"class_list":["post-3737","page","type-page","status-publish","hentry"],"translation":{"provider":"WPGlobus","version":"2.10.10","language":"gb","enabled_languages":["fr","es","gb"],"languages":{"fr":{"title":true,"content":true,"excerpt":false},"es":{"title":true,"content":true,"excerpt":false},"gb":{"title":true,"content":true,"excerpt":false}}},"aioseo_notices":[],"_links":{"self":[{"href":"https:\/\/equateur-voyages.com\/gb\/wp-json\/wp\/v2\/pages\/3737","targetHints":{"allow":["GET"]}}],"collection":[{"href":"https:\/\/equateur-voyages.com\/gb\/wp-json\/wp\/v2\/pages"}],"about":[{"href":"https:\/\/equateur-voyages.com\/gb\/wp-json\/wp\/v2\/types\/page"}],"author":[{"embeddable":true,"href":"https:\/\/equateur-voyages.com\/gb\/wp-json\/wp\/v2\/users\/2"}],"replies":[{"embeddable":true,"href":"https:\/\/equateur-voyages.com\/gb\/wp-json\/wp\/v2\/comments?post=3737"}],"version-history":[{"count":44,"href":"https:\/\/equateur-voyages.com\/gb\/wp-json\/wp\/v2\/pages\/3737\/revisions"}],"predecessor-version":[{"id":7325,"href":"https:\/\/equateur-voyages.com\/gb\/wp-json\/wp\/v2\/pages\/3737\/revisions\/7325"}],"wp:attachment":[{"href":"https:\/\/equateur-voyages.com\/gb\/wp-json\/wp\/v2\/media?parent=3737"}],"curies":[{"name":"wp","href":"https:\/\/api.w.org\/{rel}","templated":true}]}}