{"id":3774,"date":"2019-11-27T18:29:40","date_gmt":"2019-11-27T17:29:40","guid":{"rendered":"http:\/\/s799595400.onlinehome.fr\/?page_id=3774"},"modified":"2025-11-19T20:48:08","modified_gmt":"2025-11-19T19:48:08","slug":"sejours-galapagos","status":"publish","type":"page","link":"https:\/\/equateur-voyages.com\/gb\/sejours-galapagos\/","title":{"rendered":"Stays at Galapagos Islands"},"content":{"rendered":"[vc_row][vc_column]\n\t\t\t<!-- START Slider Stay Galapagos REVOLUTION SLIDER 6.5.5 --><p class=\"rs-p-wp-fix\"><\/p>\n\t\t\t<rs-module-wrap id=\"rev_slider_18_1_wrapper\" data-source=\"gallery\" style=\"visibility:hidden;background:transparent;padding:0;margin:0px auto;margin-top:0;margin-bottom:0;\">\n\t\t\t\t<rs-module id=\"rev_slider_18_1\" style=\"\" data-version=\"6.5.5\">\n\t\t\t\t\t<rs-slides>\n\t\t\t\t\t\t<rs-slide style=\"position: absolute;\" data-key=\"rs-63\" data-title=\"Slide\" data-thumb=\"\/\/equateur-voyages.com\/wp-content\/uploads\/2019\/11\/Accueil_GALAPAGOS-100x30.jpg\" data-anim=\"ms:650;\" data-in=\"o:0;\" data-out=\"a:false;\">\n\t\t\t\t\t\t\t<img loading=\"lazy\" decoding=\"async\" src=\"\/\/equateur-voyages.com\/wp-content\/plugins\/revslider\/public\/assets\/assets\/dummy.png\" title=\"Accueil_GALAPAGOS\" width=\"1536\" height=\"765\" class=\"rev-slidebg tp-rs-img rs-lazyload\" data-lazyload=\"\/\/equateur-voyages.com\/wp-content\/uploads\/2019\/11\/Accueil_GALAPAGOS.jpg\" data-no-retina>\n<!--\n\t\t\t\t\t\t\t--><rs-layer\n\t\t\t\t\t\t\t\tid=\"slider-18-slide-63-layer-6\" \n\t\t\t\t\t\t\t\tdata-type=\"shape\"\n\t\t\t\t\t\t\t\tdata-rsp_ch=\"on\"\n\t\t\t\t\t\t\t\tdata-xy=\"xo:1px,0,0,1px;yo:98px,80px,60px,60px;\"\n\t\t\t\t\t\t\t\tdata-text=\"w:normal;s:20,16,12,12;l:0,20,15,15;\"\n\t\t\t\t\t\t\t\tdata-dim=\"w:344px,284px,215px,215px;h:320px,264px,200px,200px;\"\n\t\t\t\t\t\t\t\tdata-frame_999=\"o:0;st:w;sR:2700;\"\n\t\t\t\t\t\t\t\tstyle=\"z-index:8;background-color:#a9e03a;\"\n\t\t\t\t\t\t\t> \n\t\t\t\t\t\t\t<\/rs-layer><!--\n\n\t\t\t\t\t\t\t--><rs-layer\n\t\t\t\t\t\t\t\tid=\"slider-18-slide-63-layer-10\" \n\t\t\t\t\t\t\t\tdata-type=\"text\"\n\t\t\t\t\t\t\t\tdata-rsp_ch=\"on\"\n\t\t\t\t\t\t\t\tdata-xy=\"xo:21px,17px,12px,12px;yo:143px,118px,89px,89px;\"\n\t\t\t\t\t\t\t\tdata-text=\"w:normal;s:30,24,18,18;l:40,33,25,25;ls:3px,2px,1px,1px;fw:700;\"\n\t\t\t\t\t\t\t\tdata-dim=\"w:363px,299px,227px,227px;h:94px,77px,58px,58px;\"\n\t\t\t\t\t\t\t\tdata-frame_999=\"o:0;st:w;sR:2700;\"\n\t\t\t\t\t\t\t\tstyle=\"z-index:11;font-family:'Roboto';\"\n\t\t\t\t\t\t\t>The Galapagos \n\t\t\t\t\t\t\t<\/rs-layer><!--\n\n\t\t\t\t\t\t\t--><rs-layer\n\t\t\t\t\t\t\t\tid=\"slider-18-slide-63-layer-14\" \n\t\t\t\t\t\t\t\tdata-type=\"text\"\n\t\t\t\t\t\t\t\tdata-color=\"#00490c\"\n\t\t\t\t\t\t\t\tdata-rsp_ch=\"on\"\n\t\t\t\t\t\t\t\tdata-xy=\"xo:20px,16px,12px,12px;yo:199px,164px,124px,124px;\"\n\t\t\t\t\t\t\t\tdata-text=\"w:normal;s:20,16,12,12;l:25,20,15,15;fw:300;\"\n\t\t\t\t\t\t\t\tdata-dim=\"w:303px,250px,189px,189px;h:222px,183px,139px,139px;\"\n\t\t\t\t\t\t\t\tdata-frame_999=\"o:0;st:w;sR:2700;\"\n\t\t\t\t\t\t\t\tstyle=\"z-index:9;font-family:'Open Sans';\"\n\t\t\t\t\t\t\t>When reading the famous book \u201cThe Origin of Species\u201d, written by the renowned English naturalist Charles Darwin, it becomes clear that the Gal\u00e1pagos Islands hold a true mystery and remain a paradise still preserved from our modern world.<br \/>\n<br \/>\n \n\t\t\t\t\t\t\t<\/rs-layer><!--\n\n\t\t\t\t\t\t\t--><rs-layer\n\t\t\t\t\t\t\t\tid=\"slider-18-slide-63-layer-25\" \n\t\t\t\t\t\t\t\tdata-type=\"text\"\n\t\t\t\t\t\t\t\tdata-color=\"#00490c\"\n\t\t\t\t\t\t\t\tdata-rsp_ch=\"on\"\n\t\t\t\t\t\t\t\tdata-xy=\"xo:20px,16px,12px,12px;yo:111px,91px,69px,69px;\"\n\t\t\t\t\t\t\t\tdata-text=\"w:normal;s:26,21,15,15;l:40,33,25,25;fw:700;\"\n\t\t\t\t\t\t\t\tdata-dim=\"w:363px,299px,227px,227px;h:94px,77px,58px,58px;\"\n\t\t\t\t\t\t\t\tdata-frame_999=\"o:0;st:w;sR:2700;\"\n\t\t\t\t\t\t\t\tstyle=\"z-index:10;font-family:'Verdana, Geneva, sans-serif';\"\n\t\t\t\t\t\t\t>ECUADOR \n\t\t\t\t\t\t\t<\/rs-layer><!--\n-->\t\t\t\t\t\t<\/rs-slide>\n\t\t\t\t\t\t<rs-slide style=\"position: absolute;\" data-key=\"rs-62\" data-title=\"Slide\" data-thumb=\"\/\/equateur-voyages.com\/wp-content\/uploads\/2020\/01\/Slider_Gal5-100x30.jpg\" data-in=\"o:0;\" data-out=\"a:false;\">\n\t\t\t\t\t\t\t<img loading=\"lazy\" decoding=\"async\" src=\"\/\/equateur-voyages.com\/wp-content\/plugins\/revslider\/public\/assets\/assets\/dummy.png\" title=\"Slider_Gal5\" width=\"1536\" height=\"765\" class=\"rev-slidebg tp-rs-img rs-lazyload\" data-lazyload=\"\/\/equateur-voyages.com\/wp-content\/uploads\/2020\/01\/Slider_Gal5.jpg\" data-no-retina>\n<!--\n\t\t\t\t\t\t\t--><rs-layer\n\t\t\t\t\t\t\t\tid=\"slider-18-slide-62-layer-5\" \n\t\t\t\t\t\t\t\tdata-type=\"shape\"\n\t\t\t\t\t\t\t\tdata-rsp_ch=\"on\"\n\t\t\t\t\t\t\t\tdata-xy=\"xo:891px,735px,558px,558px;yo:51px,42px,31px,31px;\"\n\t\t\t\t\t\t\t\tdata-text=\"w:normal;s:20,16,12,12;l:0,20,15,15;\"\n\t\t\t\t\t\t\t\tdata-dim=\"w:296px,244px,185px,185px;h:330px,272px,206px,206px;\"\n\t\t\t\t\t\t\t\tdata-frame_999=\"o:0;st:w;\"\n\t\t\t\t\t\t\t\tstyle=\"z-index:8;background-color:#a9e03a;\"\n\t\t\t\t\t\t\t> \n\t\t\t\t\t\t\t<\/rs-layer><!--\n\n\t\t\t\t\t\t\t--><rs-layer\n\t\t\t\t\t\t\t\tid=\"slider-18-slide-62-layer-9\" \n\t\t\t\t\t\t\t\tdata-type=\"text\"\n\t\t\t\t\t\t\t\tdata-color=\"#00490c\"\n\t\t\t\t\t\t\t\tdata-rsp_ch=\"on\"\n\t\t\t\t\t\t\t\tdata-xy=\"xo:902px,744px,565px,565px;yo:64px,52px,39px,39px;\"\n\t\t\t\t\t\t\t\tdata-text=\"w:normal;s:26,21,15,15;l:25,20,15,15;fw:700;\"\n\t\t\t\t\t\t\t\tdata-dim=\"w:430px,355px,269px,269px;h:53px,43px,32px,32px;\"\n\t\t\t\t\t\t\t\tdata-frame_999=\"o:0;st:w;\"\n\t\t\t\t\t\t\t\tstyle=\"z-index:10;font-family:'Verdana, Geneva, sans-serif';\"\n\t\t\t\t\t\t\t>THE GALAPAGOS \n\t\t\t\t\t\t\t<\/rs-layer><!--\n\n\t\t\t\t\t\t\t--><rs-layer\n\t\t\t\t\t\t\t\tid=\"slider-18-slide-62-layer-13\" \n\t\t\t\t\t\t\t\tdata-type=\"text\"\n\t\t\t\t\t\t\t\tdata-color=\"#00490c\"\n\t\t\t\t\t\t\t\tdata-rsp_ch=\"on\"\n\t\t\t\t\t\t\t\tdata-xy=\"x:r;xo:80px,66px,50px,50px;yo:134px,110px,83px,83px;\"\n\t\t\t\t\t\t\t\tdata-text=\"w:normal;s:20,16,12,12;l:25,20,15,15;fw:300;\"\n\t\t\t\t\t\t\t\tdata-dim=\"w:256px,211px,160px,160px;h:263px,217px,164px,164px;\"\n\t\t\t\t\t\t\t\tdata-frame_999=\"o:0;st:w;\"\n\t\t\t\t\t\t\t\tstyle=\"z-index:9;font-family:'Open Sans';\"\n\t\t\t\t\t\t\t>We offer various cruises to visit the Enchanted Islands.<br \/>\n<br \/>\nWith our in-depth knowledge of the boats and the quality of the itineraries, we will organize the ideal Gal\u00e1pagos cruise for you.<br \/>\n \n\t\t\t\t\t\t\t<\/rs-layer><!--\n\n\t\t\t\t\t\t\t--><rs-layer\n\t\t\t\t\t\t\t\tid=\"slider-18-slide-62-layer-29\" \n\t\t\t\t\t\t\t\tdata-type=\"text\"\n\t\t\t\t\t\t\t\tdata-rsp_ch=\"on\"\n\t\t\t\t\t\t\t\tdata-xy=\"xo:903px,745px,566px,566px;yo:87px,71px,53px,53px;\"\n\t\t\t\t\t\t\t\tdata-text=\"w:normal;s:30,24,18,18;l:40,33,25,25;ls:3px,2px,1px,1px;fw:700;\"\n\t\t\t\t\t\t\t\tdata-dim=\"w:371px,306px,232px,232px;h:94px,77px,58px,58px;\"\n\t\t\t\t\t\t\t\tdata-frame_999=\"o:0;st:w;\"\n\t\t\t\t\t\t\t\tstyle=\"z-index:11;font-family:'Roboto';\"\n\t\t\t\t\t\t\t>Cruises \n\t\t\t\t\t\t\t<\/rs-layer><!--\n-->\t\t\t\t\t\t<\/rs-slide>\n\t\t\t\t\t\t<rs-slide style=\"position: absolute;\" data-key=\"rs-65\" data-title=\"Slide\" data-thumb=\"\/\/equateur-voyages.com\/wp-content\/uploads\/2020\/01\/Slider_Gal4-100x30.jpg\" data-in=\"o:0;\" data-out=\"a:false;\">\n\t\t\t\t\t\t\t<img loading=\"lazy\" decoding=\"async\" src=\"\/\/equateur-voyages.com\/wp-content\/plugins\/revslider\/public\/assets\/assets\/dummy.png\" title=\"Slider_Gal4\" width=\"1536\" height=\"765\" class=\"rev-slidebg tp-rs-img rs-lazyload\" data-lazyload=\"\/\/equateur-voyages.com\/wp-content\/uploads\/2020\/01\/Slider_Gal4.jpg\" data-no-retina>\n<!--\n\t\t\t\t\t\t\t--><rs-layer\n\t\t\t\t\t\t\t\tid=\"slider-18-slide-65-layer-8\" \n\t\t\t\t\t\t\t\tdata-type=\"shape\"\n\t\t\t\t\t\t\t\tdata-rsp_ch=\"on\"\n\t\t\t\t\t\t\t\tdata-xy=\"xo:217px,179px,135px,135px;yo:41px,33px,25px,25px;\"\n\t\t\t\t\t\t\t\tdata-text=\"w:normal;s:20,16,12,12;l:0,20,15,15;\"\n\t\t\t\t\t\t\t\tdata-dim=\"w:789px,651px,494px,494px;h:185px,152px,115px,115px;\"\n\t\t\t\t\t\t\t\tdata-frame_999=\"o:0;st:w;\"\n\t\t\t\t\t\t\t\tstyle=\"z-index:8;background-color:#a9e03a;\"\n\t\t\t\t\t\t\t> \n\t\t\t\t\t\t\t<\/rs-layer><!--\n\n\t\t\t\t\t\t\t--><rs-layer\n\t\t\t\t\t\t\t\tid=\"slider-18-slide-65-layer-12\" \n\t\t\t\t\t\t\t\tdata-type=\"text\"\n\t\t\t\t\t\t\t\tdata-rsp_ch=\"on\"\n\t\t\t\t\t\t\t\tdata-xy=\"xo:231px,190px,144px,144px;yo:74px,61px,46px,46px;\"\n\t\t\t\t\t\t\t\tdata-text=\"w:normal;s:28,23,17,17;l:30,24,18,18;ls:3px,2px,1px,1px;fw:500;\"\n\t\t\t\t\t\t\t\tdata-dim=\"w:459px,379px,287px,287px;h:80px,66px,50px,50px;\"\n\t\t\t\t\t\t\t\tdata-frame_999=\"o:0;st:w;\"\n\t\t\t\t\t\t\t\tstyle=\"z-index:11;font-family:'Roboto';\"\n\t\t\t\t\t\t\t>Hostels and Daily Tours \n\t\t\t\t\t\t\t<\/rs-layer><!--\n\n\t\t\t\t\t\t\t--><rs-layer\n\t\t\t\t\t\t\t\tid=\"slider-18-slide-65-layer-16\" \n\t\t\t\t\t\t\t\tdata-type=\"text\"\n\t\t\t\t\t\t\t\tdata-color=\"#00490c\"\n\t\t\t\t\t\t\t\tdata-rsp_ch=\"on\"\n\t\t\t\t\t\t\t\tdata-xy=\"xo:232px,191px,145px,145px;yo:111px,91px,69px,69px;\"\n\t\t\t\t\t\t\t\tdata-text=\"w:normal;s:20,16,12,12;l:25,20,15,15;fw:300;\"\n\t\t\t\t\t\t\t\tdata-dim=\"w:771px,636px,483px,483px;h:269px,222px,168px,168px;\"\n\t\t\t\t\t\t\t\tdata-frame_999=\"o:0;st:w;\"\n\t\t\t\t\t\t\t\tstyle=\"z-index:9;font-family:'Open Sans';\"\n\t\t\t\t\t\t\t>Perfect for people who suffer from seasickness, this alternative allows you to discover the Gal\u00e1pagos while sleeping on land.<br \/>\nThe guide accompanying you on the sites will be a local English-speaking guide; it will not be the same one throughout your stay.  \n\t\t\t\t\t\t\t<\/rs-layer><!--\n\n\t\t\t\t\t\t\t--><rs-layer\n\t\t\t\t\t\t\t\tid=\"slider-18-slide-65-layer-27\" \n\t\t\t\t\t\t\t\tdata-type=\"text\"\n\t\t\t\t\t\t\t\tdata-color=\"#00490c\"\n\t\t\t\t\t\t\t\tdata-rsp_ch=\"on\"\n\t\t\t\t\t\t\t\tdata-xy=\"xo:229px,189px,143px,143px;yo:34px,28px,21px,21px;\"\n\t\t\t\t\t\t\t\tdata-text=\"w:normal;s:26,21,15,15;l:40,33,25,25;fw:700;\"\n\t\t\t\t\t\t\t\tdata-dim=\"w:338px,279px,211px,211px;h:67px,55px,41px,41px;\"\n\t\t\t\t\t\t\t\tdata-frame_999=\"o:0;st:w;\"\n\t\t\t\t\t\t\t\tstyle=\"z-index:10;font-family:'Verdana, Geneva, sans-serif';\"\n\t\t\t\t\t\t\t>THE GALAPAGOS \n\t\t\t\t\t\t\t<\/rs-layer><!--\n-->\t\t\t\t\t\t<\/rs-slide>\n\t\t\t\t\t\t<rs-slide style=\"position: absolute;\" data-key=\"rs-66\" data-title=\"Slide\" data-thumb=\"\/\/equateur-voyages.com\/wp-content\/uploads\/2020\/01\/Slider_Gal2-100x30.jpg\" data-duration=\"6300\" data-anim=\"ms:651;\" data-in=\"o:0;\" data-out=\"a:false;\">\n\t\t\t\t\t\t\t<img loading=\"lazy\" decoding=\"async\" src=\"\/\/equateur-voyages.com\/wp-content\/plugins\/revslider\/public\/assets\/assets\/dummy.png\" title=\"Slider_Gal2\" width=\"1536\" height=\"765\" class=\"rev-slidebg tp-rs-img rs-lazyload\" data-lazyload=\"\/\/equateur-voyages.com\/wp-content\/uploads\/2020\/01\/Slider_Gal2.jpg\" data-no-retina>\n<!--\n\t\t\t\t\t\t\t--><rs-layer\n\t\t\t\t\t\t\t\tid=\"slider-18-slide-66-layer-20\" \n\t\t\t\t\t\t\t\tdata-type=\"shape\"\n\t\t\t\t\t\t\t\tdata-rsp_ch=\"on\"\n\t\t\t\t\t\t\t\tdata-xy=\"xo:744px,614px,466px,466px;yo:27px,22px,16px,16px;\"\n\t\t\t\t\t\t\t\tdata-text=\"w:normal;s:20,16,12,12;l:0,20,15,15;\"\n\t\t\t\t\t\t\t\tdata-dim=\"w:529px,436px,331px,331px;h:315px,260px,197px,197px;\"\n\t\t\t\t\t\t\t\tdata-frame_1=\"sp:210;\"\n\t\t\t\t\t\t\t\tdata-frame_999=\"o:0;st:w;sp:210;\"\n\t\t\t\t\t\t\t\tstyle=\"z-index:8;background-color:#a9e03a;\"\n\t\t\t\t\t\t\t> \n\t\t\t\t\t\t\t<\/rs-layer><!--\n\n\t\t\t\t\t\t\t--><rs-layer\n\t\t\t\t\t\t\t\tid=\"slider-18-slide-66-layer-21\" \n\t\t\t\t\t\t\t\tdata-type=\"text\"\n\t\t\t\t\t\t\t\tdata-rsp_ch=\"on\"\n\t\t\t\t\t\t\t\tdata-xy=\"xo:758px,625px,474px,474px;yo:81px,66px,50px,50px;\"\n\t\t\t\t\t\t\t\tdata-text=\"w:normal;s:28,23,17,17;l:30,24,18,18;ls:3px,2px,1px,1px;fw:700;\"\n\t\t\t\t\t\t\t\tdata-dim=\"w:457px,377px,286px,286px;h:40px,33px,25px,25px;\"\n\t\t\t\t\t\t\t\tdata-frame_1=\"sp:210;\"\n\t\t\t\t\t\t\t\tdata-frame_999=\"o:0;st:w;sp:210;\"\n\t\t\t\t\t\t\t\tstyle=\"z-index:11;font-family:'Roboto';\"\n\t\t\t\t\t\t\t>Last Minute Offers \n\t\t\t\t\t\t\t<\/rs-layer><!--\n\n\t\t\t\t\t\t\t--><rs-layer\n\t\t\t\t\t\t\t\tid=\"slider-18-slide-66-layer-22\" \n\t\t\t\t\t\t\t\tdata-type=\"text\"\n\t\t\t\t\t\t\t\tdata-color=\"#00490c\"\n\t\t\t\t\t\t\t\tdata-rsp_ch=\"on\"\n\t\t\t\t\t\t\t\tdata-xy=\"xo:760px,627px,476px,476px;yo:126px,104px,79px,79px;\"\n\t\t\t\t\t\t\t\tdata-text=\"w:normal;s:18,14,10,10;l:25,20,15,15;fw:300;a:inherit;\"\n\t\t\t\t\t\t\t\tdata-dim=\"w:501px,413px,313px,313px;h:287px,237px,180px,180px;\"\n\t\t\t\t\t\t\t\tdata-frame_1=\"sp:210;\"\n\t\t\t\t\t\t\t\tdata-frame_999=\"o:0;st:w;sp:210;\"\n\t\t\t\t\t\t\t\tstyle=\"z-index:9;font-family:'Open Sans';\"\n\t\t\t\t\t\t\t>We regularly receive last-minute departure offers.<br \/>\nGive us your possible date range and we will check the available offers accordingly.<br \/>\n<br \/>\nWe also offer other cruise options on boats that do not appear on our website\u2026 \n\t\t\t\t\t\t\t<\/rs-layer><!--\n\n\t\t\t\t\t\t\t--><rs-layer\n\t\t\t\t\t\t\t\tid=\"slider-18-slide-66-layer-26\" \n\t\t\t\t\t\t\t\tdata-type=\"text\"\n\t\t\t\t\t\t\t\tdata-color=\"#00490c\"\n\t\t\t\t\t\t\t\tdata-rsp_ch=\"on\"\n\t\t\t\t\t\t\t\tdata-xy=\"xo:757px,625px,474px,474px;yo:33px,27px,20px,20px;\"\n\t\t\t\t\t\t\t\tdata-text=\"w:normal;s:26,21,15,15;l:40,33,25,25;fw:700;\"\n\t\t\t\t\t\t\t\tdata-dim=\"w:249px,205px,155px,155px;h:86px,71px,53px,53px;\"\n\t\t\t\t\t\t\t\tdata-frame_1=\"sp:210;\"\n\t\t\t\t\t\t\t\tdata-frame_999=\"o:0;st:w;sp:210;\"\n\t\t\t\t\t\t\t\tstyle=\"z-index:10;font-family:'Verdana, Geneva, sans-serif';\"\n\t\t\t\t\t\t\t>THE GALAPAGOS \n\t\t\t\t\t\t\t<\/rs-layer><!--\n-->\t\t\t\t\t\t<\/rs-slide>\n\t\t\t\t\t<\/rs-slides>\n\t\t\t\t\t<rs-static-layers><!--\n\t\t\t\t\t--><\/rs-static-layers>\n\t\t\t\t<\/rs-module>\n\t\t\t\t<script type=\"text\/javascript\">\n\t\t\t\t\tsetREVStartSize({c: 'rev_slider_18_1',rl:[1240,1024,778,778],el:[500,768,960,960],gw:[1240,1024,778,778],gh:[500,600,300,300],type:'carousel',justify:'',layout:'fullwidth',mh:\"0\"});if (window.RS_MODULES!==undefined && window.RS_MODULES.modules!==undefined && window.RS_MODULES.modules[\"revslider181\"]!==undefined) {window.RS_MODULES.modules[\"revslider181\"].once = false;window.revapi18 = undefined;window.RS_MODULES.checkMinimal()}\n\t\t\t\t<\/script>\n\t\t\t<\/rs-module-wrap>\n\t\t\t<!-- END REVOLUTION SLIDER -->\n[vc_empty_space][vc_separator color=&#8221;green&#8221; border_width=&#8221;2&#8243;][\/vc_column][\/vc_row][vc_row tz_row_type=&#8221;grid&#8221; css=&#8221;.vc_custom_1581411196758{background-color: #a9e03a !important;border-radius: 15px !important;}&#8221;][vc_column width=&#8221;2\/3&#8243;][vc_empty_space][vc_column_text]\n<p data-start=\"139\" data-end=\"401\">When mentioning &lt;&gt; or reading the famous book <strong data-start=\"185\" data-end=\"212\">\u201cThe Origin of Species\u201d<\/strong>, written by the renowned English naturalist <strong data-start=\"257\" data-end=\"275\">Charles Darwin<\/strong>, one can easily imagine that the <strong data-start=\"309\" data-end=\"330\">Gal\u00e1pagos Islands<\/strong> hold a mystery and a paradise still preserved from our modern world.<\/p>\n<p data-start=\"403\" data-end=\"705\">The <strong data-start=\"407\" data-end=\"420\">Gal\u00e1pagos<\/strong> are a sanctuary for extraordinary wildlife and home to a unique endemic life. This volcanic archipelago is full of astonishing creatures: <strong data-start=\"559\" data-end=\"670\">giant tortoises, land and marine iguanas, cormorants, albatrosses, penguins, sea lions, blue-footed boobies<\/strong>, and tens of thousands of birds.<\/p>\n<p data-start=\"707\" data-end=\"959\">The <strong data-start=\"711\" data-end=\"736\">Gal\u00e1pagos Archipelago<\/strong>, of volcanic origin, lies in the <strong data-start=\"770\" data-end=\"787\">Pacific Ocean<\/strong>, about <strong data-start=\"795\" data-end=\"840\">1,000 kilometers off the coast of Ecuador<\/strong>. It is composed of <strong data-start=\"860\" data-end=\"916\">13 main islands, 6 smaller ones, and 49 rocky islets<\/strong>, covering a total area of <strong data-start=\"943\" data-end=\"956\">7,850 km\u00b2<\/strong>.<\/p>\n[\/vc_column_text][vc_empty_space][\/vc_column][vc_column width=&#8221;1\/3&#8243;][vc_empty_space][vc_empty_space][vc_single_image image=&#8221;2189&#8243; img_size=&#8221;full&#8221; alignment=&#8221;center&#8221; style=&#8221;vc_box_border_circle&#8221;][vc_empty_space][\/vc_column][\/vc_row][vc_row tz_row_type=&#8221;grid&#8221;][vc_column][vc_empty_space][vc_row_inner][vc_column_inner width=&#8221;1\/2&#8243;][\/vc_column_inner][vc_column_inner width=&#8221;1\/2&#8243;][\/vc_column_inner][\/vc_row_inner][\/vc_column][\/vc_row][vc_row tz_row_type=&#8221;grid&#8221; css=&#8221;.vc_custom_1574878719835{background-color: #fafafa !important;}&#8221;][vc_column width=&#8221;3\/4&#8243;][vc_column_text]\n<div class=\"thetexte\">\n<p data-start=\"1013\" data-end=\"1090\"><strong data-start=\"1013\" data-end=\"1036\">Remote, solitary&#8230;<\/strong><br data-start=\"1036\" data-end=\"1039\" \/><strong data-start=\"1039\" data-end=\"1088\">The greatest wildlife spectacle on the planet<\/strong><\/p>\n<p data-start=\"1092\" data-end=\"1652\">A thousand kilometers off Ecuador, this <strong data-start=\"1132\" data-end=\"1166\">archipelago of 19 main islands<\/strong> and numerous islets offers a wild nature you can almost touch. They have been nicknamed <em data-start=\"1255\" data-end=\"1280\">\u201cthe Enchanted Islands\u201d<\/em>, <em data-start=\"1282\" data-end=\"1296\">\u201cNoah\u2019s Ark\u201d<\/em>, <em data-start=\"1298\" data-end=\"1329\">\u201cthe Laboratory of Evolution\u201d<\/em>, and in many other ways to describe the extraordinary display that nature offers to the few privileged people who reach them.<br data-start=\"1455\" data-end=\"1458\" \/>The landscape is not what one might expect: despite the fact that the islands lie on the equator in the Pacific, <strong data-start=\"1571\" data-end=\"1622\">volcanic rock abounds and there are few beaches<\/strong>. But let\u2019s not be mistaken\u2026<\/p>\n<p data-start=\"1654\" data-end=\"1918\">One does not go to the Gal\u00e1pagos to <strong data-start=\"1690\" data-end=\"1711\">sunbathe or relax<\/strong>, but to <strong data-start=\"1720\" data-end=\"1754\">enjoy nature and learn from it<\/strong>. In just a few days, you will witness scenes of wildlife normally reserved for researchers who have spent years studying animals \u2014 and all just a few steps away!<\/p>\n<p data-start=\"1920\" data-end=\"2133\">Enjoy this journey to share <strong data-start=\"1948\" data-end=\"1969\">unique sensations<\/strong>, but don\u2019t forget to respect certain rules. None of them are arbitrary: the islands now live in a <strong data-start=\"2068\" data-end=\"2088\">delicate balance<\/strong> and need all our attention and protection.<\/p>\n<p data-start=\"2135\" data-end=\"2506\">Visiting these islands is <strong data-start=\"2161\" data-end=\"2183\">strictly regulated<\/strong> to minimize the impact of tourism. Be aware that <strong data-start=\"2233\" data-end=\"2311\">you cannot stay in any area belonging to the National Park without a guide<\/strong>, nor <strong data-start=\"2317\" data-end=\"2331\">bring food<\/strong> or <strong data-start=\"2335\" data-end=\"2344\">smoke<\/strong>. As for the latter, there\u2019s no need to worry \u2014 <strong data-start=\"2392\" data-end=\"2504\">even the most devoted smokers say they forgot about cigarettes when faced with the spectacle of the animals!<\/strong><\/p>\n<p data-start=\"2508\" data-end=\"2795\">On the islands, you may only walk along <strong data-start=\"2548\" data-end=\"2569\">designated trails<\/strong>, but there is already so much to see \u2014 such as <strong data-start=\"2617\" data-end=\"2652\">birds nesting right on the path<\/strong>, for instance.<br data-start=\"2667\" data-end=\"2670\" \/>There are also a few other basic rules: <strong data-start=\"2710\" data-end=\"2795\">do not touch the animals, do not litter, and do not take sand or plants with you.<\/strong><\/p>\n<\/div>\n[\/vc_column_text][\/vc_column][vc_column width=&#8221;1\/4&#8243; css=&#8221;.vc_custom_1578648411291{background-color: #eded84 !important;border-radius: 15px !important;}&#8221;][vc_empty_space][vc_wp_custommenu nav_menu=&#8221;142&#8243;][vc_empty_space][\/vc_column][\/vc_row][vc_row tz_row_type=&#8221;grid&#8221;][vc_column][vc_empty_space][vc_row_inner][vc_column_inner width=&#8221;1\/2&#8243;][\/vc_column_inner][vc_column_inner width=&#8221;1\/2&#8243;][\/vc_column_inner][\/vc_row_inner][\/vc_column][\/vc_row][vc_row tz_row_type=&#8221;grid&#8221; css=&#8221;.vc_custom_1572864851294{background-color: #606060 !important;}&#8221;][vc_column][vc_empty_space][vc_custom_heading text=&#8221;We offer you two different options for visiting the Gal\u00e1pagos:&#8221; font_container=&#8221;tag:h3|text_align:left|color:%23ffffff&#8221; use_theme_fonts=&#8221;yes&#8221;][vc_row_inner][vc_column_inner width=&#8221;1\/2&#8243;][vc_single_image image=&#8221;4520&#8243; img_size=&#8221;large&#8221; onclick=&#8221;custom_link&#8221; css_animation=&#8221;bounceInDown&#8221; link=&#8221;\/gb\/croisieres-galapagos\/&#8221;][vc_empty_space][vc_custom_heading text=&#8221;Cruises&#8221; font_container=&#8221;tag:h3|text_align:left|color:%23ffffff&#8221; use_theme_fonts=&#8221;yes&#8221; link=&#8221;url:%2Fgb%2Fcroisieres-galapagos%2F|title:Cruises%20at%20Galapagos&#8221;][vc_empty_space][vc_column_text]<span style=\"font-size: 16px;\"><em><span style=\"color: #fafafa;\"><strong>C\u2019est de loin le meilleur moyen<\/strong> de les visiter si on ne dispose pas de beaucoup de temps car les bateaux naviguent de nuit et toute la journ\u00e9e est consacr\u00e9e \u00e0 la visite de plusieurs sites. De plus, navigant de nuit, il est possible de visiter des iles \u00e9loign\u00e9es de Santa Cruz \/ San Cristobal ou Isabela, <strong>les temps de navigation pouvant \u00eatre certaines fois de 8 heures entre iles. <\/strong><\/span><\/em><\/span><\/p>\n<p><span style=\"font-size: 16px;\"><em><span style=\"color: #fafafa;\">Le parc national Galapagos autorise l\u2019acc\u00e8s \u00e0 l\u2019int\u00e9gralit\u00e9 des sites aux croisi\u00e8res et g\u00e8re le flux des bateaux pour qu\u2019il n\u2019y ait jamais plusieurs groupes en m\u00eame temps sur un site.<\/span><\/em><\/span><br \/>\n<span style=\"font-size: 16px;\"><em><span style=\"color: #fafafa;\"><strong>Les guides \u00e0 bord des bateaux sont exp\u00e9riment\u00e9s<\/strong> et sont tr\u00e8s pointus sur les explications de la faune et flore pr\u00e9sente aux Galapagos.<\/span><\/em><\/span>[\/vc_column_text][vc_empty_space][\/vc_column_inner][vc_column_inner width=&#8221;1\/2&#8243;][vc_single_image image=&#8221;4521&#8243; img_size=&#8221;large&#8221; onclick=&#8221;custom_link&#8221; css_animation=&#8221;bounceInRight&#8221; link=&#8221;\/gb\/sejour-en-hotel\/&#8221;][vc_empty_space][vc_custom_heading text=&#8221;Hotel Stays with Daily Tours&#8221; font_container=&#8221;tag:h3|text_align:left|color:%23ffffff&#8221; use_theme_fonts=&#8221;yes&#8221; link=&#8221;url:%2Fgb%2Fsejour-en-hotel%2F|title:Hotel%20Stays%20with%20Daily%20Tours&#8221;][vc_empty_space][vc_column_text]<span style=\"font-size: 16px;\"><em><span style=\"color: #fafafa;\">Ensuite viennent les tours journaliers ou Island Hopping qui se diff\u00e9rencient par <strong>des nuit\u00e9es en h\u00f4tel sur l\u2019une des 3 iles principales<\/strong> : Santa Cruz, Isabela ou San Cristobal. Chaque jour, <strong>une visite sera organis\u00e9e, elle pourra \u00eatre navigable ou p\u00e9destre<\/strong>.<\/span><\/em><\/span><\/p>\n<p><span style=\"font-size: 16px;\"><em><span style=\"color: #fafafa;\"><strong>Les guides sont moins exp\u00e9riment\u00e9s que sur une croisi\u00e8re classique<\/strong> et l\u2019ISLAND HOPPING est souvent encadr\u00e9 par des guides d\u00e9butants ou ne d\u00e9tenant pas un anglais forcement fluide.<\/span><\/em><\/span><\/p>\n<p><span style=\"font-size: 16px;\"><em><span style=\"color: #fafafa;\"><strong>S\u00e9lection d\u2019H\u00f4tels:<\/strong><\/span><\/em><\/span><br \/>\n<span style=\"font-size: 16px;\"><em><span style=\"color: #fafafa;\">La s\u00e9lection d\u2019h\u00f4tels d\u00e9pend de la cat\u00e9gorie que vous choisissez et nous indiquerons les h\u00f4tels disponibles pour les dates choisies ainsi que les tarifs.<\/span><\/em><\/span><\/p>\n<p><span style=\"font-size: 16px;\"><em><span style=\"color: #fafafa;\"><strong>Horaires des Excursions:<\/strong><\/span><\/em><\/span><br \/>\n<span style=\"font-size: 16px;\"><em><span style=\"color: #fafafa;\">Les heures de d\u00e9part des excursions sont coordonn\u00e9es localement par les guides et les responsables des op\u00e9rations. Les heures des transferts entre les \u00eeles sont les seules qui poss\u00e8dent des heures fixes de sortie.<\/span><\/em><\/span>[\/vc_column_text][vc_empty_space][\/vc_column_inner][\/vc_row_inner][\/vc_column][\/vc_row]\n","protected":false},"excerpt":{"rendered":"<p>[vc_row][vc_column][vc_empty_space][vc_separator color=&#8221;green&#8221; border_width=&#8221;2&#8243;][\/vc_column][\/vc_row][vc_row tz_row_type=&#8221;grid&#8221; css=&#8221;.vc_custom_1581411196758{background-color: #a9e03a !important;border-radius: 15px !important;}&#8221;][vc_column width=&#8221;2\/3&#8243;][vc_empty_space][vc_column_text] When mentioning &lt;&gt; or reading the famous book \u201cThe Origin of Species\u201d, written by the renowned English naturalist Charles Darwin, one can easily imagine that the Gal\u00e1pagos Islands hold a mystery and a paradise still preserved from our modern world. The Gal\u00e1pagos are a sanctuary [&hellip;]<\/p>\n","protected":false},"author":2,"featured_media":0,"parent":0,"menu_order":0,"comment_status":"closed","ping_status":"closed","template":"","meta":{"footnotes":""},"class_list":["post-3774","page","type-page","status-publish","hentry"],"translation":{"provider":"WPGlobus","version":"2.10.10","language":"gb","enabled_languages":["fr","es","gb"],"languages":{"fr":{"title":true,"content":true,"excerpt":false},"es":{"title":true,"content":true,"excerpt":false},"gb":{"title":true,"content":true,"excerpt":false}}},"aioseo_notices":[],"_links":{"self":[{"href":"https:\/\/equateur-voyages.com\/gb\/wp-json\/wp\/v2\/pages\/3774","targetHints":{"allow":["GET"]}}],"collection":[{"href":"https:\/\/equateur-voyages.com\/gb\/wp-json\/wp\/v2\/pages"}],"about":[{"href":"https:\/\/equateur-voyages.com\/gb\/wp-json\/wp\/v2\/types\/page"}],"author":[{"embeddable":true,"href":"https:\/\/equateur-voyages.com\/gb\/wp-json\/wp\/v2\/users\/2"}],"replies":[{"embeddable":true,"href":"https:\/\/equateur-voyages.com\/gb\/wp-json\/wp\/v2\/comments?post=3774"}],"version-history":[{"count":35,"href":"https:\/\/equateur-voyages.com\/gb\/wp-json\/wp\/v2\/pages\/3774\/revisions"}],"predecessor-version":[{"id":7388,"href":"https:\/\/equateur-voyages.com\/gb\/wp-json\/wp\/v2\/pages\/3774\/revisions\/7388"}],"wp:attachment":[{"href":"https:\/\/equateur-voyages.com\/gb\/wp-json\/wp\/v2\/media?parent=3774"}],"curies":[{"name":"wp","href":"https:\/\/api.w.org\/{rel}","templated":true}]}}