{"id":2227,"date":"2019-10-07T09:35:55","date_gmt":"2019-10-07T07:35:55","guid":{"rendered":"http:\/\/s799595400.onlinehome.fr\/?post_type=product&#038;p=2227"},"modified":"2020-01-02T16:05:01","modified_gmt":"2020-01-02T15:05:01","slug":"sur-les-chemins","status":"publish","type":"product","link":"https:\/\/equateur-voyages.com\/gb\/produit\/sur-les-chemins\/","title":{"rendered":"Sur les chemins"},"content":{"rendered":"<p><strong>OFFRE PROMOTIONNELLE !!!!<\/strong><\/p>\n<h5><strong><em>10 % de r\u00e9duction sur le prix de vente d\u2019un circuit en Mode Tour partag\u00e9 si le voyage a lieu durant le mois de d\u00e9cembre\u2026<\/em><\/strong><\/h5>\n<div><\/div>\n<div>\n<p><em>Tour de 10 jours en bus local accompagn\u00e9 de votre guide pour se fondre davantage dans la vie locale au rythme des transports publics.<\/em><\/p>\n<p>Nous d\u00e9buterons le circuit par la visite de la r\u00e9gion d\u2019Otavalo avec son c\u00e9l\u00e8bre march\u00e9 \u00e9clatant de couleurs, de gentillesse et de joie de vivre.<\/p>\n<p>Nous continuerons vers les hauteurs des Andes et leurs populations andines avec la visite de la r\u00e9gion de Quilotoa vivant \u00e0 4000 m\u00e8tres d\u2019altitude puis par la\u00a0 chaleureuse ville thermale de Banos dans une v\u00e9g\u00e9tation plus humide et tropicale.<br \/>\nNous terminerons par une randonn\u00e9e dans la r\u00e9serve faunique Chimborazo, r\u00e9serve \u00e0 vigognes mais aussi sommet le plus haut d\u2019Equateur avec 6310 m\u00e8tres d\u2019altitude.<\/p>\n<p><strong>Programme :<\/strong><\/p>\n<p><em><strong>Nota:<\/strong><br \/>\nNous laissons quand cela est possible, les repas \u00e0 votre charge.<br \/>\nL&#8217;Equateur n\u2019est pas la France au niveau gustatif mais r\u00e9pond tout de m\u00eame \u00e0 toutes les envies de d\u00e9couverte du voyageur. C\u2019est un pays assez riche en gamme de menus, restaurants gourmets ou tout simplement petites \u00e9choppes dans des march\u00e9s ou villages.<br \/>\nLes repas mentionn\u00e9s dans le programme sont compris dans la prestation et ceux qui ne le sont pas sont laiss\u00e9s \u00e0 votre libre choix. Votre guide et compagnon de voyage, vous indiquera les places ou restaurants int\u00e9ressants, il pourra aussi vous accompagner dans votre d\u00e9couverte, si vous le d\u00e9sirez.<\/em><\/p>\n<p><strong>Les repas inclus sont indiqu\u00e9s de la mani\u00e8re suivante : B : Breakfast L : Lunch D : Dinner<\/strong><\/p>\n<p><u><strong>Jour 1 : Quito colonial &#8211; Bus local vers Otavalo \u2013 Otavalo<\/strong><\/u><\/p>\n<p>Rencontre avec votre guide puis d\u00e9part vers le Quito colonial \u00e0 pied avec votre accompagnateur : Basilique, plaza grande, plaza San Francisco et couvent. Dans l\u2019apr\u00e8s-midi, d\u00e9part vers Otavalo en bus local.<br \/>\nH\u00f4tel \u00e0 Otavalo.<\/p>\n<\/div>\n<div><\/div>\n<div><em>Au Quito colonial, nous monterons au Panecillo, petite colline qui domine Quito et sur laquelle se dresse la statue de la Virgen de Legarda qui d\u00e9limite l\u2019emplacement de l\u2019ancienne ville de San Francisco de Quito.<br \/>\nNous irons ensuite \u00e0 Plaza Grande ou se trouve le palais pr\u00e9sidentiel, la cath\u00e9drale et l\u2019\u00e9v\u00each\u00e9. En route vers la Place San Francisco, nous nous arr\u00eaterons \u00e0 l\u2019\u00e9glise La Compa\u00f1\u00eda de J\u00e9sus. Visite du monast\u00e8re des Franciscains, monument baroque situ\u00e9 sur la place San Francisco et visite du mus\u00e9e d\u2019art religieux de Fray Pedro Gocial qui se trouve juste\u00a0 \u00e0 c\u00f4t\u00e9.<\/em><u><strong>Jour 2 : March\u00e9 d\u2019Otavalo &#8211; Excursion des cascades de Peguche vers le lac de San Pablo \u2013 Otavalo<\/strong><\/u>Petit d\u00e9jeuner. Visite du march\u00e9 traditionnel et artisanal d&#8217;Otavalo. Dans l\u2019apr\u00e8s-midi, excursion vers la communaut\u00e9 de Peguche et sa cascade. Continuation vers les rives du lac sacr\u00e9 de San Pablo. Retour \u00e0 Otavalo en bus local. H\u00f4tel \u00e0 Otavalo.<br \/>\nB<\/p>\n<p><em>Le march\u00e9 indien d&#8217;Otavalo est certainement un des plus important march\u00e9 d&#8217;Am\u00e9rique du Sud. C&#8217;est l&#8217;endroit souhait\u00e9 pour faire les achats de souvenirs et autres cadeaux pour vos proches.<br \/>\nCelui-ci se d\u00e9veloppa dans les ann\u00e9es 60 et maintenant, les \u00e9quatoriens viennent de tout le pays pour se fournir en produits vari\u00e9s. Les touristes y trouvent \u00e9galement leur bonheur parmi les \u00e9toffes color\u00e9es, les chapeaux panama, les ponchos et les bijoux en argent.<\/em><\/p>\n<p><u><strong>Jour 3: Lagune de Cuicocha \u2013 Cotacachi \u2013 Otavalo<\/strong><\/u><\/p>\n<p>Petit d\u00e9jeuner. D\u00e9part vers Cuicocha. Randonn\u00e9e autour du lac. Pique-nique en cours d\u2019excursion. Visite du village de Cotacachi r\u00e9put\u00e9 pour son artisanat de cuir. H\u00f4tel \u00e0 Otavalo.<br \/>\nB L (Pique-nique)<\/p>\n<p><em>Le lac de Cuicocha est l\u2019un des plus beaux lacs d&#8217;altitude d\u2019Equateur avec celui de Quilotoa. Il fait partie de la r\u00e9serve \u00e9cologique prot\u00e9g\u00e9e de Cotacachi-Cayapas. Nous ferons une petite randonn\u00e9e pour pouvoir en admirer le paysage.<\/em><\/p>\n<p><u><strong>Jour 4: Ruines de Cochasqui \u2013 Mitad del Mundo \u2013 Quito \u2013 TRANSPORT PRIV\u00c9<\/strong><\/u><\/p>\n<p>Transport priv\u00e9 ce jour-l\u00e0.<br \/>\nPetit d\u00e9jeuner. D\u00e9part vers Quito. En chemin, visite des pyramides de Cochasqui et site Mitad del Mundo. H\u00f4tel \u00e0 Quito.<br \/>\nB L<\/p>\n<p><em>\u00c0 la Mitad del Mundo, nous visiterons le site symbolique qui repr\u00e9sente le passage du M\u00e9ridien 0 sur l\u2019\u00c9quateur ainsi que son mus\u00e9e ethnographique.<br \/>\nNous visiterons \u00e9galement le mus\u00e9e Inti \u00d1an qui d\u00e9montre quelques lois physiques relatives \u00e0 la gravit\u00e9 et \u00e0 l\u2019influence du M\u00e9ridien 0 et aussi les connaissances astronomiques que d\u00e9tenait le peuple Inca et Pr\u00e9 Inca.<\/em><\/p>\n<p><u><strong>Jour 5: Matin\u00e9e libre \u00e0 Quito \u2013 Latacunga<\/strong><\/u><\/p>\n<p>Petit d\u00e9jeuner. Matin\u00e9e libre \u00e0 Quito. A 14 heures, d\u00e9part vers la gare routi\u00e8re du sud de Quito pour prendre un bus local vers Latacunga. H\u00f4tel \u00e0 Latacunga.<br \/>\nB<\/p>\n<p><u><strong>Jour 6 : Latacunga \u2013 Quilotoa<\/strong><\/u><\/p>\n<p>Petit d\u00e9jeuner. D\u00e9part en bus local vers la lagune de Quilotoa situ\u00e9e \u00e0 2 heures de route sur la cordill\u00e8re occidentale des Andes. Visite de la communaut\u00e9. Descente dans le crat\u00e8re (320 m de d\u00e9nivel\u00e9 et 1km600 de sentier).<br \/>\nCe volcan est encore actif et nous pourrons observer la pr\u00e9sence de gaz carbonique sortant de la superficie de l\u2019eau, eau contenant une appr\u00e9ciable quantit\u00e9 de fer.<br \/>\nPossibilit\u00e9 de remonter \u00e0 dos de mules du fond du crat\u00e8re jusqu&#8217;\u00e0 la communaut\u00e9 (optionnel).<br \/>\nD\u00eener et nuit chez l\u2019habitant \u00e0 Quilotoa.<br \/>\nB L D<\/p>\n<p><u><strong>Jour 7 : Randonn\u00e9e de Quilotoa vers Chugchilan<\/strong><\/u><\/p>\n<p>Petit d\u00e9jeuner. A 8 heures du matin, randonn\u00e9e de Quilotoa \u00e0 Chugc\u00edlan en suivant le bord du crat\u00e8re de Quilotoa sur \u00bc de sa circonf\u00e9rence avant d\u2019entamer la descente vers Guayama et le fond du canyon du rio Sigue, La fin de cette randonn\u00e9e sera une remont\u00e9e de 400 m\u00e8tres du fond du canyon vers le village de Chugchilan (12 km total).\u00a0 Pique-nique en cours de journ\u00e9e.<br \/>\nD\u00eener et nuit en auberge \u00e0 Chugchilan.<br \/>\nB L (Pique-nique) D<\/p>\n<p><u><strong>Jour 8 : Chugchilan \u2013 Banos \u2013 Libre \u00e0 Banos dans l\u2019apr\u00e8s midi<\/strong><\/u><\/p>\n<p>D\u00e9part vers Banos t\u00f4t le matin en bus local. Petit d\u00e9jeuner a Latacunga. Continuation vers Banos en bus local. Apr\u00e8s midi libre pour d\u00e9ambuler \u00e0 Banos ou se relaxer dans les eaux thermales du village. H\u00f4tel \u00e0 Banos.<br \/>\nB<\/p>\n<p><em>Banos est une charmante vill\u00e9giature, avec ces eaux thermales, situ\u00e9e aux portes de l\u2019Amazonie et \u00e0 la lisi\u00e8re de la Cordill\u00e8re des Andes. La beaut\u00e9 du site ainsi que l\u2019hospitalit\u00e9 de ses habitants en font une destination forte appr\u00e9ci\u00e9e.<br \/>\nBlottie au creux d\u2019une vall\u00e9e verdoyante, la ville, entour\u00e9e de for\u00eats, de cascades et adoss\u00e9e au volcan actif Tungurahua 5016m, offre une v\u00e9g\u00e9tation exub\u00e9rante. Nous irons visiter l\u2019impressionnante chute Pailon del Diablo (Chaudron du diable). Aux abords des cascades Manto de La Novia, nous traverserons \u00e9galement le r\u00edo Pastaza en tarabita, nacelle suspendue qui sert de moyens de transport aux riverains de cette rivi\u00e8re entour\u00e9e de falaises. Si le climat s\u2019y pr\u00eate, nous irons observer l\u2019activit\u00e9 quasi permanente du volcan Tungurahua.<\/em><\/p>\n<p><u><strong>Jour 9 : Banos : Chemin des contrebandiers \u2013 Manto de la Novia &#8211; Pailon del Diablo \u2013 Banos<\/strong><\/u><\/p>\n<p>Petit d\u00e9jeuner. Visite de la route des orchid\u00e9es en randonnant sur le chemin des contrebandiers jusqu&#8217;\u00e0 la cascade Manto de la Novia. Remont\u00e9e du fond du canyon en tarabita (nacelle suspendue). Continuation jusqu&#8217;\u00e0 la cascade Pailon del Diablo. Excursion jusqu&#8217;\u00e0 la cascade. Pique-nique en cours de randonn\u00e9e. Retour \u00e0 Banos en soir\u00e9e. H\u00f4tel \u00e0 Banos<br \/>\nB L (Pique-nique)<\/p>\n<p><u><strong>Jour 10 : Banos \u2013 R\u00e9serve Chimborazo &#8211; Retour sur Banos ou Quito \u2013 TRANSPORT PRIV\u00c9<\/strong><\/u><\/p>\n<p>Transport priv\u00e9 ce jour-l\u00e0.<br \/>\nPetit d\u00e9jeuner. D\u00e9part vers la r\u00e9serve faunique du Chimborazo. Mont\u00e9e au refuge \u00e0 5000m d&#8217;alt. Pique-nique dans le refuge. Approche du glacier et observation de vigognes. Possibilit\u00e9 de monter aux aiguilles Whymper a 5250 m\u00e8tres d\u2019altitude (suivant l\u2019envie du groupe ce jour-l\u00e0). Retour vers Banos ou Quito.\u00a0<strong>Hotel a Quito ou Banos<\/strong>. Fin du programme.<br \/>\nB L (Pique-nique)<\/p>\n<p><em><strong>La r\u00e9serve faunique du Chimborazo:<\/strong><br \/>\nDepuis plusieurs ann\u00e9es, un programme de r\u00e9introduction des vigognes et des lamas a \u00e9t\u00e9 amorc\u00e9, en collaboration avec les communaut\u00e9s indiennes qui habitent ces zones de p\u00e1ramo. Il est assez facile d\u2019en observer. Par ailleurs, le Chimborazo, sommet le plus haut d&#8217;\u00c9quateur 6310 m, est un volcan enneig\u00e9 qui constitue une grande attraction pour les montagnards, ainsi que pour ceux qui appr\u00e9cient les beaux paysages.\u00a0\u00a0\u00a0\u00a0\u00a0\u00a0\u00a0 \u00a0<\/em><\/p>\n<\/div>\n","protected":false},"excerpt":{"rendered":"<p class=\"majuscule gras\"><img loading=\"lazy\" decoding=\"async\" class=\"alignleft size-full wp-image-2228\" src=\"http:\/\/s799595400.onlinehome.fr\/wp-content\/uploads\/2019\/10\/famille_mini.png\" alt=\"\" width=\"88\" height=\"53\" \/>\u00a0\u00a0\u00a0\u00a0\u00a0\u00a0 ANDES<\/p>\n<p>Tours organis\u00e9s | 10 jours | Niveau : Facile | Culturel\/ D\u00e9couverte | R\u00e9alisable toute l&#8217;ann\u00e9e<\/p>\n<table>\n<tbody>\n<tr>\n<td class=\"first\"><b>Tour partag\u00e9 \u00e0 dates fixes:<\/b><br \/>\nBase 2 Pers. : 1530$<br \/>\nBase 3 Pers. : 1250$<br \/>\nBase 4 Pers. : 1120$<br \/>\nBase 5 Pers. : 990$<br \/>\nBase 6 Pers. : 930$<br \/>\nBase 7 Pers. : 860$<br \/>\nBase 8 Pers. : 820$<\/td>\n<td><b>Tour exclusif &#8211; circuit individuel:<\/b><br \/>\nBase 2 Pers. : 1630$<br \/>\nBase 3 Pers. : 1250$<br \/>\nBase 4 Pers. : 1120$<br \/>\nBase 5 Pers. : 990$<br \/>\nBase 6 Pers. : 930$<br \/>\nBase 7 Pers. : 860$<br \/>\nBase 8 Pers.. : 820$<\/td>\n<\/tr>\n<\/tbody>\n<\/table>\n","protected":false},"featured_media":2085,"template":"","meta":[],"product_cat":[68],"product_tag":[],"class_list":["post-2227","product","type-product","status-publish","has-post-thumbnail","hentry","product_cat-travel-tools"],"translation":{"provider":"WPGlobus","version":"2.10.10","language":"gb","enabled_languages":["fr","es","gb"],"languages":{"fr":{"title":true,"content":true,"excerpt":true},"es":{"title":false,"content":false,"excerpt":false},"gb":{"title":false,"content":false,"excerpt":false}}},"aioseo_notices":[],"_links":{"self":[{"href":"https:\/\/equateur-voyages.com\/gb\/wp-json\/wp\/v2\/product\/2227","targetHints":{"allow":["GET"]}}],"collection":[{"href":"https:\/\/equateur-voyages.com\/gb\/wp-json\/wp\/v2\/product"}],"about":[{"href":"https:\/\/equateur-voyages.com\/gb\/wp-json\/wp\/v2\/types\/product"}],"wp:featuredmedia":[{"embeddable":true,"href":"https:\/\/equateur-voyages.com\/gb\/wp-json\/wp\/v2\/media\/2085"}],"wp:attachment":[{"href":"https:\/\/equateur-voyages.com\/gb\/wp-json\/wp\/v2\/media?parent=2227"}],"wp:term":[{"taxonomy":"product_cat","embeddable":true,"href":"https:\/\/equateur-voyages.com\/gb\/wp-json\/wp\/v2\/product_cat?post=2227"},{"taxonomy":"product_tag","embeddable":true,"href":"https:\/\/equateur-voyages.com\/gb\/wp-json\/wp\/v2\/product_tag?post=2227"}],"curies":[{"name":"wp","href":"https:\/\/api.w.org\/{rel}","templated":true}]}}